{"id":1129,"date":"2020-07-18T07:59:39","date_gmt":"2020-07-18T07:59:39","guid":{"rendered":"http:\/\/www.oztugkimya.com\/?page_id=1129"},"modified":"2020-07-18T08:02:37","modified_gmt":"2020-07-18T08:02:37","slug":"amonyum-klorur","status":"publish","type":"page","link":"http:\/\/www.oztugkimya.com\/en\/amonyum-klorur\/","title":{"rendered":"AMMONIUM CHLORIDE"},"content":{"rendered":"<div data-elementor-type=\"wp-page\" data-elementor-id=\"1129\" class=\"elementor elementor-1129\">\n\t\t\t\t\t\t<div class=\"elementor-inner\">\n\t\t\t\t<div class=\"elementor-section-wrap\">\n\t\t\t\t\t\t\t\t\t<section class=\"penci-section penci-disSticky penci-structure-20 elementor-section elementor-top-section elementor-element elementor-element-5a851ef elementor-section-boxed elementor-section-height-default elementor-section-height-default\" data-id=\"5a851ef\" data-element_type=\"section\">\n\t\t\t\t\t\t<div class=\"elementor-container elementor-column-gap-default\">\n\t\t\t\t\t\t\t<div class=\"elementor-row\">\n\t\t\t\t\t<div class=\"penci-ercol-50 penci-ercol-order-1 penci-sticky-ct    elementor-column elementor-col-50 elementor-top-column elementor-element elementor-element-7cb103a\" data-id=\"7cb103a\" data-element_type=\"column\">\n\t\t\t<div class=\"theiaStickySidebar elementor-column-wrap elementor-element-populated\">\n\t\t\t\t\t\t\t<div class=\"elementor-widget-wrap\">\n\t\t\t\t\t\t<div class=\"elementor-element elementor-element-4f9d599 elementor-arrows-position-inside elementor-pagination-position-outside elementor-widget elementor-widget-image-carousel\" data-id=\"4f9d599\" data-element_type=\"widget\" data-settings=\"{&quot;navigation&quot;:&quot;both&quot;,&quot;autoplay&quot;:&quot;yes&quot;,&quot;pause_on_hover&quot;:&quot;yes&quot;,&quot;pause_on_interaction&quot;:&quot;yes&quot;,&quot;autoplay_speed&quot;:5000,&quot;infinite&quot;:&quot;yes&quot;,&quot;speed&quot;:500}\" data-widget_type=\"image-carousel.default\">\n\t\t\t\t<div class=\"elementor-widget-container\">\n\t\t\t\t\t<div class=\"elementor-image-carousel-wrapper swiper-container\" dir=\"ltr\">\n\t\t\t<div class=\"elementor-image-carousel swiper-wrapper\">\n\t\t\t\t\t\t\t\t<div class=\"swiper-slide\"><figure class=\"swiper-slide-inner\"><img decoding=\"async\" class=\"swiper-slide-image\" src=\"http:\/\/www.oztugkimya.com\/wp-content\/uploads\/2020\/05\/oztuglogistics-150x150.png\" alt=\"oztuglogistics\" \/><\/figure><\/div><div class=\"swiper-slide\"><figure class=\"swiper-slide-inner\"><img decoding=\"async\" class=\"swiper-slide-image\" src=\"http:\/\/www.oztugkimya.com\/wp-content\/uploads\/2020\/05\/oztugmap-150x150.png\" alt=\"oztugmap\" \/><\/figure><\/div><div class=\"swiper-slide\"><figure class=\"swiper-slide-inner\"><img decoding=\"async\" class=\"swiper-slide-image\" src=\"http:\/\/www.oztugkimya.com\/wp-content\/uploads\/2020\/05\/oztugmission-150x150.png\" alt=\"oztugmission\" \/><\/figure><\/div><div class=\"swiper-slide\"><figure class=\"swiper-slide-inner\"><img decoding=\"async\" class=\"swiper-slide-image\" src=\"http:\/\/www.oztugkimya.com\/wp-content\/uploads\/2020\/05\/oztugcustomer-150x150.png\" alt=\"oztugcustomer\" \/><\/figure><\/div><div class=\"swiper-slide\"><figure class=\"swiper-slide-inner\"><img decoding=\"async\" class=\"swiper-slide-image\" src=\"http:\/\/www.oztugkimya.com\/wp-content\/uploads\/2020\/05\/oztugdepolama1-150x150.png\" alt=\"oztugdepolama1\" \/><\/figure><\/div>\t\t\t<\/div>\n\t\t\t\t\t\t\t\t\t\t\t\t<div class=\"swiper-pagination\"><\/div>\n\t\t\t\t\t\t\t\t\t\t\t\t\t<div class=\"elementor-swiper-button elementor-swiper-button-prev\">\n\t\t\t\t\t\t<i aria-hidden=\"true\" class=\"eicon-chevron-left\"><\/i>\t\t\t\t\t\t<span class=\"elementor-screen-only\">Previous<\/span>\n\t\t\t\t\t<\/div>\n\t\t\t\t\t<div class=\"elementor-swiper-button elementor-swiper-button-next\">\n\t\t\t\t\t\t<i aria-hidden=\"true\" class=\"eicon-chevron-right\"><\/i>\t\t\t\t\t\t<span class=\"elementor-screen-only\">Next<\/span>\n\t\t\t\t\t<\/div>\n\t\t\t\t\t\t\t\t\t<\/div>\n\t\t\t\t<\/div>\n\t\t\t\t<\/div>\n\t\t\t\t\t\t<\/div>\n\t\t\t\t\t<\/div>\n\t\t<\/div>\n\t\t\t\t<div class=\"penci-ercol-50 penci-ercol-order-2 penci-sticky-ct    elementor-column elementor-col-50 elementor-top-column elementor-element elementor-element-faeae9b\" data-id=\"faeae9b\" data-element_type=\"column\">\n\t\t\t<div class=\"theiaStickySidebar elementor-column-wrap elementor-element-populated\">\n\t\t\t\t\t\t\t<div class=\"elementor-widget-wrap\">\n\t\t\t\t\t\t<div class=\"elementor-element elementor-element-a50276c elementor-widget elementor-widget-text-editor\" data-id=\"a50276c\" data-element_type=\"widget\" data-widget_type=\"text-editor.default\">\n\t\t\t\t<div class=\"elementor-widget-container\">\n\t\t\t\t\t\t\t\t<div class=\"elementor-text-editor elementor-clearfix\">\n\t\t\t\t<h6>\u00a0<\/h6><p><strong>G\u00f6r\u00fcn\u00fcm\u00fc<\/strong> : Beyaz Kokusuz Higroskopik Tozdur.<\/p><p><strong>Kimyasal Ad\u0131<\/strong> : Amonyak Tuzu, Ni\u015fad\u0131r<\/p><p><strong>Kimyasal Form\u00fcl\u00fc<\/strong> : NH4Cl<\/p><p><strong>Ambalaj \u015eekli<\/strong> : 25 Kg l\u0131k \u00c7uvallarda<\/p><h4>Tan\u0131m\u0131 ve Kullan\u0131m\u0131 :<\/h4><p>Do\u011fada volkanik b\u00f6lgelerde olu\u015fur. Amonyum klor\u00fcr\u00fc sentetik olarak \u00fcretmek kolayd\u0131r, \u00e7o\u011funlukla di\u011fer end\u00fcstrilerde bir yan \u00fcr\u00fcn olarak olu\u015fturulur. \u00d6zellikle sodyum karbonat \u00fcretiminde amonyak soda prosesinde bir yan \u00fcr\u00fcn olarak elde edilir. Suda kolayl\u0131kla \u00e7\u00f6z\u00fcn\u00fcr, kolayl\u0131kla hafif asidik \u00e7\u00f6zelti olu\u015fturur. Amonyak kayna\u011f\u0131 olarak kullan\u0131labilir. Amonyum perklorat \u00fcretiminde kullan\u0131l\u0131r. S\u0131\u011f\u0131rlar i\u00e7in yem deste\u011fi olarak, sa\u00e7 \u015fampuanlar\u0131nda, tekstil bask\u0131da, plywood ba\u011flayan tutkallarda, mayalar i\u00e7in besleyici ortamda bir bile\u015fen, temizleme \u00fcr\u00fcnlerinde kullan\u0131l\u0131r ve ayr\u0131ca \u00f6ks\u00fcr\u00fck ilac\u0131nda kullan\u0131m alan\u0131 bulur. Di\u011fer uygulamalar\u0131; kuru pilde elektrolit olarak, \u00e7inko kaplama ve kalaylamada dekapajlama ajan\u0131 olarak, metallerden oksit kaplamalar\u0131 ay\u0131rmak i\u00e7in lehimleme ak\u0131\u015flar\u0131 olarak ve lehimlerin yap\u0131\u015fmas\u0131n\u0131 iyile\u015ftirme olarak s\u0131ralanabilir.<\/p><h4>Kullan\u0131m Alanlar\u0131<\/h4><ul><li>Kuru pil ve baz\u0131 patlay\u0131c\u0131lar\u0131n yap\u0131m\u0131nda,<\/li><li>Galvaniz sekt\u00f6r\u00fcnde, kalay kaplamada, s\u0131cak dald\u0131rma galvanizde flux hammaddesi olarak,<\/li><li>Kozmetik sanayinde \u015fampuan yap\u0131m\u0131nda e\u011fer surfaktan olarak ALS kullan\u0131l\u0131rsa, Amonyum Klor\u00fcr \u015fampuan\u0131 k\u0131vamla\u015ft\u0131rmak i\u00e7in kullan\u0131l\u0131r ve baz\u0131 temizleyicilerin \u00fcretiminde,<\/li><li>Baz\u0131 soy metalleri (alt\u0131n gibi) rafine etmekte \/ ar\u0131tmada,<\/li><li>Baz\u0131 sentetik yap\u0131\u015ft\u0131r\u0131c\u0131lar\u0131 kurutmada,<\/li><li>\u00dcre formaldehit re\u00e7inelerini sertle\u015ftirmede (MDF sekt\u00f6r\u00fcndeki kullan\u0131m\u0131) \/ Kontrplak yap\u0131\u015ft\u0131r\u0131c\u0131lar\u0131n\u0131n yap\u0131m\u0131nda.<\/li><li>Yonga levha\/MDF \u00fcretiminde kullan\u0131lan hammaddeler ve yard\u0131mc\u0131 maddeler a\u015fa\u011f\u0131da verilmi\u015ftir.<\/li><\/ul><h4>Hammaddeler;<\/h4><ul><li>Odun (kay\u0131n, kavak ve ladinPamuk sap\u0131,<\/li><li>\u00dcre formaldehit tutkal\u0131<\/li><li>Polivinil asetat tutkal\u0131,<\/li><li>Amonyum klor\u00fcr (% 33\u2019l\u00fck). (amonyum klor\u00fcr\u00fcn suland\u0131r\u0131larak kullan\u0131lmas\u0131)<\/li><li>\u0130la\u00e7 sanayinde Adjuvan olarak (Adjuvan: Bir re\u00e7etede yer alan ve di\u011fer ila\u00e7lara ait etkilerin ortaya \u00e7\u0131kmas\u0131nda yard\u0131mc\u0131 nitelik ta\u015f\u0131yan madde), \u00d6ks\u00fcr\u00fck \u015furuplar\u0131nda Ekspektoran (balgam s\u00f6kt\u00fcr\u00fcc\u00fc) olarak, ve idrar s\u00f6kt\u00fcr\u00fcc\u00fc \u00f6zelli\u011fi nedeni ile kullan\u0131l\u0131r.<\/li><li>Tekstil ve deri sekt\u00f6r\u00fcnde, boyamada, bask\u0131da ve pamu\u011fu parlatmada,<\/li><li>Lehimlemede kullan\u0131lacak lehim ta\u015f\u0131 yap\u0131m\u0131nda (\u0130zmir&#8217;deki Ahmet Y\u00fcrekli&#8217;nin yapt\u0131\u011f\u0131)<\/li><li>(Tuzun ayr\u0131\u015fmas\u0131ndan meydana gelen amonyak (NH3) ve hidroklorik asit (HCl), metalin y\u00fczeyinde h\u00e2s\u0131l olmu\u015f oksit tabakas\u0131n\u0131 kald\u0131rd\u0131\u011f\u0131ndan metal, lehime m\u00fcs\u00e2it h\u00e2le gelir.)<\/li><li>Yem sekt\u00f6r\u00fcnde katk\u0131 maddesi olarak, S\u0131\u011f\u0131rlar\u0131n yemlerinde idrar ta\u015f\u0131n\u0131 \u00f6nlemede,<\/li><li>Su t\u00fcketimi azl\u0131\u011f\u0131, yemdeki kalsiyum &#8211; fosfor dengesizli\u011fi, vitamin A yetersizli\u011fi danalarda idrar ta\u015flar\u0131na sebep olabilir. \u0130drar ta\u015f\u0131 problemi oldu\u011fu zaman yem ve su analizleri yapmak gerekir. \u015eamand\u0131ral\u0131 suluklar ile serbest sulama yapmak, yemdeki kalsiyum- fosfor dengesini ayarlamak, rasyona sodyum klor\u00fcr ( tuz), amonyum klor\u00fcr katmak idrar ta\u015flar\u0131n\u0131 \u00f6nler.<\/li><li>G\u00fcbre yap\u0131m\u0131nda kullan\u0131l\u0131r.<\/li><li>Maya yap\u0131m\u0131nda katk\u0131 maddesi olarak kullan\u0131l\u0131r.<\/li><li>Baz\u0131 \u00fclkelerde i\u00e7ki ve lik\u00f6r yap\u0131m\u0131nda kullan\u0131l\u0131r.<\/li><li>Biyolojik uygulamalarda organizmalar\u0131n mikrobiyolojik geli\u015fmeleri i\u00e7in enerji kayna\u011f\u0131 olarak kullan\u0131l\u0131r.<\/li><li>G\u0131da katk\u0131 maddesi olarak (Avrupa ve Amerikada hem tatl\u0131, hem tuzlu olarak bilinen bir \u015fekerleme t\u00fcr\u00fcn\u00fcn yap\u0131m\u0131nda)<\/li><\/ul>\t\t\t\t\t<\/div>\n\t\t\t\t\t\t<\/div>\n\t\t\t\t<\/div>\n\t\t\t\t\t\t<\/div>\n\t\t\t\t\t<\/div>\n\t\t<\/div>\n\t\t\t\t\t\t\t\t<\/div>\n\t\t\t\t\t<\/div>\n\t\t<\/section>\n\t\t\t\t\t\t\t\t\t<\/div>\n\t\t\t<\/div>\n\t\t\t\t\t<\/div>","protected":false},"excerpt":{"rendered":"<p>Previous Next &nbsp; G\u00f6r\u00fcn\u00fcm\u00fc : Beyaz Kokusuz Higroskopik Tozdur. Kimyasal Ad\u0131 : Amonyak Tuzu, Ni\u015fad\u0131r Kimyasal Form\u00fcl\u00fc : NH4Cl Ambalaj \u015eekli : 25 Kg l\u0131k \u00c7uvallarda Tan\u0131m\u0131 ve Kullan\u0131m\u0131 :&hellip;<\/p>","protected":false},"author":1,"featured_media":0,"parent":0,"menu_order":0,"comment_status":"closed","ping_status":"closed","template":"","meta":[],"yoast_head":"<!-- This site is optimized with the Yoast SEO plugin v20.3 - https:\/\/yoast.com\/wordpress\/plugins\/seo\/ -->\n<title>AMONYUM KLOR\u00dcR - http:\/\/www.oztugkimya.com\/<\/title>\n<meta name=\"description\" content=\"http:\/\/www.oztugkimya.com\/ - AMONYUM KLOR\u00dcR Amonyum klor\u00fcr ham madde , amonyum klor\u00fcr hakk\u0131nda , amonyum klor\u00fcr (NH4CI)\" \/>\n<meta name=\"robots\" content=\"index, follow, max-snippet:-1, max-image-preview:large, max-video-preview:-1\" \/>\n<link rel=\"canonical\" href=\"http:\/\/www.oztugkimya.com\/en\/amonyum-klorur\/\" \/>\n<meta property=\"og:locale\" content=\"en_US\" \/>\n<meta property=\"og:type\" content=\"article\" \/>\n<meta property=\"og:title\" content=\"AMONYUM KLOR\u00dcR - http:\/\/www.oztugkimya.com\/\" \/>\n<meta property=\"og:description\" content=\"http:\/\/www.oztugkimya.com\/ - AMONYUM KLOR\u00dcR Amonyum klor\u00fcr ham madde , amonyum klor\u00fcr hakk\u0131nda , amonyum klor\u00fcr (NH4CI)\" \/>\n<meta property=\"og:url\" content=\"http:\/\/www.oztugkimya.com\/en\/amonyum-klorur\/\" \/>\n<meta property=\"og:site_name\" content=\"http:\/\/www.oztugkimya.com\/\" \/>\n<meta property=\"article:modified_time\" content=\"2020-07-18T08:02:37+00:00\" \/>\n<meta property=\"og:image\" content=\"http:\/\/www.oztugkimya.com\/wp-content\/uploads\/2020\/05\/oztuglogistics-150x150.png\" \/>\n<meta name=\"twitter:card\" content=\"summary_large_image\" \/>\n<meta name=\"twitter:label1\" content=\"Est. reading time\" \/>\n\t<meta name=\"twitter:data1\" content=\"3 minutes\" \/>\n<script type=\"application\/ld+json\" class=\"yoast-schema-graph\">{\"@context\":\"https:\/\/schema.org\",\"@graph\":[{\"@type\":\"WebPage\",\"@id\":\"http:\/\/www.oztugkimya.com\/amonyum-klorur\/\",\"url\":\"http:\/\/www.oztugkimya.com\/amonyum-klorur\/\",\"name\":\"AMONYUM KLOR\u00dcR - http:\/\/www.oztugkimya.com\/\",\"isPartOf\":{\"@id\":\"http:\/\/www.oztugkimya.com\/#website\"},\"datePublished\":\"2020-07-18T07:59:39+00:00\",\"dateModified\":\"2020-07-18T08:02:37+00:00\",\"description\":\"http:\/\/www.oztugkimya.com\/ - AMONYUM KLOR\u00dcR Amonyum klor\u00fcr ham madde , amonyum klor\u00fcr hakk\u0131nda , amonyum klor\u00fcr (NH4CI)\",\"breadcrumb\":{\"@id\":\"http:\/\/www.oztugkimya.com\/amonyum-klorur\/#breadcrumb\"},\"inLanguage\":\"en-US\",\"potentialAction\":[{\"@type\":\"ReadAction\",\"target\":[\"http:\/\/www.oztugkimya.com\/amonyum-klorur\/\"]}]},{\"@type\":\"BreadcrumbList\",\"@id\":\"http:\/\/www.oztugkimya.com\/amonyum-klorur\/#breadcrumb\",\"itemListElement\":[{\"@type\":\"ListItem\",\"position\":1,\"name\":\"Ana sayfa\",\"item\":\"http:\/\/www.oztugkimya.com\/\"},{\"@type\":\"ListItem\",\"position\":2,\"name\":\"AMONYUM KLOR\u00dcR\"}]},{\"@type\":\"WebSite\",\"@id\":\"http:\/\/www.oztugkimya.com\/#website\",\"url\":\"http:\/\/www.oztugkimya.com\/\",\"name\":\"http:\/\/www.oztugkimya.com\/\",\"description\":\"http:\/\/www.oztugkimya.com\/\",\"potentialAction\":[{\"@type\":\"SearchAction\",\"target\":{\"@type\":\"EntryPoint\",\"urlTemplate\":\"http:\/\/www.oztugkimya.com\/?s={search_term_string}\"},\"query-input\":\"required name=search_term_string\"}],\"inLanguage\":\"en-US\"}]}<\/script>\n<!-- \/ Yoast SEO plugin. -->","yoast_head_json":{"title":"AMONYUM KLOR\u00dcR - http:\/\/www.oztugkimya.com\/","description":"http:\/\/www.oztugkimya.com\/ - AMONYUM KLOR\u00dcR Amonyum klor\u00fcr ham madde , amonyum klor\u00fcr hakk\u0131nda , amonyum klor\u00fcr (NH4CI)","robots":{"index":"index","follow":"follow","max-snippet":"max-snippet:-1","max-image-preview":"max-image-preview:large","max-video-preview":"max-video-preview:-1"},"canonical":"http:\/\/www.oztugkimya.com\/en\/amonyum-klorur\/","og_locale":"en_US","og_type":"article","og_title":"AMONYUM KLOR\u00dcR - http:\/\/www.oztugkimya.com\/","og_description":"http:\/\/www.oztugkimya.com\/ - AMONYUM KLOR\u00dcR Amonyum klor\u00fcr ham madde , amonyum klor\u00fcr hakk\u0131nda , amonyum klor\u00fcr (NH4CI)","og_url":"http:\/\/www.oztugkimya.com\/en\/amonyum-klorur\/","og_site_name":"http:\/\/www.oztugkimya.com\/","article_modified_time":"2020-07-18T08:02:37+00:00","og_image":[{"url":"http:\/\/www.oztugkimya.com\/wp-content\/uploads\/2020\/05\/oztuglogistics-150x150.png"}],"twitter_card":"summary_large_image","twitter_misc":{"Est. reading time":"3 minutes"},"schema":{"@context":"https:\/\/schema.org","@graph":[{"@type":"WebPage","@id":"http:\/\/www.oztugkimya.com\/amonyum-klorur\/","url":"http:\/\/www.oztugkimya.com\/amonyum-klorur\/","name":"AMONYUM KLOR\u00dcR - http:\/\/www.oztugkimya.com\/","isPartOf":{"@id":"http:\/\/www.oztugkimya.com\/#website"},"datePublished":"2020-07-18T07:59:39+00:00","dateModified":"2020-07-18T08:02:37+00:00","description":"http:\/\/www.oztugkimya.com\/ - AMONYUM KLOR\u00dcR Amonyum klor\u00fcr ham madde , amonyum klor\u00fcr hakk\u0131nda , amonyum klor\u00fcr (NH4CI)","breadcrumb":{"@id":"http:\/\/www.oztugkimya.com\/amonyum-klorur\/#breadcrumb"},"inLanguage":"en-US","potentialAction":[{"@type":"ReadAction","target":["http:\/\/www.oztugkimya.com\/amonyum-klorur\/"]}]},{"@type":"BreadcrumbList","@id":"http:\/\/www.oztugkimya.com\/amonyum-klorur\/#breadcrumb","itemListElement":[{"@type":"ListItem","position":1,"name":"Ana sayfa","item":"http:\/\/www.oztugkimya.com\/"},{"@type":"ListItem","position":2,"name":"AMONYUM KLOR\u00dcR"}]},{"@type":"WebSite","@id":"http:\/\/www.oztugkimya.com\/#website","url":"http:\/\/www.oztugkimya.com\/","name":"http:\/\/www.oztugkimya.com\/","description":"http:\/\/www.oztugkimya.com\/","potentialAction":[{"@type":"SearchAction","target":{"@type":"EntryPoint","urlTemplate":"http:\/\/www.oztugkimya.com\/?s={search_term_string}"},"query-input":"required name=search_term_string"}],"inLanguage":"en-US"}]}},"_links":{"self":[{"href":"http:\/\/www.oztugkimya.com\/en\/wp-json\/wp\/v2\/pages\/1129"}],"collection":[{"href":"http:\/\/www.oztugkimya.com\/en\/wp-json\/wp\/v2\/pages"}],"about":[{"href":"http:\/\/www.oztugkimya.com\/en\/wp-json\/wp\/v2\/types\/page"}],"author":[{"embeddable":true,"href":"http:\/\/www.oztugkimya.com\/en\/wp-json\/wp\/v2\/users\/1"}],"replies":[{"embeddable":true,"href":"http:\/\/www.oztugkimya.com\/en\/wp-json\/wp\/v2\/comments?post=1129"}],"version-history":[{"count":4,"href":"http:\/\/www.oztugkimya.com\/en\/wp-json\/wp\/v2\/pages\/1129\/revisions"}],"predecessor-version":[{"id":1133,"href":"http:\/\/www.oztugkimya.com\/en\/wp-json\/wp\/v2\/pages\/1129\/revisions\/1133"}],"wp:attachment":[{"href":"http:\/\/www.oztugkimya.com\/en\/wp-json\/wp\/v2\/media?parent=1129"}],"curies":[{"name":"wp","href":"https:\/\/api.w.org\/{rel}","templated":true}]}}