{"id":1146,"date":"2020-07-27T10:15:52","date_gmt":"2020-07-27T10:15:52","guid":{"rendered":"http:\/\/www.oztugkimya.com\/?page_id=1146"},"modified":"2020-10-24T05:13:34","modified_gmt":"2020-10-24T05:13:34","slug":"amonyak","status":"publish","type":"page","link":"http:\/\/www.oztugkimya.com\/en\/amonyak\/","title":{"rendered":"Ammonia"},"content":{"rendered":"<div data-elementor-type=\"wp-page\" data-elementor-id=\"1146\" class=\"elementor elementor-1146\">\n\t\t\t\t\t\t<div class=\"elementor-inner\">\n\t\t\t\t<div class=\"elementor-section-wrap\">\n\t\t\t\t\t\t\t\t\t<section class=\"penci-section penci-disSticky penci-structure-20 elementor-section elementor-top-section elementor-element elementor-element-13787e0 elementor-section-boxed elementor-section-height-default elementor-section-height-default\" data-id=\"13787e0\" data-element_type=\"section\">\n\t\t\t\t\t\t<div class=\"elementor-container elementor-column-gap-default\">\n\t\t\t\t\t\t\t<div class=\"elementor-row\">\n\t\t\t\t\t<div class=\"penci-ercol-50 penci-ercol-order-1 penci-sticky-ct    elementor-column elementor-col-50 elementor-top-column elementor-element elementor-element-f496618\" data-id=\"f496618\" data-element_type=\"column\">\n\t\t\t<div class=\"theiaStickySidebar elementor-column-wrap elementor-element-populated\">\n\t\t\t\t\t\t\t<div class=\"elementor-widget-wrap\">\n\t\t\t\t\t\t<div class=\"elementor-element elementor-element-f5d3c40 elementor-arrows-position-inside elementor-pagination-position-outside elementor-widget elementor-widget-image-carousel\" data-id=\"f5d3c40\" data-element_type=\"widget\" data-settings=\"{&quot;navigation&quot;:&quot;both&quot;,&quot;autoplay&quot;:&quot;yes&quot;,&quot;pause_on_hover&quot;:&quot;yes&quot;,&quot;pause_on_interaction&quot;:&quot;yes&quot;,&quot;autoplay_speed&quot;:5000,&quot;infinite&quot;:&quot;yes&quot;,&quot;speed&quot;:500}\" data-widget_type=\"image-carousel.default\">\n\t\t\t\t<div class=\"elementor-widget-container\">\n\t\t\t\t\t<div class=\"elementor-image-carousel-wrapper swiper-container\" dir=\"ltr\">\n\t\t\t<div class=\"elementor-image-carousel swiper-wrapper\">\n\t\t\t\t\t\t\t\t<div class=\"swiper-slide\"><figure class=\"swiper-slide-inner\"><img decoding=\"async\" class=\"swiper-slide-image\" src=\"http:\/\/www.oztugkimya.com\/wp-content\/uploads\/2020\/05\/oztugcustomer-150x150.png\" alt=\"oztugcustomer\" \/><\/figure><\/div><div class=\"swiper-slide\"><figure class=\"swiper-slide-inner\"><img decoding=\"async\" class=\"swiper-slide-image\" src=\"http:\/\/www.oztugkimya.com\/wp-content\/uploads\/2020\/05\/oztugmission-150x150.png\" alt=\"oztugmission\" \/><\/figure><\/div><div class=\"swiper-slide\"><figure class=\"swiper-slide-inner\"><img decoding=\"async\" class=\"swiper-slide-image\" src=\"http:\/\/www.oztugkimya.com\/wp-content\/uploads\/2020\/05\/oztugmap-150x150.png\" alt=\"oztugmap\" \/><\/figure><\/div><div class=\"swiper-slide\"><figure class=\"swiper-slide-inner\"><img decoding=\"async\" class=\"swiper-slide-image\" src=\"http:\/\/www.oztugkimya.com\/wp-content\/uploads\/2020\/05\/oztuglogistics-150x150.png\" alt=\"oztuglogistics\" \/><\/figure><\/div><div class=\"swiper-slide\"><figure class=\"swiper-slide-inner\"><img decoding=\"async\" class=\"swiper-slide-image\" src=\"http:\/\/www.oztugkimya.com\/wp-content\/uploads\/2020\/05\/oztugdepolama1-150x150.png\" alt=\"oztugdepolama1\" \/><\/figure><\/div>\t\t\t<\/div>\n\t\t\t\t\t\t\t\t\t\t\t\t<div class=\"swiper-pagination\"><\/div>\n\t\t\t\t\t\t\t\t\t\t\t\t\t<div class=\"elementor-swiper-button elementor-swiper-button-prev\">\n\t\t\t\t\t\t<i aria-hidden=\"true\" class=\"eicon-chevron-left\"><\/i>\t\t\t\t\t\t<span class=\"elementor-screen-only\">Previous<\/span>\n\t\t\t\t\t<\/div>\n\t\t\t\t\t<div class=\"elementor-swiper-button elementor-swiper-button-next\">\n\t\t\t\t\t\t<i aria-hidden=\"true\" class=\"eicon-chevron-right\"><\/i>\t\t\t\t\t\t<span class=\"elementor-screen-only\">Next<\/span>\n\t\t\t\t\t<\/div>\n\t\t\t\t\t\t\t\t\t<\/div>\n\t\t\t\t<\/div>\n\t\t\t\t<\/div>\n\t\t\t\t\t\t<\/div>\n\t\t\t\t\t<\/div>\n\t\t<\/div>\n\t\t\t\t<div class=\"penci-ercol-50 penci-ercol-order-2 penci-sticky-ct    elementor-column elementor-col-50 elementor-top-column elementor-element elementor-element-036a85c\" data-id=\"036a85c\" data-element_type=\"column\">\n\t\t\t<div class=\"theiaStickySidebar elementor-column-wrap elementor-element-populated\">\n\t\t\t\t\t\t\t<div class=\"elementor-widget-wrap\">\n\t\t\t\t\t\t<div class=\"elementor-element elementor-element-a5af911 elementor-widget elementor-widget-text-editor\" data-id=\"a5af911\" data-element_type=\"widget\" data-widget_type=\"text-editor.default\">\n\t\t\t\t<div class=\"elementor-widget-container\">\n\t\t\t\t\t\t\t\t<div class=\"elementor-text-editor elementor-clearfix\">\n\t\t\t\t<p><strong>G\u00f6r\u00fcn\u00fcm\u00fc\u00a0:\u00a0<\/strong>S\u0131v\u0131 kendine has kokusu.<\/p><p><strong>Kimyasal Ad\u0131\u00a0:\u00a0<\/strong>AmmoniaAqueous; AquaAmmonia; Ammonia TS<\/p><p><strong>Kimyasal Form\u00fcl\u00fc\u00a0:<\/strong>\u00a0NH3<\/p><p><strong>Ambalaj \u015eekli\u00a0:<\/strong>\u00a057 Kg Bidonlarda,20 Ton D\u00f6kme, 900 Kg IBC lerde<\/p><p><strong>Tan\u0131m\u0131 ve Kullan\u0131m Alan\u0131\u00a0:\u00a0<\/strong><\/p><p>Azot atomu ve hidrojen atomundan olu\u015fan renksiz ve keskin ve ho\u015f olmayan kokuya sahip bir gazbile\u015fi\u011fidir.OH- iyonu i\u00e7ermedi\u011fi halde zay\u0131f baz \u00f6zelli\u011fi g\u00f6sterir.<\/p><p>Amonyak, kovalent ba\u011fl\u0131 (ametal + ametal) bir bile\u015fiktir. Molek\u00fclleri polar oldu\u011fundan su i\u00e7inde y\u00fcksek oranda \u00e7\u00f6z\u00fcn\u00fcr. Amonyak molek\u00fclleri kendi aralar\u0131nda oldu\u011fu gibi su molek\u00fclleri ile de zay\u0131f hidrojen ba\u011f\u0131 olu\u015fturur. Bu nedenle suda \u00e7ok \u00e7\u00f6z\u00fcn\u00fcr.<\/p><p>Ba\u011f yapmam\u0131\u015f bir \u00e7ift elektronu oldu\u011fundan molek\u00fcl \u015fekli \u00fc\u00e7gen piramittir, bu y\u00fczden polar bir molek\u00fcld\u00fcr.Gazla\u015fma gizli \u0131s\u0131s\u0131 \u00e7ok y\u00fcksektir, bu nedenle sanayi tesislerinde so\u011futucu madde olarak da kullan\u0131l\u0131r.Oda ko\u015fullar\u0131nda doymu\u015f amonyak \u00e7\u00f6zeltisi %34&#8217;l\u00fck olup, yo\u011funlu\u011fu 0,88 g\/ml&#8217;dir.<\/p><p><strong>Kullan\u0131m alanlar\u0131<\/strong><\/p><ul><li>Amonyak, g\u00fcbre, ila\u00e7, boya, parf\u00fcm gibi maddelerin sentezlenmesinde ilk a\u015famada kullan\u0131lmaktad\u0131r. Amonyak canl\u0131lar i\u00e7in zehirli bir maddedir, kullan\u0131l\u0131rken dikkat edilmesi gerekir. Piyasada amonyak ad\u0131 alt\u0131nda sat\u0131lan maddeler amonya\u011f\u0131n sulu \u00e7\u00f6zeltisi olan Amonyum Hidroksittir.<\/li><li>Amonyak, en fazla g\u00fcbre \u00fcretiminde ve g\u00fcbre olarak kullan\u0131l\u0131r. Azotlu g\u00fcbre ve nitrik asit \u00fcretiminde ba\u015flang\u0131\u00e7 maddesidir.<\/li><li>S\u0131v\u0131 amonyak, topra\u011fa do\u011frudan d\u00f6k\u00fclebilir. Amonyum nitrat ve amonyum fosfat gibi tuzlar\u0131 da g\u00fcbre olarak kullan\u0131labilir.<\/li><li>Rafine petrol\u00fcn asit i\u00e7eren yan \u00fcr\u00fcnlerinin n\u00f6trle\u015ftirilmesinde, lastik \u00fcretiminde p\u0131ht\u0131la\u015fmay\u0131 \u00f6nlemek i\u00e7in amonyak kullan\u0131l\u0131r.<\/li><li>Ba\u015fl\u0131ca kullan\u0131ld\u0131\u011f\u0131 \u00fcr\u00fcnler \u015funlard\u0131r; boyalar, plastikler, naylon, temizlik \u00fcr\u00fcnleri, patlay\u0131c\u0131lar, so\u011futucular (klima gibi), sentetik elyaflar, pamuk ve ipek temizli\u011fi, bakalit ve sentetik re\u00e7ine \u00fcretimi, soda, patlay\u0131c\u0131 maddeler, sentetik fiber, ila\u00e7 sentezleri\u2026<\/li><\/ul>\t\t\t\t\t<\/div>\n\t\t\t\t\t\t<\/div>\n\t\t\t\t<\/div>\n\t\t\t\t\t\t<\/div>\n\t\t\t\t\t<\/div>\n\t\t<\/div>\n\t\t\t\t\t\t\t\t<\/div>\n\t\t\t\t\t<\/div>\n\t\t<\/section>\n\t\t\t\t\t\t\t\t\t<\/div>\n\t\t\t<\/div>\n\t\t\t\t\t<\/div>","protected":false},"excerpt":{"rendered":"<p>Previous Next G\u00f6r\u00fcn\u00fcm\u00fc&nbsp;:&nbsp;S\u0131v\u0131 kendine has kokusu. Kimyasal Ad\u0131&nbsp;:&nbsp;AmmoniaAqueous; AquaAmmonia; Ammonia TS Kimyasal Form\u00fcl\u00fc&nbsp;:&nbsp;NH3 Ambalaj \u015eekli&nbsp;:&nbsp;57 Kg Bidonlarda,20 Ton D\u00f6kme, 900 Kg IBC lerde Tan\u0131m\u0131 ve Kullan\u0131m Alan\u0131&nbsp;:&nbsp; Azot atomu ve&hellip;<\/p>","protected":false},"author":1,"featured_media":0,"parent":0,"menu_order":0,"comment_status":"closed","ping_status":"closed","template":"","meta":[],"yoast_head":"<!-- This site is optimized with the Yoast SEO plugin v20.3 - https:\/\/yoast.com\/wordpress\/plugins\/seo\/ -->\n<title>Amonyak - http:\/\/www.oztugkimya.com\/<\/title>\n<meta name=\"robots\" content=\"index, follow, max-snippet:-1, max-image-preview:large, max-video-preview:-1\" \/>\n<link rel=\"canonical\" href=\"http:\/\/www.oztugkimya.com\/en\/amonyak\/\" \/>\n<meta property=\"og:locale\" content=\"en_US\" \/>\n<meta property=\"og:type\" content=\"article\" \/>\n<meta property=\"og:title\" content=\"Amonyak - http:\/\/www.oztugkimya.com\/\" \/>\n<meta property=\"og:description\" content=\"Previous Next G\u00f6r\u00fcn\u00fcm\u00fc&nbsp;:&nbsp;S\u0131v\u0131 kendine has kokusu. Kimyasal Ad\u0131&nbsp;:&nbsp;AmmoniaAqueous; AquaAmmonia; Ammonia TS Kimyasal Form\u00fcl\u00fc&nbsp;:&nbsp;NH3 Ambalaj \u015eekli&nbsp;:&nbsp;57 Kg Bidonlarda,20 Ton D\u00f6kme, 900 Kg IBC lerde Tan\u0131m\u0131 ve Kullan\u0131m Alan\u0131&nbsp;:&nbsp; Azot atomu ve&hellip;\" \/>\n<meta property=\"og:url\" content=\"http:\/\/www.oztugkimya.com\/en\/amonyak\/\" \/>\n<meta property=\"og:site_name\" content=\"http:\/\/www.oztugkimya.com\/\" \/>\n<meta property=\"article:modified_time\" content=\"2020-10-24T05:13:34+00:00\" \/>\n<meta property=\"og:image\" content=\"http:\/\/www.oztugkimya.com\/wp-content\/uploads\/2020\/05\/oztugcustomer-150x150.png\" \/>\n<meta name=\"twitter:card\" content=\"summary_large_image\" \/>\n<meta name=\"twitter:label1\" content=\"Est. reading time\" \/>\n\t<meta name=\"twitter:data1\" content=\"2 minutes\" \/>\n<script type=\"application\/ld+json\" class=\"yoast-schema-graph\">{\"@context\":\"https:\/\/schema.org\",\"@graph\":[{\"@type\":\"WebPage\",\"@id\":\"http:\/\/www.oztugkimya.com\/amonyak\/\",\"url\":\"http:\/\/www.oztugkimya.com\/amonyak\/\",\"name\":\"Amonyak - http:\/\/www.oztugkimya.com\/\",\"isPartOf\":{\"@id\":\"http:\/\/www.oztugkimya.com\/#website\"},\"datePublished\":\"2020-07-27T10:15:52+00:00\",\"dateModified\":\"2020-10-24T05:13:34+00:00\",\"breadcrumb\":{\"@id\":\"http:\/\/www.oztugkimya.com\/amonyak\/#breadcrumb\"},\"inLanguage\":\"en-US\",\"potentialAction\":[{\"@type\":\"ReadAction\",\"target\":[\"http:\/\/www.oztugkimya.com\/amonyak\/\"]}]},{\"@type\":\"BreadcrumbList\",\"@id\":\"http:\/\/www.oztugkimya.com\/amonyak\/#breadcrumb\",\"itemListElement\":[{\"@type\":\"ListItem\",\"position\":1,\"name\":\"Ana sayfa\",\"item\":\"http:\/\/www.oztugkimya.com\/\"},{\"@type\":\"ListItem\",\"position\":2,\"name\":\"Amonyak\"}]},{\"@type\":\"WebSite\",\"@id\":\"http:\/\/www.oztugkimya.com\/#website\",\"url\":\"http:\/\/www.oztugkimya.com\/\",\"name\":\"http:\/\/www.oztugkimya.com\/\",\"description\":\"http:\/\/www.oztugkimya.com\/\",\"potentialAction\":[{\"@type\":\"SearchAction\",\"target\":{\"@type\":\"EntryPoint\",\"urlTemplate\":\"http:\/\/www.oztugkimya.com\/?s={search_term_string}\"},\"query-input\":\"required name=search_term_string\"}],\"inLanguage\":\"en-US\"}]}<\/script>\n<!-- \/ Yoast SEO plugin. -->","yoast_head_json":{"title":"Amonyak - http:\/\/www.oztugkimya.com\/","robots":{"index":"index","follow":"follow","max-snippet":"max-snippet:-1","max-image-preview":"max-image-preview:large","max-video-preview":"max-video-preview:-1"},"canonical":"http:\/\/www.oztugkimya.com\/en\/amonyak\/","og_locale":"en_US","og_type":"article","og_title":"Amonyak - http:\/\/www.oztugkimya.com\/","og_description":"Previous Next G\u00f6r\u00fcn\u00fcm\u00fc&nbsp;:&nbsp;S\u0131v\u0131 kendine has kokusu. Kimyasal Ad\u0131&nbsp;:&nbsp;AmmoniaAqueous; AquaAmmonia; Ammonia TS Kimyasal Form\u00fcl\u00fc&nbsp;:&nbsp;NH3 Ambalaj \u015eekli&nbsp;:&nbsp;57 Kg Bidonlarda,20 Ton D\u00f6kme, 900 Kg IBC lerde Tan\u0131m\u0131 ve Kullan\u0131m Alan\u0131&nbsp;:&nbsp; Azot atomu ve&hellip;","og_url":"http:\/\/www.oztugkimya.com\/en\/amonyak\/","og_site_name":"http:\/\/www.oztugkimya.com\/","article_modified_time":"2020-10-24T05:13:34+00:00","og_image":[{"url":"http:\/\/www.oztugkimya.com\/wp-content\/uploads\/2020\/05\/oztugcustomer-150x150.png"}],"twitter_card":"summary_large_image","twitter_misc":{"Est. reading time":"2 minutes"},"schema":{"@context":"https:\/\/schema.org","@graph":[{"@type":"WebPage","@id":"http:\/\/www.oztugkimya.com\/amonyak\/","url":"http:\/\/www.oztugkimya.com\/amonyak\/","name":"Amonyak - http:\/\/www.oztugkimya.com\/","isPartOf":{"@id":"http:\/\/www.oztugkimya.com\/#website"},"datePublished":"2020-07-27T10:15:52+00:00","dateModified":"2020-10-24T05:13:34+00:00","breadcrumb":{"@id":"http:\/\/www.oztugkimya.com\/amonyak\/#breadcrumb"},"inLanguage":"en-US","potentialAction":[{"@type":"ReadAction","target":["http:\/\/www.oztugkimya.com\/amonyak\/"]}]},{"@type":"BreadcrumbList","@id":"http:\/\/www.oztugkimya.com\/amonyak\/#breadcrumb","itemListElement":[{"@type":"ListItem","position":1,"name":"Ana sayfa","item":"http:\/\/www.oztugkimya.com\/"},{"@type":"ListItem","position":2,"name":"Amonyak"}]},{"@type":"WebSite","@id":"http:\/\/www.oztugkimya.com\/#website","url":"http:\/\/www.oztugkimya.com\/","name":"http:\/\/www.oztugkimya.com\/","description":"http:\/\/www.oztugkimya.com\/","potentialAction":[{"@type":"SearchAction","target":{"@type":"EntryPoint","urlTemplate":"http:\/\/www.oztugkimya.com\/?s={search_term_string}"},"query-input":"required name=search_term_string"}],"inLanguage":"en-US"}]}},"_links":{"self":[{"href":"http:\/\/www.oztugkimya.com\/en\/wp-json\/wp\/v2\/pages\/1146"}],"collection":[{"href":"http:\/\/www.oztugkimya.com\/en\/wp-json\/wp\/v2\/pages"}],"about":[{"href":"http:\/\/www.oztugkimya.com\/en\/wp-json\/wp\/v2\/types\/page"}],"author":[{"embeddable":true,"href":"http:\/\/www.oztugkimya.com\/en\/wp-json\/wp\/v2\/users\/1"}],"replies":[{"embeddable":true,"href":"http:\/\/www.oztugkimya.com\/en\/wp-json\/wp\/v2\/comments?post=1146"}],"version-history":[{"count":3,"href":"http:\/\/www.oztugkimya.com\/en\/wp-json\/wp\/v2\/pages\/1146\/revisions"}],"predecessor-version":[{"id":1423,"href":"http:\/\/www.oztugkimya.com\/en\/wp-json\/wp\/v2\/pages\/1146\/revisions\/1423"}],"wp:attachment":[{"href":"http:\/\/www.oztugkimya.com\/en\/wp-json\/wp\/v2\/media?parent=1146"}],"curies":[{"name":"wp","href":"https:\/\/api.w.org\/{rel}","templated":true}]}}