{"id":1152,"date":"2020-07-27T10:21:16","date_gmt":"2020-07-27T10:21:16","guid":{"rendered":"http:\/\/www.oztugkimya.com\/?page_id=1152"},"modified":"2020-07-27T10:23:04","modified_gmt":"2020-07-27T10:23:04","slug":"amonyum-sulfat","status":"publish","type":"page","link":"http:\/\/www.oztugkimya.com\/en\/amonyum-sulfat\/","title":{"rendered":"Ammonium Sulfate"},"content":{"rendered":"<div data-elementor-type=\"wp-page\" data-elementor-id=\"1152\" class=\"elementor elementor-1152\">\n\t\t\t\t\t\t<div class=\"elementor-inner\">\n\t\t\t\t<div class=\"elementor-section-wrap\">\n\t\t\t\t\t\t\t\t\t<section class=\"penci-section penci-disSticky penci-structure-20 elementor-section elementor-top-section elementor-element elementor-element-b743e19 elementor-section-boxed elementor-section-height-default elementor-section-height-default\" data-id=\"b743e19\" data-element_type=\"section\">\n\t\t\t\t\t\t<div class=\"elementor-container elementor-column-gap-default\">\n\t\t\t\t\t\t\t<div class=\"elementor-row\">\n\t\t\t\t\t<div class=\"penci-ercol-50 penci-ercol-order-1 penci-sticky-ct    elementor-column elementor-col-50 elementor-top-column elementor-element elementor-element-9bdf5d2\" data-id=\"9bdf5d2\" data-element_type=\"column\">\n\t\t\t<div class=\"theiaStickySidebar elementor-column-wrap elementor-element-populated\">\n\t\t\t\t\t\t\t<div class=\"elementor-widget-wrap\">\n\t\t\t\t\t\t<div class=\"elementor-element elementor-element-0981895 elementor-arrows-position-inside elementor-pagination-position-outside elementor-widget elementor-widget-image-carousel\" data-id=\"0981895\" data-element_type=\"widget\" data-settings=\"{&quot;navigation&quot;:&quot;both&quot;,&quot;autoplay&quot;:&quot;yes&quot;,&quot;pause_on_hover&quot;:&quot;yes&quot;,&quot;pause_on_interaction&quot;:&quot;yes&quot;,&quot;autoplay_speed&quot;:5000,&quot;infinite&quot;:&quot;yes&quot;,&quot;speed&quot;:500}\" data-widget_type=\"image-carousel.default\">\n\t\t\t\t<div class=\"elementor-widget-container\">\n\t\t\t\t\t<div class=\"elementor-image-carousel-wrapper swiper-container\" dir=\"ltr\">\n\t\t\t<div class=\"elementor-image-carousel swiper-wrapper\">\n\t\t\t\t\t\t\t\t<div class=\"swiper-slide\"><figure class=\"swiper-slide-inner\"><img decoding=\"async\" class=\"swiper-slide-image\" src=\"http:\/\/www.oztugkimya.com\/wp-content\/uploads\/2020\/05\/oztugcustomer-150x150.png\" alt=\"oztugcustomer\" \/><\/figure><\/div><div class=\"swiper-slide\"><figure class=\"swiper-slide-inner\"><img decoding=\"async\" class=\"swiper-slide-image\" src=\"http:\/\/www.oztugkimya.com\/wp-content\/uploads\/2020\/05\/oztugmission-150x150.png\" alt=\"oztugmission\" \/><\/figure><\/div><div class=\"swiper-slide\"><figure class=\"swiper-slide-inner\"><img decoding=\"async\" class=\"swiper-slide-image\" src=\"http:\/\/www.oztugkimya.com\/wp-content\/uploads\/2020\/05\/oztugmap-150x150.png\" alt=\"oztugmap\" \/><\/figure><\/div><div class=\"swiper-slide\"><figure class=\"swiper-slide-inner\"><img decoding=\"async\" class=\"swiper-slide-image\" src=\"http:\/\/www.oztugkimya.com\/wp-content\/uploads\/2020\/05\/oztuglogistics-150x150.png\" alt=\"oztuglogistics\" \/><\/figure><\/div><div class=\"swiper-slide\"><figure class=\"swiper-slide-inner\"><img decoding=\"async\" class=\"swiper-slide-image\" src=\"http:\/\/www.oztugkimya.com\/wp-content\/uploads\/2020\/05\/oztugdepolama1-150x150.png\" alt=\"oztugdepolama1\" \/><\/figure><\/div>\t\t\t<\/div>\n\t\t\t\t\t\t\t\t\t\t\t\t<div class=\"swiper-pagination\"><\/div>\n\t\t\t\t\t\t\t\t\t\t\t\t\t<div class=\"elementor-swiper-button elementor-swiper-button-prev\">\n\t\t\t\t\t\t<i aria-hidden=\"true\" class=\"eicon-chevron-left\"><\/i>\t\t\t\t\t\t<span class=\"elementor-screen-only\">Previous<\/span>\n\t\t\t\t\t<\/div>\n\t\t\t\t\t<div class=\"elementor-swiper-button elementor-swiper-button-next\">\n\t\t\t\t\t\t<i aria-hidden=\"true\" class=\"eicon-chevron-right\"><\/i>\t\t\t\t\t\t<span class=\"elementor-screen-only\">Next<\/span>\n\t\t\t\t\t<\/div>\n\t\t\t\t\t\t\t\t\t<\/div>\n\t\t\t\t<\/div>\n\t\t\t\t<\/div>\n\t\t\t\t\t\t<\/div>\n\t\t\t\t\t<\/div>\n\t\t<\/div>\n\t\t\t\t<div class=\"penci-ercol-50 penci-ercol-order-2 penci-sticky-ct    elementor-column elementor-col-50 elementor-top-column elementor-element elementor-element-3848e62\" data-id=\"3848e62\" data-element_type=\"column\">\n\t\t\t<div class=\"theiaStickySidebar elementor-column-wrap elementor-element-populated\">\n\t\t\t\t\t\t\t<div class=\"elementor-widget-wrap\">\n\t\t\t\t\t\t<div class=\"elementor-element elementor-element-b4b4cf0 elementor-widget elementor-widget-text-editor\" data-id=\"b4b4cf0\" data-element_type=\"widget\" data-widget_type=\"text-editor.default\">\n\t\t\t\t<div class=\"elementor-widget-container\">\n\t\t\t\t\t\t\t\t<div class=\"elementor-text-editor elementor-clearfix\">\n\t\t\t\t<p><strong>G\u00f6r\u00fcn\u00fcm\u00fc\u00a0:<\/strong>\u00a0\u0130nce Beyaz Higroskopic Gran\u00fcl Veya Kristal Halde Toz \u015eekere Benzer<\/p><p><strong>Kimyasal Ad\u0131\u00a0:<\/strong>\u00a0Diamonyum S\u00fclfat, S\u00fclfirik Asitin Diamonyum Tuzu, \u015eeker G\u00fcbre<\/p><p><strong>Kimyasal Form\u00fcl\u00fc\u00a0:<\/strong>\u00a0(NH4)2SO4<\/p><p><strong>Ambalaj \u015eekli\u00a0:\u00a0<\/strong>25 veya 50 Kg. l\u0131k Torbalarda<\/p><p><strong>Tan\u0131m\u0131 ve Kullan\u0131m Alanlar\u0131\u00a0:\u00a0<\/strong><\/p><p>Amonyum s\u00fclfat g\u00fcbresi a\u00e7\u0131k sar\u0131dan griye de\u011fin de\u011fi\u015fen ve \u00e7o\u011funlukla beyaz, renkli olan kristal yap\u0131da bir g\u00fcbredir, Zaman zaman g\u00fcbrenin i\u00e7inde kahverengi, mavi, sar\u0131 ya da gri renkli k\u0131s\u0131mlar g\u00f6r\u00fclmektedir. Kimi zaman a\u00e7\u0131k ye\u015fil, a\u00e7\u0131k mavi veya grimsi ye\u015fil renkli de olabilir. % 21 azot, % 24 k\u00fck\u00fcrt den olu\u015fur.<\/p><p><strong>Kullan\u0131m Alanlar\u0131<\/strong><\/p><ul><li>Tar\u0131mda g\u00fcbre olarak kullan\u0131l\u0131r. Bitkilerin geli\u015fmesi i\u00e7in gerekli azot ve k\u00fck\u00fcrt ihtiyac\u0131n\u0131 giderir. Asit \u00f6zellikli bir g\u00fcbre oldu\u011fu i\u00e7in n\u00f6tr ve kire\u00e7li (alkali) topraklarda kullan\u0131l\u0131r. Uzun y\u0131llar s\u00fcrekli olarak topra\u011fa verilmesi halinde topraktaki asit miktar\u0131n\u0131 artt\u0131r\u0131r. Bu nedenle asitli topraklara verilmemelidir. Verilmek zorunda kal\u0131nd\u0131\u011f\u0131nda ise bir miktar kire\u00e7le birlikte uygulanmal\u0131d\u0131r. Amonyum S\u00fclfat genellikle ekim s\u0131ras\u0131nda verilir. Bu bitkilerin b\u00fcy\u00fcmelerini h\u0131zland\u0131ran topraktaki fosforun bitki taraf\u0131ndan daha kolay al\u0131nmas\u0131n\u0131 sa\u011flar.<\/li><li>Ayr\u0131ca, b\u00fcnyesinde k\u00fck\u00fcrt bulunmas\u0131 nedeniyle bitkinin k\u00fck\u00fcrt ihtiyac\u0131n\u0131 da giderir. \u00c7ay, \u00e7eltik ve tah\u0131l tar\u0131m\u0131nda kullan\u0131l\u0131r. Bu bitkilere ihtiyac\u0131ndan az amonyum s\u00fclfat verilirse bitkinin geli\u015fmesi zay\u0131f olur.<\/li><li>B\u00f6cek \u00f6ld\u00fcr\u00fcc\u00fc, zararl\u0131 bitki \u00f6ld\u00fcr\u00fcc\u00fc ve mantar \u00f6ld\u00fcr\u00fcc\u00fc su bazl\u0131 tar\u0131msal spreylerde katk\u0131 maddesi olarak kullan\u0131l\u0131r.<\/li><li>Amonyum tuzu haz\u0131rlanmas\u0131nda kullan\u0131l\u0131r.<\/li><li>Biyokimya da amonyum s\u00fclfat \u00e7\u00f6keltileri proteinlerin safla\u015ft\u0131r\u0131lmas\u0131nda yayg\u0131n bir metod olarak kullan\u0131l\u0131r.<\/li><li>G\u0131da sekt\u00f6r\u00fcnde katk\u0131 maddesi olarak kullan\u0131l\u0131r.<\/li><li>Yang\u0131n \u00f6nleyici kompozisyonlarda kullan\u0131l\u0131r. Yang\u0131n \u00f6nleyici olarak malzemenin yanma s\u0131cakl\u0131\u011f\u0131n\u0131 , a\u011f\u0131rl\u0131k kayb\u0131 oran\u0131n\u0131 d\u00fc\u015f\u00fcr\u00fcr ve k\u00f6m\u00fcr kal\u0131nt\u0131s\u0131 \u00fcretiminin artmas\u0131na sebep olur.<\/li><\/ul>\t\t\t\t\t<\/div>\n\t\t\t\t\t\t<\/div>\n\t\t\t\t<\/div>\n\t\t\t\t\t\t<\/div>\n\t\t\t\t\t<\/div>\n\t\t<\/div>\n\t\t\t\t\t\t\t\t<\/div>\n\t\t\t\t\t<\/div>\n\t\t<\/section>\n\t\t\t\t\t\t\t\t\t<\/div>\n\t\t\t<\/div>\n\t\t\t\t\t<\/div>","protected":false},"excerpt":{"rendered":"<p>Previous Next G\u00f6r\u00fcn\u00fcm\u00fc\u00a0:\u00a0\u0130nce Beyaz Higroskopic Gran\u00fcl Veya Kristal Halde Toz \u015eekere Benzer Kimyasal Ad\u0131\u00a0:\u00a0Diamonyum S\u00fclfat, S\u00fclfirik Asitin Diamonyum Tuzu, \u015eeker G\u00fcbre Kimyasal Form\u00fcl\u00fc\u00a0:\u00a0(NH4)2SO4 Ambalaj \u015eekli\u00a0:\u00a025 veya 50 Kg. l\u0131k Torbalarda&hellip;<\/p>","protected":false},"author":1,"featured_media":0,"parent":0,"menu_order":0,"comment_status":"closed","ping_status":"closed","template":"","meta":[],"yoast_head":"<!-- This site is optimized with the Yoast SEO plugin v20.3 - https:\/\/yoast.com\/wordpress\/plugins\/seo\/ -->\n<title>Amonyum S\u00fclfat - http:\/\/www.oztugkimya.com\/<\/title>\n<meta name=\"robots\" content=\"index, follow, max-snippet:-1, max-image-preview:large, max-video-preview:-1\" \/>\n<link rel=\"canonical\" href=\"http:\/\/www.oztugkimya.com\/en\/amonyum-sulfat\/\" \/>\n<meta property=\"og:locale\" content=\"en_US\" \/>\n<meta property=\"og:type\" content=\"article\" \/>\n<meta property=\"og:title\" content=\"Amonyum S\u00fclfat - http:\/\/www.oztugkimya.com\/\" \/>\n<meta property=\"og:description\" content=\"Previous Next G\u00f6r\u00fcn\u00fcm\u00fc\u00a0:\u00a0\u0130nce Beyaz Higroskopic Gran\u00fcl Veya Kristal Halde Toz \u015eekere Benzer Kimyasal Ad\u0131\u00a0:\u00a0Diamonyum S\u00fclfat, S\u00fclfirik Asitin Diamonyum Tuzu, \u015eeker G\u00fcbre Kimyasal Form\u00fcl\u00fc\u00a0:\u00a0(NH4)2SO4 Ambalaj \u015eekli\u00a0:\u00a025 veya 50 Kg. l\u0131k Torbalarda&hellip;\" \/>\n<meta property=\"og:url\" content=\"http:\/\/www.oztugkimya.com\/en\/amonyum-sulfat\/\" \/>\n<meta property=\"og:site_name\" content=\"http:\/\/www.oztugkimya.com\/\" \/>\n<meta property=\"article:modified_time\" content=\"2020-07-27T10:23:04+00:00\" \/>\n<meta property=\"og:image\" content=\"http:\/\/www.oztugkimya.com\/wp-content\/uploads\/2020\/05\/oztugcustomer-150x150.png\" \/>\n<meta name=\"twitter:card\" content=\"summary_large_image\" \/>\n<meta name=\"twitter:label1\" content=\"Est. reading time\" \/>\n\t<meta name=\"twitter:data1\" content=\"2 minutes\" \/>\n<script type=\"application\/ld+json\" class=\"yoast-schema-graph\">{\"@context\":\"https:\/\/schema.org\",\"@graph\":[{\"@type\":\"WebPage\",\"@id\":\"http:\/\/www.oztugkimya.com\/amonyum-sulfat\/\",\"url\":\"http:\/\/www.oztugkimya.com\/amonyum-sulfat\/\",\"name\":\"Amonyum S\u00fclfat - http:\/\/www.oztugkimya.com\/\",\"isPartOf\":{\"@id\":\"http:\/\/www.oztugkimya.com\/#website\"},\"datePublished\":\"2020-07-27T10:21:16+00:00\",\"dateModified\":\"2020-07-27T10:23:04+00:00\",\"breadcrumb\":{\"@id\":\"http:\/\/www.oztugkimya.com\/amonyum-sulfat\/#breadcrumb\"},\"inLanguage\":\"en-US\",\"potentialAction\":[{\"@type\":\"ReadAction\",\"target\":[\"http:\/\/www.oztugkimya.com\/amonyum-sulfat\/\"]}]},{\"@type\":\"BreadcrumbList\",\"@id\":\"http:\/\/www.oztugkimya.com\/amonyum-sulfat\/#breadcrumb\",\"itemListElement\":[{\"@type\":\"ListItem\",\"position\":1,\"name\":\"Ana sayfa\",\"item\":\"http:\/\/www.oztugkimya.com\/\"},{\"@type\":\"ListItem\",\"position\":2,\"name\":\"Amonyum S\u00fclfat\"}]},{\"@type\":\"WebSite\",\"@id\":\"http:\/\/www.oztugkimya.com\/#website\",\"url\":\"http:\/\/www.oztugkimya.com\/\",\"name\":\"http:\/\/www.oztugkimya.com\/\",\"description\":\"http:\/\/www.oztugkimya.com\/\",\"potentialAction\":[{\"@type\":\"SearchAction\",\"target\":{\"@type\":\"EntryPoint\",\"urlTemplate\":\"http:\/\/www.oztugkimya.com\/?s={search_term_string}\"},\"query-input\":\"required name=search_term_string\"}],\"inLanguage\":\"en-US\"}]}<\/script>\n<!-- \/ Yoast SEO plugin. -->","yoast_head_json":{"title":"Amonyum S\u00fclfat - http:\/\/www.oztugkimya.com\/","robots":{"index":"index","follow":"follow","max-snippet":"max-snippet:-1","max-image-preview":"max-image-preview:large","max-video-preview":"max-video-preview:-1"},"canonical":"http:\/\/www.oztugkimya.com\/en\/amonyum-sulfat\/","og_locale":"en_US","og_type":"article","og_title":"Amonyum S\u00fclfat - http:\/\/www.oztugkimya.com\/","og_description":"Previous Next G\u00f6r\u00fcn\u00fcm\u00fc\u00a0:\u00a0\u0130nce Beyaz Higroskopic Gran\u00fcl Veya Kristal Halde Toz \u015eekere Benzer Kimyasal Ad\u0131\u00a0:\u00a0Diamonyum S\u00fclfat, S\u00fclfirik Asitin Diamonyum Tuzu, \u015eeker G\u00fcbre Kimyasal Form\u00fcl\u00fc\u00a0:\u00a0(NH4)2SO4 Ambalaj \u015eekli\u00a0:\u00a025 veya 50 Kg. l\u0131k Torbalarda&hellip;","og_url":"http:\/\/www.oztugkimya.com\/en\/amonyum-sulfat\/","og_site_name":"http:\/\/www.oztugkimya.com\/","article_modified_time":"2020-07-27T10:23:04+00:00","og_image":[{"url":"http:\/\/www.oztugkimya.com\/wp-content\/uploads\/2020\/05\/oztugcustomer-150x150.png"}],"twitter_card":"summary_large_image","twitter_misc":{"Est. reading time":"2 minutes"},"schema":{"@context":"https:\/\/schema.org","@graph":[{"@type":"WebPage","@id":"http:\/\/www.oztugkimya.com\/amonyum-sulfat\/","url":"http:\/\/www.oztugkimya.com\/amonyum-sulfat\/","name":"Amonyum S\u00fclfat - http:\/\/www.oztugkimya.com\/","isPartOf":{"@id":"http:\/\/www.oztugkimya.com\/#website"},"datePublished":"2020-07-27T10:21:16+00:00","dateModified":"2020-07-27T10:23:04+00:00","breadcrumb":{"@id":"http:\/\/www.oztugkimya.com\/amonyum-sulfat\/#breadcrumb"},"inLanguage":"en-US","potentialAction":[{"@type":"ReadAction","target":["http:\/\/www.oztugkimya.com\/amonyum-sulfat\/"]}]},{"@type":"BreadcrumbList","@id":"http:\/\/www.oztugkimya.com\/amonyum-sulfat\/#breadcrumb","itemListElement":[{"@type":"ListItem","position":1,"name":"Ana sayfa","item":"http:\/\/www.oztugkimya.com\/"},{"@type":"ListItem","position":2,"name":"Amonyum S\u00fclfat"}]},{"@type":"WebSite","@id":"http:\/\/www.oztugkimya.com\/#website","url":"http:\/\/www.oztugkimya.com\/","name":"http:\/\/www.oztugkimya.com\/","description":"http:\/\/www.oztugkimya.com\/","potentialAction":[{"@type":"SearchAction","target":{"@type":"EntryPoint","urlTemplate":"http:\/\/www.oztugkimya.com\/?s={search_term_string}"},"query-input":"required name=search_term_string"}],"inLanguage":"en-US"}]}},"_links":{"self":[{"href":"http:\/\/www.oztugkimya.com\/en\/wp-json\/wp\/v2\/pages\/1152"}],"collection":[{"href":"http:\/\/www.oztugkimya.com\/en\/wp-json\/wp\/v2\/pages"}],"about":[{"href":"http:\/\/www.oztugkimya.com\/en\/wp-json\/wp\/v2\/types\/page"}],"author":[{"embeddable":true,"href":"http:\/\/www.oztugkimya.com\/en\/wp-json\/wp\/v2\/users\/1"}],"replies":[{"embeddable":true,"href":"http:\/\/www.oztugkimya.com\/en\/wp-json\/wp\/v2\/comments?post=1152"}],"version-history":[{"count":2,"href":"http:\/\/www.oztugkimya.com\/en\/wp-json\/wp\/v2\/pages\/1152\/revisions"}],"predecessor-version":[{"id":1154,"href":"http:\/\/www.oztugkimya.com\/en\/wp-json\/wp\/v2\/pages\/1152\/revisions\/1154"}],"wp:attachment":[{"href":"http:\/\/www.oztugkimya.com\/en\/wp-json\/wp\/v2\/media?parent=1152"}],"curies":[{"name":"wp","href":"https:\/\/api.w.org\/{rel}","templated":true}]}}