{"id":1162,"date":"2020-07-27T10:27:01","date_gmt":"2020-07-27T10:27:01","guid":{"rendered":"http:\/\/www.oztugkimya.com\/?page_id=1162"},"modified":"2020-07-27T10:30:01","modified_gmt":"2020-07-27T10:30:01","slug":"boraks","status":"publish","type":"page","link":"http:\/\/www.oztugkimya.com\/en\/boraks\/","title":{"rendered":"Borax"},"content":{"rendered":"\t\t<div data-elementor-type=\"wp-page\" data-elementor-id=\"1162\" class=\"elementor elementor-1162\">\n\t\t\t\t\t\t<div class=\"elementor-inner\">\n\t\t\t\t<div class=\"elementor-section-wrap\">\n\t\t\t\t\t\t\t\t\t<section class=\"penci-section penci-disSticky penci-structure-20 elementor-section elementor-top-section elementor-element elementor-element-88a52b0 elementor-section-boxed elementor-section-height-default elementor-section-height-default\" data-id=\"88a52b0\" data-element_type=\"section\">\n\t\t\t\t\t\t<div class=\"elementor-container elementor-column-gap-default\">\n\t\t\t\t\t\t\t<div class=\"elementor-row\">\n\t\t\t\t\t<div class=\"penci-ercol-50 penci-ercol-order-1 penci-sticky-ct    elementor-column elementor-col-50 elementor-top-column elementor-element elementor-element-d49b82f\" data-id=\"d49b82f\" data-element_type=\"column\">\n\t\t\t<div class=\"theiaStickySidebar elementor-column-wrap elementor-element-populated\">\n\t\t\t\t\t\t\t<div class=\"elementor-widget-wrap\">\n\t\t\t\t\t\t<div class=\"elementor-element elementor-element-df44bba elementor-arrows-position-inside elementor-pagination-position-outside elementor-widget elementor-widget-image-carousel\" data-id=\"df44bba\" data-element_type=\"widget\" data-settings=\"{&quot;navigation&quot;:&quot;both&quot;,&quot;autoplay&quot;:&quot;yes&quot;,&quot;pause_on_hover&quot;:&quot;yes&quot;,&quot;pause_on_interaction&quot;:&quot;yes&quot;,&quot;autoplay_speed&quot;:5000,&quot;infinite&quot;:&quot;yes&quot;,&quot;speed&quot;:500}\" data-widget_type=\"image-carousel.default\">\n\t\t\t\t<div class=\"elementor-widget-container\">\n\t\t\t\t\t<div class=\"elementor-image-carousel-wrapper swiper-container\" dir=\"ltr\">\n\t\t\t<div class=\"elementor-image-carousel swiper-wrapper\">\n\t\t\t\t\t\t\t\t<div class=\"swiper-slide\"><figure class=\"swiper-slide-inner\"><img decoding=\"async\" class=\"swiper-slide-image\" src=\"http:\/\/www.oztugkimya.com\/wp-content\/uploads\/2020\/05\/oztugcustomer-150x150.png\" alt=\"oztugcustomer\" \/><\/figure><\/div><div class=\"swiper-slide\"><figure class=\"swiper-slide-inner\"><img decoding=\"async\" class=\"swiper-slide-image\" src=\"http:\/\/www.oztugkimya.com\/wp-content\/uploads\/2020\/05\/oztugmission-150x150.png\" alt=\"oztugmission\" \/><\/figure><\/div><div class=\"swiper-slide\"><figure class=\"swiper-slide-inner\"><img decoding=\"async\" class=\"swiper-slide-image\" src=\"http:\/\/www.oztugkimya.com\/wp-content\/uploads\/2020\/05\/oztugmap-150x150.png\" alt=\"oztugmap\" \/><\/figure><\/div><div class=\"swiper-slide\"><figure class=\"swiper-slide-inner\"><img decoding=\"async\" class=\"swiper-slide-image\" src=\"http:\/\/www.oztugkimya.com\/wp-content\/uploads\/2020\/05\/oztuglogistics-150x150.png\" alt=\"oztuglogistics\" \/><\/figure><\/div><div class=\"swiper-slide\"><figure class=\"swiper-slide-inner\"><img decoding=\"async\" class=\"swiper-slide-image\" src=\"http:\/\/www.oztugkimya.com\/wp-content\/uploads\/2020\/05\/oztugdepolama1-150x150.png\" alt=\"oztugdepolama1\" \/><\/figure><\/div>\t\t\t<\/div>\n\t\t\t\t\t\t\t\t\t\t\t\t<div class=\"swiper-pagination\"><\/div>\n\t\t\t\t\t\t\t\t\t\t\t\t\t<div class=\"elementor-swiper-button elementor-swiper-button-prev\">\n\t\t\t\t\t\t<i aria-hidden=\"true\" class=\"eicon-chevron-left\"><\/i>\t\t\t\t\t\t<span class=\"elementor-screen-only\">Previous<\/span>\n\t\t\t\t\t<\/div>\n\t\t\t\t\t<div class=\"elementor-swiper-button elementor-swiper-button-next\">\n\t\t\t\t\t\t<i aria-hidden=\"true\" class=\"eicon-chevron-right\"><\/i>\t\t\t\t\t\t<span class=\"elementor-screen-only\">Next<\/span>\n\t\t\t\t\t<\/div>\n\t\t\t\t\t\t\t\t\t<\/div>\n\t\t\t\t<\/div>\n\t\t\t\t<\/div>\n\t\t\t\t\t\t<\/div>\n\t\t\t\t\t<\/div>\n\t\t<\/div>\n\t\t\t\t<div class=\"penci-ercol-50 penci-ercol-order-2 penci-sticky-ct    elementor-column elementor-col-50 elementor-top-column elementor-element elementor-element-025fc4b\" data-id=\"025fc4b\" data-element_type=\"column\">\n\t\t\t<div class=\"theiaStickySidebar elementor-column-wrap elementor-element-populated\">\n\t\t\t\t\t\t\t<div class=\"elementor-widget-wrap\">\n\t\t\t\t\t\t<div class=\"elementor-element elementor-element-0ea65fb elementor-widget elementor-widget-text-editor\" data-id=\"0ea65fb\" data-element_type=\"widget\" data-widget_type=\"text-editor.default\">\n\t\t\t\t<div class=\"elementor-widget-container\">\n\t\t\t\t\t\t\t\t<div class=\"elementor-text-editor elementor-clearfix\">\n\t\t\t\t<p><strong>G\u00f6r\u00fcn\u00fcm\u00fc\u00a0:\u00a0<\/strong>Beyaz Renkli Yuvarlak Boncuk<\/p><p><strong>Kimyasal Ad\u0131\u00a0:<\/strong>\u00a0Sodyum Hidroksit<\/p><p><strong>Kimyasal Form\u00fcl\u00fc : <\/strong>NaOH<\/p><p><strong>Ambalaj \u015eekli\u00a0:\u00a0<\/strong>25 Kg \u00e7uvallarda<\/p><p><strong>Tan\u0131m\u0131 ve Kullan\u0131m Alanlar\u0131\u00a0:<\/strong><\/p><p>Saf sodyum hidroksit, bozulma olmaks\u0131z\u0131n 318 \u00b0 C&#8217;de eriyen renksiz, kristalin bir kat\u0131d\u0131r. Suda y\u00fcksek \u00f6l\u00e7\u00fcde \u00e7\u00f6z\u00fcn\u00fcr, etanol ve metanolde daha d\u00fc\u015f\u00fck bir \u00e7\u00f6z\u00fcn\u00fcrl\u00fckle bulunur , ancak eter ve di\u011fer polar olmayan \u00e7\u00f6z\u00fcc\u00fcler i\u00e7inde \u00e7\u00f6z\u00fcnmez.<\/p><p>S\u00fclf\u00fcrik asidin hidrasyonuna benzer \u015fekilde, kat\u0131 sodyum hidroksidin suya \u00e7\u00f6z\u00fclmesi , b\u00fcy\u00fck miktarda \u0131s\u0131n\u0131n serbest b\u0131rak\u0131ld\u0131\u011f\u0131 a\u015f\u0131r\u0131 derecede ekzotermik bir reaksiyondur [12] , bu da s\u0131\u00e7rama olas\u0131l\u0131\u011f\u0131na ba\u011fl\u0131 olarak emniyet i\u00e7in bir tehdit olu\u015fturmaktad\u0131r. Elde edilen sol\u00fcsyon genellikle renksiz ve kokusuzdur. Di\u011fer alkalin sol\u00fcsyonlar\u0131nda oldu\u011fu gibi cilt ile temas\u0131nda kayganla\u015f\u0131r.<\/p><p>Sodyum hidroksit , ayn\u0131 zamanda, yosun ve kostik soda olarak bilinir. Sodyum hidroksit, olduk\u00e7a kostik bir baz ve alkali olup , proteinleri s\u0131radan ortam s\u0131cakl\u0131klar\u0131nda par\u00e7alay\u0131p ciddi kimyasal yan\u0131klara neden olabilir .<\/p><p>Sodyum hidroksit, protik asitlerle reaksiyona girerek su ve buna ba\u011fl\u0131 tuzlar \u00fcretir. \u00d6rne\u011fin, sodyum hidroksit hidroklorik asit ile reaksiyona girdi\u011finde , sodyum klor\u00fcr olu\u015fur:<\/p><p>NaOH ( sulu ) + HCI (sulu) \u2192 NaCI (aq) + H 2 O ( l )<\/p><p>Genel olarak, bu gibi n\u00f6trle\u015ftirme reaksiyonlar\u0131 basit bir net iyonik denklem ile temsil edilmektedir:<\/p><p>OH &#8211; (aq) + H + (sulu) \u2192 H 2 O (I)<\/p><p>G\u00fc\u00e7l\u00fc bir asit ile reaksiyonun bu t\u00fcr\u00fc, \u0131s\u0131 yayar ve dolay\u0131s\u0131yla egzotermiktir . Bu asit bazl\u0131 reaksiyonlar titrasyonlar i\u00e7in de kullan\u0131labilir . Bununla birlikte, sodyum hidroksit, birincil standart olarak kullan\u0131lmaz, \u00e7\u00fcnk\u00fc higroskopiktir ve havadaki karbondioksiti emer .<\/p><p><strong>Kullan\u0131m Alanlar\u0131<\/strong><\/p><ul><li>Asit kontrol\u00fcnde, k\u00f6t\u00fc kokuyu ar\u0131tmada, borular\u0131 temizlemede, pH dengelemede)<\/li><li>Yap\u0131\u015ft\u0131r\u0131c\u0131 olarak, \u0131s\u0131 ile yap\u0131lan matbaa bask\u0131lar\u0131nda, gazete ka\u011f\u0131d\u0131nda)<\/li><li>Sodyum Aluminat, Sodyum Siyan\u00fcr, Silikat, PoliKarbonat, Titan Oksit, Zeolit \u00fcretiminde<\/li><li>En son \u00fcr\u00fcnde artiklari uzakla\u015ft\u0131rmada, beyazlatmada<\/li><li>STTP, Sodyum Hipo Klorur, Sabun, F\u0131r\u0131n ve Boru Temizleyici madde yap\u0131m\u0131nda)<\/li><li>Sodyum Fenolate [ aspirin ve antiseptik] yap\u0131m\u0131nda)<\/li><li>Yemeklik ya\u011f\u0131 ar\u0131tmada, meyve ve sebze kabu\u011fu soymada, dondurmada<\/li><li>Ya\u011f temizlemede, su ar\u0131tmada, ekipman temizlemede<\/li><li>Ni\u015fasta, Kostik, Su, Silikat: Birlikte Etiket Yap\u0131\u015ft\u0131r\u0131c\u0131 \u0130malat\u0131nda<\/li><li>Ni\u015fasta, Kostik, Su, Boraks: Birlikte Oluklu Mukavva Tutkal \u0130malat\u0131nda<\/li><li>Rafine \u00fcr\u00fcnlerde asit kal\u0131nt\u0131lar\u0131n\u0131 uzakla\u015ft\u0131rmada, fenollerin \u00e7\u0131kart\u0131lmas\u0131nda, sondaj \u00e7amurunda pH dengelemede, sondajda kalsiyum ve bakterisitleri uzakla\u015ft\u0131rmada<\/li><li>Filtre Temizleyici (filtre havuzlar\u0131nda) ve madenlerdeki asit unitesini temizlemede,<\/li><li>Ayr\u0131ca kullan\u0131lan Sodyum Siyan\u00fcr&#8217;\u00fcn pH de\u011ferini ayarlamada Kostik (Sodyum Hidroksit) veyahut Kire\u00e7 (Kalsiyum Hidroksit) kullan\u0131l\u0131r.<\/li><li>G\u00fcve yal\u0131t\u0131m\u0131 i\u00e7in y\u00fcn i\u00e7in% 10 sol\u00fcsyon [27]<\/li><li>Dolaplarda, boru ve kablo giri\u015flerinde, duvar kaplamalar\u0131 bo\u015fluklar\u0131nda ve s\u0131radan pestisitlerin istenmedi\u011fi eri\u015filemeyen yerlerde inat\u00e7\u0131 zararl\u0131lar\u0131n (\u00f6rne\u011fin, Alman hamamb\u00f6ce\u011fi ) \u00f6nlenmesi i\u00e7in pudra haline getirilir<\/li><li>Anti-fungal ayak taban\u0131<\/li><li>Uyar\u0131c\u0131d\u0131r sodyum perborat monohidrat kullan\u0131l\u0131r deterjanlar , yan\u0131 s\u0131ra borik asit ve di\u011fer boratlar<\/li><li>An\u0131lan yap\u0131\u015ft\u0131r\u0131c\u0131 terkip maddesinin kazein , ni\u015fasta ve dekstrin bazl\u0131 yap\u0131\u015fkanlar<\/li><li>I\u00e7in \u00f6n-madde , borik asit , bir yap\u0131\u015ft\u0131r\u0131c\u0131 madde , polivinil asetat , polivinil alkol bazl\u0131 yap\u0131\u015fkanlar<\/li><li>Flor\u00fcr detoksifikasyonu<\/li><li>Tedavisi pamuk\u00e7uk i\u00e7inde atlar\u0131n &#8216; toynaklar\u0131n\u0131n<\/li><li>Gripalk\u0131n \u0131s\u0131t\u0131lm\u0131\u015f boraksa eritilerek dip kalemleri i\u00e7in silinmez m\u00fcrekkep yapmak<\/li><li>Y\u0131lan derileri i\u00e7in k\u00fcr maddesi<\/li><li>Somon yumurtas\u0131 i\u00e7in k\u00fcr malzemesi, som bal\u0131\u011f\u0131 i\u00e7in spor bal\u0131k\u00e7\u0131l\u0131\u011f\u0131 i\u00e7in<\/li><li>PH kontrol etmek i\u00e7in havuz tamponlama maddesi<\/li><li>Reaktiviteyi kontrol etmek ve bir n\u00fckleer zincir reaksiyonunu durdurmak i\u00e7in n\u00fckleer reakt\u00f6rlerde ve yak\u0131t havuzlar\u0131nda kullan\u0131lan n\u00f6tron absorp\u00f6r\u00fc<\/li><li>Bor eksikli\u011fi olan topraklar\u0131 d\u00fczeltmek i\u00e7in bir mikro besin g\u00fcbresi olarak . [28] [29]<\/li><li>Koruyucu madde i\u00e7inde taxidermy<\/li><li>Bir kafatas\u0131n\u0131n beynin bo\u015flu\u011funu temizlemek i\u00e7in<\/li><li>Ye\u015file renk katan yang\u0131nlara [30]<\/li><li>Geleneksel olarak daha fazla saklama esnas\u0131nda sinekle \u00fcflenmelerini \u00f6nlemek i\u00e7in jambonlar gibi kuru k\u00fcrlenmi\u015f etleri kaplamak i\u00e7in kullan\u0131lm\u0131\u015ft\u0131r<\/li><li>Baz\u0131 ticari vitamin takviyelerinde bulunur<\/li><li>Otomobilin radyat\u00f6r ve motor blo\u011funun s\u0131zd\u0131rmazl\u0131\u011f\u0131n\u0131 durdurmak i\u00e7in [31]<\/li><li>Kulland\u0131\u011f\u0131 blacksmiths i\u00e7inde d\u00f6vme kaynak<\/li><li>Orman solucan\u0131 muamelesi olarak kullan\u0131l\u0131r (suda seyreltilir)<\/li><\/ul>\t\t\t\t\t<\/div>\n\t\t\t\t\t\t<\/div>\n\t\t\t\t<\/div>\n\t\t\t\t\t\t<\/div>\n\t\t\t\t\t<\/div>\n\t\t<\/div>\n\t\t\t\t\t\t\t\t<\/div>\n\t\t\t\t\t<\/div>\n\t\t<\/section>\n\t\t\t\t\t\t\t\t\t<\/div>\n\t\t\t<\/div>\n\t\t\t\t\t<\/div>\n\t\t","protected":false},"excerpt":{"rendered":"<p>Previous Next G\u00f6r\u00fcn\u00fcm\u00fc\u00a0:\u00a0Beyaz Renkli Yuvarlak Boncuk Kimyasal Ad\u0131\u00a0:\u00a0Sodyum Hidroksit Kimyasal Form\u00fcl\u00fc : NaOH Ambalaj \u015eekli\u00a0:\u00a025 Kg \u00e7uvallarda Tan\u0131m\u0131 ve Kullan\u0131m Alanlar\u0131\u00a0: Saf sodyum hidroksit, bozulma olmaks\u0131z\u0131n 318 \u00b0 C&#8217;de eriyen&hellip;<\/p>","protected":false},"author":1,"featured_media":0,"parent":0,"menu_order":0,"comment_status":"closed","ping_status":"closed","template":"","meta":[],"yoast_head":"<!-- This site is optimized with the Yoast SEO plugin v20.3 - https:\/\/yoast.com\/wordpress\/plugins\/seo\/ -->\n<title>Boraks - http:\/\/www.oztugkimya.com\/<\/title>\n<meta name=\"robots\" content=\"index, follow, max-snippet:-1, max-image-preview:large, max-video-preview:-1\" \/>\n<link rel=\"canonical\" href=\"http:\/\/www.oztugkimya.com\/en\/boraks\/\" \/>\n<meta property=\"og:locale\" content=\"en_US\" \/>\n<meta property=\"og:type\" content=\"article\" \/>\n<meta property=\"og:title\" content=\"Boraks - http:\/\/www.oztugkimya.com\/\" \/>\n<meta property=\"og:description\" content=\"Previous Next G\u00f6r\u00fcn\u00fcm\u00fc\u00a0:\u00a0Beyaz Renkli Yuvarlak Boncuk Kimyasal Ad\u0131\u00a0:\u00a0Sodyum Hidroksit Kimyasal Form\u00fcl\u00fc : NaOH Ambalaj \u015eekli\u00a0:\u00a025 Kg \u00e7uvallarda Tan\u0131m\u0131 ve Kullan\u0131m Alanlar\u0131\u00a0: Saf sodyum hidroksit, bozulma olmaks\u0131z\u0131n 318 \u00b0 C&#8217;de eriyen&hellip;\" \/>\n<meta property=\"og:url\" content=\"http:\/\/www.oztugkimya.com\/en\/boraks\/\" \/>\n<meta property=\"og:site_name\" content=\"http:\/\/www.oztugkimya.com\/\" \/>\n<meta property=\"article:modified_time\" content=\"2020-07-27T10:30:01+00:00\" \/>\n<meta property=\"og:image\" content=\"http:\/\/www.oztugkimya.com\/wp-content\/uploads\/2020\/05\/oztugcustomer-150x150.png\" \/>\n<meta name=\"twitter:card\" content=\"summary_large_image\" \/>\n<meta name=\"twitter:label1\" content=\"Est. reading time\" \/>\n\t<meta name=\"twitter:data1\" content=\"4 minutes\" \/>\n<script type=\"application\/ld+json\" class=\"yoast-schema-graph\">{\"@context\":\"https:\/\/schema.org\",\"@graph\":[{\"@type\":\"WebPage\",\"@id\":\"http:\/\/www.oztugkimya.com\/boraks\/\",\"url\":\"http:\/\/www.oztugkimya.com\/boraks\/\",\"name\":\"Boraks - http:\/\/www.oztugkimya.com\/\",\"isPartOf\":{\"@id\":\"http:\/\/www.oztugkimya.com\/#website\"},\"datePublished\":\"2020-07-27T10:27:01+00:00\",\"dateModified\":\"2020-07-27T10:30:01+00:00\",\"breadcrumb\":{\"@id\":\"http:\/\/www.oztugkimya.com\/boraks\/#breadcrumb\"},\"inLanguage\":\"en-US\",\"potentialAction\":[{\"@type\":\"ReadAction\",\"target\":[\"http:\/\/www.oztugkimya.com\/boraks\/\"]}]},{\"@type\":\"BreadcrumbList\",\"@id\":\"http:\/\/www.oztugkimya.com\/boraks\/#breadcrumb\",\"itemListElement\":[{\"@type\":\"ListItem\",\"position\":1,\"name\":\"Ana sayfa\",\"item\":\"http:\/\/www.oztugkimya.com\/\"},{\"@type\":\"ListItem\",\"position\":2,\"name\":\"Boraks\"}]},{\"@type\":\"WebSite\",\"@id\":\"http:\/\/www.oztugkimya.com\/#website\",\"url\":\"http:\/\/www.oztugkimya.com\/\",\"name\":\"http:\/\/www.oztugkimya.com\/\",\"description\":\"http:\/\/www.oztugkimya.com\/\",\"potentialAction\":[{\"@type\":\"SearchAction\",\"target\":{\"@type\":\"EntryPoint\",\"urlTemplate\":\"http:\/\/www.oztugkimya.com\/?s={search_term_string}\"},\"query-input\":\"required name=search_term_string\"}],\"inLanguage\":\"en-US\"}]}<\/script>\n<!-- \/ Yoast SEO plugin. -->","yoast_head_json":{"title":"Boraks - http:\/\/www.oztugkimya.com\/","robots":{"index":"index","follow":"follow","max-snippet":"max-snippet:-1","max-image-preview":"max-image-preview:large","max-video-preview":"max-video-preview:-1"},"canonical":"http:\/\/www.oztugkimya.com\/en\/boraks\/","og_locale":"en_US","og_type":"article","og_title":"Boraks - http:\/\/www.oztugkimya.com\/","og_description":"Previous Next G\u00f6r\u00fcn\u00fcm\u00fc\u00a0:\u00a0Beyaz Renkli Yuvarlak Boncuk Kimyasal Ad\u0131\u00a0:\u00a0Sodyum Hidroksit Kimyasal Form\u00fcl\u00fc : NaOH Ambalaj \u015eekli\u00a0:\u00a025 Kg \u00e7uvallarda Tan\u0131m\u0131 ve Kullan\u0131m Alanlar\u0131\u00a0: Saf sodyum hidroksit, bozulma olmaks\u0131z\u0131n 318 \u00b0 C&#8217;de eriyen&hellip;","og_url":"http:\/\/www.oztugkimya.com\/en\/boraks\/","og_site_name":"http:\/\/www.oztugkimya.com\/","article_modified_time":"2020-07-27T10:30:01+00:00","og_image":[{"url":"http:\/\/www.oztugkimya.com\/wp-content\/uploads\/2020\/05\/oztugcustomer-150x150.png"}],"twitter_card":"summary_large_image","twitter_misc":{"Est. reading time":"4 minutes"},"schema":{"@context":"https:\/\/schema.org","@graph":[{"@type":"WebPage","@id":"http:\/\/www.oztugkimya.com\/boraks\/","url":"http:\/\/www.oztugkimya.com\/boraks\/","name":"Boraks - http:\/\/www.oztugkimya.com\/","isPartOf":{"@id":"http:\/\/www.oztugkimya.com\/#website"},"datePublished":"2020-07-27T10:27:01+00:00","dateModified":"2020-07-27T10:30:01+00:00","breadcrumb":{"@id":"http:\/\/www.oztugkimya.com\/boraks\/#breadcrumb"},"inLanguage":"en-US","potentialAction":[{"@type":"ReadAction","target":["http:\/\/www.oztugkimya.com\/boraks\/"]}]},{"@type":"BreadcrumbList","@id":"http:\/\/www.oztugkimya.com\/boraks\/#breadcrumb","itemListElement":[{"@type":"ListItem","position":1,"name":"Ana sayfa","item":"http:\/\/www.oztugkimya.com\/"},{"@type":"ListItem","position":2,"name":"Boraks"}]},{"@type":"WebSite","@id":"http:\/\/www.oztugkimya.com\/#website","url":"http:\/\/www.oztugkimya.com\/","name":"http:\/\/www.oztugkimya.com\/","description":"http:\/\/www.oztugkimya.com\/","potentialAction":[{"@type":"SearchAction","target":{"@type":"EntryPoint","urlTemplate":"http:\/\/www.oztugkimya.com\/?s={search_term_string}"},"query-input":"required name=search_term_string"}],"inLanguage":"en-US"}]}},"_links":{"self":[{"href":"http:\/\/www.oztugkimya.com\/en\/wp-json\/wp\/v2\/pages\/1162"}],"collection":[{"href":"http:\/\/www.oztugkimya.com\/en\/wp-json\/wp\/v2\/pages"}],"about":[{"href":"http:\/\/www.oztugkimya.com\/en\/wp-json\/wp\/v2\/types\/page"}],"author":[{"embeddable":true,"href":"http:\/\/www.oztugkimya.com\/en\/wp-json\/wp\/v2\/users\/1"}],"replies":[{"embeddable":true,"href":"http:\/\/www.oztugkimya.com\/en\/wp-json\/wp\/v2\/comments?post=1162"}],"version-history":[{"count":4,"href":"http:\/\/www.oztugkimya.com\/en\/wp-json\/wp\/v2\/pages\/1162\/revisions"}],"predecessor-version":[{"id":1167,"href":"http:\/\/www.oztugkimya.com\/en\/wp-json\/wp\/v2\/pages\/1162\/revisions\/1167"}],"wp:attachment":[{"href":"http:\/\/www.oztugkimya.com\/en\/wp-json\/wp\/v2\/media?parent=1162"}],"curies":[{"name":"wp","href":"https:\/\/api.w.org\/{rel}","templated":true}]}}