{"id":1165,"date":"2020-07-27T10:30:34","date_gmt":"2020-07-27T10:30:34","guid":{"rendered":"http:\/\/www.oztugkimya.com\/?page_id=1165"},"modified":"2020-07-27T10:31:17","modified_gmt":"2020-07-27T10:31:17","slug":"di-etilen-glikol","status":"publish","type":"page","link":"http:\/\/www.oztugkimya.com\/en\/di-etilen-glikol\/","title":{"rendered":"Diethylene Glycol"},"content":{"rendered":"<div data-elementor-type=\"wp-page\" data-elementor-id=\"1165\" class=\"elementor elementor-1165\">\n\t\t\t\t\t\t<div class=\"elementor-inner\">\n\t\t\t\t<div class=\"elementor-section-wrap\">\n\t\t\t\t\t\t\t\t\t<section class=\"penci-section penci-disSticky penci-structure-20 elementor-section elementor-top-section elementor-element elementor-element-f34cd42 elementor-section-boxed elementor-section-height-default elementor-section-height-default\" data-id=\"f34cd42\" data-element_type=\"section\">\n\t\t\t\t\t\t<div class=\"elementor-container elementor-column-gap-default\">\n\t\t\t\t\t\t\t<div class=\"elementor-row\">\n\t\t\t\t\t<div class=\"penci-ercol-50 penci-ercol-order-1 penci-sticky-ct    elementor-column elementor-col-50 elementor-top-column elementor-element elementor-element-fb907f3\" data-id=\"fb907f3\" data-element_type=\"column\">\n\t\t\t<div class=\"theiaStickySidebar elementor-column-wrap elementor-element-populated\">\n\t\t\t\t\t\t\t<div class=\"elementor-widget-wrap\">\n\t\t\t\t\t\t<div class=\"elementor-element elementor-element-de94c0f elementor-arrows-position-inside elementor-pagination-position-outside elementor-widget elementor-widget-image-carousel\" data-id=\"de94c0f\" data-element_type=\"widget\" data-settings=\"{&quot;navigation&quot;:&quot;both&quot;,&quot;autoplay&quot;:&quot;yes&quot;,&quot;pause_on_hover&quot;:&quot;yes&quot;,&quot;pause_on_interaction&quot;:&quot;yes&quot;,&quot;autoplay_speed&quot;:5000,&quot;infinite&quot;:&quot;yes&quot;,&quot;speed&quot;:500}\" data-widget_type=\"image-carousel.default\">\n\t\t\t\t<div class=\"elementor-widget-container\">\n\t\t\t\t\t<div class=\"elementor-image-carousel-wrapper swiper-container\" dir=\"ltr\">\n\t\t\t<div class=\"elementor-image-carousel swiper-wrapper\">\n\t\t\t\t\t\t\t\t<div class=\"swiper-slide\"><figure class=\"swiper-slide-inner\"><img decoding=\"async\" class=\"swiper-slide-image\" src=\"http:\/\/www.oztugkimya.com\/wp-content\/uploads\/2020\/05\/oztugcustomer-150x150.png\" alt=\"oztugcustomer\" \/><\/figure><\/div><div class=\"swiper-slide\"><figure class=\"swiper-slide-inner\"><img decoding=\"async\" class=\"swiper-slide-image\" src=\"http:\/\/www.oztugkimya.com\/wp-content\/uploads\/2020\/05\/oztugmission-150x150.png\" alt=\"oztugmission\" \/><\/figure><\/div><div class=\"swiper-slide\"><figure class=\"swiper-slide-inner\"><img decoding=\"async\" class=\"swiper-slide-image\" src=\"http:\/\/www.oztugkimya.com\/wp-content\/uploads\/2020\/05\/oztugmap-150x150.png\" alt=\"oztugmap\" \/><\/figure><\/div><div class=\"swiper-slide\"><figure class=\"swiper-slide-inner\"><img decoding=\"async\" class=\"swiper-slide-image\" src=\"http:\/\/www.oztugkimya.com\/wp-content\/uploads\/2020\/05\/oztuglogistics-150x150.png\" alt=\"oztuglogistics\" \/><\/figure><\/div><div class=\"swiper-slide\"><figure class=\"swiper-slide-inner\"><img decoding=\"async\" class=\"swiper-slide-image\" src=\"http:\/\/www.oztugkimya.com\/wp-content\/uploads\/2020\/05\/oztugdepolama1-150x150.png\" alt=\"oztugdepolama1\" \/><\/figure><\/div>\t\t\t<\/div>\n\t\t\t\t\t\t\t\t\t\t\t\t<div class=\"swiper-pagination\"><\/div>\n\t\t\t\t\t\t\t\t\t\t\t\t\t<div class=\"elementor-swiper-button elementor-swiper-button-prev\">\n\t\t\t\t\t\t<i aria-hidden=\"true\" class=\"eicon-chevron-left\"><\/i>\t\t\t\t\t\t<span class=\"elementor-screen-only\">Previous<\/span>\n\t\t\t\t\t<\/div>\n\t\t\t\t\t<div class=\"elementor-swiper-button elementor-swiper-button-next\">\n\t\t\t\t\t\t<i aria-hidden=\"true\" class=\"eicon-chevron-right\"><\/i>\t\t\t\t\t\t<span class=\"elementor-screen-only\">Next<\/span>\n\t\t\t\t\t<\/div>\n\t\t\t\t\t\t\t\t\t<\/div>\n\t\t\t\t<\/div>\n\t\t\t\t<\/div>\n\t\t\t\t\t\t<\/div>\n\t\t\t\t\t<\/div>\n\t\t<\/div>\n\t\t\t\t<div class=\"penci-ercol-50 penci-ercol-order-2 penci-sticky-ct    elementor-column elementor-col-50 elementor-top-column elementor-element elementor-element-d8374fa\" data-id=\"d8374fa\" data-element_type=\"column\">\n\t\t\t<div class=\"theiaStickySidebar elementor-column-wrap elementor-element-populated\">\n\t\t\t\t\t\t\t<div class=\"elementor-widget-wrap\">\n\t\t\t\t\t\t<div class=\"elementor-element elementor-element-785c8cb elementor-widget elementor-widget-text-editor\" data-id=\"785c8cb\" data-element_type=\"widget\" data-widget_type=\"text-editor.default\">\n\t\t\t\t<div class=\"elementor-widget-container\">\n\t\t\t\t\t\t\t\t<div class=\"elementor-text-editor elementor-clearfix\">\n\t\t\t\t<p><strong>G\u00f6r\u00fcn\u00fcm\u00fc\u00a0:\u00a0<\/strong>Renksiz,Kokusuz s\u0131v\u0131<\/p><p><strong>Kimyasal Ad\u0131\u00a0:\u00a0<\/strong>Ethylene Glycols<\/p><p><strong>Kimyasal Form\u00fcl\u00fc\u00a0:\u00a0<\/strong>HOCH2CH2)2O<\/p><p><strong>Ambalaj \u015eekli\u00a0:\u00a0<\/strong>230 Kg Varillerde,1100 Kg \u0130BC lerde,D\u00f6kme<\/p><p><strong>Tan\u0131m\u0131 ve Kullan\u0131m Alanlar\u0131\u00a0:<\/strong><\/p><p>Dietilen Glikol , renksiz, d\u00fc\u015f\u00fck u\u00e7uculukta, d\u00fc\u015f\u00fck viskoziteli, higroskopik bir s\u0131v\u0131d\u0131r. Normal ko\u015fullar alt\u0131nda, dietilen glikol\u00fcn herhangi bir kokusu yoktur; Bununla birlikte, y\u00fcksek buhar konsantrasyonlar\u0131 alt\u0131nda, biraz tatl\u0131 bir koku tespit edilebilir.Su ve bir\u00e7ok organik s\u0131v\u0131 ile tamamen kar\u0131\u015fabilir.<\/p><p>Y\u00fcksek molek\u00fcl a\u011f\u0131rl\u0131\u011f\u0131na sahip oldu\u011fu i\u00e7in, dietilen glikol, etilen glikole k\u0131yasla kayda de\u011fer \u00f6l\u00e7\u00fcde daha az u\u00e7ucudur ve \u00f6zel kullan\u0131mlar\u0131 a\u00e7\u0131s\u0131ndan yeterince farkl\u0131d\u0131r. Dietilen glikol\u00fcn reaktivitesi ve \u00e7\u00f6z\u00fcn\u00fcrl\u00fc\u011f\u00fc pek \u00e7ok uygulama i\u00e7in temel olu\u015fturmaktad\u0131r.<\/p><p>Dietilen glikol, g\u00fc\u00e7l\u00fc oksitleyici ajanlarla uyumlu de\u011fildir. Dietilen glikol ayr\u0131ca g\u00fc\u00e7l\u00fc bazlarla da uyu\u015fmaz. Dietilen glikol s\u00fclf\u00fcrik asit ve di\u011fer dehidre edici ajanlar, nitrik asit, oksijen, hidrojen peroksit, perklorik asit ve g\u00fc\u00e7l\u00fc asitlerle reaksiyona girer. Sodyum hidroksit ile kar\u0131\u015f\u0131mlar, 446 \u00b0 F&#8217;ye \u0131s\u0131t\u0131ld\u0131\u011f\u0131nda egzotermik olarak ayr\u0131\u015f\u0131r.<\/p><p><strong>Kullan\u0131m Alanlar\u0131<\/strong><\/p><ul><li>Dietilen glikol, doymam\u0131\u015f poliester re\u00e7ineleri , poli\u00fcretanlar\u0131 ve plastikle\u015ftiricilerin \u00fcretiminde kullan\u0131l\u0131r .<\/li><li>Boya m\u00fcrekkebi ve tekstil boyamada \u00e7\u00f6z\u00fcc\u00fc olarak;<\/li><li>T\u00fct\u00fcn end\u00fcstrisinde bir nem tutucu olarak;<\/li><li>U\u00e7ak ve Demiryollar\u0131nda kar spreyi olarak;<\/li><li>Tutkal sanayinde inceltici olarak kullan\u0131l\u0131r.<\/li><li>Petrol rafinasyonundaki aromatikler i\u00e7in se\u00e7ici solvent olarak kullan\u0131lmaktad\u0131r.<\/li><\/ul><p>Tekstil sekt\u00f6r\u00fcnde bask\u0131da bir solvent olarak ayr\u0131ca tekstil boyalar\u0131n\u0131n i\u00e7eri\u011finde yard\u0131mc\u0131 etmen olarak kullan\u0131lmaktad\u0131r<\/p>\t\t\t\t\t<\/div>\n\t\t\t\t\t\t<\/div>\n\t\t\t\t<\/div>\n\t\t\t\t\t\t<\/div>\n\t\t\t\t\t<\/div>\n\t\t<\/div>\n\t\t\t\t\t\t\t\t<\/div>\n\t\t\t\t\t<\/div>\n\t\t<\/section>\n\t\t\t\t\t\t\t\t\t<\/div>\n\t\t\t<\/div>\n\t\t\t\t\t<\/div>","protected":false},"excerpt":{"rendered":"<p>Previous Next G\u00f6r\u00fcn\u00fcm\u00fc\u00a0:\u00a0Renksiz,Kokusuz s\u0131v\u0131 Kimyasal Ad\u0131\u00a0:\u00a0Ethylene Glycols Kimyasal Form\u00fcl\u00fc\u00a0:\u00a0HOCH2CH2)2O Ambalaj \u015eekli\u00a0:\u00a0230 Kg Varillerde,1100 Kg \u0130BC lerde,D\u00f6kme Tan\u0131m\u0131 ve Kullan\u0131m Alanlar\u0131\u00a0: Dietilen Glikol , renksiz, d\u00fc\u015f\u00fck u\u00e7uculukta, d\u00fc\u015f\u00fck viskoziteli, higroskopik bir&hellip;<\/p>","protected":false},"author":1,"featured_media":0,"parent":0,"menu_order":0,"comment_status":"closed","ping_status":"closed","template":"","meta":[],"yoast_head":"<!-- This site is optimized with the Yoast SEO plugin v20.3 - https:\/\/yoast.com\/wordpress\/plugins\/seo\/ -->\n<title>Di Etilen Glikol - http:\/\/www.oztugkimya.com\/<\/title>\n<meta name=\"robots\" content=\"index, follow, max-snippet:-1, max-image-preview:large, max-video-preview:-1\" \/>\n<link rel=\"canonical\" href=\"http:\/\/www.oztugkimya.com\/en\/di-etilen-glikol\/\" \/>\n<meta property=\"og:locale\" content=\"en_US\" \/>\n<meta property=\"og:type\" content=\"article\" \/>\n<meta property=\"og:title\" content=\"Di Etilen Glikol - http:\/\/www.oztugkimya.com\/\" \/>\n<meta property=\"og:description\" content=\"Previous Next G\u00f6r\u00fcn\u00fcm\u00fc\u00a0:\u00a0Renksiz,Kokusuz s\u0131v\u0131 Kimyasal Ad\u0131\u00a0:\u00a0Ethylene Glycols Kimyasal Form\u00fcl\u00fc\u00a0:\u00a0HOCH2CH2)2O Ambalaj \u015eekli\u00a0:\u00a0230 Kg Varillerde,1100 Kg \u0130BC lerde,D\u00f6kme Tan\u0131m\u0131 ve Kullan\u0131m Alanlar\u0131\u00a0: Dietilen Glikol , renksiz, d\u00fc\u015f\u00fck u\u00e7uculukta, d\u00fc\u015f\u00fck viskoziteli, higroskopik bir&hellip;\" \/>\n<meta property=\"og:url\" content=\"http:\/\/www.oztugkimya.com\/en\/di-etilen-glikol\/\" \/>\n<meta property=\"og:site_name\" content=\"http:\/\/www.oztugkimya.com\/\" \/>\n<meta property=\"article:modified_time\" content=\"2020-07-27T10:31:17+00:00\" \/>\n<meta property=\"og:image\" content=\"http:\/\/www.oztugkimya.com\/wp-content\/uploads\/2020\/05\/oztugcustomer-150x150.png\" \/>\n<meta name=\"twitter:card\" content=\"summary_large_image\" \/>\n<meta name=\"twitter:label1\" content=\"Est. reading time\" \/>\n\t<meta name=\"twitter:data1\" content=\"1 minute\" \/>\n<script type=\"application\/ld+json\" class=\"yoast-schema-graph\">{\"@context\":\"https:\/\/schema.org\",\"@graph\":[{\"@type\":\"WebPage\",\"@id\":\"http:\/\/www.oztugkimya.com\/di-etilen-glikol\/\",\"url\":\"http:\/\/www.oztugkimya.com\/di-etilen-glikol\/\",\"name\":\"Di Etilen Glikol - http:\/\/www.oztugkimya.com\/\",\"isPartOf\":{\"@id\":\"http:\/\/www.oztugkimya.com\/#website\"},\"datePublished\":\"2020-07-27T10:30:34+00:00\",\"dateModified\":\"2020-07-27T10:31:17+00:00\",\"breadcrumb\":{\"@id\":\"http:\/\/www.oztugkimya.com\/di-etilen-glikol\/#breadcrumb\"},\"inLanguage\":\"en-US\",\"potentialAction\":[{\"@type\":\"ReadAction\",\"target\":[\"http:\/\/www.oztugkimya.com\/di-etilen-glikol\/\"]}]},{\"@type\":\"BreadcrumbList\",\"@id\":\"http:\/\/www.oztugkimya.com\/di-etilen-glikol\/#breadcrumb\",\"itemListElement\":[{\"@type\":\"ListItem\",\"position\":1,\"name\":\"Ana sayfa\",\"item\":\"http:\/\/www.oztugkimya.com\/\"},{\"@type\":\"ListItem\",\"position\":2,\"name\":\"Di Etilen Glikol\"}]},{\"@type\":\"WebSite\",\"@id\":\"http:\/\/www.oztugkimya.com\/#website\",\"url\":\"http:\/\/www.oztugkimya.com\/\",\"name\":\"http:\/\/www.oztugkimya.com\/\",\"description\":\"http:\/\/www.oztugkimya.com\/\",\"potentialAction\":[{\"@type\":\"SearchAction\",\"target\":{\"@type\":\"EntryPoint\",\"urlTemplate\":\"http:\/\/www.oztugkimya.com\/?s={search_term_string}\"},\"query-input\":\"required name=search_term_string\"}],\"inLanguage\":\"en-US\"}]}<\/script>\n<!-- \/ Yoast SEO plugin. -->","yoast_head_json":{"title":"Di Etilen Glikol - http:\/\/www.oztugkimya.com\/","robots":{"index":"index","follow":"follow","max-snippet":"max-snippet:-1","max-image-preview":"max-image-preview:large","max-video-preview":"max-video-preview:-1"},"canonical":"http:\/\/www.oztugkimya.com\/en\/di-etilen-glikol\/","og_locale":"en_US","og_type":"article","og_title":"Di Etilen Glikol - http:\/\/www.oztugkimya.com\/","og_description":"Previous Next G\u00f6r\u00fcn\u00fcm\u00fc\u00a0:\u00a0Renksiz,Kokusuz s\u0131v\u0131 Kimyasal Ad\u0131\u00a0:\u00a0Ethylene Glycols Kimyasal Form\u00fcl\u00fc\u00a0:\u00a0HOCH2CH2)2O Ambalaj \u015eekli\u00a0:\u00a0230 Kg Varillerde,1100 Kg \u0130BC lerde,D\u00f6kme Tan\u0131m\u0131 ve Kullan\u0131m Alanlar\u0131\u00a0: Dietilen Glikol , renksiz, d\u00fc\u015f\u00fck u\u00e7uculukta, d\u00fc\u015f\u00fck viskoziteli, higroskopik bir&hellip;","og_url":"http:\/\/www.oztugkimya.com\/en\/di-etilen-glikol\/","og_site_name":"http:\/\/www.oztugkimya.com\/","article_modified_time":"2020-07-27T10:31:17+00:00","og_image":[{"url":"http:\/\/www.oztugkimya.com\/wp-content\/uploads\/2020\/05\/oztugcustomer-150x150.png"}],"twitter_card":"summary_large_image","twitter_misc":{"Est. reading time":"1 minute"},"schema":{"@context":"https:\/\/schema.org","@graph":[{"@type":"WebPage","@id":"http:\/\/www.oztugkimya.com\/di-etilen-glikol\/","url":"http:\/\/www.oztugkimya.com\/di-etilen-glikol\/","name":"Di Etilen Glikol - http:\/\/www.oztugkimya.com\/","isPartOf":{"@id":"http:\/\/www.oztugkimya.com\/#website"},"datePublished":"2020-07-27T10:30:34+00:00","dateModified":"2020-07-27T10:31:17+00:00","breadcrumb":{"@id":"http:\/\/www.oztugkimya.com\/di-etilen-glikol\/#breadcrumb"},"inLanguage":"en-US","potentialAction":[{"@type":"ReadAction","target":["http:\/\/www.oztugkimya.com\/di-etilen-glikol\/"]}]},{"@type":"BreadcrumbList","@id":"http:\/\/www.oztugkimya.com\/di-etilen-glikol\/#breadcrumb","itemListElement":[{"@type":"ListItem","position":1,"name":"Ana sayfa","item":"http:\/\/www.oztugkimya.com\/"},{"@type":"ListItem","position":2,"name":"Di Etilen Glikol"}]},{"@type":"WebSite","@id":"http:\/\/www.oztugkimya.com\/#website","url":"http:\/\/www.oztugkimya.com\/","name":"http:\/\/www.oztugkimya.com\/","description":"http:\/\/www.oztugkimya.com\/","potentialAction":[{"@type":"SearchAction","target":{"@type":"EntryPoint","urlTemplate":"http:\/\/www.oztugkimya.com\/?s={search_term_string}"},"query-input":"required name=search_term_string"}],"inLanguage":"en-US"}]}},"_links":{"self":[{"href":"http:\/\/www.oztugkimya.com\/en\/wp-json\/wp\/v2\/pages\/1165"}],"collection":[{"href":"http:\/\/www.oztugkimya.com\/en\/wp-json\/wp\/v2\/pages"}],"about":[{"href":"http:\/\/www.oztugkimya.com\/en\/wp-json\/wp\/v2\/types\/page"}],"author":[{"embeddable":true,"href":"http:\/\/www.oztugkimya.com\/en\/wp-json\/wp\/v2\/users\/1"}],"replies":[{"embeddable":true,"href":"http:\/\/www.oztugkimya.com\/en\/wp-json\/wp\/v2\/comments?post=1165"}],"version-history":[{"count":2,"href":"http:\/\/www.oztugkimya.com\/en\/wp-json\/wp\/v2\/pages\/1165\/revisions"}],"predecessor-version":[{"id":1169,"href":"http:\/\/www.oztugkimya.com\/en\/wp-json\/wp\/v2\/pages\/1165\/revisions\/1169"}],"wp:attachment":[{"href":"http:\/\/www.oztugkimya.com\/en\/wp-json\/wp\/v2\/media?parent=1165"}],"curies":[{"name":"wp","href":"https:\/\/api.w.org\/{rel}","templated":true}]}}