{"id":1170,"date":"2020-07-27T10:35:11","date_gmt":"2020-07-27T10:35:11","guid":{"rendered":"http:\/\/www.oztugkimya.com\/?page_id=1170"},"modified":"2020-07-27T10:36:15","modified_gmt":"2020-07-27T10:36:15","slug":"e-d-t-a","status":"publish","type":"page","link":"http:\/\/www.oztugkimya.com\/en\/e-d-t-a\/","title":{"rendered":"E.D.T.A"},"content":{"rendered":"<div data-elementor-type=\"wp-page\" data-elementor-id=\"1170\" class=\"elementor elementor-1170\">\n\t\t\t\t\t\t<div class=\"elementor-inner\">\n\t\t\t\t<div class=\"elementor-section-wrap\">\n\t\t\t\t\t\t\t\t\t<section class=\"penci-section penci-disSticky penci-structure-20 elementor-section elementor-top-section elementor-element elementor-element-d3df153 elementor-section-boxed elementor-section-height-default elementor-section-height-default\" data-id=\"d3df153\" data-element_type=\"section\">\n\t\t\t\t\t\t<div class=\"elementor-container elementor-column-gap-default\">\n\t\t\t\t\t\t\t<div class=\"elementor-row\">\n\t\t\t\t\t<div class=\"penci-ercol-50 penci-ercol-order-1 penci-sticky-ct    elementor-column elementor-col-50 elementor-top-column elementor-element elementor-element-6f853a4\" data-id=\"6f853a4\" data-element_type=\"column\">\n\t\t\t<div class=\"theiaStickySidebar elementor-column-wrap elementor-element-populated\">\n\t\t\t\t\t\t\t<div class=\"elementor-widget-wrap\">\n\t\t\t\t\t\t<div class=\"elementor-element elementor-element-d97b534 elementor-arrows-position-inside elementor-pagination-position-outside elementor-widget elementor-widget-image-carousel\" data-id=\"d97b534\" data-element_type=\"widget\" data-settings=\"{&quot;navigation&quot;:&quot;both&quot;,&quot;autoplay&quot;:&quot;yes&quot;,&quot;pause_on_hover&quot;:&quot;yes&quot;,&quot;pause_on_interaction&quot;:&quot;yes&quot;,&quot;autoplay_speed&quot;:5000,&quot;infinite&quot;:&quot;yes&quot;,&quot;speed&quot;:500}\" data-widget_type=\"image-carousel.default\">\n\t\t\t\t<div class=\"elementor-widget-container\">\n\t\t\t\t\t<div class=\"elementor-image-carousel-wrapper swiper-container\" dir=\"ltr\">\n\t\t\t<div class=\"elementor-image-carousel swiper-wrapper\">\n\t\t\t\t\t\t\t\t<div class=\"swiper-slide\"><figure class=\"swiper-slide-inner\"><img decoding=\"async\" class=\"swiper-slide-image\" src=\"http:\/\/www.oztugkimya.com\/wp-content\/uploads\/2020\/05\/oztugcustomer-150x150.png\" alt=\"oztugcustomer\" \/><\/figure><\/div><div class=\"swiper-slide\"><figure class=\"swiper-slide-inner\"><img decoding=\"async\" class=\"swiper-slide-image\" src=\"http:\/\/www.oztugkimya.com\/wp-content\/uploads\/2020\/05\/oztugmission-150x150.png\" alt=\"oztugmission\" \/><\/figure><\/div><div class=\"swiper-slide\"><figure class=\"swiper-slide-inner\"><img decoding=\"async\" class=\"swiper-slide-image\" src=\"http:\/\/www.oztugkimya.com\/wp-content\/uploads\/2020\/05\/oztugmap-150x150.png\" alt=\"oztugmap\" \/><\/figure><\/div><div class=\"swiper-slide\"><figure class=\"swiper-slide-inner\"><img decoding=\"async\" class=\"swiper-slide-image\" src=\"http:\/\/www.oztugkimya.com\/wp-content\/uploads\/2020\/05\/oztuglogistics-150x150.png\" alt=\"oztuglogistics\" \/><\/figure><\/div><div class=\"swiper-slide\"><figure class=\"swiper-slide-inner\"><img decoding=\"async\" class=\"swiper-slide-image\" src=\"http:\/\/www.oztugkimya.com\/wp-content\/uploads\/2020\/05\/oztugdepolama1-150x150.png\" alt=\"oztugdepolama1\" \/><\/figure><\/div>\t\t\t<\/div>\n\t\t\t\t\t\t\t\t\t\t\t\t<div class=\"swiper-pagination\"><\/div>\n\t\t\t\t\t\t\t\t\t\t\t\t\t<div class=\"elementor-swiper-button elementor-swiper-button-prev\">\n\t\t\t\t\t\t<i aria-hidden=\"true\" class=\"eicon-chevron-left\"><\/i>\t\t\t\t\t\t<span class=\"elementor-screen-only\">Previous<\/span>\n\t\t\t\t\t<\/div>\n\t\t\t\t\t<div class=\"elementor-swiper-button elementor-swiper-button-next\">\n\t\t\t\t\t\t<i aria-hidden=\"true\" class=\"eicon-chevron-right\"><\/i>\t\t\t\t\t\t<span class=\"elementor-screen-only\">Next<\/span>\n\t\t\t\t\t<\/div>\n\t\t\t\t\t\t\t\t\t<\/div>\n\t\t\t\t<\/div>\n\t\t\t\t<\/div>\n\t\t\t\t\t\t<\/div>\n\t\t\t\t\t<\/div>\n\t\t<\/div>\n\t\t\t\t<div class=\"penci-ercol-50 penci-ercol-order-2 penci-sticky-ct    elementor-column elementor-col-50 elementor-top-column elementor-element elementor-element-2d8b3f2\" data-id=\"2d8b3f2\" data-element_type=\"column\">\n\t\t\t<div class=\"theiaStickySidebar elementor-column-wrap elementor-element-populated\">\n\t\t\t\t\t\t\t<div class=\"elementor-widget-wrap\">\n\t\t\t\t\t\t<div class=\"elementor-element elementor-element-515f362 elementor-widget elementor-widget-text-editor\" data-id=\"515f362\" data-element_type=\"widget\" data-widget_type=\"text-editor.default\">\n\t\t\t\t<div class=\"elementor-widget-container\">\n\t\t\t\t\t\t\t\t<div class=\"elementor-text-editor elementor-clearfix\">\n\t\t\t\t<p><strong>G\u00f6r\u00fcn\u00fcm\u00fc\u00a0:\u00a0<\/strong>Beyaz kristal toz halinde<\/p><p><strong>Kimyasal Ad\u0131\u00a0:<\/strong>\u00a0Ethylenediaminetetraacetic Acid<\/p><p><strong>Kimyasal Form\u00fcl\u00fc\u00a0:<\/strong>\u00a0C10H16N2O8<\/p><p><strong>Ambalaj \u015eekli\u00a0:\u00a0<\/strong>25 Kg. \u00e7uvallarda<\/p><p><strong>Tan\u0131m\u0131 ve Kullan\u0131m Alanlar\u0131\u00a0:<\/strong><\/p><p>Zay\u0131f bir organik asit gibi davran\u0131r. Karboksilik asitler, bunlar\u0131 kabul edecek bir baz varsa hidrojen iyonlar\u0131 ba\u011f\u0131\u015flarlar. Bu \u015fekilde, hem organik (\u00f6rne\u011fin, aminler) hem de inorganik bazlarla reaksiyona girerler. &#8220;N\u00f6trle\u015ftirmeler&#8221; olarak adland\u0131r\u0131lan bazlarla olan reaksiyonlar\u0131, \u00f6nemli miktarlarda \u0131s\u0131n\u0131n e\u015flik etmesine e\u015flik eder. Bir asit ile bir baz aras\u0131ndaki n\u00f6tralizasyon su art\u0131 bir tuz olu\u015fturur.<\/p><p>Alt\u0131 veya daha az karbon atomuna sahip karboksilik asitler suda serbest\u00e7e veya orta derecede \u00e7\u00f6z\u00fcn\u00fcr; alt\u0131dan fazla karbona sahip olanlar suda az \u00e7\u00f6z\u00fcn\u00fcrler. \u00c7\u00f6z\u00fcn\u00fcr karboksilik asit, hidrojen iyonlar\u0131 elde etmek i\u00e7in bir miktar sudan ayr\u0131\u015f\u0131r. Bir\u00e7ok \u00e7\u00f6z\u00fclmeyen karboksilik asit, kimyasal bir baz i\u00e7eren sulu sol\u00fcsyonlarla h\u0131zl\u0131 reaksiyona girer ve n\u00f6trle\u015ftirme \u00e7\u00f6z\u00fcn\u00fcr bir tuz olu\u015fturdu\u011fu i\u00e7in \u00e7\u00f6z\u00fcn\u00fcr. Sulu \u00e7\u00f6zeltideki karboksilik asitler ve s\u0131v\u0131 veya erimi\u015f karboksilik asitler aktif metallerle reaksiyona girerek gazl\u0131 hidrojen ve bir metal tuzu olu\u015fturabilirler.<\/p><p>Karboksilik asitler, di\u011fer asitler gibi siyan\u00fcr tuzlar\u0131yla tepkimeye girerek gaz halindeki hidrojen siyan\u00fcr olu\u015ftururlar. Reaksiyon kuru, kat\u0131 karboksilik asitler i\u00e7in daha yava\u015ft\u0131r. \u00c7\u00f6z\u00fcnmeyen karboksilik asitler gaz halindeki hidrojen siyan\u00fcr\u00fcn serbest b\u0131rak\u0131lmas\u0131na neden olmak i\u00e7in siyan\u00fcr \u00e7\u00f6zeltileri ile reaksiyona girer. Yan\u0131c\u0131 ve \/ veya toksik gazlar ve \u0131s\u0131, karboksilik asitlerin diazo bile\u015fikleri, ditiyokarbamatlar, izosiyanatlar, merkaptanlar, nitritler ve s\u00fclfitler ile tepkimesiyle \u00fcretilir.<\/p><p>Karboksilik asitler, \u00f6zellikle sulu sol\u00fcsyondaki s\u00fclfitler, nitritler, tios\u00fclfatlar (H2S ve SO3 vermek \u00fczere), dithionitler (SO2) ile yan\u0131c\u0131 ve \/ veya toksik gazlar ve \u0131s\u0131 \u00fcretmek i\u00e7in reaksiyona girer. Karbonatlar ve bikarbonatlar ile reaksiyonlar\u0131 zarars\u0131z bir gaz (karbondioksit) \u00fcretir ancak yine de \u0131s\u0131 verir. Di\u011fer organik bile\u015fikler gibi, karboksilik asitler g\u00fc\u00e7l\u00fc oksitleyici ajanlarla oksitlenebilir ve g\u00fc\u00e7l\u00fc indirgeyici ajanlarla indirgenebilir. Bu reaksiyonlar \u0131s\u0131 \u00fcretir. \u00c7ok \u00e7e\u015fitli \u00fcr\u00fcnler m\u00fcmk\u00fcnd\u00fcr. Di\u011fer asitler gibi, karboksilik asitler polimerizasyon reaksiyonlar\u0131n\u0131 ba\u015flatabilir; Di\u011fer asitlerde oldu\u011fu gibi, genellikle kimyasal reaksiyonlar\u0131 katalizler (h\u0131z\u0131n\u0131 artt\u0131r\u0131rlar).<\/p><p><strong>Kullan\u0131m Alanlar\u0131<\/strong><\/p><ul><li>Koordinasyon komplekslerinde molek\u00fcllerin yer de\u011fi\u015ftirmesinde o kadar iyi oldu\u011fu i\u00e7in EDTA, az miktarda istenmeyen metallerin reaksiyona girmesini ve \u00fcr\u00fcnler \u00fczerinde zararl\u0131 etkileri olmas\u0131n\u0131 \u00f6nlemek i\u00e7in kullan\u0131labilir.<\/li><li>EDTA havadaki molek\u00fcllere kar\u015f\u0131 kozmetik \u00fcr\u00fcn\u00fcn direncini artt\u0131rmaya hizmet eder.<\/li><li>Benzer \u015fekilde, ki\u015fisel bak\u0131m ve cilt bak\u0131m \u00fcr\u00fcnlerinde, EDTA serbest metal iyonlar\u0131na ba\u011flan\u0131r ve bir ar\u0131nd\u0131r\u0131c\u0131 ajan ve persistan olarak i\u015flev g\u00f6r\u00fcr.<\/li><li>\u015eampuan ve sabun i\u00e7erisindeki di\u011fer bile\u015fenlerin daha etkili bir \u015fekilde temizlenmesi i\u00e7in \u00e7al\u0131\u015fabilmesi i\u00e7in musluk suyundaki &#8220;sertli\u011fi&#8221; (veya metal katyonlar\u0131n\u0131n varl\u0131\u011f\u0131n\u0131) temel olarak azalt\u0131r.<\/li><li>EDTA, di\u011fer aktif maddelerin daha iyi temizleyebilmesi i\u00e7in, \u00e7ama\u015f\u0131r deterjanlar\u0131nda kendisiyle temas eden suyu yumu\u015fatmak i\u00e7in kullan\u0131l\u0131r.<\/li><li>Tekstilde, EDTA, boyal\u0131 kuma\u015flar\u0131n renksiz renksiz metal iyonlar\u0131n\u0131 uzakla\u015ft\u0131rarak renk de\u011fi\u015fikli\u011fini \u00f6nler ve ayn\u0131 zamanda y\u00fcksek s\u0131cakl\u0131klarda kullan\u0131lmas\u0131 gereken end\u00fcstriyel ekipman\u0131n (yani broylerler) kal\u0131nt\u0131lar\u0131ndan ar\u0131nd\u0131r\u0131r.<\/li><li>Genel olarak EDTA, bir metalin reaktivitesini d\u00fc\u015f\u00fcr\u00fcr ve varl\u0131\u011f\u0131ndan kaynaklanabilecek istenmeyen etkileri \u00f6nler. EDTA tuz bi\u00e7iminde, b\u00fcy\u00fck olas\u0131l\u0131kla disodyum veya kalsiyum disodyum EDTA i\u00e7inde kullan\u0131l\u0131r.<\/li><\/ul>\t\t\t\t\t<\/div>\n\t\t\t\t\t\t<\/div>\n\t\t\t\t<\/div>\n\t\t\t\t\t\t<\/div>\n\t\t\t\t\t<\/div>\n\t\t<\/div>\n\t\t\t\t\t\t\t\t<\/div>\n\t\t\t\t\t<\/div>\n\t\t<\/section>\n\t\t\t\t\t\t\t\t\t<\/div>\n\t\t\t<\/div>\n\t\t\t\t\t<\/div>","protected":false},"excerpt":{"rendered":"<p>Previous Next G\u00f6r\u00fcn\u00fcm\u00fc\u00a0:\u00a0Beyaz kristal toz halinde Kimyasal Ad\u0131\u00a0:\u00a0Ethylenediaminetetraacetic Acid Kimyasal Form\u00fcl\u00fc\u00a0:\u00a0C10H16N2O8 Ambalaj \u015eekli\u00a0:\u00a025 Kg. \u00e7uvallarda Tan\u0131m\u0131 ve Kullan\u0131m Alanlar\u0131\u00a0: Zay\u0131f bir organik asit gibi davran\u0131r. Karboksilik asitler, bunlar\u0131 kabul edecek&hellip;<\/p>","protected":false},"author":1,"featured_media":0,"parent":0,"menu_order":0,"comment_status":"closed","ping_status":"closed","template":"","meta":[],"yoast_head":"<!-- This site is optimized with the Yoast SEO plugin v20.3 - https:\/\/yoast.com\/wordpress\/plugins\/seo\/ -->\n<title>E.D.T.A - http:\/\/www.oztugkimya.com\/<\/title>\n<meta name=\"robots\" content=\"index, follow, max-snippet:-1, max-image-preview:large, max-video-preview:-1\" \/>\n<link rel=\"canonical\" href=\"http:\/\/www.oztugkimya.com\/en\/e-d-t-a\/\" \/>\n<meta property=\"og:locale\" content=\"en_US\" \/>\n<meta property=\"og:type\" content=\"article\" \/>\n<meta property=\"og:title\" content=\"E.D.T.A - http:\/\/www.oztugkimya.com\/\" \/>\n<meta property=\"og:description\" content=\"Previous Next G\u00f6r\u00fcn\u00fcm\u00fc\u00a0:\u00a0Beyaz kristal toz halinde Kimyasal Ad\u0131\u00a0:\u00a0Ethylenediaminetetraacetic Acid Kimyasal Form\u00fcl\u00fc\u00a0:\u00a0C10H16N2O8 Ambalaj \u015eekli\u00a0:\u00a025 Kg. \u00e7uvallarda Tan\u0131m\u0131 ve Kullan\u0131m Alanlar\u0131\u00a0: Zay\u0131f bir organik asit gibi davran\u0131r. Karboksilik asitler, bunlar\u0131 kabul edecek&hellip;\" \/>\n<meta property=\"og:url\" content=\"http:\/\/www.oztugkimya.com\/en\/e-d-t-a\/\" \/>\n<meta property=\"og:site_name\" content=\"http:\/\/www.oztugkimya.com\/\" \/>\n<meta property=\"article:modified_time\" content=\"2020-07-27T10:36:15+00:00\" \/>\n<meta property=\"og:image\" content=\"http:\/\/www.oztugkimya.com\/wp-content\/uploads\/2020\/05\/oztugcustomer-150x150.png\" \/>\n<meta name=\"twitter:card\" content=\"summary_large_image\" \/>\n<meta name=\"twitter:label1\" content=\"Est. reading time\" \/>\n\t<meta name=\"twitter:data1\" content=\"3 minutes\" \/>\n<script type=\"application\/ld+json\" class=\"yoast-schema-graph\">{\"@context\":\"https:\/\/schema.org\",\"@graph\":[{\"@type\":\"WebPage\",\"@id\":\"http:\/\/www.oztugkimya.com\/e-d-t-a\/\",\"url\":\"http:\/\/www.oztugkimya.com\/e-d-t-a\/\",\"name\":\"E.D.T.A - http:\/\/www.oztugkimya.com\/\",\"isPartOf\":{\"@id\":\"http:\/\/www.oztugkimya.com\/#website\"},\"datePublished\":\"2020-07-27T10:35:11+00:00\",\"dateModified\":\"2020-07-27T10:36:15+00:00\",\"breadcrumb\":{\"@id\":\"http:\/\/www.oztugkimya.com\/e-d-t-a\/#breadcrumb\"},\"inLanguage\":\"en-US\",\"potentialAction\":[{\"@type\":\"ReadAction\",\"target\":[\"http:\/\/www.oztugkimya.com\/e-d-t-a\/\"]}]},{\"@type\":\"BreadcrumbList\",\"@id\":\"http:\/\/www.oztugkimya.com\/e-d-t-a\/#breadcrumb\",\"itemListElement\":[{\"@type\":\"ListItem\",\"position\":1,\"name\":\"Ana sayfa\",\"item\":\"http:\/\/www.oztugkimya.com\/\"},{\"@type\":\"ListItem\",\"position\":2,\"name\":\"E.D.T.A\"}]},{\"@type\":\"WebSite\",\"@id\":\"http:\/\/www.oztugkimya.com\/#website\",\"url\":\"http:\/\/www.oztugkimya.com\/\",\"name\":\"http:\/\/www.oztugkimya.com\/\",\"description\":\"http:\/\/www.oztugkimya.com\/\",\"potentialAction\":[{\"@type\":\"SearchAction\",\"target\":{\"@type\":\"EntryPoint\",\"urlTemplate\":\"http:\/\/www.oztugkimya.com\/?s={search_term_string}\"},\"query-input\":\"required name=search_term_string\"}],\"inLanguage\":\"en-US\"}]}<\/script>\n<!-- \/ Yoast SEO plugin. -->","yoast_head_json":{"title":"E.D.T.A - http:\/\/www.oztugkimya.com\/","robots":{"index":"index","follow":"follow","max-snippet":"max-snippet:-1","max-image-preview":"max-image-preview:large","max-video-preview":"max-video-preview:-1"},"canonical":"http:\/\/www.oztugkimya.com\/en\/e-d-t-a\/","og_locale":"en_US","og_type":"article","og_title":"E.D.T.A - http:\/\/www.oztugkimya.com\/","og_description":"Previous Next G\u00f6r\u00fcn\u00fcm\u00fc\u00a0:\u00a0Beyaz kristal toz halinde Kimyasal Ad\u0131\u00a0:\u00a0Ethylenediaminetetraacetic Acid Kimyasal Form\u00fcl\u00fc\u00a0:\u00a0C10H16N2O8 Ambalaj \u015eekli\u00a0:\u00a025 Kg. \u00e7uvallarda Tan\u0131m\u0131 ve Kullan\u0131m Alanlar\u0131\u00a0: Zay\u0131f bir organik asit gibi davran\u0131r. Karboksilik asitler, bunlar\u0131 kabul edecek&hellip;","og_url":"http:\/\/www.oztugkimya.com\/en\/e-d-t-a\/","og_site_name":"http:\/\/www.oztugkimya.com\/","article_modified_time":"2020-07-27T10:36:15+00:00","og_image":[{"url":"http:\/\/www.oztugkimya.com\/wp-content\/uploads\/2020\/05\/oztugcustomer-150x150.png"}],"twitter_card":"summary_large_image","twitter_misc":{"Est. reading time":"3 minutes"},"schema":{"@context":"https:\/\/schema.org","@graph":[{"@type":"WebPage","@id":"http:\/\/www.oztugkimya.com\/e-d-t-a\/","url":"http:\/\/www.oztugkimya.com\/e-d-t-a\/","name":"E.D.T.A - http:\/\/www.oztugkimya.com\/","isPartOf":{"@id":"http:\/\/www.oztugkimya.com\/#website"},"datePublished":"2020-07-27T10:35:11+00:00","dateModified":"2020-07-27T10:36:15+00:00","breadcrumb":{"@id":"http:\/\/www.oztugkimya.com\/e-d-t-a\/#breadcrumb"},"inLanguage":"en-US","potentialAction":[{"@type":"ReadAction","target":["http:\/\/www.oztugkimya.com\/e-d-t-a\/"]}]},{"@type":"BreadcrumbList","@id":"http:\/\/www.oztugkimya.com\/e-d-t-a\/#breadcrumb","itemListElement":[{"@type":"ListItem","position":1,"name":"Ana sayfa","item":"http:\/\/www.oztugkimya.com\/"},{"@type":"ListItem","position":2,"name":"E.D.T.A"}]},{"@type":"WebSite","@id":"http:\/\/www.oztugkimya.com\/#website","url":"http:\/\/www.oztugkimya.com\/","name":"http:\/\/www.oztugkimya.com\/","description":"http:\/\/www.oztugkimya.com\/","potentialAction":[{"@type":"SearchAction","target":{"@type":"EntryPoint","urlTemplate":"http:\/\/www.oztugkimya.com\/?s={search_term_string}"},"query-input":"required name=search_term_string"}],"inLanguage":"en-US"}]}},"_links":{"self":[{"href":"http:\/\/www.oztugkimya.com\/en\/wp-json\/wp\/v2\/pages\/1170"}],"collection":[{"href":"http:\/\/www.oztugkimya.com\/en\/wp-json\/wp\/v2\/pages"}],"about":[{"href":"http:\/\/www.oztugkimya.com\/en\/wp-json\/wp\/v2\/types\/page"}],"author":[{"embeddable":true,"href":"http:\/\/www.oztugkimya.com\/en\/wp-json\/wp\/v2\/users\/1"}],"replies":[{"embeddable":true,"href":"http:\/\/www.oztugkimya.com\/en\/wp-json\/wp\/v2\/comments?post=1170"}],"version-history":[{"count":2,"href":"http:\/\/www.oztugkimya.com\/en\/wp-json\/wp\/v2\/pages\/1170\/revisions"}],"predecessor-version":[{"id":1172,"href":"http:\/\/www.oztugkimya.com\/en\/wp-json\/wp\/v2\/pages\/1170\/revisions\/1172"}],"wp:attachment":[{"href":"http:\/\/www.oztugkimya.com\/en\/wp-json\/wp\/v2\/media?parent=1170"}],"curies":[{"name":"wp","href":"https:\/\/api.w.org\/{rel}","templated":true}]}}