{"id":1180,"date":"2020-07-27T10:38:59","date_gmt":"2020-07-27T10:38:59","guid":{"rendered":"http:\/\/www.oztugkimya.com\/?page_id=1180"},"modified":"2020-07-27T10:40:13","modified_gmt":"2020-07-27T10:40:13","slug":"mono-etilen-glikol","status":"publish","type":"page","link":"http:\/\/www.oztugkimya.com\/en\/mono-etilen-glikol\/","title":{"rendered":"Monoethylene glycol"},"content":{"rendered":"<div data-elementor-type=\"wp-page\" data-elementor-id=\"1180\" class=\"elementor elementor-1180\">\n\t\t\t\t\t\t<div class=\"elementor-inner\">\n\t\t\t\t<div class=\"elementor-section-wrap\">\n\t\t\t\t\t\t\t\t\t<section class=\"penci-section penci-disSticky penci-structure-20 elementor-section elementor-top-section elementor-element elementor-element-89d0eea elementor-section-boxed elementor-section-height-default elementor-section-height-default\" data-id=\"89d0eea\" data-element_type=\"section\">\n\t\t\t\t\t\t<div class=\"elementor-container elementor-column-gap-default\">\n\t\t\t\t\t\t\t<div class=\"elementor-row\">\n\t\t\t\t\t<div class=\"penci-ercol-50 penci-ercol-order-1 penci-sticky-ct    elementor-column elementor-col-50 elementor-top-column elementor-element elementor-element-7f7fb4f\" data-id=\"7f7fb4f\" data-element_type=\"column\">\n\t\t\t<div class=\"theiaStickySidebar elementor-column-wrap elementor-element-populated\">\n\t\t\t\t\t\t\t<div class=\"elementor-widget-wrap\">\n\t\t\t\t\t\t<div class=\"elementor-element elementor-element-7ec688b elementor-arrows-position-inside elementor-pagination-position-outside elementor-widget elementor-widget-image-carousel\" data-id=\"7ec688b\" data-element_type=\"widget\" data-settings=\"{&quot;navigation&quot;:&quot;both&quot;,&quot;autoplay&quot;:&quot;yes&quot;,&quot;pause_on_hover&quot;:&quot;yes&quot;,&quot;pause_on_interaction&quot;:&quot;yes&quot;,&quot;autoplay_speed&quot;:5000,&quot;infinite&quot;:&quot;yes&quot;,&quot;speed&quot;:500}\" data-widget_type=\"image-carousel.default\">\n\t\t\t\t<div class=\"elementor-widget-container\">\n\t\t\t\t\t<div class=\"elementor-image-carousel-wrapper swiper-container\" dir=\"ltr\">\n\t\t\t<div class=\"elementor-image-carousel swiper-wrapper\">\n\t\t\t\t\t\t\t\t<div class=\"swiper-slide\"><figure class=\"swiper-slide-inner\"><img decoding=\"async\" class=\"swiper-slide-image\" src=\"http:\/\/www.oztugkimya.com\/wp-content\/uploads\/2020\/05\/oztugcustomer-150x150.png\" alt=\"oztugcustomer\" \/><\/figure><\/div><div class=\"swiper-slide\"><figure class=\"swiper-slide-inner\"><img decoding=\"async\" class=\"swiper-slide-image\" src=\"http:\/\/www.oztugkimya.com\/wp-content\/uploads\/2020\/05\/oztugmission-150x150.png\" alt=\"oztugmission\" \/><\/figure><\/div><div class=\"swiper-slide\"><figure class=\"swiper-slide-inner\"><img decoding=\"async\" class=\"swiper-slide-image\" src=\"http:\/\/www.oztugkimya.com\/wp-content\/uploads\/2020\/05\/oztugmap-150x150.png\" alt=\"oztugmap\" \/><\/figure><\/div><div class=\"swiper-slide\"><figure class=\"swiper-slide-inner\"><img decoding=\"async\" class=\"swiper-slide-image\" src=\"http:\/\/www.oztugkimya.com\/wp-content\/uploads\/2020\/05\/oztuglogistics-150x150.png\" alt=\"oztuglogistics\" \/><\/figure><\/div><div class=\"swiper-slide\"><figure class=\"swiper-slide-inner\"><img decoding=\"async\" class=\"swiper-slide-image\" src=\"http:\/\/www.oztugkimya.com\/wp-content\/uploads\/2020\/05\/oztugdepolama1-150x150.png\" alt=\"oztugdepolama1\" \/><\/figure><\/div>\t\t\t<\/div>\n\t\t\t\t\t\t\t\t\t\t\t\t<div class=\"swiper-pagination\"><\/div>\n\t\t\t\t\t\t\t\t\t\t\t\t\t<div class=\"elementor-swiper-button elementor-swiper-button-prev\">\n\t\t\t\t\t\t<i aria-hidden=\"true\" class=\"eicon-chevron-left\"><\/i>\t\t\t\t\t\t<span class=\"elementor-screen-only\">Previous<\/span>\n\t\t\t\t\t<\/div>\n\t\t\t\t\t<div class=\"elementor-swiper-button elementor-swiper-button-next\">\n\t\t\t\t\t\t<i aria-hidden=\"true\" class=\"eicon-chevron-right\"><\/i>\t\t\t\t\t\t<span class=\"elementor-screen-only\">Next<\/span>\n\t\t\t\t\t<\/div>\n\t\t\t\t\t\t\t\t\t<\/div>\n\t\t\t\t<\/div>\n\t\t\t\t<\/div>\n\t\t\t\t\t\t<\/div>\n\t\t\t\t\t<\/div>\n\t\t<\/div>\n\t\t\t\t<div class=\"penci-ercol-50 penci-ercol-order-2 penci-sticky-ct    elementor-column elementor-col-50 elementor-top-column elementor-element elementor-element-250cd5a\" data-id=\"250cd5a\" data-element_type=\"column\">\n\t\t\t<div class=\"theiaStickySidebar elementor-column-wrap elementor-element-populated\">\n\t\t\t\t\t\t\t<div class=\"elementor-widget-wrap\">\n\t\t\t\t\t\t<div class=\"elementor-element elementor-element-028c1cb elementor-widget elementor-widget-text-editor\" data-id=\"028c1cb\" data-element_type=\"widget\" data-widget_type=\"text-editor.default\">\n\t\t\t\t<div class=\"elementor-widget-container\">\n\t\t\t\t\t\t\t\t<div class=\"elementor-text-editor elementor-clearfix\">\n\t\t\t\t<p><strong>G\u00f6r\u00fcn\u00fcm\u00fc\u00a0:\u00a0<\/strong>Yap\u0131\u015fkan s\u0131v\u0131<\/p><p><strong>Kimyasal Ad\u0131\u00a0:\u00a0<\/strong>1,2-Dihydroxyethane , Etilen Glikol , MEG<\/p><p><strong>Kimyasal Form\u00fcl\u00fc\u00a0:\u00a0<\/strong>(CH2OH)2<\/p><p><strong>Ambalaj \u015eekli\u00a0:\u00a0<\/strong>230 Kg. Varillerde, IBClerde, Tankerli<\/p><p><strong>Tan\u0131m\u0131 ve Kullan\u0131m Alanlar\u0131\u00a0:<\/strong><\/p><p>Tatl\u0131 tad\u0131 ve nem emme yetene\u011fine sahip renksiz \u015feffaf yap\u0131\u015fkan s\u0131v\u0131d\u0131r. Su, d\u00fc\u015f\u00fck dereceli alifatik alkoller, gliserol, asetik asit, aseton, ketonlar, aldehitler, piridin ve benzeri k\u00f6m\u00fcr katran\u0131 bazlar\u0131 ile de kar\u0131\u015fabilir. Eter i\u00e7inde hafif\u00e7e \u00e7\u00f6z\u00fcn\u00fcr ancak benzen ve homologlar\u0131, klorlu hidrokarbonlar, petrol eteri ve ya\u011flarda hemen hemen \u00e7\u00f6z\u00fcnmez.<\/p><p><strong>Kullan\u0131m Alanlar\u0131<\/strong><\/p><ul><li>Mono etilen glikol a\u011f\u0131rl\u0131kl\u0131 olarak otomobil so\u011futma sistemlerinin haz\u0131rlanmas\u0131 i\u00e7in antifriz madde ve polietilen tereftalat (polyester elyaf ham maddesi ve plastik malzeme) \u00fcretimi i\u00e7in hammadde olarak kullan\u0131l\u0131r.<\/li><li>Ayr\u0131ca sentetik re\u00e7ineler, \u00e7\u00f6z\u00fcc\u00fcler, ya\u011flay\u0131c\u0131lar, y\u00fczey aktif maddeler, yumu\u015fat\u0131c\u0131lar, nemlendiriciler, patlay\u0131c\u0131lar vb. \u00dcretiminde de kullan\u0131labilir.<\/li><li>Glikol s\u0131kl\u0131kla gliserol\u00fcn bir alternatifi olarak kullan\u0131labilir ve tabaklama end\u00fcstrisinde ve ila\u00e7 end\u00fcstrisinde genellikle hidratasyon ajan\u0131 ve \u00e7\u00f6z\u00fcc\u00fc olarak kullan\u0131labilir.<\/li><li>Glikol g\u00fc\u00e7l\u00fc bir \u00e7\u00f6z\u00fcnme kabiliyetine sahiptir, ancak zehirli metabolik oksalik aside kar\u015f\u0131 kolayca okside edilebilir ve bu nedenle \u00e7\u00f6z\u00fcc\u00fc olarak yayg\u0131n \u015fekilde kullan\u0131lamaz. Etilen glikol, hidrolik s\u0131v\u0131ya ilave edilebilir ve sistemin kau\u00e7u\u011fu \u00fczerindeki ya\u011f esasl\u0131 hidrolik ak\u0131\u015fkan maddenin erimesini \u00f6nlemek i\u00e7in kullan\u0131labilir.<\/li><li>Ana bile\u015fen olarak etilen glikoll\u00fc su bazl\u0131 hidrolik s\u0131v\u0131, yan\u0131c\u0131 bir hidravmatik s\u0131v\u0131d\u0131r ve u\u00e7ak, otomobil ve y\u00fcksek s\u0131cakl\u0131kta \u00e7al\u0131\u015fan kal\u0131plama makinesine uygulanabilir.<\/li><li>Em\u00fclsiyon boyalarda, sulu sistemlerde donma \u00f6nleyici olarak.<\/li><li>Kazein, jelatin, dekstrin, baz\u0131 fenol-formaldehit re\u00e7ine, alkid re\u00e7ineleri ve boyar maddeler i\u00e7in \u00e7\u00f6z\u00fcc\u00fc olarak kullan\u0131l\u0131r.<\/li><\/ul><p>Ayr\u0131ca boyaya kayganl\u0131k ve uygulama kolayl\u0131\u011f\u0131 verir. Mono etilen glikol, \u0131s\u0131-transfer ajan\u0131 olarak da kullan\u0131l\u0131r.<\/p>\t\t\t\t\t<\/div>\n\t\t\t\t\t\t<\/div>\n\t\t\t\t<\/div>\n\t\t\t\t\t\t<\/div>\n\t\t\t\t\t<\/div>\n\t\t<\/div>\n\t\t\t\t\t\t\t\t<\/div>\n\t\t\t\t\t<\/div>\n\t\t<\/section>\n\t\t\t\t\t\t\t\t\t<\/div>\n\t\t\t<\/div>\n\t\t\t\t\t<\/div>","protected":false},"excerpt":{"rendered":"<p>Previous Next G\u00f6r\u00fcn\u00fcm\u00fc\u00a0:\u00a0Yap\u0131\u015fkan s\u0131v\u0131 Kimyasal Ad\u0131\u00a0:\u00a01,2-Dihydroxyethane , Etilen Glikol , MEG Kimyasal Form\u00fcl\u00fc\u00a0:\u00a0(CH2OH)2 Ambalaj \u015eekli\u00a0:\u00a0230 Kg. Varillerde, IBClerde, Tankerli Tan\u0131m\u0131 ve Kullan\u0131m Alanlar\u0131\u00a0: Tatl\u0131 tad\u0131 ve nem emme yetene\u011fine sahip&hellip;<\/p>","protected":false},"author":1,"featured_media":0,"parent":0,"menu_order":0,"comment_status":"closed","ping_status":"closed","template":"","meta":[],"yoast_head":"<!-- This site is optimized with the Yoast SEO plugin v20.3 - https:\/\/yoast.com\/wordpress\/plugins\/seo\/ -->\n<title>Mono Etilen Glikol - http:\/\/www.oztugkimya.com\/<\/title>\n<meta name=\"robots\" content=\"index, follow, max-snippet:-1, max-image-preview:large, max-video-preview:-1\" \/>\n<link rel=\"canonical\" href=\"http:\/\/www.oztugkimya.com\/en\/mono-etilen-glikol\/\" \/>\n<meta property=\"og:locale\" content=\"en_US\" \/>\n<meta property=\"og:type\" content=\"article\" \/>\n<meta property=\"og:title\" content=\"Mono Etilen Glikol - http:\/\/www.oztugkimya.com\/\" \/>\n<meta property=\"og:description\" content=\"Previous Next G\u00f6r\u00fcn\u00fcm\u00fc\u00a0:\u00a0Yap\u0131\u015fkan s\u0131v\u0131 Kimyasal Ad\u0131\u00a0:\u00a01,2-Dihydroxyethane , Etilen Glikol , MEG Kimyasal Form\u00fcl\u00fc\u00a0:\u00a0(CH2OH)2 Ambalaj \u015eekli\u00a0:\u00a0230 Kg. Varillerde, IBClerde, Tankerli Tan\u0131m\u0131 ve Kullan\u0131m Alanlar\u0131\u00a0: Tatl\u0131 tad\u0131 ve nem emme yetene\u011fine sahip&hellip;\" \/>\n<meta property=\"og:url\" content=\"http:\/\/www.oztugkimya.com\/en\/mono-etilen-glikol\/\" \/>\n<meta property=\"og:site_name\" content=\"http:\/\/www.oztugkimya.com\/\" \/>\n<meta property=\"article:modified_time\" content=\"2020-07-27T10:40:13+00:00\" \/>\n<meta property=\"og:image\" content=\"http:\/\/www.oztugkimya.com\/wp-content\/uploads\/2020\/05\/oztugcustomer-150x150.png\" \/>\n<meta name=\"twitter:card\" content=\"summary_large_image\" \/>\n<meta name=\"twitter:label1\" content=\"Est. reading time\" \/>\n\t<meta name=\"twitter:data1\" content=\"2 minutes\" \/>\n<script type=\"application\/ld+json\" class=\"yoast-schema-graph\">{\"@context\":\"https:\/\/schema.org\",\"@graph\":[{\"@type\":\"WebPage\",\"@id\":\"http:\/\/www.oztugkimya.com\/mono-etilen-glikol\/\",\"url\":\"http:\/\/www.oztugkimya.com\/mono-etilen-glikol\/\",\"name\":\"Mono Etilen Glikol - http:\/\/www.oztugkimya.com\/\",\"isPartOf\":{\"@id\":\"http:\/\/www.oztugkimya.com\/#website\"},\"datePublished\":\"2020-07-27T10:38:59+00:00\",\"dateModified\":\"2020-07-27T10:40:13+00:00\",\"breadcrumb\":{\"@id\":\"http:\/\/www.oztugkimya.com\/mono-etilen-glikol\/#breadcrumb\"},\"inLanguage\":\"en-US\",\"potentialAction\":[{\"@type\":\"ReadAction\",\"target\":[\"http:\/\/www.oztugkimya.com\/mono-etilen-glikol\/\"]}]},{\"@type\":\"BreadcrumbList\",\"@id\":\"http:\/\/www.oztugkimya.com\/mono-etilen-glikol\/#breadcrumb\",\"itemListElement\":[{\"@type\":\"ListItem\",\"position\":1,\"name\":\"Ana sayfa\",\"item\":\"http:\/\/www.oztugkimya.com\/\"},{\"@type\":\"ListItem\",\"position\":2,\"name\":\"Mono Etilen Glikol\"}]},{\"@type\":\"WebSite\",\"@id\":\"http:\/\/www.oztugkimya.com\/#website\",\"url\":\"http:\/\/www.oztugkimya.com\/\",\"name\":\"http:\/\/www.oztugkimya.com\/\",\"description\":\"http:\/\/www.oztugkimya.com\/\",\"potentialAction\":[{\"@type\":\"SearchAction\",\"target\":{\"@type\":\"EntryPoint\",\"urlTemplate\":\"http:\/\/www.oztugkimya.com\/?s={search_term_string}\"},\"query-input\":\"required name=search_term_string\"}],\"inLanguage\":\"en-US\"}]}<\/script>\n<!-- \/ Yoast SEO plugin. -->","yoast_head_json":{"title":"Mono Etilen Glikol - http:\/\/www.oztugkimya.com\/","robots":{"index":"index","follow":"follow","max-snippet":"max-snippet:-1","max-image-preview":"max-image-preview:large","max-video-preview":"max-video-preview:-1"},"canonical":"http:\/\/www.oztugkimya.com\/en\/mono-etilen-glikol\/","og_locale":"en_US","og_type":"article","og_title":"Mono Etilen Glikol - http:\/\/www.oztugkimya.com\/","og_description":"Previous Next G\u00f6r\u00fcn\u00fcm\u00fc\u00a0:\u00a0Yap\u0131\u015fkan s\u0131v\u0131 Kimyasal Ad\u0131\u00a0:\u00a01,2-Dihydroxyethane , Etilen Glikol , MEG Kimyasal Form\u00fcl\u00fc\u00a0:\u00a0(CH2OH)2 Ambalaj \u015eekli\u00a0:\u00a0230 Kg. Varillerde, IBClerde, Tankerli Tan\u0131m\u0131 ve Kullan\u0131m Alanlar\u0131\u00a0: Tatl\u0131 tad\u0131 ve nem emme yetene\u011fine sahip&hellip;","og_url":"http:\/\/www.oztugkimya.com\/en\/mono-etilen-glikol\/","og_site_name":"http:\/\/www.oztugkimya.com\/","article_modified_time":"2020-07-27T10:40:13+00:00","og_image":[{"url":"http:\/\/www.oztugkimya.com\/wp-content\/uploads\/2020\/05\/oztugcustomer-150x150.png"}],"twitter_card":"summary_large_image","twitter_misc":{"Est. reading time":"2 minutes"},"schema":{"@context":"https:\/\/schema.org","@graph":[{"@type":"WebPage","@id":"http:\/\/www.oztugkimya.com\/mono-etilen-glikol\/","url":"http:\/\/www.oztugkimya.com\/mono-etilen-glikol\/","name":"Mono Etilen Glikol - http:\/\/www.oztugkimya.com\/","isPartOf":{"@id":"http:\/\/www.oztugkimya.com\/#website"},"datePublished":"2020-07-27T10:38:59+00:00","dateModified":"2020-07-27T10:40:13+00:00","breadcrumb":{"@id":"http:\/\/www.oztugkimya.com\/mono-etilen-glikol\/#breadcrumb"},"inLanguage":"en-US","potentialAction":[{"@type":"ReadAction","target":["http:\/\/www.oztugkimya.com\/mono-etilen-glikol\/"]}]},{"@type":"BreadcrumbList","@id":"http:\/\/www.oztugkimya.com\/mono-etilen-glikol\/#breadcrumb","itemListElement":[{"@type":"ListItem","position":1,"name":"Ana sayfa","item":"http:\/\/www.oztugkimya.com\/"},{"@type":"ListItem","position":2,"name":"Mono Etilen Glikol"}]},{"@type":"WebSite","@id":"http:\/\/www.oztugkimya.com\/#website","url":"http:\/\/www.oztugkimya.com\/","name":"http:\/\/www.oztugkimya.com\/","description":"http:\/\/www.oztugkimya.com\/","potentialAction":[{"@type":"SearchAction","target":{"@type":"EntryPoint","urlTemplate":"http:\/\/www.oztugkimya.com\/?s={search_term_string}"},"query-input":"required name=search_term_string"}],"inLanguage":"en-US"}]}},"_links":{"self":[{"href":"http:\/\/www.oztugkimya.com\/en\/wp-json\/wp\/v2\/pages\/1180"}],"collection":[{"href":"http:\/\/www.oztugkimya.com\/en\/wp-json\/wp\/v2\/pages"}],"about":[{"href":"http:\/\/www.oztugkimya.com\/en\/wp-json\/wp\/v2\/types\/page"}],"author":[{"embeddable":true,"href":"http:\/\/www.oztugkimya.com\/en\/wp-json\/wp\/v2\/users\/1"}],"replies":[{"embeddable":true,"href":"http:\/\/www.oztugkimya.com\/en\/wp-json\/wp\/v2\/comments?post=1180"}],"version-history":[{"count":2,"href":"http:\/\/www.oztugkimya.com\/en\/wp-json\/wp\/v2\/pages\/1180\/revisions"}],"predecessor-version":[{"id":1182,"href":"http:\/\/www.oztugkimya.com\/en\/wp-json\/wp\/v2\/pages\/1180\/revisions\/1182"}],"wp:attachment":[{"href":"http:\/\/www.oztugkimya.com\/en\/wp-json\/wp\/v2\/media?parent=1180"}],"curies":[{"name":"wp","href":"https:\/\/api.w.org\/{rel}","templated":true}]}}