{"id":1192,"date":"2020-07-27T10:47:52","date_gmt":"2020-07-27T10:47:52","guid":{"rendered":"http:\/\/www.oztugkimya.com\/?page_id=1192"},"modified":"2020-07-27T10:48:25","modified_gmt":"2020-07-27T10:48:25","slug":"sodyum-hypoklorit","status":"publish","type":"page","link":"http:\/\/www.oztugkimya.com\/en\/sodyum-hypoklorit\/","title":{"rendered":"Sodium Hypochlorite"},"content":{"rendered":"\t\t<div data-elementor-type=\"wp-page\" data-elementor-id=\"1192\" class=\"elementor elementor-1192\">\n\t\t\t\t\t\t<div class=\"elementor-inner\">\n\t\t\t\t<div class=\"elementor-section-wrap\">\n\t\t\t\t\t\t\t\t\t<section class=\"penci-section penci-disSticky penci-structure-20 elementor-section elementor-top-section elementor-element elementor-element-37db46c elementor-section-boxed elementor-section-height-default elementor-section-height-default\" data-id=\"37db46c\" data-element_type=\"section\">\n\t\t\t\t\t\t<div class=\"elementor-container elementor-column-gap-default\">\n\t\t\t\t\t\t\t<div class=\"elementor-row\">\n\t\t\t\t\t<div class=\"penci-ercol-50 penci-ercol-order-1 penci-sticky-ct    elementor-column elementor-col-50 elementor-top-column elementor-element elementor-element-f6c470e\" data-id=\"f6c470e\" data-element_type=\"column\">\n\t\t\t<div class=\"theiaStickySidebar elementor-column-wrap elementor-element-populated\">\n\t\t\t\t\t\t\t<div class=\"elementor-widget-wrap\">\n\t\t\t\t\t\t<div class=\"elementor-element elementor-element-1e10dfd elementor-arrows-position-inside elementor-pagination-position-outside elementor-widget elementor-widget-image-carousel\" data-id=\"1e10dfd\" data-element_type=\"widget\" data-settings=\"{&quot;navigation&quot;:&quot;both&quot;,&quot;autoplay&quot;:&quot;yes&quot;,&quot;pause_on_hover&quot;:&quot;yes&quot;,&quot;pause_on_interaction&quot;:&quot;yes&quot;,&quot;autoplay_speed&quot;:5000,&quot;infinite&quot;:&quot;yes&quot;,&quot;speed&quot;:500}\" data-widget_type=\"image-carousel.default\">\n\t\t\t\t<div class=\"elementor-widget-container\">\n\t\t\t\t\t<div class=\"elementor-image-carousel-wrapper swiper-container\" dir=\"ltr\">\n\t\t\t<div class=\"elementor-image-carousel swiper-wrapper\">\n\t\t\t\t\t\t\t\t<div class=\"swiper-slide\"><figure class=\"swiper-slide-inner\"><img decoding=\"async\" class=\"swiper-slide-image\" src=\"http:\/\/www.oztugkimya.com\/wp-content\/uploads\/2020\/05\/oztugcustomer-150x150.png\" alt=\"oztugcustomer\" \/><\/figure><\/div><div class=\"swiper-slide\"><figure class=\"swiper-slide-inner\"><img decoding=\"async\" class=\"swiper-slide-image\" src=\"http:\/\/www.oztugkimya.com\/wp-content\/uploads\/2020\/05\/oztugmission-150x150.png\" alt=\"oztugmission\" \/><\/figure><\/div><div class=\"swiper-slide\"><figure class=\"swiper-slide-inner\"><img decoding=\"async\" class=\"swiper-slide-image\" src=\"http:\/\/www.oztugkimya.com\/wp-content\/uploads\/2020\/05\/oztugmap-150x150.png\" alt=\"oztugmap\" \/><\/figure><\/div><div class=\"swiper-slide\"><figure class=\"swiper-slide-inner\"><img decoding=\"async\" class=\"swiper-slide-image\" src=\"http:\/\/www.oztugkimya.com\/wp-content\/uploads\/2020\/05\/oztuglogistics-150x150.png\" alt=\"oztuglogistics\" \/><\/figure><\/div><div class=\"swiper-slide\"><figure class=\"swiper-slide-inner\"><img decoding=\"async\" class=\"swiper-slide-image\" src=\"http:\/\/www.oztugkimya.com\/wp-content\/uploads\/2020\/05\/oztugdepolama1-150x150.png\" alt=\"oztugdepolama1\" \/><\/figure><\/div>\t\t\t<\/div>\n\t\t\t\t\t\t\t\t\t\t\t\t<div class=\"swiper-pagination\"><\/div>\n\t\t\t\t\t\t\t\t\t\t\t\t\t<div class=\"elementor-swiper-button elementor-swiper-button-prev\">\n\t\t\t\t\t\t<i aria-hidden=\"true\" class=\"eicon-chevron-left\"><\/i>\t\t\t\t\t\t<span class=\"elementor-screen-only\">Previous<\/span>\n\t\t\t\t\t<\/div>\n\t\t\t\t\t<div class=\"elementor-swiper-button elementor-swiper-button-next\">\n\t\t\t\t\t\t<i aria-hidden=\"true\" class=\"eicon-chevron-right\"><\/i>\t\t\t\t\t\t<span class=\"elementor-screen-only\">Next<\/span>\n\t\t\t\t\t<\/div>\n\t\t\t\t\t\t\t\t\t<\/div>\n\t\t\t\t<\/div>\n\t\t\t\t<\/div>\n\t\t\t\t\t\t<\/div>\n\t\t\t\t\t<\/div>\n\t\t<\/div>\n\t\t\t\t<div class=\"penci-ercol-50 penci-ercol-order-2 penci-sticky-ct    elementor-column elementor-col-50 elementor-top-column elementor-element elementor-element-ea649a5\" data-id=\"ea649a5\" data-element_type=\"column\">\n\t\t\t<div class=\"theiaStickySidebar elementor-column-wrap elementor-element-populated\">\n\t\t\t\t\t\t\t<div class=\"elementor-widget-wrap\">\n\t\t\t\t\t\t<div class=\"elementor-element elementor-element-1f09780 elementor-widget elementor-widget-text-editor\" data-id=\"1f09780\" data-element_type=\"widget\" data-widget_type=\"text-editor.default\">\n\t\t\t\t<div class=\"elementor-widget-container\">\n\t\t\t\t\t\t\t\t<div class=\"elementor-text-editor elementor-clearfix\">\n\t\t\t\t<p><strong>G\u00f6r\u00fcn\u00fcm\u00fc\u00a0:\u00a0<\/strong>Keskin kokulu sar\u0131 renkli<\/p><p><strong>Kimyasal Ad\u0131\u00a0:<\/strong>\u00a0Sodium Hypochloridet<\/p><p><strong>Kimyasal Form\u00fcl\u00fc\u00a0:\u00a0<\/strong>ClONa<\/p><p><strong>Ambalaj \u015eekli\u00a0:\u00a0<\/strong>Bidon, \u0130bc,Tanker<\/p><p><strong>Tan\u0131m\u0131 ve Kullan\u0131m Alanlar\u0131\u00a0:<\/strong><\/p><p>Sodyum hipoklorit, genellikle da a\u011fart\u0131c\u0131 ve dezenfekte edici olarak da kullan\u0131lan, millet\u00e7e aralar\u0131nda \u00e7ama\u015f\u0131r suyu ya da hipo olarak da malum bir \u00e7e\u015fit kimyevi bile\u015fiktir. hipokloritin etkin klor oran\u0131 % 15 -16 civar\u0131ndad\u0131r. \u00c7ama\u015f\u0131r suyu imalat\u0131nda, sular\u0131n klorlanmas\u0131 ve ar\u0131tma sistemlerinde, dezenfektan olarak da, tekstilde a\u011fart\u0131c\u0131 olarak da kullan\u0131lmaktad\u0131r.<\/p><p>Kullan\u0131m sahas\u0131 \u00e7ok yayg\u0131nd\u0131r ve olduk\u00e7a g\u00fczel bir dezenfektand\u0131r. Sodyum Hipoklorit s\u0131v\u0131\/ak\u0131\u015fkan takdirde temiz ye\u015filimsi sar\u0131, sulu \u00e7\u00f6zeltisinde g\u00fc\u00e7l\u00fc klor kokulu bir kimyasald\u0131r. \u00c7o\u011funlukla etkin klor oran\u0131 %15-%16 lik sulu \u00e7\u00f6zelti bi\u00e7imde ticareti (depolama, sevkiyat) yap\u0131lmaktad\u0131r. Sulu \u00e7\u00f6zeltisine s\u0131v\u0131\/ak\u0131\u015fkan klor, \u00e7ama\u015f\u0131r suyu, hipo, beyazlat\u0131c\u0131, javel suyu, temizlik maddesi denmektedir. Sulu \u00e7\u00f6zeltisi su k\u0131vam\u0131nda ve ye\u015filimsi sar\u0131 renktedir. Kullan\u0131m an\u0131nda temkinli olunmas\u0131 ve uyumlu ekipmanlar\u0131n kullan\u0131lmas\u0131 gerekiyor. Y\u00f6ntemi NaClO dur. Sodyum Hipoklorit \u00e7o\u011funlukla sularda dezenfektan i\u00e7in ve farkl\u0131 sekt\u00f6rlerde a\u011fart\u0131c\u0131 madde olarak da kullan\u0131lmaktad\u0131r. \u00c7ama\u015f\u0131r suyu yap\u0131m\u0131nda, (su \u015fartland\u0131rma) su ve at\u0131k su ar\u0131t\u0131m\u0131nda, tekstilde (beyazlatma i\u015flemlerinde), sulara klor at\u0131lmas\u0131nda, dezenfektan olarak da ka\u011f\u0131t end\u00fcstrisinde kullan\u0131l\u0131r. Sodyum Hipokloritin teknik (spesifik ) nitelikleri a\u015fa\u011f\u0131daki tabloda verilmi\u015ftir. Sodyum Hipoklorit [pH8.5 de\u011ferinde] gerekti\u011fi yerde Su, Tuz ve Cereyan faydalanarak, Titanyum anot ve katot i\u00e7erir \u00e7a\u011fda\u015f elektroliz\u00f6rlerde standart 8 gpl \u00fcretilmektedir. Titanyum anotlar de\u011ferli metal oksit katalistleriyle kaplanarak de\u011fi\u015fmeyen verimle imalat yaparlar ve \u00fcr\u00fcn kullan\u0131lmak amac\u0131yla depolan\u0131r. \u00dcretilen Hipoklorit, az pH8.5 sebebiyle Konsantre hipoklorit&#8217;ten 10 kat \u00e7abuk ve etkilidir. Az maliyetli ve zarar veren klor bile\u015fikleri i\u00e7ermez. Gaz klor ve suyun dezenfeksiyonu s\u0131ras\u0131nda zarar veren ve kanserojen \u00f6zellikte yan \u00fcr\u00fcnler ortaya gelmez, Az pH8.5 sebebiyle \u00e7abuk ve etkilidir. G\u00fcndelik ya\u015famda a\u011fart\u0131c\u0131 \u00e7ama\u015f\u0131r suyunda kullan\u0131l\u0131r. Asidin bir i\u015flek dokusu ile temas\u0131, dokular\u0131nda hasara y\u00f6ntem a\u00e7maktad\u0131r. Etrafa kocaman \u00f6l\u00e7\u00fcde kay\u0131p verici bu madde oda ko\u015fullar\u0131ndaki klor ve sabunlardaki sodyum hidroksit ile birle\u015ferek \u00fcretilmektedir.<\/p><p><strong>Kullan\u0131m Alanlar\u0131<\/strong><\/p><ul><li>Sodyum Hipoklorit \u00e7o\u011funlukla sularda dezenfektan i\u00e7in ve farkl\u0131 sekt\u00f6rlerde a\u011fart\u0131c\u0131 madde olarak da kullan\u0131lmaktad\u0131r.<\/li><li>\u00c7ama\u015f\u0131r suyu yap\u0131m\u0131nda, su ve at\u0131k su ar\u0131t\u0131m\u0131nda, tekstilde (a\u011fartma i\u015flemlerinde), sular\u0131n klorlanmas\u0131nda, dezenfektan olarak da ka\u011f\u0131t end\u00fcstrisinde kullan\u0131l\u0131r.<\/li><li>En yayg\u0131n olarak da kullan\u0131lan su \u015fartland\u0131rma kimyasallardand\u0131r.<\/li><li>Havuz ve i\u00e7me sular\u0131n\u0131n dezenfeksiyonunda kullan\u0131lan (su \u015fartland\u0131r\u0131c\u0131) kimyasallar haricinde genel kimyasallar\u0131n da sat\u0131\u015f\u0131n\u0131 yapmaktad\u0131r.<\/li><\/ul><p>Hidrojen Peroksit, Asetik Asit, Soda, Payet Kostik, Boncuk Kostik, Formaldehit, Sodyum Hipoklorit, Al\u00fcminyum s\u00fclfat, polielektrolit, polial\u00fcminyum klor\u00fcr PAC, baryum klor\u00fcr, demir 3 klor\u00fcr ve \u00f6b\u00fcr kimyasallar gibi sat\u0131\u015f\u0131 yap\u0131lmaktad\u0131r.<\/p>\t\t\t\t\t<\/div>\n\t\t\t\t\t\t<\/div>\n\t\t\t\t<\/div>\n\t\t\t\t\t\t<\/div>\n\t\t\t\t\t<\/div>\n\t\t<\/div>\n\t\t\t\t\t\t\t\t<\/div>\n\t\t\t\t\t<\/div>\n\t\t<\/section>\n\t\t\t\t\t\t\t\t\t<\/div>\n\t\t\t<\/div>\n\t\t\t\t\t<\/div>\n\t\t","protected":false},"excerpt":{"rendered":"<p>Previous Next G\u00f6r\u00fcn\u00fcm\u00fc\u00a0:\u00a0Keskin kokulu sar\u0131 renkli Kimyasal Ad\u0131\u00a0:\u00a0Sodium Hypochloridet Kimyasal Form\u00fcl\u00fc\u00a0:\u00a0ClONa Ambalaj \u015eekli\u00a0:\u00a0Bidon, \u0130bc,Tanker Tan\u0131m\u0131 ve Kullan\u0131m Alanlar\u0131\u00a0: Sodyum hipoklorit, genellikle da a\u011fart\u0131c\u0131 ve dezenfekte edici olarak da kullan\u0131lan, millet\u00e7e&hellip;<\/p>","protected":false},"author":1,"featured_media":0,"parent":0,"menu_order":0,"comment_status":"closed","ping_status":"closed","template":"","meta":[],"yoast_head":"<!-- This site is optimized with the Yoast SEO plugin v20.3 - https:\/\/yoast.com\/wordpress\/plugins\/seo\/ -->\n<title>Sodyum Hypoklorit - http:\/\/www.oztugkimya.com\/<\/title>\n<meta name=\"robots\" content=\"index, follow, max-snippet:-1, max-image-preview:large, max-video-preview:-1\" \/>\n<link rel=\"canonical\" href=\"http:\/\/www.oztugkimya.com\/en\/sodyum-hypoklorit\/\" \/>\n<meta property=\"og:locale\" content=\"en_US\" \/>\n<meta property=\"og:type\" content=\"article\" \/>\n<meta property=\"og:title\" content=\"Sodyum Hypoklorit - http:\/\/www.oztugkimya.com\/\" \/>\n<meta property=\"og:description\" content=\"Previous Next G\u00f6r\u00fcn\u00fcm\u00fc\u00a0:\u00a0Keskin kokulu sar\u0131 renkli Kimyasal Ad\u0131\u00a0:\u00a0Sodium Hypochloridet Kimyasal Form\u00fcl\u00fc\u00a0:\u00a0ClONa Ambalaj \u015eekli\u00a0:\u00a0Bidon, \u0130bc,Tanker Tan\u0131m\u0131 ve Kullan\u0131m Alanlar\u0131\u00a0: Sodyum hipoklorit, genellikle da a\u011fart\u0131c\u0131 ve dezenfekte edici olarak da kullan\u0131lan, millet\u00e7e&hellip;\" \/>\n<meta property=\"og:url\" content=\"http:\/\/www.oztugkimya.com\/en\/sodyum-hypoklorit\/\" \/>\n<meta property=\"og:site_name\" content=\"http:\/\/www.oztugkimya.com\/\" \/>\n<meta property=\"article:modified_time\" content=\"2020-07-27T10:48:25+00:00\" \/>\n<meta property=\"og:image\" content=\"http:\/\/www.oztugkimya.com\/wp-content\/uploads\/2020\/05\/oztugcustomer-150x150.png\" \/>\n<meta name=\"twitter:card\" content=\"summary_large_image\" \/>\n<meta name=\"twitter:label1\" content=\"Est. reading time\" \/>\n\t<meta name=\"twitter:data1\" content=\"3 minutes\" \/>\n<script type=\"application\/ld+json\" class=\"yoast-schema-graph\">{\"@context\":\"https:\/\/schema.org\",\"@graph\":[{\"@type\":\"WebPage\",\"@id\":\"http:\/\/www.oztugkimya.com\/sodyum-hypoklorit\/\",\"url\":\"http:\/\/www.oztugkimya.com\/sodyum-hypoklorit\/\",\"name\":\"Sodyum Hypoklorit - http:\/\/www.oztugkimya.com\/\",\"isPartOf\":{\"@id\":\"http:\/\/www.oztugkimya.com\/#website\"},\"datePublished\":\"2020-07-27T10:47:52+00:00\",\"dateModified\":\"2020-07-27T10:48:25+00:00\",\"breadcrumb\":{\"@id\":\"http:\/\/www.oztugkimya.com\/sodyum-hypoklorit\/#breadcrumb\"},\"inLanguage\":\"en-US\",\"potentialAction\":[{\"@type\":\"ReadAction\",\"target\":[\"http:\/\/www.oztugkimya.com\/sodyum-hypoklorit\/\"]}]},{\"@type\":\"BreadcrumbList\",\"@id\":\"http:\/\/www.oztugkimya.com\/sodyum-hypoklorit\/#breadcrumb\",\"itemListElement\":[{\"@type\":\"ListItem\",\"position\":1,\"name\":\"Ana sayfa\",\"item\":\"http:\/\/www.oztugkimya.com\/\"},{\"@type\":\"ListItem\",\"position\":2,\"name\":\"Sodyum Hypoklorit\"}]},{\"@type\":\"WebSite\",\"@id\":\"http:\/\/www.oztugkimya.com\/#website\",\"url\":\"http:\/\/www.oztugkimya.com\/\",\"name\":\"http:\/\/www.oztugkimya.com\/\",\"description\":\"http:\/\/www.oztugkimya.com\/\",\"potentialAction\":[{\"@type\":\"SearchAction\",\"target\":{\"@type\":\"EntryPoint\",\"urlTemplate\":\"http:\/\/www.oztugkimya.com\/?s={search_term_string}\"},\"query-input\":\"required name=search_term_string\"}],\"inLanguage\":\"en-US\"}]}<\/script>\n<!-- \/ Yoast SEO plugin. -->","yoast_head_json":{"title":"Sodyum Hypoklorit - http:\/\/www.oztugkimya.com\/","robots":{"index":"index","follow":"follow","max-snippet":"max-snippet:-1","max-image-preview":"max-image-preview:large","max-video-preview":"max-video-preview:-1"},"canonical":"http:\/\/www.oztugkimya.com\/en\/sodyum-hypoklorit\/","og_locale":"en_US","og_type":"article","og_title":"Sodyum Hypoklorit - http:\/\/www.oztugkimya.com\/","og_description":"Previous Next G\u00f6r\u00fcn\u00fcm\u00fc\u00a0:\u00a0Keskin kokulu sar\u0131 renkli Kimyasal Ad\u0131\u00a0:\u00a0Sodium Hypochloridet Kimyasal Form\u00fcl\u00fc\u00a0:\u00a0ClONa Ambalaj \u015eekli\u00a0:\u00a0Bidon, \u0130bc,Tanker Tan\u0131m\u0131 ve Kullan\u0131m Alanlar\u0131\u00a0: Sodyum hipoklorit, genellikle da a\u011fart\u0131c\u0131 ve dezenfekte edici olarak da kullan\u0131lan, millet\u00e7e&hellip;","og_url":"http:\/\/www.oztugkimya.com\/en\/sodyum-hypoklorit\/","og_site_name":"http:\/\/www.oztugkimya.com\/","article_modified_time":"2020-07-27T10:48:25+00:00","og_image":[{"url":"http:\/\/www.oztugkimya.com\/wp-content\/uploads\/2020\/05\/oztugcustomer-150x150.png"}],"twitter_card":"summary_large_image","twitter_misc":{"Est. reading time":"3 minutes"},"schema":{"@context":"https:\/\/schema.org","@graph":[{"@type":"WebPage","@id":"http:\/\/www.oztugkimya.com\/sodyum-hypoklorit\/","url":"http:\/\/www.oztugkimya.com\/sodyum-hypoklorit\/","name":"Sodyum Hypoklorit - http:\/\/www.oztugkimya.com\/","isPartOf":{"@id":"http:\/\/www.oztugkimya.com\/#website"},"datePublished":"2020-07-27T10:47:52+00:00","dateModified":"2020-07-27T10:48:25+00:00","breadcrumb":{"@id":"http:\/\/www.oztugkimya.com\/sodyum-hypoklorit\/#breadcrumb"},"inLanguage":"en-US","potentialAction":[{"@type":"ReadAction","target":["http:\/\/www.oztugkimya.com\/sodyum-hypoklorit\/"]}]},{"@type":"BreadcrumbList","@id":"http:\/\/www.oztugkimya.com\/sodyum-hypoklorit\/#breadcrumb","itemListElement":[{"@type":"ListItem","position":1,"name":"Ana sayfa","item":"http:\/\/www.oztugkimya.com\/"},{"@type":"ListItem","position":2,"name":"Sodyum Hypoklorit"}]},{"@type":"WebSite","@id":"http:\/\/www.oztugkimya.com\/#website","url":"http:\/\/www.oztugkimya.com\/","name":"http:\/\/www.oztugkimya.com\/","description":"http:\/\/www.oztugkimya.com\/","potentialAction":[{"@type":"SearchAction","target":{"@type":"EntryPoint","urlTemplate":"http:\/\/www.oztugkimya.com\/?s={search_term_string}"},"query-input":"required name=search_term_string"}],"inLanguage":"en-US"}]}},"_links":{"self":[{"href":"http:\/\/www.oztugkimya.com\/en\/wp-json\/wp\/v2\/pages\/1192"}],"collection":[{"href":"http:\/\/www.oztugkimya.com\/en\/wp-json\/wp\/v2\/pages"}],"about":[{"href":"http:\/\/www.oztugkimya.com\/en\/wp-json\/wp\/v2\/types\/page"}],"author":[{"embeddable":true,"href":"http:\/\/www.oztugkimya.com\/en\/wp-json\/wp\/v2\/users\/1"}],"replies":[{"embeddable":true,"href":"http:\/\/www.oztugkimya.com\/en\/wp-json\/wp\/v2\/comments?post=1192"}],"version-history":[{"count":2,"href":"http:\/\/www.oztugkimya.com\/en\/wp-json\/wp\/v2\/pages\/1192\/revisions"}],"predecessor-version":[{"id":1194,"href":"http:\/\/www.oztugkimya.com\/en\/wp-json\/wp\/v2\/pages\/1192\/revisions\/1194"}],"wp:attachment":[{"href":"http:\/\/www.oztugkimya.com\/en\/wp-json\/wp\/v2\/media?parent=1192"}],"curies":[{"name":"wp","href":"https:\/\/api.w.org\/{rel}","templated":true}]}}