{"id":1195,"date":"2020-07-27T10:48:58","date_gmt":"2020-07-27T10:48:58","guid":{"rendered":"http:\/\/www.oztugkimya.com\/?page_id=1195"},"modified":"2020-07-27T10:49:41","modified_gmt":"2020-07-27T10:49:41","slug":"sodyum-karbonat","status":"publish","type":"page","link":"http:\/\/www.oztugkimya.com\/en\/sodyum-karbonat\/","title":{"rendered":"Sodium Carbonate"},"content":{"rendered":"<div data-elementor-type=\"wp-page\" data-elementor-id=\"1195\" class=\"elementor elementor-1195\">\n\t\t\t\t\t\t<div class=\"elementor-inner\">\n\t\t\t\t<div class=\"elementor-section-wrap\">\n\t\t\t\t\t\t\t\t\t<section class=\"penci-section penci-disSticky penci-structure-20 elementor-section elementor-top-section elementor-element elementor-element-57bcd45 elementor-section-boxed elementor-section-height-default elementor-section-height-default\" data-id=\"57bcd45\" data-element_type=\"section\">\n\t\t\t\t\t\t<div class=\"elementor-container elementor-column-gap-default\">\n\t\t\t\t\t\t\t<div class=\"elementor-row\">\n\t\t\t\t\t<div class=\"penci-ercol-50 penci-ercol-order-1 penci-sticky-ct    elementor-column elementor-col-50 elementor-top-column elementor-element elementor-element-e5cd327\" data-id=\"e5cd327\" data-element_type=\"column\">\n\t\t\t<div class=\"theiaStickySidebar elementor-column-wrap elementor-element-populated\">\n\t\t\t\t\t\t\t<div class=\"elementor-widget-wrap\">\n\t\t\t\t\t\t<div class=\"elementor-element elementor-element-805d982 elementor-arrows-position-inside elementor-pagination-position-outside elementor-widget elementor-widget-image-carousel\" data-id=\"805d982\" data-element_type=\"widget\" data-settings=\"{&quot;navigation&quot;:&quot;both&quot;,&quot;autoplay&quot;:&quot;yes&quot;,&quot;pause_on_hover&quot;:&quot;yes&quot;,&quot;pause_on_interaction&quot;:&quot;yes&quot;,&quot;autoplay_speed&quot;:5000,&quot;infinite&quot;:&quot;yes&quot;,&quot;speed&quot;:500}\" data-widget_type=\"image-carousel.default\">\n\t\t\t\t<div class=\"elementor-widget-container\">\n\t\t\t\t\t<div class=\"elementor-image-carousel-wrapper swiper-container\" dir=\"ltr\">\n\t\t\t<div class=\"elementor-image-carousel swiper-wrapper\">\n\t\t\t\t\t\t\t\t<div class=\"swiper-slide\"><figure class=\"swiper-slide-inner\"><img decoding=\"async\" class=\"swiper-slide-image\" src=\"http:\/\/www.oztugkimya.com\/wp-content\/uploads\/2020\/05\/oztugcustomer-150x150.png\" alt=\"oztugcustomer\" \/><\/figure><\/div><div class=\"swiper-slide\"><figure class=\"swiper-slide-inner\"><img decoding=\"async\" class=\"swiper-slide-image\" src=\"http:\/\/www.oztugkimya.com\/wp-content\/uploads\/2020\/05\/oztugmission-150x150.png\" alt=\"oztugmission\" \/><\/figure><\/div><div class=\"swiper-slide\"><figure class=\"swiper-slide-inner\"><img decoding=\"async\" class=\"swiper-slide-image\" src=\"http:\/\/www.oztugkimya.com\/wp-content\/uploads\/2020\/05\/oztugmap-150x150.png\" alt=\"oztugmap\" \/><\/figure><\/div><div class=\"swiper-slide\"><figure class=\"swiper-slide-inner\"><img decoding=\"async\" class=\"swiper-slide-image\" src=\"http:\/\/www.oztugkimya.com\/wp-content\/uploads\/2020\/05\/oztuglogistics-150x150.png\" alt=\"oztuglogistics\" \/><\/figure><\/div><div class=\"swiper-slide\"><figure class=\"swiper-slide-inner\"><img decoding=\"async\" class=\"swiper-slide-image\" src=\"http:\/\/www.oztugkimya.com\/wp-content\/uploads\/2020\/05\/oztugdepolama1-150x150.png\" alt=\"oztugdepolama1\" \/><\/figure><\/div>\t\t\t<\/div>\n\t\t\t\t\t\t\t\t\t\t\t\t<div class=\"swiper-pagination\"><\/div>\n\t\t\t\t\t\t\t\t\t\t\t\t\t<div class=\"elementor-swiper-button elementor-swiper-button-prev\">\n\t\t\t\t\t\t<i aria-hidden=\"true\" class=\"eicon-chevron-left\"><\/i>\t\t\t\t\t\t<span class=\"elementor-screen-only\">Previous<\/span>\n\t\t\t\t\t<\/div>\n\t\t\t\t\t<div class=\"elementor-swiper-button elementor-swiper-button-next\">\n\t\t\t\t\t\t<i aria-hidden=\"true\" class=\"eicon-chevron-right\"><\/i>\t\t\t\t\t\t<span class=\"elementor-screen-only\">Next<\/span>\n\t\t\t\t\t<\/div>\n\t\t\t\t\t\t\t\t\t<\/div>\n\t\t\t\t<\/div>\n\t\t\t\t<\/div>\n\t\t\t\t\t\t<\/div>\n\t\t\t\t\t<\/div>\n\t\t<\/div>\n\t\t\t\t<div class=\"penci-ercol-50 penci-ercol-order-2 penci-sticky-ct    elementor-column elementor-col-50 elementor-top-column elementor-element elementor-element-ccb1b6f\" data-id=\"ccb1b6f\" data-element_type=\"column\">\n\t\t\t<div class=\"theiaStickySidebar elementor-column-wrap elementor-element-populated\">\n\t\t\t\t\t\t\t<div class=\"elementor-widget-wrap\">\n\t\t\t\t\t\t<div class=\"elementor-element elementor-element-5ceda6e elementor-widget elementor-widget-text-editor\" data-id=\"5ceda6e\" data-element_type=\"widget\" data-widget_type=\"text-editor.default\">\n\t\t\t\t<div class=\"elementor-widget-container\">\n\t\t\t\t\t\t\t\t<div class=\"elementor-text-editor elementor-clearfix\">\n\t\t\t\t<p><strong>G\u00f6r\u00fcn\u00fcm\u00fc\u00a0:\u00a0<\/strong>Beyaz, Kat\u0131 Higroskopik Tozdur.<\/p><p><strong>Kimyasal ad\u0131\u00a0:<\/strong>\u00a0E500, Soda, Soda Kristali, Soda K\u00fcl\u00fc,<\/p><p><strong>Kimyasal Form\u00fcl\u00fc\u00a0:\u00a0<\/strong>Na2CO3<\/p><p><strong>Ambalaj \u015eekli\u00a0:<\/strong>\u00a050 kg. l\u0131k Torbalarda.<\/p><p><strong>\u00d6zellikleri\u00a0:<\/strong>\u00a0Karbonik Asidin Sodyum Tuzudur. E500<\/p><p><strong>Kullan\u0131m Alanlar\u0131\u00a0:<\/strong><\/p><p>Sodyum karbonat, alerjik reaksiyonlar hari\u00e7 insan v\u00fccuduna her hangi bir zarar\u0131 olmayan bir t\u00fcrev \u00e7e\u015fididir. Hatta ki\u015filer de kepek, guatr, sa\u00e7 k\u0131ran, g\u00fcl hastal\u0131\u011f\u0131 ve romatizma gibi hastal\u0131klar\u0131n iyile\u015fme s\u00fcrecini h\u0131zland\u0131rd\u0131\u011f\u0131 da bilinmektedir. Bunlar\u0131n d\u0131\u015f\u0131nda sin\u00fczit ve nod\u00fcl gibi hastal\u0131klar\u0131n iyile\u015fmesinde de etkilidir. Sodyum karbonat, genel sa\u011fl\u0131k i\u00e7in etkilidir ve v\u00fccudun Ph seviyesini dengeleyebilme \u00f6zelli\u011fine sahiptir. Bu nedenden dolay\u0131 da t\u0131p i\u00e7erisinde sodyum karbonat t\u00fcrevinin yeri ayr\u0131d\u0131r. Alternatif tedavi de s\u0131k tercih edilir ve alkali derecesini de\u011fi\u015ftirme niteli\u011fine sahiptir.<\/p><p>Sodyum karbonat halk aras\u0131nda \u00e7ama\u015f\u0131r sodas\u0131 olarak da bilinen kimyasal bir \u00fcr\u00fcnd\u00fcr. Form\u00fcl\u00fc Na2CO3 olan bu kimyasal bir \u00e7ok deterjan t\u00fcr\u00fcnde kullan\u0131lmaktad\u0131r. Do\u011fada beyaz\u0131ms\u0131, \u015feffaf ve ta\u015f \u015feklindedir. Bazik bir tuzdur ve suda \u00e7\u00f6z\u00fcnebilen bir yap\u0131ya sahiptir. Suyu yumu\u015fat\u0131r, sabunun k\u00f6p\u00fcrmesine yard\u0131mc\u0131 olur ve kire\u00e7 \u00f6nleyici deterjanlarda katk\u0131 maddesi olarak kullan\u0131lmaktad\u0131r. Makinelerde kullan\u0131lmas\u0131n\u0131n bir zarar\u0131 yoktur. Di\u011fer deterjanlar gibi kullan\u0131m\u0131nda zehirli gazlar\u0131n olu\u015fuma sebebiyet vermez. Yaln\u0131z tahri\u015f edici \u00f6zelli\u011fi vard\u0131r. Eldivenle kullan\u0131m\u0131 daha uygundur ayr\u0131ca direk solunmamas\u0131 gerekmektedir.<\/p><p><strong>Kullan\u0131m Alanlar\u0131<\/strong><\/p><ul><li>Deterjan ve sabun sanayisinde sodyum karbonat, do\u011fal temizlik maddesi olarak tercih edilir.<\/li><li>\u00c7ama\u015f\u0131r sodas\u0131 yap\u0131m\u0131n\u0131n olmazsa olmazlar\u0131ndan biri de sodyum karbonatt\u0131r. Sodyum karbonat \u0131l\u0131k su ile a\u00e7\u0131lmas\u0131n\u0131n ard\u0131ndan \u00e7ama\u015f\u0131r sodas\u0131 elde edilmektedir.<\/li><li>Keten ve pamuklu elyaflar\u0131n pi\u015firilmesinde tercih edilir.<\/li><li>Tu\u011fla yap\u0131m\u0131nda da tercih edilen sodyum karbonat \u0131slatma i\u015flevi g\u00f6rmektedir.<\/li><li>Di\u015f macunlar\u0131nda da yer al\u0131r ve k\u00f6p\u00fck olu\u015fmas\u0131 sodyum karbonattan kaynaklanmaktad\u0131r.<\/li><li>V\u00fccutta olu\u015fmu\u015f ikinci derece yan\u0131klar\u0131n tedavisinde tercih edilir.<\/li><li>T\u00fcl ve perde beyazlatma i\u015fleminde tercih edilir.<\/li><li>\u00c7ama\u015f\u0131r ve \u00f6zellikle t\u00fcllerin beyazlat\u0131lmas\u0131nda kullan\u0131l\u0131r. Sodyum karbonat sularda sertlik yapan iyonlar\u0131 karbonat halinde \u00e7\u00f6kt\u00fcr\u00fcp ortamdan uzakla\u015ft\u0131r\u0131r. Bu \u015fekilde \u00e7ama\u015f\u0131r makinalar\u0131nda yumu\u015fat\u0131c\u0131 olarak kullan\u0131l\u0131r.<\/li><li>Cam \u00fcretiminde kullan\u0131lan en \u00f6nemli kimyasald\u0131r. Kumla soda birle\u015ftirilerek \u00e7ok y\u00fcksek \u0131s\u0131ya y\u00fckseltilir ve aniden so\u011futulur. Bu \u015fekilde cam \u00fcretilir.<\/li><li>Tekstil sekt\u00f6r\u00fcnde reaktif boya kullan\u0131ld\u0131\u011f\u0131nda sodyum karbonat boya ve lif aras\u0131ndaki ba\u011f\u0131 olu\u015fturmak i\u00e7in kullan\u0131l\u0131r.<\/li><li>G\u0131da katk\u0131s\u0131 olarak asit d\u00fczenleyici, anti-caking ajan\u0131 ve stabilizat\u00f6r olarak g\u00f6rev yapar. \u015eerbet tozu \u00fcretiminde kullan\u0131l\u0131r.<\/li><li>Tu\u011fla yap\u0131m\u0131nda \u0131slatma ajan\u0131 olarak g\u00f6rev yapar, bu \u015fekilde kil extrude edilirken daha az suya ihtiya\u00e7 olur.<\/li><\/ul><p>Di\u015f macunlar\u0131nda k\u00f6p\u00fck ajan\u0131 olarak kullan\u0131l\u0131r. S\u00fcrt\u00fcnme yarat\u0131r ve a\u011f\u0131z pH \u0131n\u0131 y\u00fckseltir.<\/p>\t\t\t\t\t<\/div>\n\t\t\t\t\t\t<\/div>\n\t\t\t\t<\/div>\n\t\t\t\t\t\t<\/div>\n\t\t\t\t\t<\/div>\n\t\t<\/div>\n\t\t\t\t\t\t\t\t<\/div>\n\t\t\t\t\t<\/div>\n\t\t<\/section>\n\t\t\t\t\t\t\t\t\t<\/div>\n\t\t\t<\/div>\n\t\t\t\t\t<\/div>","protected":false},"excerpt":{"rendered":"<p>Previous Next G\u00f6r\u00fcn\u00fcm\u00fc\u00a0:\u00a0Beyaz, Kat\u0131 Higroskopik Tozdur. Kimyasal ad\u0131\u00a0:\u00a0E500, Soda, Soda Kristali, Soda K\u00fcl\u00fc, Kimyasal Form\u00fcl\u00fc\u00a0:\u00a0Na2CO3 Ambalaj \u015eekli\u00a0:\u00a050 kg. l\u0131k Torbalarda. \u00d6zellikleri\u00a0:\u00a0Karbonik Asidin Sodyum Tuzudur. E500 Kullan\u0131m Alanlar\u0131\u00a0: Sodyum karbonat, alerjik&hellip;<\/p>","protected":false},"author":1,"featured_media":0,"parent":0,"menu_order":0,"comment_status":"closed","ping_status":"closed","template":"","meta":[],"yoast_head":"<!-- This site is optimized with the Yoast SEO plugin v20.3 - https:\/\/yoast.com\/wordpress\/plugins\/seo\/ -->\n<title>Sodyum Karbonat - http:\/\/www.oztugkimya.com\/<\/title>\n<meta name=\"robots\" content=\"index, follow, max-snippet:-1, max-image-preview:large, max-video-preview:-1\" \/>\n<link rel=\"canonical\" href=\"http:\/\/www.oztugkimya.com\/en\/sodyum-karbonat\/\" \/>\n<meta property=\"og:locale\" content=\"en_US\" \/>\n<meta property=\"og:type\" content=\"article\" \/>\n<meta property=\"og:title\" content=\"Sodyum Karbonat - http:\/\/www.oztugkimya.com\/\" \/>\n<meta property=\"og:description\" content=\"Previous Next G\u00f6r\u00fcn\u00fcm\u00fc\u00a0:\u00a0Beyaz, Kat\u0131 Higroskopik Tozdur. Kimyasal ad\u0131\u00a0:\u00a0E500, Soda, Soda Kristali, Soda K\u00fcl\u00fc, Kimyasal Form\u00fcl\u00fc\u00a0:\u00a0Na2CO3 Ambalaj \u015eekli\u00a0:\u00a050 kg. l\u0131k Torbalarda. \u00d6zellikleri\u00a0:\u00a0Karbonik Asidin Sodyum Tuzudur. E500 Kullan\u0131m Alanlar\u0131\u00a0: Sodyum karbonat, alerjik&hellip;\" \/>\n<meta property=\"og:url\" content=\"http:\/\/www.oztugkimya.com\/en\/sodyum-karbonat\/\" \/>\n<meta property=\"og:site_name\" content=\"http:\/\/www.oztugkimya.com\/\" \/>\n<meta property=\"article:modified_time\" content=\"2020-07-27T10:49:41+00:00\" \/>\n<meta property=\"og:image\" content=\"http:\/\/www.oztugkimya.com\/wp-content\/uploads\/2020\/05\/oztugcustomer-150x150.png\" \/>\n<meta name=\"twitter:card\" content=\"summary_large_image\" \/>\n<meta name=\"twitter:label1\" content=\"Est. reading time\" \/>\n\t<meta name=\"twitter:data1\" content=\"3 minutes\" \/>\n<script type=\"application\/ld+json\" class=\"yoast-schema-graph\">{\"@context\":\"https:\/\/schema.org\",\"@graph\":[{\"@type\":\"WebPage\",\"@id\":\"http:\/\/www.oztugkimya.com\/sodyum-karbonat\/\",\"url\":\"http:\/\/www.oztugkimya.com\/sodyum-karbonat\/\",\"name\":\"Sodyum Karbonat - http:\/\/www.oztugkimya.com\/\",\"isPartOf\":{\"@id\":\"http:\/\/www.oztugkimya.com\/#website\"},\"datePublished\":\"2020-07-27T10:48:58+00:00\",\"dateModified\":\"2020-07-27T10:49:41+00:00\",\"breadcrumb\":{\"@id\":\"http:\/\/www.oztugkimya.com\/sodyum-karbonat\/#breadcrumb\"},\"inLanguage\":\"en-US\",\"potentialAction\":[{\"@type\":\"ReadAction\",\"target\":[\"http:\/\/www.oztugkimya.com\/sodyum-karbonat\/\"]}]},{\"@type\":\"BreadcrumbList\",\"@id\":\"http:\/\/www.oztugkimya.com\/sodyum-karbonat\/#breadcrumb\",\"itemListElement\":[{\"@type\":\"ListItem\",\"position\":1,\"name\":\"Ana sayfa\",\"item\":\"http:\/\/www.oztugkimya.com\/\"},{\"@type\":\"ListItem\",\"position\":2,\"name\":\"Sodyum Karbonat\"}]},{\"@type\":\"WebSite\",\"@id\":\"http:\/\/www.oztugkimya.com\/#website\",\"url\":\"http:\/\/www.oztugkimya.com\/\",\"name\":\"http:\/\/www.oztugkimya.com\/\",\"description\":\"http:\/\/www.oztugkimya.com\/\",\"potentialAction\":[{\"@type\":\"SearchAction\",\"target\":{\"@type\":\"EntryPoint\",\"urlTemplate\":\"http:\/\/www.oztugkimya.com\/?s={search_term_string}\"},\"query-input\":\"required name=search_term_string\"}],\"inLanguage\":\"en-US\"}]}<\/script>\n<!-- \/ Yoast SEO plugin. -->","yoast_head_json":{"title":"Sodyum Karbonat - http:\/\/www.oztugkimya.com\/","robots":{"index":"index","follow":"follow","max-snippet":"max-snippet:-1","max-image-preview":"max-image-preview:large","max-video-preview":"max-video-preview:-1"},"canonical":"http:\/\/www.oztugkimya.com\/en\/sodyum-karbonat\/","og_locale":"en_US","og_type":"article","og_title":"Sodyum Karbonat - http:\/\/www.oztugkimya.com\/","og_description":"Previous Next G\u00f6r\u00fcn\u00fcm\u00fc\u00a0:\u00a0Beyaz, Kat\u0131 Higroskopik Tozdur. Kimyasal ad\u0131\u00a0:\u00a0E500, Soda, Soda Kristali, Soda K\u00fcl\u00fc, Kimyasal Form\u00fcl\u00fc\u00a0:\u00a0Na2CO3 Ambalaj \u015eekli\u00a0:\u00a050 kg. l\u0131k Torbalarda. \u00d6zellikleri\u00a0:\u00a0Karbonik Asidin Sodyum Tuzudur. E500 Kullan\u0131m Alanlar\u0131\u00a0: Sodyum karbonat, alerjik&hellip;","og_url":"http:\/\/www.oztugkimya.com\/en\/sodyum-karbonat\/","og_site_name":"http:\/\/www.oztugkimya.com\/","article_modified_time":"2020-07-27T10:49:41+00:00","og_image":[{"url":"http:\/\/www.oztugkimya.com\/wp-content\/uploads\/2020\/05\/oztugcustomer-150x150.png"}],"twitter_card":"summary_large_image","twitter_misc":{"Est. reading time":"3 minutes"},"schema":{"@context":"https:\/\/schema.org","@graph":[{"@type":"WebPage","@id":"http:\/\/www.oztugkimya.com\/sodyum-karbonat\/","url":"http:\/\/www.oztugkimya.com\/sodyum-karbonat\/","name":"Sodyum Karbonat - http:\/\/www.oztugkimya.com\/","isPartOf":{"@id":"http:\/\/www.oztugkimya.com\/#website"},"datePublished":"2020-07-27T10:48:58+00:00","dateModified":"2020-07-27T10:49:41+00:00","breadcrumb":{"@id":"http:\/\/www.oztugkimya.com\/sodyum-karbonat\/#breadcrumb"},"inLanguage":"en-US","potentialAction":[{"@type":"ReadAction","target":["http:\/\/www.oztugkimya.com\/sodyum-karbonat\/"]}]},{"@type":"BreadcrumbList","@id":"http:\/\/www.oztugkimya.com\/sodyum-karbonat\/#breadcrumb","itemListElement":[{"@type":"ListItem","position":1,"name":"Ana sayfa","item":"http:\/\/www.oztugkimya.com\/"},{"@type":"ListItem","position":2,"name":"Sodyum Karbonat"}]},{"@type":"WebSite","@id":"http:\/\/www.oztugkimya.com\/#website","url":"http:\/\/www.oztugkimya.com\/","name":"http:\/\/www.oztugkimya.com\/","description":"http:\/\/www.oztugkimya.com\/","potentialAction":[{"@type":"SearchAction","target":{"@type":"EntryPoint","urlTemplate":"http:\/\/www.oztugkimya.com\/?s={search_term_string}"},"query-input":"required name=search_term_string"}],"inLanguage":"en-US"}]}},"_links":{"self":[{"href":"http:\/\/www.oztugkimya.com\/en\/wp-json\/wp\/v2\/pages\/1195"}],"collection":[{"href":"http:\/\/www.oztugkimya.com\/en\/wp-json\/wp\/v2\/pages"}],"about":[{"href":"http:\/\/www.oztugkimya.com\/en\/wp-json\/wp\/v2\/types\/page"}],"author":[{"embeddable":true,"href":"http:\/\/www.oztugkimya.com\/en\/wp-json\/wp\/v2\/users\/1"}],"replies":[{"embeddable":true,"href":"http:\/\/www.oztugkimya.com\/en\/wp-json\/wp\/v2\/comments?post=1195"}],"version-history":[{"count":2,"href":"http:\/\/www.oztugkimya.com\/en\/wp-json\/wp\/v2\/pages\/1195\/revisions"}],"predecessor-version":[{"id":1197,"href":"http:\/\/www.oztugkimya.com\/en\/wp-json\/wp\/v2\/pages\/1195\/revisions\/1197"}],"wp:attachment":[{"href":"http:\/\/www.oztugkimya.com\/en\/wp-json\/wp\/v2\/media?parent=1195"}],"curies":[{"name":"wp","href":"https:\/\/api.w.org\/{rel}","templated":true}]}}