{"id":1198,"date":"2020-07-27T10:50:21","date_gmt":"2020-07-27T10:50:21","guid":{"rendered":"http:\/\/www.oztugkimya.com\/?page_id=1198"},"modified":"2020-07-27T10:50:54","modified_gmt":"2020-07-27T10:50:54","slug":"sodyum-meta-bi-sulfit","status":"publish","type":"page","link":"http:\/\/www.oztugkimya.com\/en\/sodyum-meta-bi-sulfit\/","title":{"rendered":"Sodium Meta Bisulfite"},"content":{"rendered":"<div data-elementor-type=\"wp-page\" data-elementor-id=\"1198\" class=\"elementor elementor-1198\">\n\t\t\t\t\t\t<div class=\"elementor-inner\">\n\t\t\t\t<div class=\"elementor-section-wrap\">\n\t\t\t\t\t\t\t\t\t<section class=\"penci-section penci-disSticky penci-structure-20 elementor-section elementor-top-section elementor-element elementor-element-04661e8 elementor-section-boxed elementor-section-height-default elementor-section-height-default\" data-id=\"04661e8\" data-element_type=\"section\">\n\t\t\t\t\t\t<div class=\"elementor-container elementor-column-gap-default\">\n\t\t\t\t\t\t\t<div class=\"elementor-row\">\n\t\t\t\t\t<div class=\"penci-ercol-50 penci-ercol-order-1 penci-sticky-ct    elementor-column elementor-col-50 elementor-top-column elementor-element elementor-element-3f3508f\" data-id=\"3f3508f\" data-element_type=\"column\">\n\t\t\t<div class=\"theiaStickySidebar elementor-column-wrap elementor-element-populated\">\n\t\t\t\t\t\t\t<div class=\"elementor-widget-wrap\">\n\t\t\t\t\t\t<div class=\"elementor-element elementor-element-4f80445 elementor-arrows-position-inside elementor-pagination-position-outside elementor-widget elementor-widget-image-carousel\" data-id=\"4f80445\" data-element_type=\"widget\" data-settings=\"{&quot;navigation&quot;:&quot;both&quot;,&quot;autoplay&quot;:&quot;yes&quot;,&quot;pause_on_hover&quot;:&quot;yes&quot;,&quot;pause_on_interaction&quot;:&quot;yes&quot;,&quot;autoplay_speed&quot;:5000,&quot;infinite&quot;:&quot;yes&quot;,&quot;speed&quot;:500}\" data-widget_type=\"image-carousel.default\">\n\t\t\t\t<div class=\"elementor-widget-container\">\n\t\t\t\t\t<div class=\"elementor-image-carousel-wrapper swiper-container\" dir=\"ltr\">\n\t\t\t<div class=\"elementor-image-carousel swiper-wrapper\">\n\t\t\t\t\t\t\t\t<div class=\"swiper-slide\"><figure class=\"swiper-slide-inner\"><img decoding=\"async\" class=\"swiper-slide-image\" src=\"http:\/\/www.oztugkimya.com\/wp-content\/uploads\/2020\/05\/oztugcustomer-150x150.png\" alt=\"oztugcustomer\" \/><\/figure><\/div><div class=\"swiper-slide\"><figure class=\"swiper-slide-inner\"><img decoding=\"async\" class=\"swiper-slide-image\" src=\"http:\/\/www.oztugkimya.com\/wp-content\/uploads\/2020\/05\/oztugmission-150x150.png\" alt=\"oztugmission\" \/><\/figure><\/div><div class=\"swiper-slide\"><figure class=\"swiper-slide-inner\"><img decoding=\"async\" class=\"swiper-slide-image\" src=\"http:\/\/www.oztugkimya.com\/wp-content\/uploads\/2020\/05\/oztugmap-150x150.png\" alt=\"oztugmap\" \/><\/figure><\/div><div class=\"swiper-slide\"><figure class=\"swiper-slide-inner\"><img decoding=\"async\" class=\"swiper-slide-image\" src=\"http:\/\/www.oztugkimya.com\/wp-content\/uploads\/2020\/05\/oztuglogistics-150x150.png\" alt=\"oztuglogistics\" \/><\/figure><\/div><div class=\"swiper-slide\"><figure class=\"swiper-slide-inner\"><img decoding=\"async\" class=\"swiper-slide-image\" src=\"http:\/\/www.oztugkimya.com\/wp-content\/uploads\/2020\/05\/oztugdepolama1-150x150.png\" alt=\"oztugdepolama1\" \/><\/figure><\/div>\t\t\t<\/div>\n\t\t\t\t\t\t\t\t\t\t\t\t<div class=\"swiper-pagination\"><\/div>\n\t\t\t\t\t\t\t\t\t\t\t\t\t<div class=\"elementor-swiper-button elementor-swiper-button-prev\">\n\t\t\t\t\t\t<i aria-hidden=\"true\" class=\"eicon-chevron-left\"><\/i>\t\t\t\t\t\t<span class=\"elementor-screen-only\">Previous<\/span>\n\t\t\t\t\t<\/div>\n\t\t\t\t\t<div class=\"elementor-swiper-button elementor-swiper-button-next\">\n\t\t\t\t\t\t<i aria-hidden=\"true\" class=\"eicon-chevron-right\"><\/i>\t\t\t\t\t\t<span class=\"elementor-screen-only\">Next<\/span>\n\t\t\t\t\t<\/div>\n\t\t\t\t\t\t\t\t\t<\/div>\n\t\t\t\t<\/div>\n\t\t\t\t<\/div>\n\t\t\t\t\t\t<\/div>\n\t\t\t\t\t<\/div>\n\t\t<\/div>\n\t\t\t\t<div class=\"penci-ercol-50 penci-ercol-order-2 penci-sticky-ct    elementor-column elementor-col-50 elementor-top-column elementor-element elementor-element-33ea4c1\" data-id=\"33ea4c1\" data-element_type=\"column\">\n\t\t\t<div class=\"theiaStickySidebar elementor-column-wrap elementor-element-populated\">\n\t\t\t\t\t\t\t<div class=\"elementor-widget-wrap\">\n\t\t\t\t\t\t<div class=\"elementor-element elementor-element-563146b elementor-widget elementor-widget-text-editor\" data-id=\"563146b\" data-element_type=\"widget\" data-widget_type=\"text-editor.default\">\n\t\t\t\t<div class=\"elementor-widget-container\">\n\t\t\t\t\t\t\t\t<div class=\"elementor-text-editor elementor-clearfix\">\n\t\t\t\t<p><strong>G\u00f6r\u00fcn\u00fcm\u00fc\u00a0:\u00a0<\/strong>Beyaz toz<\/p><p><strong>Kimyasal Ad\u0131\u00a0:<\/strong>\u00a0Sodium pyrosulfite, Sodium disulfite<\/p><p><strong>Kimyasal Form\u00fcl\u00fc\u00a0:\u00a0<\/strong>Na2S2O5, Na-O-(S=O)-O-(S=O)-O-Na<\/p><p><strong>Ambalaj \u015eekli\u00a0:\u00a0<\/strong>25 kg ve 1000 kg torbalarda<\/p><p><strong>Kullan\u0131m Alanlar\u0131\u00a0:<\/strong><\/p><p>Sodyum metabis\u00fclfit, inorganik bir tuz maddesidir. Disodyum ya da sodyum piros\u00fclfit olarak da bilinir. Normal ko\u015fullar alt\u0131nda kat\u0131 halde bulunan sodyum metabis\u00fclfitin genel g\u00f6r\u00fcn\u00fcm\u00fc sar\u0131ya \u00e7alan pudra rengi ya da beyazd\u0131r. 150 santigrat derece s\u0131cakl\u0131kta eriyebilen sodyum metabis\u00fclfit, uzun y\u0131llard\u0131r yiyeceklerin korunmas\u0131 i\u00e7in kullan\u0131lm\u0131\u015ft\u0131r. Sodyum metabis\u00fclfit, yiyeceklerle t\u00fcketildi\u011finde insan v\u00fccuduna herhangi bir zarar\u0131 bulunmamaktad\u0131r. Bu nedenle de ABD ba\u015fta olmak \u00fczere bir\u00e7ok \u00fclkede besinlerde katk\u0131 maddesi olarak kullan\u0131lmas\u0131 serbest b\u0131rak\u0131lm\u0131\u015ft\u0131r.<\/p><p>Sodyum metabis\u00fclfit, kuru ve serin yerlerde saklanmal\u0131d\u0131r. Havayla temas\u0131 \u00f6nlenmelidir. Asit veya zehirli maddelerden de uzakta tutulmal\u0131d\u0131r. Sodyum metabis\u00fclfit, suyla kar\u0131\u015ft\u0131r\u0131ld\u0131\u011f\u0131nda a\u011f\u0131r bir koku ortaya \u00e7\u0131kmaktad\u0131r. Bu koku solunum sorunu ya da ast\u0131m rahats\u0131zl\u0131\u011f\u0131 olan ki\u015filerin nefes almas\u0131n\u0131 zorla\u015ft\u0131rabilmektedir. Ayr\u0131ca alerjik rahats\u0131zl\u0131\u011f\u0131 olanlarda gastrik tahri\u015fe neden olabilir. Sodyum metabis\u00fclfit sadece g\u0131da sekt\u00f6r\u00fcnde de\u011fil, y\u00fcn ve jute gibi \u00fcr\u00fcnlerinde temizlenip a\u011fart\u0131lmas\u0131nda da kullan\u0131ld\u0131\u011f\u0131 i\u00e7in; bu maddeye alerjisi olanlar\u0131n bu tarz \u00fcr\u00fcnleri kullanmadan \u00f6nce kontrol etmelerinde fayda vard\u0131r.<\/p><p><strong>Kullan\u0131m Alanlar\u0131<\/strong><\/p><ul><li>Tekstil sanayinde elyaf\u0131n a\u011fart\u0131lmas\u0131nda anti klor ve boyamada sabitle\u015ftirici olarak.<\/li><li>Sel\u00fcloz esterler \u00fcretiminde antiseptik olarak<\/li><li>Aromatik alkoller, aldehitler gibi \u00e7e\u015fitli organik maddeler ile sodyum hidros\u00fclfit \u00fcretimlerinde ana madde olarak<\/li><li>Fermantasyon i\u015fleminde antiseptik olarak<\/li><li>Deri sanayinde depilat\u00f6r olarak<\/li><li>Kozmetik ve konserve sanayilerinde dezenfektan olarak<\/li><li>K\u00e2\u011f\u0131t, \u015feker, lastik, tutkal, galvanoplasti gibi sanayi kollar\u0131nda ve de\u011fi\u015fik uygulama alanlar\u0131nda<\/li><li>Sodyum metabis\u00fclfit foto\u011fraflar\u0131n film banyolar\u0131nda ki sular\u0131n asitlendirilmesi i\u00e7in, deniz \u00fcr\u00fcnlerinde anti melonosis olarak da kullan\u0131labilmektedir.<\/li><li>Sodyum metabis\u00fclfit do\u011frudan g\u00f6ze temas etti\u011finde ya da istenmeden yutuldu\u011fundan hayati sonu\u00e7lar ortaya \u00e7\u0131kabilmektedir. Havayla temas etti\u011fi ko\u015fulda k\u00fck\u00fcrt dioksit ortaya \u00e7\u0131karmaktad\u0131r.<\/li><li>Renk a\u00e7\u0131c\u0131 \u00f6zelli\u011fi sayesinde \u015fekerin rengini a\u00e7mak i\u00e7in kullan\u0131l\u0131r. Bunun yan\u0131 s\u0131ra boya \u00fcretimi sekt\u00f6r\u00fcnde de renk giderici madde olarak kullan\u0131l\u0131r.<\/li><\/ul>\t\t\t\t\t<\/div>\n\t\t\t\t\t\t<\/div>\n\t\t\t\t<\/div>\n\t\t\t\t\t\t<\/div>\n\t\t\t\t\t<\/div>\n\t\t<\/div>\n\t\t\t\t\t\t\t\t<\/div>\n\t\t\t\t\t<\/div>\n\t\t<\/section>\n\t\t\t\t\t\t\t\t\t<\/div>\n\t\t\t<\/div>\n\t\t\t\t\t<\/div>","protected":false},"excerpt":{"rendered":"<p>Previous Next G\u00f6r\u00fcn\u00fcm\u00fc\u00a0:\u00a0Beyaz toz Kimyasal Ad\u0131\u00a0:\u00a0Sodium pyrosulfite, Sodium disulfite Kimyasal Form\u00fcl\u00fc\u00a0:\u00a0Na2S2O5, Na-O-(S=O)-O-(S=O)-O-Na Ambalaj \u015eekli\u00a0:\u00a025 kg ve 1000 kg torbalarda Kullan\u0131m Alanlar\u0131\u00a0: Sodyum metabis\u00fclfit, inorganik bir tuz maddesidir. Disodyum ya da&hellip;<\/p>","protected":false},"author":1,"featured_media":0,"parent":0,"menu_order":0,"comment_status":"closed","ping_status":"closed","template":"","meta":[],"yoast_head":"<!-- This site is optimized with the Yoast SEO plugin v20.3 - https:\/\/yoast.com\/wordpress\/plugins\/seo\/ -->\n<title>Sodyum Meta Bi S\u00fclfit - http:\/\/www.oztugkimya.com\/<\/title>\n<meta name=\"robots\" content=\"index, follow, max-snippet:-1, max-image-preview:large, max-video-preview:-1\" \/>\n<link rel=\"canonical\" href=\"http:\/\/www.oztugkimya.com\/en\/sodyum-meta-bi-sulfit\/\" \/>\n<meta property=\"og:locale\" content=\"en_US\" \/>\n<meta property=\"og:type\" content=\"article\" \/>\n<meta property=\"og:title\" content=\"Sodyum Meta Bi S\u00fclfit - http:\/\/www.oztugkimya.com\/\" \/>\n<meta property=\"og:description\" content=\"Previous Next G\u00f6r\u00fcn\u00fcm\u00fc\u00a0:\u00a0Beyaz toz Kimyasal Ad\u0131\u00a0:\u00a0Sodium pyrosulfite, Sodium disulfite Kimyasal Form\u00fcl\u00fc\u00a0:\u00a0Na2S2O5, Na-O-(S=O)-O-(S=O)-O-Na Ambalaj \u015eekli\u00a0:\u00a025 kg ve 1000 kg torbalarda Kullan\u0131m Alanlar\u0131\u00a0: Sodyum metabis\u00fclfit, inorganik bir tuz maddesidir. Disodyum ya da&hellip;\" \/>\n<meta property=\"og:url\" content=\"http:\/\/www.oztugkimya.com\/en\/sodyum-meta-bi-sulfit\/\" \/>\n<meta property=\"og:site_name\" content=\"http:\/\/www.oztugkimya.com\/\" \/>\n<meta property=\"article:modified_time\" content=\"2020-07-27T10:50:54+00:00\" \/>\n<meta property=\"og:image\" content=\"http:\/\/www.oztugkimya.com\/wp-content\/uploads\/2020\/05\/oztugcustomer-150x150.png\" \/>\n<meta name=\"twitter:card\" content=\"summary_large_image\" \/>\n<meta name=\"twitter:label1\" content=\"Est. reading time\" \/>\n\t<meta name=\"twitter:data1\" content=\"2 minutes\" \/>\n<script type=\"application\/ld+json\" class=\"yoast-schema-graph\">{\"@context\":\"https:\/\/schema.org\",\"@graph\":[{\"@type\":\"WebPage\",\"@id\":\"http:\/\/www.oztugkimya.com\/sodyum-meta-bi-sulfit\/\",\"url\":\"http:\/\/www.oztugkimya.com\/sodyum-meta-bi-sulfit\/\",\"name\":\"Sodyum Meta Bi S\u00fclfit - http:\/\/www.oztugkimya.com\/\",\"isPartOf\":{\"@id\":\"http:\/\/www.oztugkimya.com\/#website\"},\"datePublished\":\"2020-07-27T10:50:21+00:00\",\"dateModified\":\"2020-07-27T10:50:54+00:00\",\"breadcrumb\":{\"@id\":\"http:\/\/www.oztugkimya.com\/sodyum-meta-bi-sulfit\/#breadcrumb\"},\"inLanguage\":\"en-US\",\"potentialAction\":[{\"@type\":\"ReadAction\",\"target\":[\"http:\/\/www.oztugkimya.com\/sodyum-meta-bi-sulfit\/\"]}]},{\"@type\":\"BreadcrumbList\",\"@id\":\"http:\/\/www.oztugkimya.com\/sodyum-meta-bi-sulfit\/#breadcrumb\",\"itemListElement\":[{\"@type\":\"ListItem\",\"position\":1,\"name\":\"Ana sayfa\",\"item\":\"http:\/\/www.oztugkimya.com\/\"},{\"@type\":\"ListItem\",\"position\":2,\"name\":\"Sodyum Meta Bi S\u00fclfit\"}]},{\"@type\":\"WebSite\",\"@id\":\"http:\/\/www.oztugkimya.com\/#website\",\"url\":\"http:\/\/www.oztugkimya.com\/\",\"name\":\"http:\/\/www.oztugkimya.com\/\",\"description\":\"http:\/\/www.oztugkimya.com\/\",\"potentialAction\":[{\"@type\":\"SearchAction\",\"target\":{\"@type\":\"EntryPoint\",\"urlTemplate\":\"http:\/\/www.oztugkimya.com\/?s={search_term_string}\"},\"query-input\":\"required name=search_term_string\"}],\"inLanguage\":\"en-US\"}]}<\/script>\n<!-- \/ Yoast SEO plugin. -->","yoast_head_json":{"title":"Sodyum Meta Bi S\u00fclfit - http:\/\/www.oztugkimya.com\/","robots":{"index":"index","follow":"follow","max-snippet":"max-snippet:-1","max-image-preview":"max-image-preview:large","max-video-preview":"max-video-preview:-1"},"canonical":"http:\/\/www.oztugkimya.com\/en\/sodyum-meta-bi-sulfit\/","og_locale":"en_US","og_type":"article","og_title":"Sodyum Meta Bi S\u00fclfit - http:\/\/www.oztugkimya.com\/","og_description":"Previous Next G\u00f6r\u00fcn\u00fcm\u00fc\u00a0:\u00a0Beyaz toz Kimyasal Ad\u0131\u00a0:\u00a0Sodium pyrosulfite, Sodium disulfite Kimyasal Form\u00fcl\u00fc\u00a0:\u00a0Na2S2O5, Na-O-(S=O)-O-(S=O)-O-Na Ambalaj \u015eekli\u00a0:\u00a025 kg ve 1000 kg torbalarda Kullan\u0131m Alanlar\u0131\u00a0: Sodyum metabis\u00fclfit, inorganik bir tuz maddesidir. Disodyum ya da&hellip;","og_url":"http:\/\/www.oztugkimya.com\/en\/sodyum-meta-bi-sulfit\/","og_site_name":"http:\/\/www.oztugkimya.com\/","article_modified_time":"2020-07-27T10:50:54+00:00","og_image":[{"url":"http:\/\/www.oztugkimya.com\/wp-content\/uploads\/2020\/05\/oztugcustomer-150x150.png"}],"twitter_card":"summary_large_image","twitter_misc":{"Est. reading time":"2 minutes"},"schema":{"@context":"https:\/\/schema.org","@graph":[{"@type":"WebPage","@id":"http:\/\/www.oztugkimya.com\/sodyum-meta-bi-sulfit\/","url":"http:\/\/www.oztugkimya.com\/sodyum-meta-bi-sulfit\/","name":"Sodyum Meta Bi S\u00fclfit - http:\/\/www.oztugkimya.com\/","isPartOf":{"@id":"http:\/\/www.oztugkimya.com\/#website"},"datePublished":"2020-07-27T10:50:21+00:00","dateModified":"2020-07-27T10:50:54+00:00","breadcrumb":{"@id":"http:\/\/www.oztugkimya.com\/sodyum-meta-bi-sulfit\/#breadcrumb"},"inLanguage":"en-US","potentialAction":[{"@type":"ReadAction","target":["http:\/\/www.oztugkimya.com\/sodyum-meta-bi-sulfit\/"]}]},{"@type":"BreadcrumbList","@id":"http:\/\/www.oztugkimya.com\/sodyum-meta-bi-sulfit\/#breadcrumb","itemListElement":[{"@type":"ListItem","position":1,"name":"Ana sayfa","item":"http:\/\/www.oztugkimya.com\/"},{"@type":"ListItem","position":2,"name":"Sodyum Meta Bi S\u00fclfit"}]},{"@type":"WebSite","@id":"http:\/\/www.oztugkimya.com\/#website","url":"http:\/\/www.oztugkimya.com\/","name":"http:\/\/www.oztugkimya.com\/","description":"http:\/\/www.oztugkimya.com\/","potentialAction":[{"@type":"SearchAction","target":{"@type":"EntryPoint","urlTemplate":"http:\/\/www.oztugkimya.com\/?s={search_term_string}"},"query-input":"required name=search_term_string"}],"inLanguage":"en-US"}]}},"_links":{"self":[{"href":"http:\/\/www.oztugkimya.com\/en\/wp-json\/wp\/v2\/pages\/1198"}],"collection":[{"href":"http:\/\/www.oztugkimya.com\/en\/wp-json\/wp\/v2\/pages"}],"about":[{"href":"http:\/\/www.oztugkimya.com\/en\/wp-json\/wp\/v2\/types\/page"}],"author":[{"embeddable":true,"href":"http:\/\/www.oztugkimya.com\/en\/wp-json\/wp\/v2\/users\/1"}],"replies":[{"embeddable":true,"href":"http:\/\/www.oztugkimya.com\/en\/wp-json\/wp\/v2\/comments?post=1198"}],"version-history":[{"count":2,"href":"http:\/\/www.oztugkimya.com\/en\/wp-json\/wp\/v2\/pages\/1198\/revisions"}],"predecessor-version":[{"id":1200,"href":"http:\/\/www.oztugkimya.com\/en\/wp-json\/wp\/v2\/pages\/1198\/revisions\/1200"}],"wp:attachment":[{"href":"http:\/\/www.oztugkimya.com\/en\/wp-json\/wp\/v2\/media?parent=1198"}],"curies":[{"name":"wp","href":"https:\/\/api.w.org\/{rel}","templated":true}]}}