{"id":1201,"date":"2020-07-27T11:34:09","date_gmt":"2020-07-27T11:34:09","guid":{"rendered":"http:\/\/www.oztugkimya.com\/?page_id=1201"},"modified":"2020-07-27T11:34:46","modified_gmt":"2020-07-27T11:34:46","slug":"sodyum-silikat","status":"publish","type":"page","link":"http:\/\/www.oztugkimya.com\/en\/sodyum-silikat\/","title":{"rendered":"Sodium Silicate"},"content":{"rendered":"<div data-elementor-type=\"wp-page\" data-elementor-id=\"1201\" class=\"elementor elementor-1201\">\n\t\t\t\t\t\t<div class=\"elementor-inner\">\n\t\t\t\t<div class=\"elementor-section-wrap\">\n\t\t\t\t\t\t\t\t\t<section class=\"penci-section penci-disSticky penci-structure-20 elementor-section elementor-top-section elementor-element elementor-element-c719116 elementor-section-boxed elementor-section-height-default elementor-section-height-default\" data-id=\"c719116\" data-element_type=\"section\">\n\t\t\t\t\t\t<div class=\"elementor-container elementor-column-gap-default\">\n\t\t\t\t\t\t\t<div class=\"elementor-row\">\n\t\t\t\t\t<div class=\"penci-ercol-50 penci-ercol-order-1 penci-sticky-ct    elementor-column elementor-col-50 elementor-top-column elementor-element elementor-element-ee1a6a8\" data-id=\"ee1a6a8\" data-element_type=\"column\">\n\t\t\t<div class=\"theiaStickySidebar elementor-column-wrap elementor-element-populated\">\n\t\t\t\t\t\t\t<div class=\"elementor-widget-wrap\">\n\t\t\t\t\t\t<div class=\"elementor-element elementor-element-3cf2b0c elementor-arrows-position-inside elementor-pagination-position-outside elementor-widget elementor-widget-image-carousel\" data-id=\"3cf2b0c\" data-element_type=\"widget\" data-settings=\"{&quot;navigation&quot;:&quot;both&quot;,&quot;autoplay&quot;:&quot;yes&quot;,&quot;pause_on_hover&quot;:&quot;yes&quot;,&quot;pause_on_interaction&quot;:&quot;yes&quot;,&quot;autoplay_speed&quot;:5000,&quot;infinite&quot;:&quot;yes&quot;,&quot;speed&quot;:500}\" data-widget_type=\"image-carousel.default\">\n\t\t\t\t<div class=\"elementor-widget-container\">\n\t\t\t\t\t<div class=\"elementor-image-carousel-wrapper swiper-container\" dir=\"ltr\">\n\t\t\t<div class=\"elementor-image-carousel swiper-wrapper\">\n\t\t\t\t\t\t\t\t<div class=\"swiper-slide\"><figure class=\"swiper-slide-inner\"><img decoding=\"async\" class=\"swiper-slide-image\" src=\"http:\/\/www.oztugkimya.com\/wp-content\/uploads\/2020\/05\/oztugcustomer-150x150.png\" alt=\"oztugcustomer\" \/><\/figure><\/div><div class=\"swiper-slide\"><figure class=\"swiper-slide-inner\"><img decoding=\"async\" class=\"swiper-slide-image\" src=\"http:\/\/www.oztugkimya.com\/wp-content\/uploads\/2020\/05\/oztugmission-150x150.png\" alt=\"oztugmission\" \/><\/figure><\/div><div class=\"swiper-slide\"><figure class=\"swiper-slide-inner\"><img decoding=\"async\" class=\"swiper-slide-image\" src=\"http:\/\/www.oztugkimya.com\/wp-content\/uploads\/2020\/05\/oztugmap-150x150.png\" alt=\"oztugmap\" \/><\/figure><\/div><div class=\"swiper-slide\"><figure class=\"swiper-slide-inner\"><img decoding=\"async\" class=\"swiper-slide-image\" src=\"http:\/\/www.oztugkimya.com\/wp-content\/uploads\/2020\/05\/oztuglogistics-150x150.png\" alt=\"oztuglogistics\" \/><\/figure><\/div><div class=\"swiper-slide\"><figure class=\"swiper-slide-inner\"><img decoding=\"async\" class=\"swiper-slide-image\" src=\"http:\/\/www.oztugkimya.com\/wp-content\/uploads\/2020\/05\/oztugdepolama1-150x150.png\" alt=\"oztugdepolama1\" \/><\/figure><\/div>\t\t\t<\/div>\n\t\t\t\t\t\t\t\t\t\t\t\t<div class=\"swiper-pagination\"><\/div>\n\t\t\t\t\t\t\t\t\t\t\t\t\t<div class=\"elementor-swiper-button elementor-swiper-button-prev\">\n\t\t\t\t\t\t<i aria-hidden=\"true\" class=\"eicon-chevron-left\"><\/i>\t\t\t\t\t\t<span class=\"elementor-screen-only\">Previous<\/span>\n\t\t\t\t\t<\/div>\n\t\t\t\t\t<div class=\"elementor-swiper-button elementor-swiper-button-next\">\n\t\t\t\t\t\t<i aria-hidden=\"true\" class=\"eicon-chevron-right\"><\/i>\t\t\t\t\t\t<span class=\"elementor-screen-only\">Next<\/span>\n\t\t\t\t\t<\/div>\n\t\t\t\t\t\t\t\t\t<\/div>\n\t\t\t\t<\/div>\n\t\t\t\t<\/div>\n\t\t\t\t\t\t<\/div>\n\t\t\t\t\t<\/div>\n\t\t<\/div>\n\t\t\t\t<div class=\"penci-ercol-50 penci-ercol-order-2 penci-sticky-ct    elementor-column elementor-col-50 elementor-top-column elementor-element elementor-element-b4fcf53\" data-id=\"b4fcf53\" data-element_type=\"column\">\n\t\t\t<div class=\"theiaStickySidebar elementor-column-wrap elementor-element-populated\">\n\t\t\t\t\t\t\t<div class=\"elementor-widget-wrap\">\n\t\t\t\t\t\t<div class=\"elementor-element elementor-element-a469705 elementor-widget elementor-widget-text-editor\" data-id=\"a469705\" data-element_type=\"widget\" data-widget_type=\"text-editor.default\">\n\t\t\t\t<div class=\"elementor-widget-container\">\n\t\t\t\t\t\t\t\t<div class=\"elementor-text-editor elementor-clearfix\">\n\t\t\t\t<p><strong>G\u00f6r\u00fcn\u00fcm\u00fc\u00a0:\u00a0<\/strong>\u015eeffaf Renksiz kokusuz<\/p><p><strong>Kimyasal Ad\u0131\u00a0:\u00a0<\/strong>Sodium Silicate<\/p><p><strong>Kimyasal Form\u00fcl\u00fc\u00a0:<\/strong>\u00a0Na4O4Si<\/p><p><strong>Ambalaj \u015eekli\u00a0:\u00a0<\/strong>85 ve 300 kg varillerde<\/p><p><strong>Kullan\u0131m Alanlar\u0131\u00a0:<\/strong><\/p><p>Sodyum silikat, Na2(SiO2)nO form\u00fcl\u00fcne sahip bir kimyasal bile\u015fendir. Sodyum silikat su cam\u0131 olarak bilinen maddedir. Genel bi\u00e7imi renksiz haldedir. Ancak ticari olarak kullan\u0131lan t\u00fcrevlerinde yabanc\u0131 maddelerle birlikte ye\u015fil veya mavi renk alabilirler. Sodyum silikat, \u00e7imento sekt\u00f6r\u00fcnde, tekstilde, kereste i\u015fleme sanayinde, otomobillerde ve refrakter \u00f6zellikli malzemelerde s\u0131kl\u0131kla kullan\u0131l\u0131r. Sodyum karbonat ve silikon dioksit maddelerinin tepkimesi sonucu ortaya \u00e7\u0131kabilir.<br \/>Sodyum silikat\u0131 renksiz ve berrak yap\u0131l\u0131 bir bile\u015fendir. Su cam\u0131 ya da suda \u00e7\u00f6z\u00fcnen cam olarak da bilinen bu madde, kristal yap\u0131s\u0131na g\u00f6re farkl\u0131 s\u0131n\u0131fland\u0131rmalara tabi tutulmaktad\u0131r. S\u0131n\u0131fland\u0131rma \u015fekli X-ray k\u0131r\u0131n\u0131m metodudur. Suyla kar\u0131\u015ft\u0131r\u0131ld\u0131\u011f\u0131nda \u015furuba benzer bir yap\u0131 al\u0131r. Farkl\u0131 gruplardaki baz\u0131 sodyum silikatlar suda kolay \u00e7\u00f6z\u00fcnmeye bilir. Bu maddeler i\u00e7in en iyi \u00e7\u00f6z\u00fcnme yolu bas\u0131n\u00e7 alt\u0131nda suyun \u0131s\u0131t\u0131lmas\u0131d\u0131r.<\/p><p>Sodyum silikat, silika jellerin ham maddesidir. Bunun yan\u0131 s\u0131ra deterjan yap\u0131m\u0131nda, cam i\u00e7in \u00e7imento yap\u0131s\u0131 olu\u015fturmada, seramik ve \u00e7\u00f6mlek yap\u0131m\u0131nda, yanmaz ka\u011f\u0131t yap\u0131m\u0131nda, ah\u015fap i\u015fleme sekt\u00f6r\u00fcnde, \u00e7imento i\u015fleme sekt\u00f6r\u00fcnde, giysilerin boyanmas\u0131 ve bask\u0131lanmas\u0131nda s\u0131kl\u0131kla kullan\u0131l\u0131r. Ayr\u0131ca mukavvan\u0131n yap\u0131\u015ft\u0131r\u0131lmas\u0131 ve kumlar\u0131n kal\u0131pla\u015ft\u0131r\u0131lmas\u0131 i\u00e7in de iyi bir ba\u011flay\u0131c\u0131 yap\u0131\u015ft\u0131r\u0131c\u0131d\u0131r.<\/p><p><strong>Kullan\u0131m Alanlar\u0131<\/strong><\/p><ul><li>Silika jel \u00fcretimi<\/li><li>Deterjanlar\u0131n yap\u0131land\u0131r\u0131lmas\u0131 ve temizlik esnas\u0131nda kirin tortula\u015fmas\u0131n\u0131 \u00f6nleyici olarak<\/li><li>Tekstil sekt\u00f6r\u00fcnde ve ka\u011f\u0131t \u00fcretiminde peroksit stabiliz\u00f6r olarak<\/li><li>M\u00fcrekkep \u00e7\u00f6z\u00fcc\u00fc olarak<\/li><li>Kaynak \u00e7ubu\u011fu ba\u011flay\u0131c\u0131 olarak<\/li><li>Seramik \u00fcretiminde kilin s\u0131v\u0131la\u015ft\u0131r\u0131lmas\u0131 ve p\u0131ht\u0131la\u015fmas\u0131n\u0131n bozmak i\u00e7in<\/li><li>Yanmaz ka\u011f\u0131t kataliz\u00f6r\u00fc olarak<\/li><li>Betonlar\u0131n sertle\u015ftirilmesinde<\/li><li>Betonlar\u0131n asit ge\u00e7irmez yap\u0131ya sahip olmas\u0131nda<\/li><li>Petrol prose i\u015fleminde a\u015f\u0131nmay\u0131 \u00f6nlemede<\/li><li>Kerestelerin i\u015flenmesinde<\/li><li>Sular\u0131n ar\u0131t\u0131lmas\u0131nda ve p\u0131ht\u0131la\u015fmas\u0131n\u0131n \u00f6nlenmesinde<\/li><\/ul><p>Tekstil sekt\u00f6r\u00fcnde ph d\u00fczenleyici olarak<\/p>\t\t\t\t\t<\/div>\n\t\t\t\t\t\t<\/div>\n\t\t\t\t<\/div>\n\t\t\t\t\t\t<\/div>\n\t\t\t\t\t<\/div>\n\t\t<\/div>\n\t\t\t\t\t\t\t\t<\/div>\n\t\t\t\t\t<\/div>\n\t\t<\/section>\n\t\t\t\t\t\t\t\t\t<\/div>\n\t\t\t<\/div>\n\t\t\t\t\t<\/div>","protected":false},"excerpt":{"rendered":"<p>Previous Next G\u00f6r\u00fcn\u00fcm\u00fc\u00a0:\u00a0\u015eeffaf Renksiz kokusuz Kimyasal Ad\u0131\u00a0:\u00a0Sodium Silicate Kimyasal Form\u00fcl\u00fc\u00a0:\u00a0Na4O4Si Ambalaj \u015eekli\u00a0:\u00a085 ve 300 kg varillerde Kullan\u0131m Alanlar\u0131\u00a0: Sodyum silikat, Na2(SiO2)nO form\u00fcl\u00fcne sahip bir kimyasal bile\u015fendir. Sodyum silikat su cam\u0131&hellip;<\/p>","protected":false},"author":1,"featured_media":0,"parent":0,"menu_order":0,"comment_status":"closed","ping_status":"closed","template":"","meta":[],"yoast_head":"<!-- This site is optimized with the Yoast SEO plugin v20.3 - https:\/\/yoast.com\/wordpress\/plugins\/seo\/ -->\n<title>Sodyum Silikat - http:\/\/www.oztugkimya.com\/<\/title>\n<meta name=\"robots\" content=\"index, follow, max-snippet:-1, max-image-preview:large, max-video-preview:-1\" \/>\n<link rel=\"canonical\" href=\"http:\/\/www.oztugkimya.com\/en\/sodyum-silikat\/\" \/>\n<meta property=\"og:locale\" content=\"en_US\" \/>\n<meta property=\"og:type\" content=\"article\" \/>\n<meta property=\"og:title\" content=\"Sodyum Silikat - http:\/\/www.oztugkimya.com\/\" \/>\n<meta property=\"og:description\" content=\"Previous Next G\u00f6r\u00fcn\u00fcm\u00fc\u00a0:\u00a0\u015eeffaf Renksiz kokusuz Kimyasal Ad\u0131\u00a0:\u00a0Sodium Silicate Kimyasal Form\u00fcl\u00fc\u00a0:\u00a0Na4O4Si Ambalaj \u015eekli\u00a0:\u00a085 ve 300 kg varillerde Kullan\u0131m Alanlar\u0131\u00a0: Sodyum silikat, Na2(SiO2)nO form\u00fcl\u00fcne sahip bir kimyasal bile\u015fendir. Sodyum silikat su cam\u0131&hellip;\" \/>\n<meta property=\"og:url\" content=\"http:\/\/www.oztugkimya.com\/en\/sodyum-silikat\/\" \/>\n<meta property=\"og:site_name\" content=\"http:\/\/www.oztugkimya.com\/\" \/>\n<meta property=\"article:modified_time\" content=\"2020-07-27T11:34:46+00:00\" \/>\n<meta property=\"og:image\" content=\"http:\/\/www.oztugkimya.com\/wp-content\/uploads\/2020\/05\/oztugcustomer-150x150.png\" \/>\n<meta name=\"twitter:card\" content=\"summary_large_image\" \/>\n<meta name=\"twitter:label1\" content=\"Est. reading time\" \/>\n\t<meta name=\"twitter:data1\" content=\"2 minutes\" \/>\n<script type=\"application\/ld+json\" class=\"yoast-schema-graph\">{\"@context\":\"https:\/\/schema.org\",\"@graph\":[{\"@type\":\"WebPage\",\"@id\":\"http:\/\/www.oztugkimya.com\/sodyum-silikat\/\",\"url\":\"http:\/\/www.oztugkimya.com\/sodyum-silikat\/\",\"name\":\"Sodyum Silikat - http:\/\/www.oztugkimya.com\/\",\"isPartOf\":{\"@id\":\"http:\/\/www.oztugkimya.com\/#website\"},\"datePublished\":\"2020-07-27T11:34:09+00:00\",\"dateModified\":\"2020-07-27T11:34:46+00:00\",\"breadcrumb\":{\"@id\":\"http:\/\/www.oztugkimya.com\/sodyum-silikat\/#breadcrumb\"},\"inLanguage\":\"en-US\",\"potentialAction\":[{\"@type\":\"ReadAction\",\"target\":[\"http:\/\/www.oztugkimya.com\/sodyum-silikat\/\"]}]},{\"@type\":\"BreadcrumbList\",\"@id\":\"http:\/\/www.oztugkimya.com\/sodyum-silikat\/#breadcrumb\",\"itemListElement\":[{\"@type\":\"ListItem\",\"position\":1,\"name\":\"Ana sayfa\",\"item\":\"http:\/\/www.oztugkimya.com\/\"},{\"@type\":\"ListItem\",\"position\":2,\"name\":\"Sodyum Silikat\"}]},{\"@type\":\"WebSite\",\"@id\":\"http:\/\/www.oztugkimya.com\/#website\",\"url\":\"http:\/\/www.oztugkimya.com\/\",\"name\":\"http:\/\/www.oztugkimya.com\/\",\"description\":\"http:\/\/www.oztugkimya.com\/\",\"potentialAction\":[{\"@type\":\"SearchAction\",\"target\":{\"@type\":\"EntryPoint\",\"urlTemplate\":\"http:\/\/www.oztugkimya.com\/?s={search_term_string}\"},\"query-input\":\"required name=search_term_string\"}],\"inLanguage\":\"en-US\"}]}<\/script>\n<!-- \/ Yoast SEO plugin. -->","yoast_head_json":{"title":"Sodyum Silikat - http:\/\/www.oztugkimya.com\/","robots":{"index":"index","follow":"follow","max-snippet":"max-snippet:-1","max-image-preview":"max-image-preview:large","max-video-preview":"max-video-preview:-1"},"canonical":"http:\/\/www.oztugkimya.com\/en\/sodyum-silikat\/","og_locale":"en_US","og_type":"article","og_title":"Sodyum Silikat - http:\/\/www.oztugkimya.com\/","og_description":"Previous Next G\u00f6r\u00fcn\u00fcm\u00fc\u00a0:\u00a0\u015eeffaf Renksiz kokusuz Kimyasal Ad\u0131\u00a0:\u00a0Sodium Silicate Kimyasal Form\u00fcl\u00fc\u00a0:\u00a0Na4O4Si Ambalaj \u015eekli\u00a0:\u00a085 ve 300 kg varillerde Kullan\u0131m Alanlar\u0131\u00a0: Sodyum silikat, Na2(SiO2)nO form\u00fcl\u00fcne sahip bir kimyasal bile\u015fendir. Sodyum silikat su cam\u0131&hellip;","og_url":"http:\/\/www.oztugkimya.com\/en\/sodyum-silikat\/","og_site_name":"http:\/\/www.oztugkimya.com\/","article_modified_time":"2020-07-27T11:34:46+00:00","og_image":[{"url":"http:\/\/www.oztugkimya.com\/wp-content\/uploads\/2020\/05\/oztugcustomer-150x150.png"}],"twitter_card":"summary_large_image","twitter_misc":{"Est. reading time":"2 minutes"},"schema":{"@context":"https:\/\/schema.org","@graph":[{"@type":"WebPage","@id":"http:\/\/www.oztugkimya.com\/sodyum-silikat\/","url":"http:\/\/www.oztugkimya.com\/sodyum-silikat\/","name":"Sodyum Silikat - http:\/\/www.oztugkimya.com\/","isPartOf":{"@id":"http:\/\/www.oztugkimya.com\/#website"},"datePublished":"2020-07-27T11:34:09+00:00","dateModified":"2020-07-27T11:34:46+00:00","breadcrumb":{"@id":"http:\/\/www.oztugkimya.com\/sodyum-silikat\/#breadcrumb"},"inLanguage":"en-US","potentialAction":[{"@type":"ReadAction","target":["http:\/\/www.oztugkimya.com\/sodyum-silikat\/"]}]},{"@type":"BreadcrumbList","@id":"http:\/\/www.oztugkimya.com\/sodyum-silikat\/#breadcrumb","itemListElement":[{"@type":"ListItem","position":1,"name":"Ana sayfa","item":"http:\/\/www.oztugkimya.com\/"},{"@type":"ListItem","position":2,"name":"Sodyum Silikat"}]},{"@type":"WebSite","@id":"http:\/\/www.oztugkimya.com\/#website","url":"http:\/\/www.oztugkimya.com\/","name":"http:\/\/www.oztugkimya.com\/","description":"http:\/\/www.oztugkimya.com\/","potentialAction":[{"@type":"SearchAction","target":{"@type":"EntryPoint","urlTemplate":"http:\/\/www.oztugkimya.com\/?s={search_term_string}"},"query-input":"required name=search_term_string"}],"inLanguage":"en-US"}]}},"_links":{"self":[{"href":"http:\/\/www.oztugkimya.com\/en\/wp-json\/wp\/v2\/pages\/1201"}],"collection":[{"href":"http:\/\/www.oztugkimya.com\/en\/wp-json\/wp\/v2\/pages"}],"about":[{"href":"http:\/\/www.oztugkimya.com\/en\/wp-json\/wp\/v2\/types\/page"}],"author":[{"embeddable":true,"href":"http:\/\/www.oztugkimya.com\/en\/wp-json\/wp\/v2\/users\/1"}],"replies":[{"embeddable":true,"href":"http:\/\/www.oztugkimya.com\/en\/wp-json\/wp\/v2\/comments?post=1201"}],"version-history":[{"count":2,"href":"http:\/\/www.oztugkimya.com\/en\/wp-json\/wp\/v2\/pages\/1201\/revisions"}],"predecessor-version":[{"id":1203,"href":"http:\/\/www.oztugkimya.com\/en\/wp-json\/wp\/v2\/pages\/1201\/revisions\/1203"}],"wp:attachment":[{"href":"http:\/\/www.oztugkimya.com\/en\/wp-json\/wp\/v2\/media?parent=1201"}],"curies":[{"name":"wp","href":"https:\/\/api.w.org\/{rel}","templated":true}]}}