{"id":1217,"date":"2020-07-27T11:55:57","date_gmt":"2020-07-27T11:55:57","guid":{"rendered":"http:\/\/www.oztugkimya.com\/?page_id=1217"},"modified":"2020-07-27T11:56:46","modified_gmt":"2020-07-27T11:56:46","slug":"sulfamik-asit","status":"publish","type":"page","link":"http:\/\/www.oztugkimya.com\/en\/sulfamik-asit\/","title":{"rendered":"Sulfamic Acid"},"content":{"rendered":"<div data-elementor-type=\"wp-page\" data-elementor-id=\"1217\" class=\"elementor elementor-1217\">\n\t\t\t\t\t\t<div class=\"elementor-inner\">\n\t\t\t\t<div class=\"elementor-section-wrap\">\n\t\t\t\t\t\t\t\t\t<section class=\"penci-section penci-disSticky penci-structure-20 elementor-section elementor-top-section elementor-element elementor-element-658d461 elementor-section-boxed elementor-section-height-default elementor-section-height-default\" data-id=\"658d461\" data-element_type=\"section\">\n\t\t\t\t\t\t<div class=\"elementor-container elementor-column-gap-default\">\n\t\t\t\t\t\t\t<div class=\"elementor-row\">\n\t\t\t\t\t<div class=\"penci-ercol-50 penci-ercol-order-1 penci-sticky-ct    elementor-column elementor-col-50 elementor-top-column elementor-element elementor-element-5fb8275\" data-id=\"5fb8275\" data-element_type=\"column\">\n\t\t\t<div class=\"theiaStickySidebar elementor-column-wrap elementor-element-populated\">\n\t\t\t\t\t\t\t<div class=\"elementor-widget-wrap\">\n\t\t\t\t\t\t<div class=\"elementor-element elementor-element-a171b23 elementor-arrows-position-inside elementor-pagination-position-outside elementor-widget elementor-widget-image-carousel\" data-id=\"a171b23\" data-element_type=\"widget\" data-settings=\"{&quot;navigation&quot;:&quot;both&quot;,&quot;autoplay&quot;:&quot;yes&quot;,&quot;pause_on_hover&quot;:&quot;yes&quot;,&quot;pause_on_interaction&quot;:&quot;yes&quot;,&quot;autoplay_speed&quot;:5000,&quot;infinite&quot;:&quot;yes&quot;,&quot;speed&quot;:500}\" data-widget_type=\"image-carousel.default\">\n\t\t\t\t<div class=\"elementor-widget-container\">\n\t\t\t\t\t<div class=\"elementor-image-carousel-wrapper swiper-container\" dir=\"ltr\">\n\t\t\t<div class=\"elementor-image-carousel swiper-wrapper\">\n\t\t\t\t\t\t\t\t<div class=\"swiper-slide\"><figure class=\"swiper-slide-inner\"><img decoding=\"async\" class=\"swiper-slide-image\" src=\"http:\/\/www.oztugkimya.com\/wp-content\/uploads\/2020\/05\/oztugcustomer-150x150.png\" alt=\"oztugcustomer\" \/><\/figure><\/div><div class=\"swiper-slide\"><figure class=\"swiper-slide-inner\"><img decoding=\"async\" class=\"swiper-slide-image\" src=\"http:\/\/www.oztugkimya.com\/wp-content\/uploads\/2020\/05\/oztugmission-150x150.png\" alt=\"oztugmission\" \/><\/figure><\/div><div class=\"swiper-slide\"><figure class=\"swiper-slide-inner\"><img decoding=\"async\" class=\"swiper-slide-image\" src=\"http:\/\/www.oztugkimya.com\/wp-content\/uploads\/2020\/05\/oztugmap-150x150.png\" alt=\"oztugmap\" \/><\/figure><\/div><div class=\"swiper-slide\"><figure class=\"swiper-slide-inner\"><img decoding=\"async\" class=\"swiper-slide-image\" src=\"http:\/\/www.oztugkimya.com\/wp-content\/uploads\/2020\/05\/oztuglogistics-150x150.png\" alt=\"oztuglogistics\" \/><\/figure><\/div><div class=\"swiper-slide\"><figure class=\"swiper-slide-inner\"><img decoding=\"async\" class=\"swiper-slide-image\" src=\"http:\/\/www.oztugkimya.com\/wp-content\/uploads\/2020\/05\/oztugdepolama1-150x150.png\" alt=\"oztugdepolama1\" \/><\/figure><\/div>\t\t\t<\/div>\n\t\t\t\t\t\t\t\t\t\t\t\t<div class=\"swiper-pagination\"><\/div>\n\t\t\t\t\t\t\t\t\t\t\t\t\t<div class=\"elementor-swiper-button elementor-swiper-button-prev\">\n\t\t\t\t\t\t<i aria-hidden=\"true\" class=\"eicon-chevron-left\"><\/i>\t\t\t\t\t\t<span class=\"elementor-screen-only\">Previous<\/span>\n\t\t\t\t\t<\/div>\n\t\t\t\t\t<div class=\"elementor-swiper-button elementor-swiper-button-next\">\n\t\t\t\t\t\t<i aria-hidden=\"true\" class=\"eicon-chevron-right\"><\/i>\t\t\t\t\t\t<span class=\"elementor-screen-only\">Next<\/span>\n\t\t\t\t\t<\/div>\n\t\t\t\t\t\t\t\t\t<\/div>\n\t\t\t\t<\/div>\n\t\t\t\t<\/div>\n\t\t\t\t\t\t<\/div>\n\t\t\t\t\t<\/div>\n\t\t<\/div>\n\t\t\t\t<div class=\"penci-ercol-50 penci-ercol-order-2 penci-sticky-ct    elementor-column elementor-col-50 elementor-top-column elementor-element elementor-element-5ded1cc\" data-id=\"5ded1cc\" data-element_type=\"column\">\n\t\t\t<div class=\"theiaStickySidebar elementor-column-wrap elementor-element-populated\">\n\t\t\t\t\t\t\t<div class=\"elementor-widget-wrap\">\n\t\t\t\t\t\t<div class=\"elementor-element elementor-element-e0fa21c elementor-widget elementor-widget-text-editor\" data-id=\"e0fa21c\" data-element_type=\"widget\" data-widget_type=\"text-editor.default\">\n\t\t\t\t<div class=\"elementor-widget-container\">\n\t\t\t\t\t\t\t\t<div class=\"elementor-text-editor elementor-clearfix\">\n\t\t\t\t<p><strong>G\u00f6r\u00fcn\u00fcm\u00fc\u00a0\u00a0:<\/strong>\u00a0kokusuz beyaz kristal.<\/p><p><strong>Kimyasal Ad\u0131\u00a0:\u00a0<\/strong>amidosulfonic acid, amidosulfuric acid, aminosulfonic acid,<\/p><p><strong>Kimyasal Form\u00fcl\u00fc\u00a0:<\/strong>\u00a0H2NSO3H<\/p><p><strong>\u00d6zellikleri\u00a0:<\/strong>\u00a0Yava\u015f bir hidroliz ile suda \u00e7\u00f6z\u00fcn\u00fcr. Asidik bir maddedir.<\/p><p><strong>Ambalaj \u015eekli\u00a0:<\/strong>\u00a025 Kg. l\u0131k torbalarda<\/p><p><strong>Kullan\u0131m Alanlar\u0131\u00a0:<\/strong><\/p><p>S\u00fclfamik asit, kimyasal form\u00fcl\u00fc H3NO3S olan, kokusuz, renksiz, suda \u00e7\u00f6z\u00fclebilen ve u\u00e7ucu olmayan bir kimyasal bile\u015fiktir. Higroskopik ve u\u00e7ucu de\u011fildir. S\u00fclfamik asit\u00e7\u00f6zeltileri di\u011fer mineral asitlerine g\u00f6re metallere kar\u015f\u0131 daha az koroziftir. Oda s\u0131cakl\u0131\u011f\u0131nda sulu \u00e7\u00f6zeltileri kararl\u0131d\u0131r fakat s\u0131cakl\u0131k y\u00fckselmesiyle h\u0131zl\u0131 bir hidroliz meydana gelmektedir. \u00c7ok kuvvetli bir asittir. Kuvvetlili\u011fi hidroklorik asit ve nitrik asit ile k\u0131yaslanabiliyor olu\u015fudur. Suda 20 oC&#8217; de 21,5 g\/100 g \u00e7\u00f6z\u00fcn\u00fcr.<\/p><p><strong>Kullan\u0131m Alanlar\u0131<\/strong><\/p><ul><li>Sa\u011f\u0131m i\u015flemlerinde, bira, s\u00fct, \u015feker fabrikalar\u0131nda ve ka\u011f\u0131t de\u011firmenlerinde temizleyici maddedir.<\/li><li>Temizleyici olarak ve pul giderici olarak kullan\u0131l\u0131r.<\/li><li>Kire\u00e7 tortular\u0131n\u0131n giderilmesi i\u00e7in kullan\u0131l\u0131r.<\/li><li>Metal dekapaj i\u00e7in kullan\u0131l\u0131r.<\/li><li>Galvanizleme ve elektro-rafineri i\u015flemlerinde kullan\u0131l\u0131r.<\/li><li>S\u00fclfolama ve s\u00fclfatlama i\u015flemlerinde kullan\u0131l\u0131r.<\/li><li>Yapay tatland\u0131r\u0131c\u0131 \u00fcretimleri i\u00e7in ham madde olarak kullan\u0131l\u0131r.<\/li><li>Pigment ve boyar madde \u00fcretiminde nitrit diazotizasyonun uzakla\u015ft\u0131r\u0131lmas\u0131nda kullan\u0131l\u0131r.<\/li><li>Esterle\u015fme proseslerinde bir kataliz\u00f6r olarak kullan\u0131l\u0131r.<\/li><li>Boyama ve di\u011fer sistemler i\u00e7in pH ayarlay\u0131c\u0131 olarak kullan\u0131l\u0131r.<\/li><li>S\u00fclfamik asit en \u00e7ok seramik ve metal gibi y\u00fczeylerin temizlenmesinde kullan\u0131lan temizlik maddelerinin i\u00e7inde bulunur.<\/li><li>Pas s\u00f6k\u00fcc\u00fc ve kire\u00e7 s\u00f6k\u00fcc\u00fc \u00fcretiminde kullan\u0131l\u0131r.<\/li><li>Takma di\u015fleri temizlemekte kullan\u0131lan tabletlerin i\u00e7inde bulunmaktad\u0131r.<\/li><li>Ka\u011f\u0131t end\u00fcstrisinde klor stabilizat\u00f6r\u00fc olarak kullan\u0131l\u0131r.<\/li><li>Tar\u0131m ila\u00e7lar\u0131nda kullan\u0131lmaktad\u0131r.<\/li><li>Yanmaz ka\u011f\u0131t ve tuzlar\u0131n \u00fcretiminde kullan\u0131mlar\u0131 ger\u00e7ekle\u015ftirilmektedir.<\/li><li>S\u00fclfamik asit en \u00e7ok metal ve seramik gibi y\u00fczeyleri temizlemede kullan\u0131lan temizlik maddelerinde bulunur.<\/li><li>Kire\u00e7 ve pas s\u00f6k\u00fcc\u00fc \u00fcretimlerinde kullan\u0131l\u0131r.<\/li><li>Ayr\u0131ca takma di\u015fleri temizlemekte kullan\u0131lan tabletlerde de bulunmaktad\u0131r.<\/li><li>Boyar madde ve pigment yap\u0131m\u0131nda kullan\u0131l\u0131r.<\/li><li>K\u00e2\u011f\u0131t end\u00fcstrisinde klor stabilizat\u00f6r\u00fc olarak kullan\u0131l\u0131r.<\/li><li>Tar\u0131m ila\u00e7lar\u0131nda kullan\u0131l\u0131r.<\/li><\/ul><p>En bilinen uygulamalar\u0131ndan biri de tatland\u0131r\u0131c\u0131 bile\u015fikleri sentezlemede kullan\u0131lmalar\u0131d\u0131r.<\/p>\t\t\t\t\t<\/div>\n\t\t\t\t\t\t<\/div>\n\t\t\t\t<\/div>\n\t\t\t\t\t\t<\/div>\n\t\t\t\t\t<\/div>\n\t\t<\/div>\n\t\t\t\t\t\t\t\t<\/div>\n\t\t\t\t\t<\/div>\n\t\t<\/section>\n\t\t\t\t\t\t\t\t\t<\/div>\n\t\t\t<\/div>\n\t\t\t\t\t<\/div>","protected":false},"excerpt":{"rendered":"<p>Previous Next G\u00f6r\u00fcn\u00fcm\u00fc\u00a0\u00a0:\u00a0kokusuz beyaz kristal. Kimyasal Ad\u0131\u00a0:\u00a0amidosulfonic acid, amidosulfuric acid, aminosulfonic acid, Kimyasal Form\u00fcl\u00fc\u00a0:\u00a0H2NSO3H \u00d6zellikleri\u00a0:\u00a0Yava\u015f bir hidroliz ile suda \u00e7\u00f6z\u00fcn\u00fcr. Asidik bir maddedir. Ambalaj \u015eekli\u00a0:\u00a025 Kg. l\u0131k torbalarda Kullan\u0131m Alanlar\u0131\u00a0:&hellip;<\/p>","protected":false},"author":1,"featured_media":0,"parent":0,"menu_order":0,"comment_status":"closed","ping_status":"closed","template":"","meta":[],"yoast_head":"<!-- This site is optimized with the Yoast SEO plugin v20.3 - https:\/\/yoast.com\/wordpress\/plugins\/seo\/ -->\n<title>S\u00fclfamik Asit - http:\/\/www.oztugkimya.com\/<\/title>\n<meta name=\"robots\" content=\"index, follow, max-snippet:-1, max-image-preview:large, max-video-preview:-1\" \/>\n<link rel=\"canonical\" href=\"http:\/\/www.oztugkimya.com\/en\/sulfamik-asit\/\" \/>\n<meta property=\"og:locale\" content=\"en_US\" \/>\n<meta property=\"og:type\" content=\"article\" \/>\n<meta property=\"og:title\" content=\"S\u00fclfamik Asit - http:\/\/www.oztugkimya.com\/\" \/>\n<meta property=\"og:description\" content=\"Previous Next G\u00f6r\u00fcn\u00fcm\u00fc\u00a0\u00a0:\u00a0kokusuz beyaz kristal. Kimyasal Ad\u0131\u00a0:\u00a0amidosulfonic acid, amidosulfuric acid, aminosulfonic acid, Kimyasal Form\u00fcl\u00fc\u00a0:\u00a0H2NSO3H \u00d6zellikleri\u00a0:\u00a0Yava\u015f bir hidroliz ile suda \u00e7\u00f6z\u00fcn\u00fcr. Asidik bir maddedir. Ambalaj \u015eekli\u00a0:\u00a025 Kg. l\u0131k torbalarda Kullan\u0131m Alanlar\u0131\u00a0:&hellip;\" \/>\n<meta property=\"og:url\" content=\"http:\/\/www.oztugkimya.com\/en\/sulfamik-asit\/\" \/>\n<meta property=\"og:site_name\" content=\"http:\/\/www.oztugkimya.com\/\" \/>\n<meta property=\"article:modified_time\" content=\"2020-07-27T11:56:46+00:00\" \/>\n<meta property=\"og:image\" content=\"http:\/\/www.oztugkimya.com\/wp-content\/uploads\/2020\/05\/oztugcustomer-150x150.png\" \/>\n<meta name=\"twitter:card\" content=\"summary_large_image\" \/>\n<meta name=\"twitter:label1\" content=\"Est. reading time\" \/>\n\t<meta name=\"twitter:data1\" content=\"2 minutes\" \/>\n<script type=\"application\/ld+json\" class=\"yoast-schema-graph\">{\"@context\":\"https:\/\/schema.org\",\"@graph\":[{\"@type\":\"WebPage\",\"@id\":\"http:\/\/www.oztugkimya.com\/sulfamik-asit\/\",\"url\":\"http:\/\/www.oztugkimya.com\/sulfamik-asit\/\",\"name\":\"S\u00fclfamik Asit - http:\/\/www.oztugkimya.com\/\",\"isPartOf\":{\"@id\":\"http:\/\/www.oztugkimya.com\/#website\"},\"datePublished\":\"2020-07-27T11:55:57+00:00\",\"dateModified\":\"2020-07-27T11:56:46+00:00\",\"breadcrumb\":{\"@id\":\"http:\/\/www.oztugkimya.com\/sulfamik-asit\/#breadcrumb\"},\"inLanguage\":\"en-US\",\"potentialAction\":[{\"@type\":\"ReadAction\",\"target\":[\"http:\/\/www.oztugkimya.com\/sulfamik-asit\/\"]}]},{\"@type\":\"BreadcrumbList\",\"@id\":\"http:\/\/www.oztugkimya.com\/sulfamik-asit\/#breadcrumb\",\"itemListElement\":[{\"@type\":\"ListItem\",\"position\":1,\"name\":\"Ana sayfa\",\"item\":\"http:\/\/www.oztugkimya.com\/\"},{\"@type\":\"ListItem\",\"position\":2,\"name\":\"S\u00fclfamik Asit\"}]},{\"@type\":\"WebSite\",\"@id\":\"http:\/\/www.oztugkimya.com\/#website\",\"url\":\"http:\/\/www.oztugkimya.com\/\",\"name\":\"http:\/\/www.oztugkimya.com\/\",\"description\":\"http:\/\/www.oztugkimya.com\/\",\"potentialAction\":[{\"@type\":\"SearchAction\",\"target\":{\"@type\":\"EntryPoint\",\"urlTemplate\":\"http:\/\/www.oztugkimya.com\/?s={search_term_string}\"},\"query-input\":\"required name=search_term_string\"}],\"inLanguage\":\"en-US\"}]}<\/script>\n<!-- \/ Yoast SEO plugin. -->","yoast_head_json":{"title":"S\u00fclfamik Asit - http:\/\/www.oztugkimya.com\/","robots":{"index":"index","follow":"follow","max-snippet":"max-snippet:-1","max-image-preview":"max-image-preview:large","max-video-preview":"max-video-preview:-1"},"canonical":"http:\/\/www.oztugkimya.com\/en\/sulfamik-asit\/","og_locale":"en_US","og_type":"article","og_title":"S\u00fclfamik Asit - http:\/\/www.oztugkimya.com\/","og_description":"Previous Next G\u00f6r\u00fcn\u00fcm\u00fc\u00a0\u00a0:\u00a0kokusuz beyaz kristal. Kimyasal Ad\u0131\u00a0:\u00a0amidosulfonic acid, amidosulfuric acid, aminosulfonic acid, Kimyasal Form\u00fcl\u00fc\u00a0:\u00a0H2NSO3H \u00d6zellikleri\u00a0:\u00a0Yava\u015f bir hidroliz ile suda \u00e7\u00f6z\u00fcn\u00fcr. Asidik bir maddedir. Ambalaj \u015eekli\u00a0:\u00a025 Kg. l\u0131k torbalarda Kullan\u0131m Alanlar\u0131\u00a0:&hellip;","og_url":"http:\/\/www.oztugkimya.com\/en\/sulfamik-asit\/","og_site_name":"http:\/\/www.oztugkimya.com\/","article_modified_time":"2020-07-27T11:56:46+00:00","og_image":[{"url":"http:\/\/www.oztugkimya.com\/wp-content\/uploads\/2020\/05\/oztugcustomer-150x150.png"}],"twitter_card":"summary_large_image","twitter_misc":{"Est. reading time":"2 minutes"},"schema":{"@context":"https:\/\/schema.org","@graph":[{"@type":"WebPage","@id":"http:\/\/www.oztugkimya.com\/sulfamik-asit\/","url":"http:\/\/www.oztugkimya.com\/sulfamik-asit\/","name":"S\u00fclfamik Asit - http:\/\/www.oztugkimya.com\/","isPartOf":{"@id":"http:\/\/www.oztugkimya.com\/#website"},"datePublished":"2020-07-27T11:55:57+00:00","dateModified":"2020-07-27T11:56:46+00:00","breadcrumb":{"@id":"http:\/\/www.oztugkimya.com\/sulfamik-asit\/#breadcrumb"},"inLanguage":"en-US","potentialAction":[{"@type":"ReadAction","target":["http:\/\/www.oztugkimya.com\/sulfamik-asit\/"]}]},{"@type":"BreadcrumbList","@id":"http:\/\/www.oztugkimya.com\/sulfamik-asit\/#breadcrumb","itemListElement":[{"@type":"ListItem","position":1,"name":"Ana sayfa","item":"http:\/\/www.oztugkimya.com\/"},{"@type":"ListItem","position":2,"name":"S\u00fclfamik Asit"}]},{"@type":"WebSite","@id":"http:\/\/www.oztugkimya.com\/#website","url":"http:\/\/www.oztugkimya.com\/","name":"http:\/\/www.oztugkimya.com\/","description":"http:\/\/www.oztugkimya.com\/","potentialAction":[{"@type":"SearchAction","target":{"@type":"EntryPoint","urlTemplate":"http:\/\/www.oztugkimya.com\/?s={search_term_string}"},"query-input":"required name=search_term_string"}],"inLanguage":"en-US"}]}},"_links":{"self":[{"href":"http:\/\/www.oztugkimya.com\/en\/wp-json\/wp\/v2\/pages\/1217"}],"collection":[{"href":"http:\/\/www.oztugkimya.com\/en\/wp-json\/wp\/v2\/pages"}],"about":[{"href":"http:\/\/www.oztugkimya.com\/en\/wp-json\/wp\/v2\/types\/page"}],"author":[{"embeddable":true,"href":"http:\/\/www.oztugkimya.com\/en\/wp-json\/wp\/v2\/users\/1"}],"replies":[{"embeddable":true,"href":"http:\/\/www.oztugkimya.com\/en\/wp-json\/wp\/v2\/comments?post=1217"}],"version-history":[{"count":2,"href":"http:\/\/www.oztugkimya.com\/en\/wp-json\/wp\/v2\/pages\/1217\/revisions"}],"predecessor-version":[{"id":1219,"href":"http:\/\/www.oztugkimya.com\/en\/wp-json\/wp\/v2\/pages\/1217\/revisions\/1219"}],"wp:attachment":[{"href":"http:\/\/www.oztugkimya.com\/en\/wp-json\/wp\/v2\/media?parent=1217"}],"curies":[{"name":"wp","href":"https:\/\/api.w.org\/{rel}","templated":true}]}}