{"id":1220,"date":"2020-07-27T11:57:11","date_gmt":"2020-07-27T11:57:11","guid":{"rendered":"http:\/\/www.oztugkimya.com\/?page_id=1220"},"modified":"2020-07-27T11:58:03","modified_gmt":"2020-07-27T11:58:03","slug":"ure","status":"publish","type":"page","link":"http:\/\/www.oztugkimya.com\/en\/ure\/","title":{"rendered":"Urea"},"content":{"rendered":"<div data-elementor-type=\"wp-page\" data-elementor-id=\"1220\" class=\"elementor elementor-1220\">\n\t\t\t\t\t\t<div class=\"elementor-inner\">\n\t\t\t\t<div class=\"elementor-section-wrap\">\n\t\t\t\t\t\t\t\t\t<section class=\"penci-section penci-disSticky penci-structure-20 elementor-section elementor-top-section elementor-element elementor-element-f6826cb elementor-section-boxed elementor-section-height-default elementor-section-height-default\" data-id=\"f6826cb\" data-element_type=\"section\">\n\t\t\t\t\t\t<div class=\"elementor-container elementor-column-gap-default\">\n\t\t\t\t\t\t\t<div class=\"elementor-row\">\n\t\t\t\t\t<div class=\"penci-ercol-50 penci-ercol-order-1 penci-sticky-ct    elementor-column elementor-col-50 elementor-top-column elementor-element elementor-element-c57260e\" data-id=\"c57260e\" data-element_type=\"column\">\n\t\t\t<div class=\"theiaStickySidebar elementor-column-wrap elementor-element-populated\">\n\t\t\t\t\t\t\t<div class=\"elementor-widget-wrap\">\n\t\t\t\t\t\t<div class=\"elementor-element elementor-element-a9e5994 elementor-arrows-position-inside elementor-pagination-position-outside elementor-widget elementor-widget-image-carousel\" data-id=\"a9e5994\" data-element_type=\"widget\" data-settings=\"{&quot;navigation&quot;:&quot;both&quot;,&quot;autoplay&quot;:&quot;yes&quot;,&quot;pause_on_hover&quot;:&quot;yes&quot;,&quot;pause_on_interaction&quot;:&quot;yes&quot;,&quot;autoplay_speed&quot;:5000,&quot;infinite&quot;:&quot;yes&quot;,&quot;speed&quot;:500}\" data-widget_type=\"image-carousel.default\">\n\t\t\t\t<div class=\"elementor-widget-container\">\n\t\t\t\t\t<div class=\"elementor-image-carousel-wrapper swiper-container\" dir=\"ltr\">\n\t\t\t<div class=\"elementor-image-carousel swiper-wrapper\">\n\t\t\t\t\t\t\t\t<div class=\"swiper-slide\"><figure class=\"swiper-slide-inner\"><img decoding=\"async\" class=\"swiper-slide-image\" src=\"http:\/\/www.oztugkimya.com\/wp-content\/uploads\/2020\/05\/oztugcustomer-150x150.png\" alt=\"oztugcustomer\" \/><\/figure><\/div><div class=\"swiper-slide\"><figure class=\"swiper-slide-inner\"><img decoding=\"async\" class=\"swiper-slide-image\" src=\"http:\/\/www.oztugkimya.com\/wp-content\/uploads\/2020\/05\/oztugmission-150x150.png\" alt=\"oztugmission\" \/><\/figure><\/div><div class=\"swiper-slide\"><figure class=\"swiper-slide-inner\"><img decoding=\"async\" class=\"swiper-slide-image\" src=\"http:\/\/www.oztugkimya.com\/wp-content\/uploads\/2020\/05\/oztugmap-150x150.png\" alt=\"oztugmap\" \/><\/figure><\/div><div class=\"swiper-slide\"><figure class=\"swiper-slide-inner\"><img decoding=\"async\" class=\"swiper-slide-image\" src=\"http:\/\/www.oztugkimya.com\/wp-content\/uploads\/2020\/05\/oztuglogistics-150x150.png\" alt=\"oztuglogistics\" \/><\/figure><\/div><div class=\"swiper-slide\"><figure class=\"swiper-slide-inner\"><img decoding=\"async\" class=\"swiper-slide-image\" src=\"http:\/\/www.oztugkimya.com\/wp-content\/uploads\/2020\/05\/oztugdepolama1-150x150.png\" alt=\"oztugdepolama1\" \/><\/figure><\/div>\t\t\t<\/div>\n\t\t\t\t\t\t\t\t\t\t\t\t<div class=\"swiper-pagination\"><\/div>\n\t\t\t\t\t\t\t\t\t\t\t\t\t<div class=\"elementor-swiper-button elementor-swiper-button-prev\">\n\t\t\t\t\t\t<i aria-hidden=\"true\" class=\"eicon-chevron-left\"><\/i>\t\t\t\t\t\t<span class=\"elementor-screen-only\">Previous<\/span>\n\t\t\t\t\t<\/div>\n\t\t\t\t\t<div class=\"elementor-swiper-button elementor-swiper-button-next\">\n\t\t\t\t\t\t<i aria-hidden=\"true\" class=\"eicon-chevron-right\"><\/i>\t\t\t\t\t\t<span class=\"elementor-screen-only\">Next<\/span>\n\t\t\t\t\t<\/div>\n\t\t\t\t\t\t\t\t\t<\/div>\n\t\t\t\t<\/div>\n\t\t\t\t<\/div>\n\t\t\t\t\t\t<\/div>\n\t\t\t\t\t<\/div>\n\t\t<\/div>\n\t\t\t\t<div class=\"penci-ercol-50 penci-ercol-order-2 penci-sticky-ct    elementor-column elementor-col-50 elementor-top-column elementor-element elementor-element-db8a4fd\" data-id=\"db8a4fd\" data-element_type=\"column\">\n\t\t\t<div class=\"theiaStickySidebar elementor-column-wrap elementor-element-populated\">\n\t\t\t\t\t\t\t<div class=\"elementor-widget-wrap\">\n\t\t\t\t\t\t<div class=\"elementor-element elementor-element-d597a79 elementor-widget elementor-widget-text-editor\" data-id=\"d597a79\" data-element_type=\"widget\" data-widget_type=\"text-editor.default\">\n\t\t\t\t<div class=\"elementor-widget-container\">\n\t\t\t\t\t\t\t\t<div class=\"elementor-text-editor elementor-clearfix\">\n\t\t\t\t<p><strong>G\u00f6r\u00fcn\u00fcm\u00fc\u00a0:\u00a0<\/strong>Beyaz gran\u00fcl yap\u0131da<\/p><p><strong>Kimyasal Form\u00fcl\u00fc\u00a0:\u00a0<\/strong>(NH2)2CO &#8212; CH4N2O<\/p><p><strong>Ambalaj \u015eekli\u00a0:\u00a0<\/strong>50 Kg torbalarda<\/p><p><strong>Kullan\u0131m Alanlar\u0131\u00a0:<\/strong><\/p><p>Karbamit olarak da bilinen \u00fcre kimyasal form\u00fcl CO (NH2) 2&#8217;ye sahip organik bir bile\u015fiktir. Bu amid, bir karbonil (C = O) i\u015flevsel grubuyla birle\u015ftirilen iki -NH2 grubuna sahiptir.<\/p><p>\u00dcre, azot i\u00e7eren bile\u015fiklerin metabolizmas\u0131nda \u00f6nemli bir role sahiptir ve memelilerin idrar\u0131ndaki temel azot i\u00e7eren maddedir. Renksiz, kokusuz bir kat\u0131d\u0131r ve suda y\u00fcksek oranda \u00e7\u00f6z\u00fcn\u00fcrd\u00fcr ve hemen hemen hi\u00e7 toksik de\u011fildir . Suda \u00e7\u00f6z\u00fclm\u00fc\u015f, asitli de\u011fil alkalin de de\u011fildir. V\u00fccut, bir\u00e7ok proseste, en \u00f6nemlisi azot at\u0131l\u0131m\u0131nda kullan\u0131r. Karaci\u011fer, \u00fcre d\u00f6ng\u00fcs\u00fcnde iki amonyak molek\u00fcl\u00fcn\u00fc (NH3) bir karbon dioksit (CO2) molek\u00fcl\u00fc ile birle\u015ftirerek onu olu\u015fturur. \u00dcre azot kayna\u011f\u0131 olarak g\u00fcbrelerde yayg\u0131n olarak kullan\u0131lmaktad\u0131r ve kimya end\u00fcstrisi i\u00e7in \u00f6nemli bir hammaddedir.<\/p><p>\u00dcre, kimyada \u00f6nemli bir kavramsal kilometre ta\u015f\u0131nda \u00fcretilebilir. Bir maddenin biyolojik ba\u015flang\u0131\u00e7 \u200b\u200bmateryali olmaks\u0131z\u0131n bir laboratuarda sentezlenebilece\u011fi, yayg\u0131n olarak kullan\u0131lan hayati doktriniyle \u00e7eli\u015fen bir maddenin hayat\u0131n bir yan \u00fcr\u00fcn\u00fc olarak ilk kez bilinen zaman\u0131d\u0131r.<\/p><p><strong>Kullan\u0131m Alanlar\u0131<\/strong><\/p><ul><li>\u00dcre, iki ana s\u0131n\u0131f malzeme \u00fcretmek i\u00e7in hammaddedir: \u00dcre-formaldehit re\u00e7ineler ve deniz kontrplaklar\u0131nda kullan\u0131lan \u00fcre-melamin-formaldehit.<\/li><li>\u00dcre, end\u00fcstriyel olarak ve baz\u0131 do\u011fa\u00e7lama patlay\u0131c\u0131 cihazlar\u0131n bir par\u00e7as\u0131 olarak kullan\u0131lan y\u00fcksek bir patlay\u0131c\u0131 olan \u00fcre nitrat olu\u015fturmak i\u00e7in kullan\u0131labilir. Nitrosel\u00fclozlu patlay\u0131c\u0131larda stabilizat\u00f6rd\u00fcr.<\/li><li>D\u00fcnyadaki end\u00fcstriyel \u00fcre \u00fcreterinin% 90&#8217;\u0131ndan fazlas\u0131, azot sal\u0131ml\u0131 g\u00fcbreler olarak kullan\u0131lmak \u00fczere g\u00f6nderilmektedir.<\/li><li>\u00dcre, ortak kullan\u0131lan azotlu g\u00fcbrelerin en y\u00fcksek azot i\u00e7eri\u011fine sahiptir. Bu nedenle, birim azotlu besin maddesi ba\u015f\u0131na en d\u00fc\u015f\u00fck ta\u015f\u0131ma maliyetine sahiptir.<\/li><li>\u00dcre i\u00e7erisindeki y\u00fcksek azot konsantrasyonu nedeniyle, e\u015fit da\u011f\u0131l\u0131m\u0131n sa\u011flanmas\u0131 \u00e7ok \u00f6nemlidir. Uygulama ekipman\u0131 do\u011fru \u015fekilde kalibre edilmeli ve do\u011fru bir \u015fekilde kullan\u0131lmal\u0131d\u0131r.<\/li><li>\u00c7imlenme hasar\u0131 riski nedeniyle sondaj tohum ile temas halinde veya yak\u0131n\u0131nda ger\u00e7ekle\u015fmemelidir.<\/li><li>\u00dcre sprey olarak veya sulama sistemleri vas\u0131tas\u0131yla suda \u00e7\u00f6z\u00fcl\u00fcr.<\/li><li>Tah\u0131l ve pamuk ekinlerinde, \u00fcre ekimden \u00f6nce son ekim s\u0131ras\u0131nda s\u0131kl\u0131kla uygulan\u0131r. Y\u00fcksek ya\u011f\u0131\u015f alanlar\u0131nda ve kumlu topraklarda (s\u0131z\u0131nt\u0131 ile azot kaybedilebildi\u011fi yerlerde) ve iyi ya\u011fmur beklendi\u011finde \u00fcre, b\u00fcy\u00fcme mevsimi boyunca yan veya \u00fcst giyinmi\u015f olabilir. \u00dcst s\u00fcsleme, mera ve yem bitkileri i\u00e7in de pop\u00fclerdir. \u015eeker kam\u0131\u015f\u0131 yeti\u015ftiricili\u011finde, \u00fcre ekildikten sonra yan giyinir ve her tahin bitkisine uygulan\u0131r.<\/li><\/ul><p>Sulanan bitkilerde \u00fcre topra\u011fa kuru olarak uygulanabilir veya \u00e7\u00f6z\u00fcnm\u00fc\u015f ve sulama suyu vas\u0131tas\u0131yla uygulanabilir. \u00dcre kendi a\u011f\u0131rl\u0131\u011f\u0131yla suda \u00e7\u00f6z\u00fcn\u00fcr, ancak konsantrasyon artt\u0131k\u00e7a \u00e7\u00f6z\u00fclmesi gittik\u00e7e zorla\u015f\u0131r. \u00dcre suda eritilirse endotermik olur; \u00e7\u00f6zelti s\u0131cakl\u0131\u011f\u0131 \u00fcre eriyince d\u00fc\u015fer.<\/p>\t\t\t\t\t<\/div>\n\t\t\t\t\t\t<\/div>\n\t\t\t\t<\/div>\n\t\t\t\t\t\t<\/div>\n\t\t\t\t\t<\/div>\n\t\t<\/div>\n\t\t\t\t\t\t\t\t<\/div>\n\t\t\t\t\t<\/div>\n\t\t<\/section>\n\t\t\t\t\t\t\t\t\t<\/div>\n\t\t\t<\/div>\n\t\t\t\t\t<\/div>","protected":false},"excerpt":{"rendered":"<p>Previous Next G\u00f6r\u00fcn\u00fcm\u00fc\u00a0:\u00a0Beyaz gran\u00fcl yap\u0131da Kimyasal Form\u00fcl\u00fc\u00a0:\u00a0(NH2)2CO &#8212; CH4N2O Ambalaj \u015eekli\u00a0:\u00a050 Kg torbalarda Kullan\u0131m Alanlar\u0131\u00a0: Karbamit olarak da bilinen \u00fcre kimyasal form\u00fcl CO (NH2) 2&#8217;ye sahip organik bir bile\u015fiktir. Bu&hellip;<\/p>","protected":false},"author":1,"featured_media":0,"parent":0,"menu_order":0,"comment_status":"closed","ping_status":"closed","template":"","meta":[],"yoast_head":"<!-- This site is optimized with the Yoast SEO plugin v20.3 - https:\/\/yoast.com\/wordpress\/plugins\/seo\/ -->\n<title>\u00dcre - http:\/\/www.oztugkimya.com\/<\/title>\n<meta name=\"robots\" content=\"index, follow, max-snippet:-1, max-image-preview:large, max-video-preview:-1\" \/>\n<link rel=\"canonical\" href=\"http:\/\/www.oztugkimya.com\/en\/ure\/\" \/>\n<meta property=\"og:locale\" content=\"en_US\" \/>\n<meta property=\"og:type\" content=\"article\" \/>\n<meta property=\"og:title\" content=\"\u00dcre - http:\/\/www.oztugkimya.com\/\" \/>\n<meta property=\"og:description\" content=\"Previous Next G\u00f6r\u00fcn\u00fcm\u00fc\u00a0:\u00a0Beyaz gran\u00fcl yap\u0131da Kimyasal Form\u00fcl\u00fc\u00a0:\u00a0(NH2)2CO &#8212; CH4N2O Ambalaj \u015eekli\u00a0:\u00a050 Kg torbalarda Kullan\u0131m Alanlar\u0131\u00a0: Karbamit olarak da bilinen \u00fcre kimyasal form\u00fcl CO (NH2) 2&#8217;ye sahip organik bir bile\u015fiktir. Bu&hellip;\" \/>\n<meta property=\"og:url\" content=\"http:\/\/www.oztugkimya.com\/en\/ure\/\" \/>\n<meta property=\"og:site_name\" content=\"http:\/\/www.oztugkimya.com\/\" \/>\n<meta property=\"article:modified_time\" content=\"2020-07-27T11:58:03+00:00\" \/>\n<meta property=\"og:image\" content=\"http:\/\/www.oztugkimya.com\/wp-content\/uploads\/2020\/05\/oztugcustomer-150x150.png\" \/>\n<meta name=\"twitter:card\" content=\"summary_large_image\" \/>\n<meta name=\"twitter:label1\" content=\"Est. reading time\" \/>\n\t<meta name=\"twitter:data1\" content=\"3 minutes\" \/>\n<script type=\"application\/ld+json\" class=\"yoast-schema-graph\">{\"@context\":\"https:\/\/schema.org\",\"@graph\":[{\"@type\":\"WebPage\",\"@id\":\"http:\/\/www.oztugkimya.com\/ure\/\",\"url\":\"http:\/\/www.oztugkimya.com\/ure\/\",\"name\":\"\u00dcre - http:\/\/www.oztugkimya.com\/\",\"isPartOf\":{\"@id\":\"http:\/\/www.oztugkimya.com\/#website\"},\"datePublished\":\"2020-07-27T11:57:11+00:00\",\"dateModified\":\"2020-07-27T11:58:03+00:00\",\"breadcrumb\":{\"@id\":\"http:\/\/www.oztugkimya.com\/ure\/#breadcrumb\"},\"inLanguage\":\"en-US\",\"potentialAction\":[{\"@type\":\"ReadAction\",\"target\":[\"http:\/\/www.oztugkimya.com\/ure\/\"]}]},{\"@type\":\"BreadcrumbList\",\"@id\":\"http:\/\/www.oztugkimya.com\/ure\/#breadcrumb\",\"itemListElement\":[{\"@type\":\"ListItem\",\"position\":1,\"name\":\"Ana sayfa\",\"item\":\"http:\/\/www.oztugkimya.com\/\"},{\"@type\":\"ListItem\",\"position\":2,\"name\":\"\u00dcre\"}]},{\"@type\":\"WebSite\",\"@id\":\"http:\/\/www.oztugkimya.com\/#website\",\"url\":\"http:\/\/www.oztugkimya.com\/\",\"name\":\"http:\/\/www.oztugkimya.com\/\",\"description\":\"http:\/\/www.oztugkimya.com\/\",\"potentialAction\":[{\"@type\":\"SearchAction\",\"target\":{\"@type\":\"EntryPoint\",\"urlTemplate\":\"http:\/\/www.oztugkimya.com\/?s={search_term_string}\"},\"query-input\":\"required name=search_term_string\"}],\"inLanguage\":\"en-US\"}]}<\/script>\n<!-- \/ Yoast SEO plugin. -->","yoast_head_json":{"title":"\u00dcre - http:\/\/www.oztugkimya.com\/","robots":{"index":"index","follow":"follow","max-snippet":"max-snippet:-1","max-image-preview":"max-image-preview:large","max-video-preview":"max-video-preview:-1"},"canonical":"http:\/\/www.oztugkimya.com\/en\/ure\/","og_locale":"en_US","og_type":"article","og_title":"\u00dcre - http:\/\/www.oztugkimya.com\/","og_description":"Previous Next G\u00f6r\u00fcn\u00fcm\u00fc\u00a0:\u00a0Beyaz gran\u00fcl yap\u0131da Kimyasal Form\u00fcl\u00fc\u00a0:\u00a0(NH2)2CO &#8212; CH4N2O Ambalaj \u015eekli\u00a0:\u00a050 Kg torbalarda Kullan\u0131m Alanlar\u0131\u00a0: Karbamit olarak da bilinen \u00fcre kimyasal form\u00fcl CO (NH2) 2&#8217;ye sahip organik bir bile\u015fiktir. Bu&hellip;","og_url":"http:\/\/www.oztugkimya.com\/en\/ure\/","og_site_name":"http:\/\/www.oztugkimya.com\/","article_modified_time":"2020-07-27T11:58:03+00:00","og_image":[{"url":"http:\/\/www.oztugkimya.com\/wp-content\/uploads\/2020\/05\/oztugcustomer-150x150.png"}],"twitter_card":"summary_large_image","twitter_misc":{"Est. reading time":"3 minutes"},"schema":{"@context":"https:\/\/schema.org","@graph":[{"@type":"WebPage","@id":"http:\/\/www.oztugkimya.com\/ure\/","url":"http:\/\/www.oztugkimya.com\/ure\/","name":"\u00dcre - http:\/\/www.oztugkimya.com\/","isPartOf":{"@id":"http:\/\/www.oztugkimya.com\/#website"},"datePublished":"2020-07-27T11:57:11+00:00","dateModified":"2020-07-27T11:58:03+00:00","breadcrumb":{"@id":"http:\/\/www.oztugkimya.com\/ure\/#breadcrumb"},"inLanguage":"en-US","potentialAction":[{"@type":"ReadAction","target":["http:\/\/www.oztugkimya.com\/ure\/"]}]},{"@type":"BreadcrumbList","@id":"http:\/\/www.oztugkimya.com\/ure\/#breadcrumb","itemListElement":[{"@type":"ListItem","position":1,"name":"Ana sayfa","item":"http:\/\/www.oztugkimya.com\/"},{"@type":"ListItem","position":2,"name":"\u00dcre"}]},{"@type":"WebSite","@id":"http:\/\/www.oztugkimya.com\/#website","url":"http:\/\/www.oztugkimya.com\/","name":"http:\/\/www.oztugkimya.com\/","description":"http:\/\/www.oztugkimya.com\/","potentialAction":[{"@type":"SearchAction","target":{"@type":"EntryPoint","urlTemplate":"http:\/\/www.oztugkimya.com\/?s={search_term_string}"},"query-input":"required name=search_term_string"}],"inLanguage":"en-US"}]}},"_links":{"self":[{"href":"http:\/\/www.oztugkimya.com\/en\/wp-json\/wp\/v2\/pages\/1220"}],"collection":[{"href":"http:\/\/www.oztugkimya.com\/en\/wp-json\/wp\/v2\/pages"}],"about":[{"href":"http:\/\/www.oztugkimya.com\/en\/wp-json\/wp\/v2\/types\/page"}],"author":[{"embeddable":true,"href":"http:\/\/www.oztugkimya.com\/en\/wp-json\/wp\/v2\/users\/1"}],"replies":[{"embeddable":true,"href":"http:\/\/www.oztugkimya.com\/en\/wp-json\/wp\/v2\/comments?post=1220"}],"version-history":[{"count":2,"href":"http:\/\/www.oztugkimya.com\/en\/wp-json\/wp\/v2\/pages\/1220\/revisions"}],"predecessor-version":[{"id":1222,"href":"http:\/\/www.oztugkimya.com\/en\/wp-json\/wp\/v2\/pages\/1220\/revisions\/1222"}],"wp:attachment":[{"href":"http:\/\/www.oztugkimya.com\/en\/wp-json\/wp\/v2\/media?parent=1220"}],"curies":[{"name":"wp","href":"https:\/\/api.w.org\/{rel}","templated":true}]}}