{"id":1236,"date":"2020-08-17T09:25:38","date_gmt":"2020-08-17T09:25:38","guid":{"rendered":"http:\/\/www.oztugkimya.com\/?page_id=1236"},"modified":"2020-10-11T14:49:04","modified_gmt":"2020-10-11T14:49:04","slug":"agir-soda","status":"publish","type":"page","link":"http:\/\/www.oztugkimya.com\/en\/agir-soda\/","title":{"rendered":"HEAVY SODA"},"content":{"rendered":"<div data-elementor-type=\"wp-page\" data-elementor-id=\"1236\" class=\"elementor elementor-1236\">\n\t\t\t\t\t\t<div class=\"elementor-inner\">\n\t\t\t\t<div class=\"elementor-section-wrap\">\n\t\t\t\t\t\t\t\t\t<section class=\"penci-section penci-disSticky penci-structure-20 elementor-section elementor-top-section elementor-element elementor-element-aad3e21 elementor-section-boxed elementor-section-height-default elementor-section-height-default\" data-id=\"aad3e21\" data-element_type=\"section\">\n\t\t\t\t\t\t<div class=\"elementor-container elementor-column-gap-default\">\n\t\t\t\t\t\t\t<div class=\"elementor-row\">\n\t\t\t\t\t<div class=\"penci-ercol-50 penci-ercol-order-1 penci-sticky-ct    elementor-column elementor-col-50 elementor-top-column elementor-element elementor-element-2c8df49\" data-id=\"2c8df49\" data-element_type=\"column\">\n\t\t\t<div class=\"theiaStickySidebar elementor-column-wrap elementor-element-populated\">\n\t\t\t\t\t\t\t<div class=\"elementor-widget-wrap\">\n\t\t\t\t\t\t<div class=\"elementor-element elementor-element-de7b864 elementor-arrows-position-inside elementor-pagination-position-outside elementor-widget elementor-widget-image-carousel\" data-id=\"de7b864\" data-element_type=\"widget\" data-settings=\"{&quot;navigation&quot;:&quot;both&quot;,&quot;autoplay&quot;:&quot;yes&quot;,&quot;pause_on_hover&quot;:&quot;yes&quot;,&quot;pause_on_interaction&quot;:&quot;yes&quot;,&quot;autoplay_speed&quot;:5000,&quot;infinite&quot;:&quot;yes&quot;,&quot;speed&quot;:500}\" data-widget_type=\"image-carousel.default\">\n\t\t\t\t<div class=\"elementor-widget-container\">\n\t\t\t\t\t<div class=\"elementor-image-carousel-wrapper swiper-container\" dir=\"ltr\">\n\t\t\t<div class=\"elementor-image-carousel swiper-wrapper\">\n\t\t\t\t\t\t\t\t<div class=\"swiper-slide\"><figure class=\"swiper-slide-inner\"><img decoding=\"async\" class=\"swiper-slide-image\" src=\"http:\/\/www.oztugkimya.com\/wp-content\/uploads\/2020\/05\/oztugdepolama1-150x150.png\" alt=\"oztugdepolama1\" \/><\/figure><\/div><div class=\"swiper-slide\"><figure class=\"swiper-slide-inner\"><img decoding=\"async\" class=\"swiper-slide-image\" src=\"http:\/\/www.oztugkimya.com\/wp-content\/uploads\/2020\/05\/oztuglogistics-150x150.png\" alt=\"oztuglogistics\" \/><\/figure><\/div><div class=\"swiper-slide\"><figure class=\"swiper-slide-inner\"><img decoding=\"async\" class=\"swiper-slide-image\" src=\"http:\/\/www.oztugkimya.com\/wp-content\/uploads\/2020\/05\/oztugmap-150x150.png\" alt=\"oztugmap\" \/><\/figure><\/div><div class=\"swiper-slide\"><figure class=\"swiper-slide-inner\"><img decoding=\"async\" class=\"swiper-slide-image\" src=\"http:\/\/www.oztugkimya.com\/wp-content\/uploads\/2020\/05\/oztugmission-150x150.png\" alt=\"oztugmission\" \/><\/figure><\/div><div class=\"swiper-slide\"><figure class=\"swiper-slide-inner\"><img decoding=\"async\" class=\"swiper-slide-image\" src=\"http:\/\/www.oztugkimya.com\/wp-content\/uploads\/2020\/05\/oztugcustomer-150x150.png\" alt=\"oztugcustomer\" \/><\/figure><\/div>\t\t\t<\/div>\n\t\t\t\t\t\t\t\t\t\t\t\t<div class=\"swiper-pagination\"><\/div>\n\t\t\t\t\t\t\t\t\t\t\t\t\t<div class=\"elementor-swiper-button elementor-swiper-button-prev\">\n\t\t\t\t\t\t<i aria-hidden=\"true\" class=\"eicon-chevron-left\"><\/i>\t\t\t\t\t\t<span class=\"elementor-screen-only\">Previous<\/span>\n\t\t\t\t\t<\/div>\n\t\t\t\t\t<div class=\"elementor-swiper-button elementor-swiper-button-next\">\n\t\t\t\t\t\t<i aria-hidden=\"true\" class=\"eicon-chevron-right\"><\/i>\t\t\t\t\t\t<span class=\"elementor-screen-only\">Next<\/span>\n\t\t\t\t\t<\/div>\n\t\t\t\t\t\t\t\t\t<\/div>\n\t\t\t\t<\/div>\n\t\t\t\t<\/div>\n\t\t\t\t\t\t<\/div>\n\t\t\t\t\t<\/div>\n\t\t<\/div>\n\t\t\t\t<div class=\"penci-ercol-50 penci-ercol-order-2 penci-sticky-ct    elementor-column elementor-col-50 elementor-top-column elementor-element elementor-element-d2b694a\" data-id=\"d2b694a\" data-element_type=\"column\">\n\t\t\t<div class=\"theiaStickySidebar elementor-column-wrap elementor-element-populated\">\n\t\t\t\t\t\t\t<div class=\"elementor-widget-wrap\">\n\t\t\t\t\t\t<div class=\"elementor-element elementor-element-7c6ea18 elementor-widget elementor-widget-text-editor\" data-id=\"7c6ea18\" data-element_type=\"widget\" data-widget_type=\"text-editor.default\">\n\t\t\t\t<div class=\"elementor-widget-container\">\n\t\t\t\t\t\t\t\t<div class=\"elementor-text-editor elementor-clearfix\">\n\t\t\t\t<p style=\"background: white; margin: 0cm 0cm 11.25pt 0cm;\"><strong><span style=\"font-family: 'Arial',sans-serif; color: #222222;\">G\u00f6r\u00fcn\u00fcm\u00fc\u00a0:<\/span><\/strong><span style=\"font-family: 'Arial',sans-serif; color: #222222;\">\u00a0Beyaz, kat\u0131 higroskopik tozdur.<\/span><\/p><p style=\"background: white; margin: 0cm 0cm 11.25pt 0cm;\"><strong><span style=\"font-family: 'Arial',sans-serif; color: #222222;\">Kimyasal ad\u0131\u00a0:<\/span><\/strong><span style=\"font-family: 'Arial',sans-serif; color: #222222;\">\u00a0E500, Soda, soda kristali, soda k\u00fcl\u00fc,<\/span><\/p><p style=\"background: white; margin: 0cm 0cm 11.25pt 0cm;\"><strong><span style=\"font-family: 'Arial',sans-serif; color: #222222;\">Kimyasal Form\u00fcl\u00fc\u00a0 :<\/span><\/strong><span style=\"font-family: 'Arial',sans-serif; color: #222222;\">\u00a0Na2CO3<\/span><\/p><p style=\"background: white; margin: 0cm 0cm 11.25pt 0cm;\"><strong><span style=\"font-family: 'Arial',sans-serif; color: #222222;\">Ambalaj \u015eekli\u00a0:<\/span><\/strong><span style=\"font-family: 'Arial',sans-serif; color: #222222;\">\u00a050 Kg Torba<\/span><\/p><p style=\"background: white; margin: 0cm 0cm 11.25pt 0cm;\"><strong><span style=\"font-family: 'Arial',sans-serif; color: #222222;\">\u00d6zellikleri\u00a0:<\/span><\/strong><\/p><p style=\"background: white; margin: 0cm 0cm 11.25pt 0cm;\"><span style=\"font-family: 'Arial',sans-serif; color: #222222;\">Karbonik asidin sodyum tuzudur. E500<\/span><\/p><p style=\"background: white; margin: 0cm 0cm 11.25pt 0cm;\"><strong><span style=\"font-family: 'Arial',sans-serif; color: #222222;\">Tan\u0131m\u0131 ve Kullan\u0131m Alanlar\u0131\u00a0<\/span><\/strong><span style=\"font-family: 'Arial',sans-serif; color: #222222;\">:<\/span><\/p><p style=\"background: white; margin: 0cm 0cm 11.25pt 0cm;\"><span style=\"font-family: 'Arial',sans-serif; color: #222222;\">20 \u02daC deki suda 30gr\/100 ml \u00e7\u00f6z\u00fcn\u00fcr. Havuz suyunun pH de\u011ferinin y\u00fckseltir ve i\u00e7indeki y\u00fcksek orandaki alkali maddeler sebebiyle havuzdaki asidik bile\u015fenleri n\u00f6tralize eder. T\u00fcm alkali metal tuzlar\u0131n\u0131n sanayi a\u00e7\u0131s\u0131ndan ku\u015fkusuz en \u00f6nemlisidir. Bu bile\u015fik belirli deniz bitkilerinde ve baz\u0131 kayalarda mineral halinde bulunur. Yataklar\u0131 Afrika ve Asya\u2019dad\u0131r. G\u00fcn\u00fcm\u00fczde sodyum karbonat \u00fcretimi i\u00e7in kullan\u0131lan Solvay metodunda doymu\u015f sodyum klor\u00fcr \u00e7\u00f6zeltisi, \u00f6nce amonyakla daha sonra da karbondioksitle i\u015flem g\u00f6r\u00fcr ve bu yolla \u00fcretilen sodyum karbonata Solvay sodas\u0131 denir.<\/span><\/p><p style=\"background: white; margin: 0cm 0cm 11.25pt 0cm;\"><strong><span style=\"font-family: 'Arial',sans-serif; color: #222222;\">Kullan\u0131m Alanlar\u0131<\/span><\/strong><\/p><p style=\"background: white; margin: 0cm 0cm 11.25pt 0cm;\"><span style=\"font-family: 'Arial',sans-serif; color: #222222;\">\u00c7ama\u015f\u0131r ve \u00f6zellikle t\u00fcllerin beyazlat\u0131lmas\u0131nda kullan\u0131l\u0131r. Sodyum karbonat sularda sertlik yapan iyonlar\u0131 karbonat halinde \u00e7\u00f6kt\u00fcr\u00fcp ortamdan uzakla\u015ft\u0131r\u0131r. Bu \u015fekilde \u00e7ama\u015f\u0131r makinelerinde yumu\u015fat\u0131c\u0131 olarak kullan\u0131l\u0131r.<\/span><\/p><p style=\"background: white; margin: 0cm 0cm 11.25pt 0cm;\"><span style=\"font-family: 'Arial',sans-serif; color: #222222;\">Cam \u00fcretiminde kullan\u0131lan en \u00f6nemli kimyasald\u0131r. Kumla soda birle\u015ftirilerek \u00e7ok y\u00fcksek \u0131s\u0131ya y\u00fckseltilir ve aniden so\u011futulur. Bu \u015fekilde cam \u00fcretilir.<\/span><\/p><p style=\"background: white; margin: 0cm 0cm 11.25pt 0cm;\"><span style=\"font-family: 'Arial',sans-serif; color: #222222;\">Tekstil sekt\u00f6r\u00fcnde reaktif boya kullan\u0131ld\u0131\u011f\u0131nda sodyum karbonat boya ve lif aras\u0131ndaki ba\u011f\u0131 olu\u015fturmak i\u00e7in kullan\u0131l\u0131r.<\/span><\/p><p style=\"background: white; margin: 0cm 0cm 11.25pt 0cm;\"><span style=\"font-family: 'Arial',sans-serif; color: #222222;\">G\u0131da katk\u0131s\u0131 olarak asit d\u00fczenleyici, anti-caking ajan\u0131 ve stabilizat\u00f6r olarak g\u00f6rev yapar. \u015eerbet tozu \u00fcretiminde kullan\u0131l\u0131r.<\/span><\/p><p style=\"background: white; margin: 0cm 0cm 11.25pt 0cm;\"><span style=\"font-family: 'Arial',sans-serif; color: #222222;\">Tu\u011fla yap\u0131m\u0131nda \u0131slatma ajan\u0131 olarak g\u00f6rev yapar, bu \u015fekilde kil extrude edilirken daha az suya ihtiya\u00e7 olur.<\/span><\/p><p style=\"background: white; margin: 0cm 0cm 11.25pt 0cm;\"><span style=\"font-family: 'Arial',sans-serif; color: #222222;\">Di\u015f macunlar\u0131nda k\u00f6p\u00fck ajan\u0131 olarak kullan\u0131l\u0131r. S\u00fcrt\u00fcnme yarat\u0131r ve a\u011f\u0131z pH \u0131n\u0131 y\u00fckseltir.<\/span><\/p>\t\t\t\t\t<\/div>\n\t\t\t\t\t\t<\/div>\n\t\t\t\t<\/div>\n\t\t\t\t\t\t<\/div>\n\t\t\t\t\t<\/div>\n\t\t<\/div>\n\t\t\t\t\t\t\t\t<\/div>\n\t\t\t\t\t<\/div>\n\t\t<\/section>\n\t\t\t\t\t\t\t\t\t<\/div>\n\t\t\t<\/div>\n\t\t\t\t\t<\/div>","protected":false},"excerpt":{"rendered":"<p>Previous Next G\u00f6r\u00fcn\u00fcm\u00fc&nbsp;:&nbsp;Beyaz, kat\u0131 higroskopik tozdur. Kimyasal ad\u0131&nbsp;:&nbsp;E500, Soda, soda kristali, soda k\u00fcl\u00fc, Kimyasal Form\u00fcl\u00fc&nbsp; :&nbsp;Na2CO3 Ambalaj \u015eekli&nbsp;:&nbsp;50 Kg Torba \u00d6zellikleri&nbsp;: Karbonik asidin sodyum tuzudur. E500 Tan\u0131m\u0131 ve Kullan\u0131m Alanlar\u0131&nbsp;:&hellip;<\/p>","protected":false},"author":1,"featured_media":0,"parent":0,"menu_order":0,"comment_status":"closed","ping_status":"closed","template":"","meta":[],"yoast_head":"<!-- This site is optimized with the Yoast SEO plugin v20.3 - https:\/\/yoast.com\/wordpress\/plugins\/seo\/ -->\n<title>A\u011eIR SODA - http:\/\/www.oztugkimya.com\/<\/title>\n<meta name=\"robots\" content=\"index, follow, max-snippet:-1, max-image-preview:large, max-video-preview:-1\" \/>\n<link rel=\"canonical\" href=\"http:\/\/www.oztugkimya.com\/en\/agir-soda\/\" \/>\n<meta property=\"og:locale\" content=\"en_US\" \/>\n<meta property=\"og:type\" content=\"article\" \/>\n<meta property=\"og:title\" content=\"A\u011eIR SODA - http:\/\/www.oztugkimya.com\/\" \/>\n<meta property=\"og:description\" content=\"Previous Next G\u00f6r\u00fcn\u00fcm\u00fc&nbsp;:&nbsp;Beyaz, kat\u0131 higroskopik tozdur. Kimyasal ad\u0131&nbsp;:&nbsp;E500, Soda, soda kristali, soda k\u00fcl\u00fc, Kimyasal Form\u00fcl\u00fc&nbsp; :&nbsp;Na2CO3 Ambalaj \u015eekli&nbsp;:&nbsp;50 Kg Torba \u00d6zellikleri&nbsp;: Karbonik asidin sodyum tuzudur. E500 Tan\u0131m\u0131 ve Kullan\u0131m Alanlar\u0131&nbsp;:&hellip;\" \/>\n<meta property=\"og:url\" content=\"http:\/\/www.oztugkimya.com\/en\/agir-soda\/\" \/>\n<meta property=\"og:site_name\" content=\"http:\/\/www.oztugkimya.com\/\" \/>\n<meta property=\"article:modified_time\" content=\"2020-10-11T14:49:04+00:00\" \/>\n<meta property=\"og:image\" content=\"http:\/\/www.oztugkimya.com\/wp-content\/uploads\/2020\/05\/oztugdepolama1-150x150.png\" \/>\n<meta name=\"twitter:card\" content=\"summary_large_image\" \/>\n<meta name=\"twitter:label1\" content=\"Est. reading time\" \/>\n\t<meta name=\"twitter:data1\" content=\"2 minutes\" \/>\n<script type=\"application\/ld+json\" class=\"yoast-schema-graph\">{\"@context\":\"https:\/\/schema.org\",\"@graph\":[{\"@type\":\"WebPage\",\"@id\":\"http:\/\/www.oztugkimya.com\/agir-soda\/\",\"url\":\"http:\/\/www.oztugkimya.com\/agir-soda\/\",\"name\":\"A\u011eIR SODA - http:\/\/www.oztugkimya.com\/\",\"isPartOf\":{\"@id\":\"http:\/\/www.oztugkimya.com\/#website\"},\"datePublished\":\"2020-08-17T09:25:38+00:00\",\"dateModified\":\"2020-10-11T14:49:04+00:00\",\"breadcrumb\":{\"@id\":\"http:\/\/www.oztugkimya.com\/agir-soda\/#breadcrumb\"},\"inLanguage\":\"en-US\",\"potentialAction\":[{\"@type\":\"ReadAction\",\"target\":[\"http:\/\/www.oztugkimya.com\/agir-soda\/\"]}]},{\"@type\":\"BreadcrumbList\",\"@id\":\"http:\/\/www.oztugkimya.com\/agir-soda\/#breadcrumb\",\"itemListElement\":[{\"@type\":\"ListItem\",\"position\":1,\"name\":\"Ana sayfa\",\"item\":\"http:\/\/www.oztugkimya.com\/\"},{\"@type\":\"ListItem\",\"position\":2,\"name\":\"A\u011eIR SODA\"}]},{\"@type\":\"WebSite\",\"@id\":\"http:\/\/www.oztugkimya.com\/#website\",\"url\":\"http:\/\/www.oztugkimya.com\/\",\"name\":\"http:\/\/www.oztugkimya.com\/\",\"description\":\"http:\/\/www.oztugkimya.com\/\",\"potentialAction\":[{\"@type\":\"SearchAction\",\"target\":{\"@type\":\"EntryPoint\",\"urlTemplate\":\"http:\/\/www.oztugkimya.com\/?s={search_term_string}\"},\"query-input\":\"required name=search_term_string\"}],\"inLanguage\":\"en-US\"}]}<\/script>\n<!-- \/ Yoast SEO plugin. -->","yoast_head_json":{"title":"A\u011eIR SODA - http:\/\/www.oztugkimya.com\/","robots":{"index":"index","follow":"follow","max-snippet":"max-snippet:-1","max-image-preview":"max-image-preview:large","max-video-preview":"max-video-preview:-1"},"canonical":"http:\/\/www.oztugkimya.com\/en\/agir-soda\/","og_locale":"en_US","og_type":"article","og_title":"A\u011eIR SODA - http:\/\/www.oztugkimya.com\/","og_description":"Previous Next G\u00f6r\u00fcn\u00fcm\u00fc&nbsp;:&nbsp;Beyaz, kat\u0131 higroskopik tozdur. Kimyasal ad\u0131&nbsp;:&nbsp;E500, Soda, soda kristali, soda k\u00fcl\u00fc, Kimyasal Form\u00fcl\u00fc&nbsp; :&nbsp;Na2CO3 Ambalaj \u015eekli&nbsp;:&nbsp;50 Kg Torba \u00d6zellikleri&nbsp;: Karbonik asidin sodyum tuzudur. E500 Tan\u0131m\u0131 ve Kullan\u0131m Alanlar\u0131&nbsp;:&hellip;","og_url":"http:\/\/www.oztugkimya.com\/en\/agir-soda\/","og_site_name":"http:\/\/www.oztugkimya.com\/","article_modified_time":"2020-10-11T14:49:04+00:00","og_image":[{"url":"http:\/\/www.oztugkimya.com\/wp-content\/uploads\/2020\/05\/oztugdepolama1-150x150.png"}],"twitter_card":"summary_large_image","twitter_misc":{"Est. reading time":"2 minutes"},"schema":{"@context":"https:\/\/schema.org","@graph":[{"@type":"WebPage","@id":"http:\/\/www.oztugkimya.com\/agir-soda\/","url":"http:\/\/www.oztugkimya.com\/agir-soda\/","name":"A\u011eIR SODA - http:\/\/www.oztugkimya.com\/","isPartOf":{"@id":"http:\/\/www.oztugkimya.com\/#website"},"datePublished":"2020-08-17T09:25:38+00:00","dateModified":"2020-10-11T14:49:04+00:00","breadcrumb":{"@id":"http:\/\/www.oztugkimya.com\/agir-soda\/#breadcrumb"},"inLanguage":"en-US","potentialAction":[{"@type":"ReadAction","target":["http:\/\/www.oztugkimya.com\/agir-soda\/"]}]},{"@type":"BreadcrumbList","@id":"http:\/\/www.oztugkimya.com\/agir-soda\/#breadcrumb","itemListElement":[{"@type":"ListItem","position":1,"name":"Ana sayfa","item":"http:\/\/www.oztugkimya.com\/"},{"@type":"ListItem","position":2,"name":"A\u011eIR SODA"}]},{"@type":"WebSite","@id":"http:\/\/www.oztugkimya.com\/#website","url":"http:\/\/www.oztugkimya.com\/","name":"http:\/\/www.oztugkimya.com\/","description":"http:\/\/www.oztugkimya.com\/","potentialAction":[{"@type":"SearchAction","target":{"@type":"EntryPoint","urlTemplate":"http:\/\/www.oztugkimya.com\/?s={search_term_string}"},"query-input":"required name=search_term_string"}],"inLanguage":"en-US"}]}},"_links":{"self":[{"href":"http:\/\/www.oztugkimya.com\/en\/wp-json\/wp\/v2\/pages\/1236"}],"collection":[{"href":"http:\/\/www.oztugkimya.com\/en\/wp-json\/wp\/v2\/pages"}],"about":[{"href":"http:\/\/www.oztugkimya.com\/en\/wp-json\/wp\/v2\/types\/page"}],"author":[{"embeddable":true,"href":"http:\/\/www.oztugkimya.com\/en\/wp-json\/wp\/v2\/users\/1"}],"replies":[{"embeddable":true,"href":"http:\/\/www.oztugkimya.com\/en\/wp-json\/wp\/v2\/comments?post=1236"}],"version-history":[{"count":4,"href":"http:\/\/www.oztugkimya.com\/en\/wp-json\/wp\/v2\/pages\/1236\/revisions"}],"predecessor-version":[{"id":1338,"href":"http:\/\/www.oztugkimya.com\/en\/wp-json\/wp\/v2\/pages\/1236\/revisions\/1338"}],"wp:attachment":[{"href":"http:\/\/www.oztugkimya.com\/en\/wp-json\/wp\/v2\/media?parent=1236"}],"curies":[{"name":"wp","href":"https:\/\/api.w.org\/{rel}","templated":true}]}}