{"id":1241,"date":"2020-08-17T09:27:55","date_gmt":"2020-08-17T09:27:55","guid":{"rendered":"http:\/\/www.oztugkimya.com\/?page_id=1241"},"modified":"2020-08-17T09:29:00","modified_gmt":"2020-08-17T09:29:00","slug":"aluminyum-sulfat","status":"publish","type":"page","link":"http:\/\/www.oztugkimya.com\/en\/aluminyum-sulfat\/","title":{"rendered":"ALUMINUM SULFATE"},"content":{"rendered":"<div data-elementor-type=\"wp-page\" data-elementor-id=\"1241\" class=\"elementor elementor-1241\">\n\t\t\t\t\t\t<div class=\"elementor-inner\">\n\t\t\t\t<div class=\"elementor-section-wrap\">\n\t\t\t\t\t\t\t\t\t<section class=\"penci-section penci-disSticky penci-structure-20 elementor-section elementor-top-section elementor-element elementor-element-9d5994c elementor-section-boxed elementor-section-height-default elementor-section-height-default\" data-id=\"9d5994c\" data-element_type=\"section\">\n\t\t\t\t\t\t<div class=\"elementor-container elementor-column-gap-default\">\n\t\t\t\t\t\t\t<div class=\"elementor-row\">\n\t\t\t\t\t<div class=\"penci-ercol-50 penci-ercol-order-1 penci-sticky-ct    elementor-column elementor-col-50 elementor-top-column elementor-element elementor-element-9d39b6f\" data-id=\"9d39b6f\" data-element_type=\"column\">\n\t\t\t<div class=\"theiaStickySidebar elementor-column-wrap elementor-element-populated\">\n\t\t\t\t\t\t\t<div class=\"elementor-widget-wrap\">\n\t\t\t\t\t\t<div class=\"elementor-element elementor-element-d78cb8c elementor-arrows-position-inside elementor-pagination-position-outside elementor-widget elementor-widget-image-carousel\" data-id=\"d78cb8c\" data-element_type=\"widget\" data-settings=\"{&quot;navigation&quot;:&quot;both&quot;,&quot;autoplay&quot;:&quot;yes&quot;,&quot;pause_on_hover&quot;:&quot;yes&quot;,&quot;pause_on_interaction&quot;:&quot;yes&quot;,&quot;autoplay_speed&quot;:5000,&quot;infinite&quot;:&quot;yes&quot;,&quot;speed&quot;:500}\" data-widget_type=\"image-carousel.default\">\n\t\t\t\t<div class=\"elementor-widget-container\">\n\t\t\t\t\t<div class=\"elementor-image-carousel-wrapper swiper-container\" dir=\"ltr\">\n\t\t\t<div class=\"elementor-image-carousel swiper-wrapper\">\n\t\t\t\t\t\t\t\t<div class=\"swiper-slide\"><figure class=\"swiper-slide-inner\"><img decoding=\"async\" class=\"swiper-slide-image\" src=\"http:\/\/www.oztugkimya.com\/wp-content\/uploads\/2020\/05\/oztugdepolama1-150x150.png\" alt=\"oztugdepolama1\" \/><\/figure><\/div><div class=\"swiper-slide\"><figure class=\"swiper-slide-inner\"><img decoding=\"async\" class=\"swiper-slide-image\" src=\"http:\/\/www.oztugkimya.com\/wp-content\/uploads\/2020\/05\/oztuglogistics-150x150.png\" alt=\"oztuglogistics\" \/><\/figure><\/div><div class=\"swiper-slide\"><figure class=\"swiper-slide-inner\"><img decoding=\"async\" class=\"swiper-slide-image\" src=\"http:\/\/www.oztugkimya.com\/wp-content\/uploads\/2020\/05\/oztugmap-150x150.png\" alt=\"oztugmap\" \/><\/figure><\/div><div class=\"swiper-slide\"><figure class=\"swiper-slide-inner\"><img decoding=\"async\" class=\"swiper-slide-image\" src=\"http:\/\/www.oztugkimya.com\/wp-content\/uploads\/2020\/05\/oztugmission-150x150.png\" alt=\"oztugmission\" \/><\/figure><\/div><div class=\"swiper-slide\"><figure class=\"swiper-slide-inner\"><img decoding=\"async\" class=\"swiper-slide-image\" src=\"http:\/\/www.oztugkimya.com\/wp-content\/uploads\/2020\/05\/oztugcustomer-150x150.png\" alt=\"oztugcustomer\" \/><\/figure><\/div>\t\t\t<\/div>\n\t\t\t\t\t\t\t\t\t\t\t\t<div class=\"swiper-pagination\"><\/div>\n\t\t\t\t\t\t\t\t\t\t\t\t\t<div class=\"elementor-swiper-button elementor-swiper-button-prev\">\n\t\t\t\t\t\t<i aria-hidden=\"true\" class=\"eicon-chevron-left\"><\/i>\t\t\t\t\t\t<span class=\"elementor-screen-only\">Previous<\/span>\n\t\t\t\t\t<\/div>\n\t\t\t\t\t<div class=\"elementor-swiper-button elementor-swiper-button-next\">\n\t\t\t\t\t\t<i aria-hidden=\"true\" class=\"eicon-chevron-right\"><\/i>\t\t\t\t\t\t<span class=\"elementor-screen-only\">Next<\/span>\n\t\t\t\t\t<\/div>\n\t\t\t\t\t\t\t\t\t<\/div>\n\t\t\t\t<\/div>\n\t\t\t\t<\/div>\n\t\t\t\t\t\t<\/div>\n\t\t\t\t\t<\/div>\n\t\t<\/div>\n\t\t\t\t<div class=\"penci-ercol-50 penci-ercol-order-2 penci-sticky-ct    elementor-column elementor-col-50 elementor-top-column elementor-element elementor-element-2e044e5\" data-id=\"2e044e5\" data-element_type=\"column\">\n\t\t\t<div class=\"theiaStickySidebar elementor-column-wrap elementor-element-populated\">\n\t\t\t\t\t\t\t<div class=\"elementor-widget-wrap\">\n\t\t\t\t\t\t<div class=\"elementor-element elementor-element-020231f elementor-widget elementor-widget-text-editor\" data-id=\"020231f\" data-element_type=\"widget\" data-widget_type=\"text-editor.default\">\n\t\t\t\t<div class=\"elementor-widget-container\">\n\t\t\t\t\t\t\t\t<div class=\"elementor-text-editor elementor-clearfix\">\n\t\t\t\t<p><strong>G\u00f6r\u00fcn\u00fcm\u00fc\u00a0:\u00a0<\/strong>Beyaz Kristal Yap\u0131da Kat\u0131 Formda<\/p><p><strong>Kimyasal Ad\u0131\u00a0:<\/strong>\u00a0Aliminium Sulphate, Aliminium sulfate, Cake Alum, Filter Alum,<\/p><p><strong>Kimyasal Form\u00fcl\u00fc\u00a0:\u00a0<\/strong>Al2(SO4)3<\/p><p><strong>Ambalaj \u015eekli\u00a0:\u00a0<\/strong>25 Kg \u00c7uvallarda<\/p><p><strong>Tan\u0131m\u0131 ve Kullan\u0131m Alan\u0131\u00a0:<\/strong><\/p><p>Suda kolay \u00e7\u00f6z\u00fcn\u00fcr, alkolde \u00e7\u00f6z\u00fcnmez. Su ar\u0131t\u0131m\u0131nda kullan\u0131lan en yayg\u0131n p\u0131ht\u0131la\u015ft\u0131r\u0131c\u0131 (koag\u00fclant) olmas\u0131 sebebi ile 1 tonluk big-bag&#8217;lerde gran\u00fcl\u00fcr ve toz halde sat\u0131labilinmektedir. \u0130\u015f\u00e7i sa\u011fl\u0131\u011f\u0131 ve i\u015f g\u00fcvenli\u011fi y\u00f6netmelikleri uyar\u0131nda standart al\u00fcminyum s\u00fclfat ambalaj\u0131 25 kg&#8217;l\u0131kt\u0131r. Sat\u0131\u015f\u0131n\u0131 yapt\u0131\u011f\u0131m\u0131z al\u00fcminyum s\u00fclfat Tip-1 normunda ve y\u00fczde 16-17 safl\u0131k mertebesindedir.Kuru halde korozif aktivite g\u00f6stermeyen al\u00fcminyum s\u00fclfat su ile sol\u00fcsyonunda korozif olmaktad\u0131r. Korozif \u00f6zelli\u011finden dolay\u0131 plastik ya da paslanmaz \u00e7elik tanklarda stoklanmal\u0131d\u0131r.<\/p><p><strong>Kullan\u0131m Alanlar\u0131<\/strong><\/p><ul><li>G\u0131da (\u00f6zellikle s\u0131v\u0131 ve kat\u0131 ya\u011f \u00fcretiminde), ka\u011f\u0131t, tekstil, ila\u00e7, kozmetik, at\u0131k su, yang\u0131n s\u00f6nd\u00fcr\u00fcc\u00fc gibi \u00e7e\u015fitli sanayilerde de\u011fi\u015fik ama\u00e7larla (berrakla\u015ft\u0131r\u0131c\u0131 ajan, k\u00fcmele\u015ftirici ajan, bronzla\u015ft\u0131r\u0131c\u0131 ajan, yap\u0131\u015ft\u0131r\u0131c\u0131 ajan, stabilizat\u00f6r olarak) kullan\u0131lmaktad\u0131r.<\/li><li>Boyamalarda mordan olarak, beton i\u00e7in su ge\u00e7irmezlik ajan\u0131, kat\u0131 ve s\u0131v\u0131 ya\u011flar i\u00e7in berrakla\u015ft\u0131rma ajan\u0131, petrol rafineri proseslerinde koku ve renk giderici ajan olarak, pis su (la\u011f\u0131m suyu) muamelesinde ve su safla\u015ft\u0131rmada \u00e7\u00f6kt\u00fcrme ajan\u0131 olarak ve ayr\u0131ca g\u0131da katk\u0131s\u0131 olarak kullan\u0131lmaktad\u0131r.<\/li><li>Al\u00fcminyum s\u00fclfat (\u015fap) end\u00fcstriyel at\u0131k su veya i\u00e7me suyu ar\u0131t\u0131m\u0131nda kullan\u0131l\u0131rlar.<\/li><li>Al\u00fcminyum s\u00fclfat kimya, alt\u0131n ve de\u011ferli maden i\u015fleme, kuyumculuk, kaplama vb. bir\u00e7ok farkl\u0131 end\u00fcstride \u00e7\u00f6kt\u00fcrme ama\u00e7l\u0131 kullan\u0131lmaktad\u0131r.<\/li><\/ul>\t\t\t\t\t<\/div>\n\t\t\t\t\t\t<\/div>\n\t\t\t\t<\/div>\n\t\t\t\t\t\t<\/div>\n\t\t\t\t\t<\/div>\n\t\t<\/div>\n\t\t\t\t\t\t\t\t<\/div>\n\t\t\t\t\t<\/div>\n\t\t<\/section>\n\t\t\t\t\t\t\t\t\t<\/div>\n\t\t\t<\/div>\n\t\t\t\t\t<\/div>","protected":false},"excerpt":{"rendered":"<p>Previous Next G\u00f6r\u00fcn\u00fcm\u00fc\u00a0:\u00a0Beyaz Kristal Yap\u0131da Kat\u0131 Formda Kimyasal Ad\u0131\u00a0:\u00a0Aliminium Sulphate, Aliminium sulfate, Cake Alum, Filter Alum, Kimyasal Form\u00fcl\u00fc\u00a0:\u00a0Al2(SO4)3 Ambalaj \u015eekli\u00a0:\u00a025 Kg \u00c7uvallarda Tan\u0131m\u0131 ve Kullan\u0131m Alan\u0131\u00a0: Suda kolay \u00e7\u00f6z\u00fcn\u00fcr, alkolde&hellip;<\/p>","protected":false},"author":1,"featured_media":0,"parent":0,"menu_order":0,"comment_status":"closed","ping_status":"closed","template":"","meta":[],"yoast_head":"<!-- This site is optimized with the Yoast SEO plugin v20.3 - https:\/\/yoast.com\/wordpress\/plugins\/seo\/ -->\n<title>ALUMINYUM SULFAT - http:\/\/www.oztugkimya.com\/<\/title>\n<meta name=\"robots\" content=\"index, follow, max-snippet:-1, max-image-preview:large, max-video-preview:-1\" \/>\n<link rel=\"canonical\" href=\"http:\/\/www.oztugkimya.com\/en\/aluminyum-sulfat\/\" \/>\n<meta property=\"og:locale\" content=\"en_US\" \/>\n<meta property=\"og:type\" content=\"article\" \/>\n<meta property=\"og:title\" content=\"ALUMINYUM SULFAT - http:\/\/www.oztugkimya.com\/\" \/>\n<meta property=\"og:description\" content=\"Previous Next G\u00f6r\u00fcn\u00fcm\u00fc\u00a0:\u00a0Beyaz Kristal Yap\u0131da Kat\u0131 Formda Kimyasal Ad\u0131\u00a0:\u00a0Aliminium Sulphate, Aliminium sulfate, Cake Alum, Filter Alum, Kimyasal Form\u00fcl\u00fc\u00a0:\u00a0Al2(SO4)3 Ambalaj \u015eekli\u00a0:\u00a025 Kg \u00c7uvallarda Tan\u0131m\u0131 ve Kullan\u0131m Alan\u0131\u00a0: Suda kolay \u00e7\u00f6z\u00fcn\u00fcr, alkolde&hellip;\" \/>\n<meta property=\"og:url\" content=\"http:\/\/www.oztugkimya.com\/en\/aluminyum-sulfat\/\" \/>\n<meta property=\"og:site_name\" content=\"http:\/\/www.oztugkimya.com\/\" \/>\n<meta property=\"article:modified_time\" content=\"2020-08-17T09:29:00+00:00\" \/>\n<meta property=\"og:image\" content=\"http:\/\/www.oztugkimya.com\/wp-content\/uploads\/2020\/05\/oztugdepolama1-150x150.png\" \/>\n<meta name=\"twitter:card\" content=\"summary_large_image\" \/>\n<meta name=\"twitter:label1\" content=\"Est. reading time\" \/>\n\t<meta name=\"twitter:data1\" content=\"2 minutes\" \/>\n<script type=\"application\/ld+json\" class=\"yoast-schema-graph\">{\"@context\":\"https:\/\/schema.org\",\"@graph\":[{\"@type\":\"WebPage\",\"@id\":\"http:\/\/www.oztugkimya.com\/aluminyum-sulfat\/\",\"url\":\"http:\/\/www.oztugkimya.com\/aluminyum-sulfat\/\",\"name\":\"ALUMINYUM SULFAT - http:\/\/www.oztugkimya.com\/\",\"isPartOf\":{\"@id\":\"http:\/\/www.oztugkimya.com\/#website\"},\"datePublished\":\"2020-08-17T09:27:55+00:00\",\"dateModified\":\"2020-08-17T09:29:00+00:00\",\"breadcrumb\":{\"@id\":\"http:\/\/www.oztugkimya.com\/aluminyum-sulfat\/#breadcrumb\"},\"inLanguage\":\"en-US\",\"potentialAction\":[{\"@type\":\"ReadAction\",\"target\":[\"http:\/\/www.oztugkimya.com\/aluminyum-sulfat\/\"]}]},{\"@type\":\"BreadcrumbList\",\"@id\":\"http:\/\/www.oztugkimya.com\/aluminyum-sulfat\/#breadcrumb\",\"itemListElement\":[{\"@type\":\"ListItem\",\"position\":1,\"name\":\"Ana sayfa\",\"item\":\"http:\/\/www.oztugkimya.com\/\"},{\"@type\":\"ListItem\",\"position\":2,\"name\":\"ALUMINYUM SULFAT\"}]},{\"@type\":\"WebSite\",\"@id\":\"http:\/\/www.oztugkimya.com\/#website\",\"url\":\"http:\/\/www.oztugkimya.com\/\",\"name\":\"http:\/\/www.oztugkimya.com\/\",\"description\":\"http:\/\/www.oztugkimya.com\/\",\"potentialAction\":[{\"@type\":\"SearchAction\",\"target\":{\"@type\":\"EntryPoint\",\"urlTemplate\":\"http:\/\/www.oztugkimya.com\/?s={search_term_string}\"},\"query-input\":\"required name=search_term_string\"}],\"inLanguage\":\"en-US\"}]}<\/script>\n<!-- \/ Yoast SEO plugin. -->","yoast_head_json":{"title":"ALUMINYUM SULFAT - http:\/\/www.oztugkimya.com\/","robots":{"index":"index","follow":"follow","max-snippet":"max-snippet:-1","max-image-preview":"max-image-preview:large","max-video-preview":"max-video-preview:-1"},"canonical":"http:\/\/www.oztugkimya.com\/en\/aluminyum-sulfat\/","og_locale":"en_US","og_type":"article","og_title":"ALUMINYUM SULFAT - http:\/\/www.oztugkimya.com\/","og_description":"Previous Next G\u00f6r\u00fcn\u00fcm\u00fc\u00a0:\u00a0Beyaz Kristal Yap\u0131da Kat\u0131 Formda Kimyasal Ad\u0131\u00a0:\u00a0Aliminium Sulphate, Aliminium sulfate, Cake Alum, Filter Alum, Kimyasal Form\u00fcl\u00fc\u00a0:\u00a0Al2(SO4)3 Ambalaj \u015eekli\u00a0:\u00a025 Kg \u00c7uvallarda Tan\u0131m\u0131 ve Kullan\u0131m Alan\u0131\u00a0: Suda kolay \u00e7\u00f6z\u00fcn\u00fcr, alkolde&hellip;","og_url":"http:\/\/www.oztugkimya.com\/en\/aluminyum-sulfat\/","og_site_name":"http:\/\/www.oztugkimya.com\/","article_modified_time":"2020-08-17T09:29:00+00:00","og_image":[{"url":"http:\/\/www.oztugkimya.com\/wp-content\/uploads\/2020\/05\/oztugdepolama1-150x150.png"}],"twitter_card":"summary_large_image","twitter_misc":{"Est. reading time":"2 minutes"},"schema":{"@context":"https:\/\/schema.org","@graph":[{"@type":"WebPage","@id":"http:\/\/www.oztugkimya.com\/aluminyum-sulfat\/","url":"http:\/\/www.oztugkimya.com\/aluminyum-sulfat\/","name":"ALUMINYUM SULFAT - http:\/\/www.oztugkimya.com\/","isPartOf":{"@id":"http:\/\/www.oztugkimya.com\/#website"},"datePublished":"2020-08-17T09:27:55+00:00","dateModified":"2020-08-17T09:29:00+00:00","breadcrumb":{"@id":"http:\/\/www.oztugkimya.com\/aluminyum-sulfat\/#breadcrumb"},"inLanguage":"en-US","potentialAction":[{"@type":"ReadAction","target":["http:\/\/www.oztugkimya.com\/aluminyum-sulfat\/"]}]},{"@type":"BreadcrumbList","@id":"http:\/\/www.oztugkimya.com\/aluminyum-sulfat\/#breadcrumb","itemListElement":[{"@type":"ListItem","position":1,"name":"Ana sayfa","item":"http:\/\/www.oztugkimya.com\/"},{"@type":"ListItem","position":2,"name":"ALUMINYUM SULFAT"}]},{"@type":"WebSite","@id":"http:\/\/www.oztugkimya.com\/#website","url":"http:\/\/www.oztugkimya.com\/","name":"http:\/\/www.oztugkimya.com\/","description":"http:\/\/www.oztugkimya.com\/","potentialAction":[{"@type":"SearchAction","target":{"@type":"EntryPoint","urlTemplate":"http:\/\/www.oztugkimya.com\/?s={search_term_string}"},"query-input":"required name=search_term_string"}],"inLanguage":"en-US"}]}},"_links":{"self":[{"href":"http:\/\/www.oztugkimya.com\/en\/wp-json\/wp\/v2\/pages\/1241"}],"collection":[{"href":"http:\/\/www.oztugkimya.com\/en\/wp-json\/wp\/v2\/pages"}],"about":[{"href":"http:\/\/www.oztugkimya.com\/en\/wp-json\/wp\/v2\/types\/page"}],"author":[{"embeddable":true,"href":"http:\/\/www.oztugkimya.com\/en\/wp-json\/wp\/v2\/users\/1"}],"replies":[{"embeddable":true,"href":"http:\/\/www.oztugkimya.com\/en\/wp-json\/wp\/v2\/comments?post=1241"}],"version-history":[{"count":2,"href":"http:\/\/www.oztugkimya.com\/en\/wp-json\/wp\/v2\/pages\/1241\/revisions"}],"predecessor-version":[{"id":1243,"href":"http:\/\/www.oztugkimya.com\/en\/wp-json\/wp\/v2\/pages\/1241\/revisions\/1243"}],"wp:attachment":[{"href":"http:\/\/www.oztugkimya.com\/en\/wp-json\/wp\/v2\/media?parent=1241"}],"curies":[{"name":"wp","href":"https:\/\/api.w.org\/{rel}","templated":true}]}}