{"id":1252,"date":"2020-08-17T09:35:40","date_gmt":"2020-08-17T09:35:40","guid":{"rendered":"http:\/\/www.oztugkimya.com\/?page_id=1252"},"modified":"2020-08-17T09:36:51","modified_gmt":"2020-08-17T09:36:51","slug":"amonyum-per-sulfat","status":"publish","type":"page","link":"http:\/\/www.oztugkimya.com\/en\/amonyum-per-sulfat\/","title":{"rendered":"AMMONIUM PER SULFATE"},"content":{"rendered":"<div data-elementor-type=\"wp-page\" data-elementor-id=\"1252\" class=\"elementor elementor-1252\">\n\t\t\t\t\t\t<div class=\"elementor-inner\">\n\t\t\t\t<div class=\"elementor-section-wrap\">\n\t\t\t\t\t\t\t\t\t<section class=\"penci-section penci-disSticky penci-structure-20 elementor-section elementor-top-section elementor-element elementor-element-9ecef4c elementor-section-boxed elementor-section-height-default elementor-section-height-default\" data-id=\"9ecef4c\" data-element_type=\"section\">\n\t\t\t\t\t\t<div class=\"elementor-container elementor-column-gap-default\">\n\t\t\t\t\t\t\t<div class=\"elementor-row\">\n\t\t\t\t\t<div class=\"penci-ercol-50 penci-ercol-order-1 penci-sticky-ct    elementor-column elementor-col-50 elementor-top-column elementor-element elementor-element-eedb01e\" data-id=\"eedb01e\" data-element_type=\"column\">\n\t\t\t<div class=\"theiaStickySidebar elementor-column-wrap elementor-element-populated\">\n\t\t\t\t\t\t\t<div class=\"elementor-widget-wrap\">\n\t\t\t\t\t\t<div class=\"elementor-element elementor-element-426caec elementor-arrows-position-inside elementor-pagination-position-outside elementor-widget elementor-widget-image-carousel\" data-id=\"426caec\" data-element_type=\"widget\" data-settings=\"{&quot;navigation&quot;:&quot;both&quot;,&quot;autoplay&quot;:&quot;yes&quot;,&quot;pause_on_hover&quot;:&quot;yes&quot;,&quot;pause_on_interaction&quot;:&quot;yes&quot;,&quot;autoplay_speed&quot;:5000,&quot;infinite&quot;:&quot;yes&quot;,&quot;speed&quot;:500}\" data-widget_type=\"image-carousel.default\">\n\t\t\t\t<div class=\"elementor-widget-container\">\n\t\t\t\t\t<div class=\"elementor-image-carousel-wrapper swiper-container\" dir=\"ltr\">\n\t\t\t<div class=\"elementor-image-carousel swiper-wrapper\">\n\t\t\t\t\t\t\t\t<div class=\"swiper-slide\"><figure class=\"swiper-slide-inner\"><img decoding=\"async\" class=\"swiper-slide-image\" src=\"http:\/\/www.oztugkimya.com\/wp-content\/uploads\/2020\/05\/oztugdepolama1-150x150.png\" alt=\"oztugdepolama1\" \/><\/figure><\/div><div class=\"swiper-slide\"><figure class=\"swiper-slide-inner\"><img decoding=\"async\" class=\"swiper-slide-image\" src=\"http:\/\/www.oztugkimya.com\/wp-content\/uploads\/2020\/05\/oztuglogistics-150x150.png\" alt=\"oztuglogistics\" \/><\/figure><\/div><div class=\"swiper-slide\"><figure class=\"swiper-slide-inner\"><img decoding=\"async\" class=\"swiper-slide-image\" src=\"http:\/\/www.oztugkimya.com\/wp-content\/uploads\/2020\/05\/oztugmap-150x150.png\" alt=\"oztugmap\" \/><\/figure><\/div><div class=\"swiper-slide\"><figure class=\"swiper-slide-inner\"><img decoding=\"async\" class=\"swiper-slide-image\" src=\"http:\/\/www.oztugkimya.com\/wp-content\/uploads\/2020\/05\/oztugmission-150x150.png\" alt=\"oztugmission\" \/><\/figure><\/div><div class=\"swiper-slide\"><figure class=\"swiper-slide-inner\"><img decoding=\"async\" class=\"swiper-slide-image\" src=\"http:\/\/www.oztugkimya.com\/wp-content\/uploads\/2020\/05\/oztugcustomer-150x150.png\" alt=\"oztugcustomer\" \/><\/figure><\/div>\t\t\t<\/div>\n\t\t\t\t\t\t\t\t\t\t\t\t<div class=\"swiper-pagination\"><\/div>\n\t\t\t\t\t\t\t\t\t\t\t\t\t<div class=\"elementor-swiper-button elementor-swiper-button-prev\">\n\t\t\t\t\t\t<i aria-hidden=\"true\" class=\"eicon-chevron-left\"><\/i>\t\t\t\t\t\t<span class=\"elementor-screen-only\">Previous<\/span>\n\t\t\t\t\t<\/div>\n\t\t\t\t\t<div class=\"elementor-swiper-button elementor-swiper-button-next\">\n\t\t\t\t\t\t<i aria-hidden=\"true\" class=\"eicon-chevron-right\"><\/i>\t\t\t\t\t\t<span class=\"elementor-screen-only\">Next<\/span>\n\t\t\t\t\t<\/div>\n\t\t\t\t\t\t\t\t\t<\/div>\n\t\t\t\t<\/div>\n\t\t\t\t<\/div>\n\t\t\t\t\t\t<\/div>\n\t\t\t\t\t<\/div>\n\t\t<\/div>\n\t\t\t\t<div class=\"penci-ercol-50 penci-ercol-order-2 penci-sticky-ct    elementor-column elementor-col-50 elementor-top-column elementor-element elementor-element-cf90117\" data-id=\"cf90117\" data-element_type=\"column\">\n\t\t\t<div class=\"theiaStickySidebar elementor-column-wrap elementor-element-populated\">\n\t\t\t\t\t\t\t<div class=\"elementor-widget-wrap\">\n\t\t\t\t\t\t<div class=\"elementor-element elementor-element-09fe14d elementor-widget elementor-widget-text-editor\" data-id=\"09fe14d\" data-element_type=\"widget\" data-widget_type=\"text-editor.default\">\n\t\t\t\t<div class=\"elementor-widget-container\">\n\t\t\t\t\t\t\t\t<div class=\"elementor-text-editor elementor-clearfix\">\n\t\t\t\t<p><strong>G\u00f6r\u00fcn\u00fcm\u00fc :<\/strong>\u00a0Beyaz Kristal<\/p><p><strong>Kimyasal Ad\u0131 :\u00a0<\/strong>Ammonium Peroxydisulfate; Diammonium Peroxodisulphate<\/p><p><strong>Kimyasal Form\u00fcl\u00fc :\u00a0<\/strong>(NH4)2S2O8<\/p><p><strong>Ambalaj \u015eekli :\u00a0<\/strong>25 Ve 1000 Kg\u2019l\u0131k Ta\u015f\u0131ma Ve Depolama \u015eartlar\u0131na Uygun Torbalar<\/p><p><strong>Tan\u0131m\u0131 ve Kullan\u0131m Alan\u0131 :<\/strong><\/p><p>Suda \u00e7\u00f6z\u00fcn\u00fcr, dekompoze olur. Amonyum pers\u00fclfat, bir\u00e7ok uygulamada kullan\u0131lan g\u00fc\u00e7l\u00fc bir oksidize edici ajand\u0131r ve serbest radikal \u00fcretir.<\/p><p><strong>Kullan\u0131m Alanlar\u0131<\/strong><\/p><ul><li>Camda, \u00e7inko ve PCB \u00fcretim prosesinde etching ajan\u0131 olarak<\/li><li>Tekstil ve a\u011fartma i\u015flemlerinde; renk ve koku giderme ya\u011flar\u0131nda<\/li><li>Boyalar\u0131n \u00fcretiminde<\/li><li>Bak\u0131r\u0131n y\u00fczey muamele ajan\u0131 olarak ve toprak d\u00fczenleyici olarak kullan\u0131m alan\u0131 bulunur.<\/li><li>Akrilonitrilin polimerizasyonunda, genellikle alkali s\u00fclfitlerle birlikte poliakrilonitril elyaf \u00fcretiminde, monomerlerin em\u00fclsiyon polimerizasyonunda kullan\u0131l\u0131r.<\/li><li>Un, ya\u011f, tutkal, sabun v.s. \u00fcretimlerinde beyazlat\u0131c\u0131 olarak. Plastik, foto\u011fraf, parf\u00fcmeri gibi sanayi kollar\u0131nda.\u00c7e\u015fitli kimyasal maddeler \u00fcretimi ve metalurjide oksitleyici olarak kullan\u0131l\u0131r.<\/li><li>krilonitrilin polimerizasyonunda, genellikle alkali s\u00fclfitlerle birlikte poliakrilonitril elyaf \u00fcretiminde, monomerlerin<\/li><li>Em\u00fclsiyon polimerizasyonunda.<\/li><li>Plastik, foto\u011fraf, parf\u00fcmeri gibi sanayi kollar\u0131nda.<\/li><li>\u00c7e\u015fitli kimyasal maddeler \u00fcretimi ve metalurjide oksitleyici olarak.<\/li><\/ul>\t\t\t\t\t<\/div>\n\t\t\t\t\t\t<\/div>\n\t\t\t\t<\/div>\n\t\t\t\t\t\t<\/div>\n\t\t\t\t\t<\/div>\n\t\t<\/div>\n\t\t\t\t\t\t\t\t<\/div>\n\t\t\t\t\t<\/div>\n\t\t<\/section>\n\t\t\t\t\t\t\t\t\t<\/div>\n\t\t\t<\/div>\n\t\t\t\t\t<\/div>","protected":false},"excerpt":{"rendered":"<p>Previous Next G\u00f6r\u00fcn\u00fcm\u00fc :\u00a0Beyaz Kristal Kimyasal Ad\u0131 :\u00a0Ammonium Peroxydisulfate; Diammonium Peroxodisulphate Kimyasal Form\u00fcl\u00fc :\u00a0(NH4)2S2O8 Ambalaj \u015eekli :\u00a025 Ve 1000 Kg\u2019l\u0131k Ta\u015f\u0131ma Ve Depolama \u015eartlar\u0131na Uygun Torbalar Tan\u0131m\u0131 ve Kullan\u0131m Alan\u0131&hellip;<\/p>","protected":false},"author":1,"featured_media":0,"parent":0,"menu_order":0,"comment_status":"closed","ping_status":"closed","template":"","meta":[],"yoast_head":"<!-- This site is optimized with the Yoast SEO plugin v20.3 - https:\/\/yoast.com\/wordpress\/plugins\/seo\/ -->\n<title>AMONYUM PER S\u00dcLFAT - http:\/\/www.oztugkimya.com\/<\/title>\n<meta name=\"robots\" content=\"index, follow, max-snippet:-1, max-image-preview:large, max-video-preview:-1\" \/>\n<link rel=\"canonical\" href=\"http:\/\/www.oztugkimya.com\/en\/amonyum-per-sulfat\/\" \/>\n<meta property=\"og:locale\" content=\"en_US\" \/>\n<meta property=\"og:type\" content=\"article\" \/>\n<meta property=\"og:title\" content=\"AMONYUM PER S\u00dcLFAT - http:\/\/www.oztugkimya.com\/\" \/>\n<meta property=\"og:description\" content=\"Previous Next G\u00f6r\u00fcn\u00fcm\u00fc :\u00a0Beyaz Kristal Kimyasal Ad\u0131 :\u00a0Ammonium Peroxydisulfate; Diammonium Peroxodisulphate Kimyasal Form\u00fcl\u00fc :\u00a0(NH4)2S2O8 Ambalaj \u015eekli :\u00a025 Ve 1000 Kg\u2019l\u0131k Ta\u015f\u0131ma Ve Depolama \u015eartlar\u0131na Uygun Torbalar Tan\u0131m\u0131 ve Kullan\u0131m Alan\u0131&hellip;\" \/>\n<meta property=\"og:url\" content=\"http:\/\/www.oztugkimya.com\/en\/amonyum-per-sulfat\/\" \/>\n<meta property=\"og:site_name\" content=\"http:\/\/www.oztugkimya.com\/\" \/>\n<meta property=\"article:modified_time\" content=\"2020-08-17T09:36:51+00:00\" \/>\n<meta property=\"og:image\" content=\"http:\/\/www.oztugkimya.com\/wp-content\/uploads\/2020\/05\/oztugdepolama1-150x150.png\" \/>\n<meta name=\"twitter:card\" content=\"summary_large_image\" \/>\n<meta name=\"twitter:label1\" content=\"Est. reading time\" \/>\n\t<meta name=\"twitter:data1\" content=\"1 minute\" \/>\n<script type=\"application\/ld+json\" class=\"yoast-schema-graph\">{\"@context\":\"https:\/\/schema.org\",\"@graph\":[{\"@type\":\"WebPage\",\"@id\":\"http:\/\/www.oztugkimya.com\/amonyum-per-sulfat\/\",\"url\":\"http:\/\/www.oztugkimya.com\/amonyum-per-sulfat\/\",\"name\":\"AMONYUM PER S\u00dcLFAT - http:\/\/www.oztugkimya.com\/\",\"isPartOf\":{\"@id\":\"http:\/\/www.oztugkimya.com\/#website\"},\"datePublished\":\"2020-08-17T09:35:40+00:00\",\"dateModified\":\"2020-08-17T09:36:51+00:00\",\"breadcrumb\":{\"@id\":\"http:\/\/www.oztugkimya.com\/amonyum-per-sulfat\/#breadcrumb\"},\"inLanguage\":\"en-US\",\"potentialAction\":[{\"@type\":\"ReadAction\",\"target\":[\"http:\/\/www.oztugkimya.com\/amonyum-per-sulfat\/\"]}]},{\"@type\":\"BreadcrumbList\",\"@id\":\"http:\/\/www.oztugkimya.com\/amonyum-per-sulfat\/#breadcrumb\",\"itemListElement\":[{\"@type\":\"ListItem\",\"position\":1,\"name\":\"Ana sayfa\",\"item\":\"http:\/\/www.oztugkimya.com\/\"},{\"@type\":\"ListItem\",\"position\":2,\"name\":\"AMONYUM PER S\u00dcLFAT\"}]},{\"@type\":\"WebSite\",\"@id\":\"http:\/\/www.oztugkimya.com\/#website\",\"url\":\"http:\/\/www.oztugkimya.com\/\",\"name\":\"http:\/\/www.oztugkimya.com\/\",\"description\":\"http:\/\/www.oztugkimya.com\/\",\"potentialAction\":[{\"@type\":\"SearchAction\",\"target\":{\"@type\":\"EntryPoint\",\"urlTemplate\":\"http:\/\/www.oztugkimya.com\/?s={search_term_string}\"},\"query-input\":\"required name=search_term_string\"}],\"inLanguage\":\"en-US\"}]}<\/script>\n<!-- \/ Yoast SEO plugin. -->","yoast_head_json":{"title":"AMONYUM PER S\u00dcLFAT - http:\/\/www.oztugkimya.com\/","robots":{"index":"index","follow":"follow","max-snippet":"max-snippet:-1","max-image-preview":"max-image-preview:large","max-video-preview":"max-video-preview:-1"},"canonical":"http:\/\/www.oztugkimya.com\/en\/amonyum-per-sulfat\/","og_locale":"en_US","og_type":"article","og_title":"AMONYUM PER S\u00dcLFAT - http:\/\/www.oztugkimya.com\/","og_description":"Previous Next G\u00f6r\u00fcn\u00fcm\u00fc :\u00a0Beyaz Kristal Kimyasal Ad\u0131 :\u00a0Ammonium Peroxydisulfate; Diammonium Peroxodisulphate Kimyasal Form\u00fcl\u00fc :\u00a0(NH4)2S2O8 Ambalaj \u015eekli :\u00a025 Ve 1000 Kg\u2019l\u0131k Ta\u015f\u0131ma Ve Depolama \u015eartlar\u0131na Uygun Torbalar Tan\u0131m\u0131 ve Kullan\u0131m Alan\u0131&hellip;","og_url":"http:\/\/www.oztugkimya.com\/en\/amonyum-per-sulfat\/","og_site_name":"http:\/\/www.oztugkimya.com\/","article_modified_time":"2020-08-17T09:36:51+00:00","og_image":[{"url":"http:\/\/www.oztugkimya.com\/wp-content\/uploads\/2020\/05\/oztugdepolama1-150x150.png"}],"twitter_card":"summary_large_image","twitter_misc":{"Est. reading time":"1 minute"},"schema":{"@context":"https:\/\/schema.org","@graph":[{"@type":"WebPage","@id":"http:\/\/www.oztugkimya.com\/amonyum-per-sulfat\/","url":"http:\/\/www.oztugkimya.com\/amonyum-per-sulfat\/","name":"AMONYUM PER S\u00dcLFAT - http:\/\/www.oztugkimya.com\/","isPartOf":{"@id":"http:\/\/www.oztugkimya.com\/#website"},"datePublished":"2020-08-17T09:35:40+00:00","dateModified":"2020-08-17T09:36:51+00:00","breadcrumb":{"@id":"http:\/\/www.oztugkimya.com\/amonyum-per-sulfat\/#breadcrumb"},"inLanguage":"en-US","potentialAction":[{"@type":"ReadAction","target":["http:\/\/www.oztugkimya.com\/amonyum-per-sulfat\/"]}]},{"@type":"BreadcrumbList","@id":"http:\/\/www.oztugkimya.com\/amonyum-per-sulfat\/#breadcrumb","itemListElement":[{"@type":"ListItem","position":1,"name":"Ana sayfa","item":"http:\/\/www.oztugkimya.com\/"},{"@type":"ListItem","position":2,"name":"AMONYUM PER S\u00dcLFAT"}]},{"@type":"WebSite","@id":"http:\/\/www.oztugkimya.com\/#website","url":"http:\/\/www.oztugkimya.com\/","name":"http:\/\/www.oztugkimya.com\/","description":"http:\/\/www.oztugkimya.com\/","potentialAction":[{"@type":"SearchAction","target":{"@type":"EntryPoint","urlTemplate":"http:\/\/www.oztugkimya.com\/?s={search_term_string}"},"query-input":"required name=search_term_string"}],"inLanguage":"en-US"}]}},"_links":{"self":[{"href":"http:\/\/www.oztugkimya.com\/en\/wp-json\/wp\/v2\/pages\/1252"}],"collection":[{"href":"http:\/\/www.oztugkimya.com\/en\/wp-json\/wp\/v2\/pages"}],"about":[{"href":"http:\/\/www.oztugkimya.com\/en\/wp-json\/wp\/v2\/types\/page"}],"author":[{"embeddable":true,"href":"http:\/\/www.oztugkimya.com\/en\/wp-json\/wp\/v2\/users\/1"}],"replies":[{"embeddable":true,"href":"http:\/\/www.oztugkimya.com\/en\/wp-json\/wp\/v2\/comments?post=1252"}],"version-history":[{"count":3,"href":"http:\/\/www.oztugkimya.com\/en\/wp-json\/wp\/v2\/pages\/1252\/revisions"}],"predecessor-version":[{"id":1468,"href":"http:\/\/www.oztugkimya.com\/en\/wp-json\/wp\/v2\/pages\/1252\/revisions\/1468"}],"wp:attachment":[{"href":"http:\/\/www.oztugkimya.com\/en\/wp-json\/wp\/v2\/media?parent=1252"}],"curies":[{"name":"wp","href":"https:\/\/api.w.org\/{rel}","templated":true}]}}