{"id":1258,"date":"2020-08-17T09:37:49","date_gmt":"2020-08-17T09:37:49","guid":{"rendered":"http:\/\/www.oztugkimya.com\/?page_id=1258"},"modified":"2020-08-17T09:40:22","modified_gmt":"2020-08-17T09:40:22","slug":"anyonik-polielektrolit","status":"publish","type":"page","link":"http:\/\/www.oztugkimya.com\/en\/anyonik-polielektrolit\/","title":{"rendered":"ANIONIC POLYELECTROLYTE"},"content":{"rendered":"<div data-elementor-type=\"wp-page\" data-elementor-id=\"1258\" class=\"elementor elementor-1258\">\n\t\t\t\t\t\t<div class=\"elementor-inner\">\n\t\t\t\t<div class=\"elementor-section-wrap\">\n\t\t\t\t\t\t\t\t\t<section class=\"penci-section penci-disSticky penci-structure-20 elementor-section elementor-top-section elementor-element elementor-element-f23c810 elementor-section-boxed elementor-section-height-default elementor-section-height-default\" data-id=\"f23c810\" data-element_type=\"section\">\n\t\t\t\t\t\t<div class=\"elementor-container elementor-column-gap-default\">\n\t\t\t\t\t\t\t<div class=\"elementor-row\">\n\t\t\t\t\t<div class=\"penci-ercol-50 penci-ercol-order-1 penci-sticky-ct    elementor-column elementor-col-50 elementor-top-column elementor-element elementor-element-8a824e6\" data-id=\"8a824e6\" data-element_type=\"column\">\n\t\t\t<div class=\"theiaStickySidebar elementor-column-wrap elementor-element-populated\">\n\t\t\t\t\t\t\t<div class=\"elementor-widget-wrap\">\n\t\t\t\t\t\t<div class=\"elementor-element elementor-element-5049a87 elementor-arrows-position-inside elementor-pagination-position-outside elementor-widget elementor-widget-image-carousel\" data-id=\"5049a87\" data-element_type=\"widget\" data-settings=\"{&quot;navigation&quot;:&quot;both&quot;,&quot;autoplay&quot;:&quot;yes&quot;,&quot;pause_on_hover&quot;:&quot;yes&quot;,&quot;pause_on_interaction&quot;:&quot;yes&quot;,&quot;autoplay_speed&quot;:5000,&quot;infinite&quot;:&quot;yes&quot;,&quot;speed&quot;:500}\" data-widget_type=\"image-carousel.default\">\n\t\t\t\t<div class=\"elementor-widget-container\">\n\t\t\t\t\t<div class=\"elementor-image-carousel-wrapper swiper-container\" dir=\"ltr\">\n\t\t\t<div class=\"elementor-image-carousel swiper-wrapper\">\n\t\t\t\t\t\t\t\t<div class=\"swiper-slide\"><figure class=\"swiper-slide-inner\"><img decoding=\"async\" class=\"swiper-slide-image\" src=\"http:\/\/www.oztugkimya.com\/wp-content\/uploads\/2020\/05\/oztugdepolama1-150x150.png\" alt=\"oztugdepolama1\" \/><\/figure><\/div><div class=\"swiper-slide\"><figure class=\"swiper-slide-inner\"><img decoding=\"async\" class=\"swiper-slide-image\" src=\"http:\/\/www.oztugkimya.com\/wp-content\/uploads\/2020\/05\/oztuglogistics-150x150.png\" alt=\"oztuglogistics\" \/><\/figure><\/div><div class=\"swiper-slide\"><figure class=\"swiper-slide-inner\"><img decoding=\"async\" class=\"swiper-slide-image\" src=\"http:\/\/www.oztugkimya.com\/wp-content\/uploads\/2020\/05\/oztugmap-150x150.png\" alt=\"oztugmap\" \/><\/figure><\/div><div class=\"swiper-slide\"><figure class=\"swiper-slide-inner\"><img decoding=\"async\" class=\"swiper-slide-image\" src=\"http:\/\/www.oztugkimya.com\/wp-content\/uploads\/2020\/05\/oztugmission-150x150.png\" alt=\"oztugmission\" \/><\/figure><\/div><div class=\"swiper-slide\"><figure class=\"swiper-slide-inner\"><img decoding=\"async\" class=\"swiper-slide-image\" src=\"http:\/\/www.oztugkimya.com\/wp-content\/uploads\/2020\/05\/oztugcustomer-150x150.png\" alt=\"oztugcustomer\" \/><\/figure><\/div>\t\t\t<\/div>\n\t\t\t\t\t\t\t\t\t\t\t\t<div class=\"swiper-pagination\"><\/div>\n\t\t\t\t\t\t\t\t\t\t\t\t\t<div class=\"elementor-swiper-button elementor-swiper-button-prev\">\n\t\t\t\t\t\t<i aria-hidden=\"true\" class=\"eicon-chevron-left\"><\/i>\t\t\t\t\t\t<span class=\"elementor-screen-only\">Previous<\/span>\n\t\t\t\t\t<\/div>\n\t\t\t\t\t<div class=\"elementor-swiper-button elementor-swiper-button-next\">\n\t\t\t\t\t\t<i aria-hidden=\"true\" class=\"eicon-chevron-right\"><\/i>\t\t\t\t\t\t<span class=\"elementor-screen-only\">Next<\/span>\n\t\t\t\t\t<\/div>\n\t\t\t\t\t\t\t\t\t<\/div>\n\t\t\t\t<\/div>\n\t\t\t\t<\/div>\n\t\t\t\t\t\t<\/div>\n\t\t\t\t\t<\/div>\n\t\t<\/div>\n\t\t\t\t<div class=\"penci-ercol-50 penci-ercol-order-2 penci-sticky-ct    elementor-column elementor-col-50 elementor-top-column elementor-element elementor-element-e082d13\" data-id=\"e082d13\" data-element_type=\"column\">\n\t\t\t<div class=\"theiaStickySidebar elementor-column-wrap elementor-element-populated\">\n\t\t\t\t\t\t\t<div class=\"elementor-widget-wrap\">\n\t\t\t\t\t\t<div class=\"elementor-element elementor-element-8d9b610 elementor-widget elementor-widget-text-editor\" data-id=\"8d9b610\" data-element_type=\"widget\" data-widget_type=\"text-editor.default\">\n\t\t\t\t<div class=\"elementor-widget-container\">\n\t\t\t\t\t\t\t\t<div class=\"elementor-text-editor elementor-clearfix\">\n\t\t\t\t<p><strong>G\u00f6r\u00fcn\u00fcm\u00fc\u00a0:\u00a0<\/strong>Kat\u0131 Gran\u00fcl,Beyaz<\/p><p><strong>Kimyasal Ad\u0131\u00a0:\u00a0<\/strong>Anionic Polyelectrolyte<\/p><p><strong>Ambalaj \u015eekli\u00a0:<\/strong>\u00a020 &#8211; 25 Kg Polietilen Torbarlarda<\/p><p><strong>Tan\u0131m\u0131 ve Kullan\u0131m Alan\u0131\u00a0:<\/strong><\/p><p>At\u0131ksu ar\u0131tma sistemlerinde koag\u00fclant (p\u0131ht\u0131la\u015ft\u0131rma) i\u015fleminden sonraki a\u015famada yumakla\u015ft\u0131rma i\u015flemini anyonik polielektrolit ger\u00e7ekle\u015ftirmektedir.<\/p><p>Kimyasal at\u0131ksu ar\u0131tma tesislerinde at\u0131\u011f\u0131n cinsine ba\u011fl\u0131 olarak su ile \u00e7\u00f6zelti yap\u0131larak anyonik polielektrolit tatbik edilmektedir. Biyolojik ar\u0131tma proseslerinden kaynaklanan \u00e7amurun susuzla\u015ft\u0131r\u0131lmas\u0131nda kullan\u0131lan polimer \u00e7e\u015fidir. \u0130\u00e7me suyu ve At\u0131ksu ar\u0131tmada, Ka\u011fit End\u00fcstirisi, Petrol End\u00fcstirisi, Madencilik, Tar\u0131m, Tekstil, Kozmetik sanayisinde kullan\u0131lmaktad\u0131r.<\/p><p>Anyonik Poli Elektrolit, \u015feker i\u015fleminde filtrasyon ve safla\u015ft\u0131rma s\u00fcre\u00e7lerini do\u011fa\u00e7lama i\u00e7in \u00f6zel olarak tasarlanm\u0131\u015ft\u0131r. Bu organik esasl\u0131 kopolimer p\u0131hla\u015ft\u0131r\u0131c\u0131 kat\u0131lar\u0131 p\u0131ht\u0131la\u015ft\u0131ran ve hemen floklar olu\u015fturan karma\u015f\u0131k sistemlerde etkilidir. Bu \u00fcr\u00fcn\u00fc, herhangi bir pH de\u011feri aral\u0131\u011f\u0131yla uyumlu hale getirmek i\u00e7in daha ihtiyatl\u0131 bir \u015fekilde i\u015flenir.<\/p><p>Anyonik Polielektrolit Tozu inorganik ask\u0131da kat\u0131lar\u0131n, at\u0131k sular\u0131n \u00e7\u00f6keltilmesi i\u00e7in do\u011frudan filtreleme i\u015fleminde kat\u0131la\u015ft\u0131r\u0131c\u0131 olarak kullan\u0131lmak \u00fczere bir orta anyonik y\u00fckl\u00fc toz polielektrolittir.<\/p>\t\t\t\t\t<\/div>\n\t\t\t\t\t\t<\/div>\n\t\t\t\t<\/div>\n\t\t\t\t\t\t<\/div>\n\t\t\t\t\t<\/div>\n\t\t<\/div>\n\t\t\t\t\t\t\t\t<\/div>\n\t\t\t\t\t<\/div>\n\t\t<\/section>\n\t\t\t\t\t\t\t\t\t<\/div>\n\t\t\t<\/div>\n\t\t\t\t\t<\/div>","protected":false},"excerpt":{"rendered":"<p>Previous Next G\u00f6r\u00fcn\u00fcm\u00fc\u00a0:\u00a0Kat\u0131 Gran\u00fcl,Beyaz Kimyasal Ad\u0131\u00a0:\u00a0Anionic Polyelectrolyte Ambalaj \u015eekli\u00a0:\u00a020 &#8211; 25 Kg Polietilen Torbarlarda Tan\u0131m\u0131 ve Kullan\u0131m Alan\u0131\u00a0: At\u0131ksu ar\u0131tma sistemlerinde koag\u00fclant (p\u0131ht\u0131la\u015ft\u0131rma) i\u015fleminden sonraki a\u015famada yumakla\u015ft\u0131rma i\u015flemini anyonik polielektrolit&hellip;<\/p>","protected":false},"author":1,"featured_media":0,"parent":0,"menu_order":0,"comment_status":"closed","ping_status":"closed","template":"","meta":[],"yoast_head":"<!-- This site is optimized with the Yoast SEO plugin v20.3 - https:\/\/yoast.com\/wordpress\/plugins\/seo\/ -->\n<title>ANYON\u0130K POL\u0130ELEKTROL\u0130T - http:\/\/www.oztugkimya.com\/<\/title>\n<meta name=\"robots\" content=\"index, follow, max-snippet:-1, max-image-preview:large, max-video-preview:-1\" \/>\n<link rel=\"canonical\" href=\"http:\/\/www.oztugkimya.com\/en\/anyonik-polielektrolit\/\" \/>\n<meta property=\"og:locale\" content=\"en_US\" \/>\n<meta property=\"og:type\" content=\"article\" \/>\n<meta property=\"og:title\" content=\"ANYON\u0130K POL\u0130ELEKTROL\u0130T - http:\/\/www.oztugkimya.com\/\" \/>\n<meta property=\"og:description\" content=\"Previous Next G\u00f6r\u00fcn\u00fcm\u00fc\u00a0:\u00a0Kat\u0131 Gran\u00fcl,Beyaz Kimyasal Ad\u0131\u00a0:\u00a0Anionic Polyelectrolyte Ambalaj \u015eekli\u00a0:\u00a020 &#8211; 25 Kg Polietilen Torbarlarda Tan\u0131m\u0131 ve Kullan\u0131m Alan\u0131\u00a0: At\u0131ksu ar\u0131tma sistemlerinde koag\u00fclant (p\u0131ht\u0131la\u015ft\u0131rma) i\u015fleminden sonraki a\u015famada yumakla\u015ft\u0131rma i\u015flemini anyonik polielektrolit&hellip;\" \/>\n<meta property=\"og:url\" content=\"http:\/\/www.oztugkimya.com\/en\/anyonik-polielektrolit\/\" \/>\n<meta property=\"og:site_name\" content=\"http:\/\/www.oztugkimya.com\/\" \/>\n<meta property=\"article:modified_time\" content=\"2020-08-17T09:40:22+00:00\" \/>\n<meta property=\"og:image\" content=\"http:\/\/www.oztugkimya.com\/wp-content\/uploads\/2020\/05\/oztugdepolama1-150x150.png\" \/>\n<meta name=\"twitter:card\" content=\"summary_large_image\" \/>\n<meta name=\"twitter:label1\" content=\"Est. reading time\" \/>\n\t<meta name=\"twitter:data1\" content=\"1 minute\" \/>\n<script type=\"application\/ld+json\" class=\"yoast-schema-graph\">{\"@context\":\"https:\/\/schema.org\",\"@graph\":[{\"@type\":\"WebPage\",\"@id\":\"http:\/\/www.oztugkimya.com\/anyonik-polielektrolit\/\",\"url\":\"http:\/\/www.oztugkimya.com\/anyonik-polielektrolit\/\",\"name\":\"ANYON\u0130K POL\u0130ELEKTROL\u0130T - http:\/\/www.oztugkimya.com\/\",\"isPartOf\":{\"@id\":\"http:\/\/www.oztugkimya.com\/#website\"},\"datePublished\":\"2020-08-17T09:37:49+00:00\",\"dateModified\":\"2020-08-17T09:40:22+00:00\",\"breadcrumb\":{\"@id\":\"http:\/\/www.oztugkimya.com\/anyonik-polielektrolit\/#breadcrumb\"},\"inLanguage\":\"en-US\",\"potentialAction\":[{\"@type\":\"ReadAction\",\"target\":[\"http:\/\/www.oztugkimya.com\/anyonik-polielektrolit\/\"]}]},{\"@type\":\"BreadcrumbList\",\"@id\":\"http:\/\/www.oztugkimya.com\/anyonik-polielektrolit\/#breadcrumb\",\"itemListElement\":[{\"@type\":\"ListItem\",\"position\":1,\"name\":\"Ana sayfa\",\"item\":\"http:\/\/www.oztugkimya.com\/\"},{\"@type\":\"ListItem\",\"position\":2,\"name\":\"ANYON\u0130K POL\u0130ELEKTROL\u0130T\"}]},{\"@type\":\"WebSite\",\"@id\":\"http:\/\/www.oztugkimya.com\/#website\",\"url\":\"http:\/\/www.oztugkimya.com\/\",\"name\":\"http:\/\/www.oztugkimya.com\/\",\"description\":\"http:\/\/www.oztugkimya.com\/\",\"potentialAction\":[{\"@type\":\"SearchAction\",\"target\":{\"@type\":\"EntryPoint\",\"urlTemplate\":\"http:\/\/www.oztugkimya.com\/?s={search_term_string}\"},\"query-input\":\"required name=search_term_string\"}],\"inLanguage\":\"en-US\"}]}<\/script>\n<!-- \/ Yoast SEO plugin. -->","yoast_head_json":{"title":"ANYON\u0130K POL\u0130ELEKTROL\u0130T - http:\/\/www.oztugkimya.com\/","robots":{"index":"index","follow":"follow","max-snippet":"max-snippet:-1","max-image-preview":"max-image-preview:large","max-video-preview":"max-video-preview:-1"},"canonical":"http:\/\/www.oztugkimya.com\/en\/anyonik-polielektrolit\/","og_locale":"en_US","og_type":"article","og_title":"ANYON\u0130K POL\u0130ELEKTROL\u0130T - http:\/\/www.oztugkimya.com\/","og_description":"Previous Next G\u00f6r\u00fcn\u00fcm\u00fc\u00a0:\u00a0Kat\u0131 Gran\u00fcl,Beyaz Kimyasal Ad\u0131\u00a0:\u00a0Anionic Polyelectrolyte Ambalaj \u015eekli\u00a0:\u00a020 &#8211; 25 Kg Polietilen Torbarlarda Tan\u0131m\u0131 ve Kullan\u0131m Alan\u0131\u00a0: At\u0131ksu ar\u0131tma sistemlerinde koag\u00fclant (p\u0131ht\u0131la\u015ft\u0131rma) i\u015fleminden sonraki a\u015famada yumakla\u015ft\u0131rma i\u015flemini anyonik polielektrolit&hellip;","og_url":"http:\/\/www.oztugkimya.com\/en\/anyonik-polielektrolit\/","og_site_name":"http:\/\/www.oztugkimya.com\/","article_modified_time":"2020-08-17T09:40:22+00:00","og_image":[{"url":"http:\/\/www.oztugkimya.com\/wp-content\/uploads\/2020\/05\/oztugdepolama1-150x150.png"}],"twitter_card":"summary_large_image","twitter_misc":{"Est. reading time":"1 minute"},"schema":{"@context":"https:\/\/schema.org","@graph":[{"@type":"WebPage","@id":"http:\/\/www.oztugkimya.com\/anyonik-polielektrolit\/","url":"http:\/\/www.oztugkimya.com\/anyonik-polielektrolit\/","name":"ANYON\u0130K POL\u0130ELEKTROL\u0130T - http:\/\/www.oztugkimya.com\/","isPartOf":{"@id":"http:\/\/www.oztugkimya.com\/#website"},"datePublished":"2020-08-17T09:37:49+00:00","dateModified":"2020-08-17T09:40:22+00:00","breadcrumb":{"@id":"http:\/\/www.oztugkimya.com\/anyonik-polielektrolit\/#breadcrumb"},"inLanguage":"en-US","potentialAction":[{"@type":"ReadAction","target":["http:\/\/www.oztugkimya.com\/anyonik-polielektrolit\/"]}]},{"@type":"BreadcrumbList","@id":"http:\/\/www.oztugkimya.com\/anyonik-polielektrolit\/#breadcrumb","itemListElement":[{"@type":"ListItem","position":1,"name":"Ana sayfa","item":"http:\/\/www.oztugkimya.com\/"},{"@type":"ListItem","position":2,"name":"ANYON\u0130K POL\u0130ELEKTROL\u0130T"}]},{"@type":"WebSite","@id":"http:\/\/www.oztugkimya.com\/#website","url":"http:\/\/www.oztugkimya.com\/","name":"http:\/\/www.oztugkimya.com\/","description":"http:\/\/www.oztugkimya.com\/","potentialAction":[{"@type":"SearchAction","target":{"@type":"EntryPoint","urlTemplate":"http:\/\/www.oztugkimya.com\/?s={search_term_string}"},"query-input":"required name=search_term_string"}],"inLanguage":"en-US"}]}},"_links":{"self":[{"href":"http:\/\/www.oztugkimya.com\/en\/wp-json\/wp\/v2\/pages\/1258"}],"collection":[{"href":"http:\/\/www.oztugkimya.com\/en\/wp-json\/wp\/v2\/pages"}],"about":[{"href":"http:\/\/www.oztugkimya.com\/en\/wp-json\/wp\/v2\/types\/page"}],"author":[{"embeddable":true,"href":"http:\/\/www.oztugkimya.com\/en\/wp-json\/wp\/v2\/users\/1"}],"replies":[{"embeddable":true,"href":"http:\/\/www.oztugkimya.com\/en\/wp-json\/wp\/v2\/comments?post=1258"}],"version-history":[{"count":3,"href":"http:\/\/www.oztugkimya.com\/en\/wp-json\/wp\/v2\/pages\/1258\/revisions"}],"predecessor-version":[{"id":1264,"href":"http:\/\/www.oztugkimya.com\/en\/wp-json\/wp\/v2\/pages\/1258\/revisions\/1264"}],"wp:attachment":[{"href":"http:\/\/www.oztugkimya.com\/en\/wp-json\/wp\/v2\/media?parent=1258"}],"curies":[{"name":"wp","href":"https:\/\/api.w.org\/{rel}","templated":true}]}}