{"id":1270,"date":"2020-08-17T09:43:41","date_gmt":"2020-08-17T09:43:41","guid":{"rendered":"http:\/\/www.oztugkimya.com\/?page_id=1270"},"modified":"2020-08-17T09:44:30","modified_gmt":"2020-08-17T09:44:30","slug":"bakir-sulfat","status":"publish","type":"page","link":"http:\/\/www.oztugkimya.com\/en\/bakir-sulfat\/","title":{"rendered":"COPPER SULFATE"},"content":{"rendered":"\t\t<div data-elementor-type=\"wp-page\" data-elementor-id=\"1270\" class=\"elementor elementor-1270\">\n\t\t\t\t\t\t<div class=\"elementor-inner\">\n\t\t\t\t<div class=\"elementor-section-wrap\">\n\t\t\t\t\t\t\t\t\t<section class=\"penci-section penci-disSticky penci-structure-20 elementor-section elementor-top-section elementor-element elementor-element-3fd1660 elementor-section-boxed elementor-section-height-default elementor-section-height-default\" data-id=\"3fd1660\" data-element_type=\"section\">\n\t\t\t\t\t\t<div class=\"elementor-container elementor-column-gap-default\">\n\t\t\t\t\t\t\t<div class=\"elementor-row\">\n\t\t\t\t\t<div class=\"penci-ercol-50 penci-ercol-order-1 penci-sticky-ct    elementor-column elementor-col-50 elementor-top-column elementor-element elementor-element-aefe3d4\" data-id=\"aefe3d4\" data-element_type=\"column\">\n\t\t\t<div class=\"theiaStickySidebar elementor-column-wrap elementor-element-populated\">\n\t\t\t\t\t\t\t<div class=\"elementor-widget-wrap\">\n\t\t\t\t\t\t<div class=\"elementor-element elementor-element-32adf81 elementor-arrows-position-inside elementor-pagination-position-outside elementor-widget elementor-widget-image-carousel\" data-id=\"32adf81\" data-element_type=\"widget\" data-settings=\"{&quot;navigation&quot;:&quot;both&quot;,&quot;autoplay&quot;:&quot;yes&quot;,&quot;pause_on_hover&quot;:&quot;yes&quot;,&quot;pause_on_interaction&quot;:&quot;yes&quot;,&quot;autoplay_speed&quot;:5000,&quot;infinite&quot;:&quot;yes&quot;,&quot;speed&quot;:500}\" data-widget_type=\"image-carousel.default\">\n\t\t\t\t<div class=\"elementor-widget-container\">\n\t\t\t\t\t<div class=\"elementor-image-carousel-wrapper swiper-container\" dir=\"ltr\">\n\t\t\t<div class=\"elementor-image-carousel swiper-wrapper\">\n\t\t\t\t\t\t\t\t<div class=\"swiper-slide\"><figure class=\"swiper-slide-inner\"><img decoding=\"async\" class=\"swiper-slide-image\" src=\"http:\/\/www.oztugkimya.com\/wp-content\/uploads\/2020\/05\/oztugdepolama1-150x150.png\" alt=\"oztugdepolama1\" \/><\/figure><\/div><div class=\"swiper-slide\"><figure class=\"swiper-slide-inner\"><img decoding=\"async\" class=\"swiper-slide-image\" src=\"http:\/\/www.oztugkimya.com\/wp-content\/uploads\/2020\/05\/oztuglogistics-150x150.png\" alt=\"oztuglogistics\" \/><\/figure><\/div><div class=\"swiper-slide\"><figure class=\"swiper-slide-inner\"><img decoding=\"async\" class=\"swiper-slide-image\" src=\"http:\/\/www.oztugkimya.com\/wp-content\/uploads\/2020\/05\/oztugmap-150x150.png\" alt=\"oztugmap\" \/><\/figure><\/div><div class=\"swiper-slide\"><figure class=\"swiper-slide-inner\"><img decoding=\"async\" class=\"swiper-slide-image\" src=\"http:\/\/www.oztugkimya.com\/wp-content\/uploads\/2020\/05\/oztugmission-150x150.png\" alt=\"oztugmission\" \/><\/figure><\/div><div class=\"swiper-slide\"><figure class=\"swiper-slide-inner\"><img decoding=\"async\" class=\"swiper-slide-image\" src=\"http:\/\/www.oztugkimya.com\/wp-content\/uploads\/2020\/05\/oztugcustomer-150x150.png\" alt=\"oztugcustomer\" \/><\/figure><\/div>\t\t\t<\/div>\n\t\t\t\t\t\t\t\t\t\t\t\t<div class=\"swiper-pagination\"><\/div>\n\t\t\t\t\t\t\t\t\t\t\t\t\t<div class=\"elementor-swiper-button elementor-swiper-button-prev\">\n\t\t\t\t\t\t<i aria-hidden=\"true\" class=\"eicon-chevron-left\"><\/i>\t\t\t\t\t\t<span class=\"elementor-screen-only\">Previous<\/span>\n\t\t\t\t\t<\/div>\n\t\t\t\t\t<div class=\"elementor-swiper-button elementor-swiper-button-next\">\n\t\t\t\t\t\t<i aria-hidden=\"true\" class=\"eicon-chevron-right\"><\/i>\t\t\t\t\t\t<span class=\"elementor-screen-only\">Next<\/span>\n\t\t\t\t\t<\/div>\n\t\t\t\t\t\t\t\t\t<\/div>\n\t\t\t\t<\/div>\n\t\t\t\t<\/div>\n\t\t\t\t\t\t<\/div>\n\t\t\t\t\t<\/div>\n\t\t<\/div>\n\t\t\t\t<div class=\"penci-ercol-50 penci-ercol-order-2 penci-sticky-ct    elementor-column elementor-col-50 elementor-top-column elementor-element elementor-element-9362460\" data-id=\"9362460\" data-element_type=\"column\">\n\t\t\t<div class=\"theiaStickySidebar elementor-column-wrap elementor-element-populated\">\n\t\t\t\t\t\t\t<div class=\"elementor-widget-wrap\">\n\t\t\t\t\t\t<div class=\"elementor-element elementor-element-198d803 elementor-widget elementor-widget-text-editor\" data-id=\"198d803\" data-element_type=\"widget\" data-widget_type=\"text-editor.default\">\n\t\t\t\t<div class=\"elementor-widget-container\">\n\t\t\t\t\t\t\t\t<div class=\"elementor-text-editor elementor-clearfix\">\n\t\t\t\t<p><strong>G\u00f6r\u00fcn\u00fcm\u00fc\u00a0:\u00a0<\/strong>Mavi Kokusuz<\/p><p><strong>Kimyasal Ad\u0131\u00a0:\u00a0<\/strong>Copper Sulphate \/ Blue vitriol; Copper (II) Sulfate Pentahydrate<\/p><p><strong>Kimyasal Form\u00fcl\u00fc\u00a0:\u00a0<\/strong>CuSO4<\/p><p><strong>Ambalaj \u015eekli\u00a0:\u00a0<\/strong>25 Kg. L\u0131k Torbalarda<\/p><p><strong>Tan\u0131m\u0131 ve Kullan\u0131m Alanlar\u0131 :\u00a0<\/strong><\/p><p>Bak\u0131r (II) s\u00fclfat pentahidrat eritmeden \u00f6nce par\u00e7alan\u0131r . 63 \u00b0 C&#8217;de (145 \u00b0 F) \u0131s\u0131tma \u00fczerine iki su molek\u00fcl\u00fcn\u00fc kaybeder, bunu iki tane daha 109 \u00b0 C&#8217;de (228 \u00b0 F) ve son su molek\u00fcl\u00fcn\u00fc 200 \u00b0 C&#8217;de (392 \u00b0 F) takip eder. [14] [15] Tetraakuopperin (2+) par\u00e7alanmas\u0131yla dehidratasyon devam eder, iki kar\u015f\u0131t aqua grubu bir diyakoper (2+) par\u00e7as\u0131 vermek \u00fczere kaybolur. \u0130kinci dehidrasyon a\u015famas\u0131, son iki aku grubu kayboldu\u011funda ger\u00e7ekle\u015fir. Tamam\u0131 dehidrasyon, ba\u011flanmam\u0131\u015f su molek\u00fcl\u00fc kayboldu\u011funda ger\u00e7ekle\u015fir. 650 \u00b0 C (1,202 \u00b0 F), bak\u0131r (II) s\u00fclfat haline par\u00e7alan\u0131r bak\u0131r (II) oksit (CuO) ve k\u00fck\u00fcrt trioksit (SO 3 ).<\/p><p>Bak\u0131r s\u00fclfat, g\u00f6zta\u015f\u0131 olarak da bilinen mavi ve kokusuz bir maddedir. Bak\u0131r s\u00fclfat, bak\u0131r metali s\u0131cak konsantre s\u00fclf\u00fcrik asit veya seyreltik s\u00fclf\u00fcrik asit ile oksitleriyle muamele etmek suretiyle end\u00fcstriyel olarak \u00fcretilir . Laboratuvar kullan\u0131m\u0131 i\u00e7in genellikle bak\u0131r s\u00fclfat sat\u0131n al\u0131n\u0131r. Bak\u0131r s\u00fclfat ayn\u0131 zamanda havada yava\u015f\u00e7a d\u00fc\u015f\u00fck dereceli bak\u0131r cevheri s\u0131z\u0131nt\u0131s\u0131 ile \u00fcretilebilir; S\u00fcreci h\u0131zland\u0131rmak i\u00e7in bakteriler kullan\u0131labilir.<\/p><p>Ticari bak\u0131r s\u00fclfat genellikle yakla\u015f\u0131k% 98 saf bak\u0131r s\u00fclfatt\u0131r ve az miktarda su i\u00e7erebilir. Susuz Bak\u0131r s\u00fclfat, k\u00fctlenin y\u00fczde 39.81 bak\u0131r ve y\u00fczde 60.19 s\u00fclfatt\u0131r ve mavi, sulu formunda, k\u00fctlece% 25.47 bak\u0131r,% 38.47 s\u00fclfat (% 12.82 k\u00fck\u00fcrt) ve% 36.06 sudur. B\u00fcy\u00fck kristaller (10-40 mm), k\u00fc\u00e7\u00fck kristaller (2-10 mm), kar kristalleri (2 mm&#8217;den az) ve r\u00fczg\u00e2r temizleyici toz (0,15 mm&#8217;den az) kullan\u0131m\u0131na g\u00f6re d\u00f6rt \u00e7e\u015fit kristal boyutu sa\u011flanm\u0131\u015ft\u0131r.<\/p><p><strong>Kullan\u0131m Alanlar\u0131<\/strong><\/p><ul><li>Bask\u0131da b\u00f6cek \u0131s\u0131r\u0131klar\u0131 ka\u011f\u0131d\u0131n\u0131 korumak i\u00e7in kitap ba\u011flay\u0131c\u0131 macunlar ve tutkallar i\u00e7in bir katk\u0131 maddesi,<\/li><li>Binada suya diren\u00e7li ve dezenfekte \u00f6zellikli beton katk\u0131 maddesi olarak<\/li><li>Sanat eserlerinde, \u00f6zellikle de g\u00f6zl\u00fck ve \u00e7\u00f6mleklerde bir renklendirme bile\u015feni olarak<\/li><li>Bak\u0131r s\u00fclfat havai fi\u015fek \u00fcretiminde mavi renkli bir madde olarak kullan\u0131l\u0131r.<\/li><li>Dekorasyonda, bak\u0131r s\u00fclfat \u00e7imentoya, metallere ve serami\u011fe renk katar.<\/li><li>Toprak ve hayvanlardaki bak\u0131r eksikliklerini d\u00fczeltir ve \u00e7iftlik hayvanlar\u0131n\u0131n b\u00fcy\u00fcmesini te\u015fvik eder.<\/li><li>Dekorasyonda, bak\u0131r s\u00fclfat \u00e7imentoya, metallere ve serami\u011fe renk katar. Baz\u0131 piller, elektrotlar ve tel bak\u0131r s\u00fclfat i\u00e7erir. Bask\u0131 m\u00fcrekkebi ve sa\u00e7 boyas\u0131nda kullan\u0131l\u0131r ve havai fi\u015feklerde ye\u015fil bir renk olu\u015fturur.<\/li><\/ul>\t\t\t\t\t<\/div>\n\t\t\t\t\t\t<\/div>\n\t\t\t\t<\/div>\n\t\t\t\t\t\t<\/div>\n\t\t\t\t\t<\/div>\n\t\t<\/div>\n\t\t\t\t\t\t\t\t<\/div>\n\t\t\t\t\t<\/div>\n\t\t<\/section>\n\t\t\t\t\t\t\t\t\t<\/div>\n\t\t\t<\/div>\n\t\t\t\t\t<\/div>\n\t\t","protected":false},"excerpt":{"rendered":"<p>Previous Next G\u00f6r\u00fcn\u00fcm\u00fc\u00a0:\u00a0Mavi Kokusuz Kimyasal Ad\u0131\u00a0:\u00a0Copper Sulphate \/ Blue vitriol; Copper (II) Sulfate Pentahydrate Kimyasal Form\u00fcl\u00fc\u00a0:\u00a0CuSO4 Ambalaj \u015eekli\u00a0:\u00a025 Kg. L\u0131k Torbalarda Tan\u0131m\u0131 ve Kullan\u0131m Alanlar\u0131 :\u00a0 Bak\u0131r (II) s\u00fclfat pentahidrat&hellip;<\/p>","protected":false},"author":1,"featured_media":0,"parent":0,"menu_order":0,"comment_status":"closed","ping_status":"closed","template":"","meta":[],"yoast_head":"<!-- This site is optimized with the Yoast SEO plugin v20.3 - https:\/\/yoast.com\/wordpress\/plugins\/seo\/ -->\n<title>BAKIR S\u00dcLFAT - http:\/\/www.oztugkimya.com\/<\/title>\n<meta name=\"robots\" content=\"index, follow, max-snippet:-1, max-image-preview:large, max-video-preview:-1\" \/>\n<link rel=\"canonical\" href=\"http:\/\/www.oztugkimya.com\/en\/bakir-sulfat\/\" \/>\n<meta property=\"og:locale\" content=\"en_US\" \/>\n<meta property=\"og:type\" content=\"article\" \/>\n<meta property=\"og:title\" content=\"BAKIR S\u00dcLFAT - http:\/\/www.oztugkimya.com\/\" \/>\n<meta property=\"og:description\" content=\"Previous Next G\u00f6r\u00fcn\u00fcm\u00fc\u00a0:\u00a0Mavi Kokusuz Kimyasal Ad\u0131\u00a0:\u00a0Copper Sulphate \/ Blue vitriol; Copper (II) Sulfate Pentahydrate Kimyasal Form\u00fcl\u00fc\u00a0:\u00a0CuSO4 Ambalaj \u015eekli\u00a0:\u00a025 Kg. L\u0131k Torbalarda Tan\u0131m\u0131 ve Kullan\u0131m Alanlar\u0131 :\u00a0 Bak\u0131r (II) s\u00fclfat pentahidrat&hellip;\" \/>\n<meta property=\"og:url\" content=\"http:\/\/www.oztugkimya.com\/en\/bakir-sulfat\/\" \/>\n<meta property=\"og:site_name\" content=\"http:\/\/www.oztugkimya.com\/\" \/>\n<meta property=\"article:modified_time\" content=\"2020-08-17T09:44:30+00:00\" \/>\n<meta property=\"og:image\" content=\"http:\/\/www.oztugkimya.com\/wp-content\/uploads\/2020\/05\/oztugdepolama1-150x150.png\" \/>\n<meta name=\"twitter:card\" content=\"summary_large_image\" \/>\n<meta name=\"twitter:label1\" content=\"Est. reading time\" \/>\n\t<meta name=\"twitter:data1\" content=\"2 minutes\" \/>\n<script type=\"application\/ld+json\" class=\"yoast-schema-graph\">{\"@context\":\"https:\/\/schema.org\",\"@graph\":[{\"@type\":\"WebPage\",\"@id\":\"http:\/\/www.oztugkimya.com\/bakir-sulfat\/\",\"url\":\"http:\/\/www.oztugkimya.com\/bakir-sulfat\/\",\"name\":\"BAKIR S\u00dcLFAT - http:\/\/www.oztugkimya.com\/\",\"isPartOf\":{\"@id\":\"http:\/\/www.oztugkimya.com\/#website\"},\"datePublished\":\"2020-08-17T09:43:41+00:00\",\"dateModified\":\"2020-08-17T09:44:30+00:00\",\"breadcrumb\":{\"@id\":\"http:\/\/www.oztugkimya.com\/bakir-sulfat\/#breadcrumb\"},\"inLanguage\":\"en-US\",\"potentialAction\":[{\"@type\":\"ReadAction\",\"target\":[\"http:\/\/www.oztugkimya.com\/bakir-sulfat\/\"]}]},{\"@type\":\"BreadcrumbList\",\"@id\":\"http:\/\/www.oztugkimya.com\/bakir-sulfat\/#breadcrumb\",\"itemListElement\":[{\"@type\":\"ListItem\",\"position\":1,\"name\":\"Ana sayfa\",\"item\":\"http:\/\/www.oztugkimya.com\/\"},{\"@type\":\"ListItem\",\"position\":2,\"name\":\"BAKIR S\u00dcLFAT\"}]},{\"@type\":\"WebSite\",\"@id\":\"http:\/\/www.oztugkimya.com\/#website\",\"url\":\"http:\/\/www.oztugkimya.com\/\",\"name\":\"http:\/\/www.oztugkimya.com\/\",\"description\":\"http:\/\/www.oztugkimya.com\/\",\"potentialAction\":[{\"@type\":\"SearchAction\",\"target\":{\"@type\":\"EntryPoint\",\"urlTemplate\":\"http:\/\/www.oztugkimya.com\/?s={search_term_string}\"},\"query-input\":\"required name=search_term_string\"}],\"inLanguage\":\"en-US\"}]}<\/script>\n<!-- \/ Yoast SEO plugin. -->","yoast_head_json":{"title":"BAKIR S\u00dcLFAT - http:\/\/www.oztugkimya.com\/","robots":{"index":"index","follow":"follow","max-snippet":"max-snippet:-1","max-image-preview":"max-image-preview:large","max-video-preview":"max-video-preview:-1"},"canonical":"http:\/\/www.oztugkimya.com\/en\/bakir-sulfat\/","og_locale":"en_US","og_type":"article","og_title":"BAKIR S\u00dcLFAT - http:\/\/www.oztugkimya.com\/","og_description":"Previous Next G\u00f6r\u00fcn\u00fcm\u00fc\u00a0:\u00a0Mavi Kokusuz Kimyasal Ad\u0131\u00a0:\u00a0Copper Sulphate \/ Blue vitriol; Copper (II) Sulfate Pentahydrate Kimyasal Form\u00fcl\u00fc\u00a0:\u00a0CuSO4 Ambalaj \u015eekli\u00a0:\u00a025 Kg. L\u0131k Torbalarda Tan\u0131m\u0131 ve Kullan\u0131m Alanlar\u0131 :\u00a0 Bak\u0131r (II) s\u00fclfat pentahidrat&hellip;","og_url":"http:\/\/www.oztugkimya.com\/en\/bakir-sulfat\/","og_site_name":"http:\/\/www.oztugkimya.com\/","article_modified_time":"2020-08-17T09:44:30+00:00","og_image":[{"url":"http:\/\/www.oztugkimya.com\/wp-content\/uploads\/2020\/05\/oztugdepolama1-150x150.png"}],"twitter_card":"summary_large_image","twitter_misc":{"Est. reading time":"2 minutes"},"schema":{"@context":"https:\/\/schema.org","@graph":[{"@type":"WebPage","@id":"http:\/\/www.oztugkimya.com\/bakir-sulfat\/","url":"http:\/\/www.oztugkimya.com\/bakir-sulfat\/","name":"BAKIR S\u00dcLFAT - http:\/\/www.oztugkimya.com\/","isPartOf":{"@id":"http:\/\/www.oztugkimya.com\/#website"},"datePublished":"2020-08-17T09:43:41+00:00","dateModified":"2020-08-17T09:44:30+00:00","breadcrumb":{"@id":"http:\/\/www.oztugkimya.com\/bakir-sulfat\/#breadcrumb"},"inLanguage":"en-US","potentialAction":[{"@type":"ReadAction","target":["http:\/\/www.oztugkimya.com\/bakir-sulfat\/"]}]},{"@type":"BreadcrumbList","@id":"http:\/\/www.oztugkimya.com\/bakir-sulfat\/#breadcrumb","itemListElement":[{"@type":"ListItem","position":1,"name":"Ana sayfa","item":"http:\/\/www.oztugkimya.com\/"},{"@type":"ListItem","position":2,"name":"BAKIR S\u00dcLFAT"}]},{"@type":"WebSite","@id":"http:\/\/www.oztugkimya.com\/#website","url":"http:\/\/www.oztugkimya.com\/","name":"http:\/\/www.oztugkimya.com\/","description":"http:\/\/www.oztugkimya.com\/","potentialAction":[{"@type":"SearchAction","target":{"@type":"EntryPoint","urlTemplate":"http:\/\/www.oztugkimya.com\/?s={search_term_string}"},"query-input":"required name=search_term_string"}],"inLanguage":"en-US"}]}},"_links":{"self":[{"href":"http:\/\/www.oztugkimya.com\/en\/wp-json\/wp\/v2\/pages\/1270"}],"collection":[{"href":"http:\/\/www.oztugkimya.com\/en\/wp-json\/wp\/v2\/pages"}],"about":[{"href":"http:\/\/www.oztugkimya.com\/en\/wp-json\/wp\/v2\/types\/page"}],"author":[{"embeddable":true,"href":"http:\/\/www.oztugkimya.com\/en\/wp-json\/wp\/v2\/users\/1"}],"replies":[{"embeddable":true,"href":"http:\/\/www.oztugkimya.com\/en\/wp-json\/wp\/v2\/comments?post=1270"}],"version-history":[{"count":2,"href":"http:\/\/www.oztugkimya.com\/en\/wp-json\/wp\/v2\/pages\/1270\/revisions"}],"predecessor-version":[{"id":1272,"href":"http:\/\/www.oztugkimya.com\/en\/wp-json\/wp\/v2\/pages\/1270\/revisions\/1272"}],"wp:attachment":[{"href":"http:\/\/www.oztugkimya.com\/en\/wp-json\/wp\/v2\/media?parent=1270"}],"curies":[{"name":"wp","href":"https:\/\/api.w.org\/{rel}","templated":true}]}}