{"id":1273,"date":"2020-08-17T09:44:53","date_gmt":"2020-08-17T09:44:53","guid":{"rendered":"http:\/\/www.oztugkimya.com\/?page_id=1273"},"modified":"2020-08-17T09:46:10","modified_gmt":"2020-08-17T09:46:10","slug":"baryum-klorur","status":"publish","type":"page","link":"http:\/\/www.oztugkimya.com\/en\/baryum-klorur\/","title":{"rendered":"BARIUM CHLORIDE"},"content":{"rendered":"<div data-elementor-type=\"wp-page\" data-elementor-id=\"1273\" class=\"elementor elementor-1273\">\n\t\t\t\t\t\t<div class=\"elementor-inner\">\n\t\t\t\t<div class=\"elementor-section-wrap\">\n\t\t\t\t\t\t\t\t\t<section class=\"penci-section penci-disSticky penci-structure-20 elementor-section elementor-top-section elementor-element elementor-element-45cb107 elementor-section-boxed elementor-section-height-default elementor-section-height-default\" data-id=\"45cb107\" data-element_type=\"section\">\n\t\t\t\t\t\t<div class=\"elementor-container elementor-column-gap-default\">\n\t\t\t\t\t\t\t<div class=\"elementor-row\">\n\t\t\t\t\t<div class=\"penci-ercol-50 penci-ercol-order-1 penci-sticky-ct    elementor-column elementor-col-50 elementor-top-column elementor-element elementor-element-22f0ee9\" data-id=\"22f0ee9\" data-element_type=\"column\">\n\t\t\t<div class=\"theiaStickySidebar elementor-column-wrap elementor-element-populated\">\n\t\t\t\t\t\t\t<div class=\"elementor-widget-wrap\">\n\t\t\t\t\t\t<div class=\"elementor-element elementor-element-7600ba0 elementor-arrows-position-inside elementor-pagination-position-outside elementor-widget elementor-widget-image-carousel\" data-id=\"7600ba0\" data-element_type=\"widget\" data-settings=\"{&quot;navigation&quot;:&quot;both&quot;,&quot;autoplay&quot;:&quot;yes&quot;,&quot;pause_on_hover&quot;:&quot;yes&quot;,&quot;pause_on_interaction&quot;:&quot;yes&quot;,&quot;autoplay_speed&quot;:5000,&quot;infinite&quot;:&quot;yes&quot;,&quot;speed&quot;:500}\" data-widget_type=\"image-carousel.default\">\n\t\t\t\t<div class=\"elementor-widget-container\">\n\t\t\t\t\t<div class=\"elementor-image-carousel-wrapper swiper-container\" dir=\"ltr\">\n\t\t\t<div class=\"elementor-image-carousel swiper-wrapper\">\n\t\t\t\t\t\t\t\t<div class=\"swiper-slide\"><figure class=\"swiper-slide-inner\"><img decoding=\"async\" class=\"swiper-slide-image\" src=\"http:\/\/www.oztugkimya.com\/wp-content\/uploads\/2020\/05\/oztugdepolama1-150x150.png\" alt=\"oztugdepolama1\" \/><\/figure><\/div><div class=\"swiper-slide\"><figure class=\"swiper-slide-inner\"><img decoding=\"async\" class=\"swiper-slide-image\" src=\"http:\/\/www.oztugkimya.com\/wp-content\/uploads\/2020\/05\/oztuglogistics-150x150.png\" alt=\"oztuglogistics\" \/><\/figure><\/div><div class=\"swiper-slide\"><figure class=\"swiper-slide-inner\"><img decoding=\"async\" class=\"swiper-slide-image\" src=\"http:\/\/www.oztugkimya.com\/wp-content\/uploads\/2020\/05\/oztugmap-150x150.png\" alt=\"oztugmap\" \/><\/figure><\/div><div class=\"swiper-slide\"><figure class=\"swiper-slide-inner\"><img decoding=\"async\" class=\"swiper-slide-image\" src=\"http:\/\/www.oztugkimya.com\/wp-content\/uploads\/2020\/05\/oztugmission-150x150.png\" alt=\"oztugmission\" \/><\/figure><\/div><div class=\"swiper-slide\"><figure class=\"swiper-slide-inner\"><img decoding=\"async\" class=\"swiper-slide-image\" src=\"http:\/\/www.oztugkimya.com\/wp-content\/uploads\/2020\/05\/oztugcustomer-150x150.png\" alt=\"oztugcustomer\" \/><\/figure><\/div>\t\t\t<\/div>\n\t\t\t\t\t\t\t\t\t\t\t\t<div class=\"swiper-pagination\"><\/div>\n\t\t\t\t\t\t\t\t\t\t\t\t\t<div class=\"elementor-swiper-button elementor-swiper-button-prev\">\n\t\t\t\t\t\t<i aria-hidden=\"true\" class=\"eicon-chevron-left\"><\/i>\t\t\t\t\t\t<span class=\"elementor-screen-only\">Previous<\/span>\n\t\t\t\t\t<\/div>\n\t\t\t\t\t<div class=\"elementor-swiper-button elementor-swiper-button-next\">\n\t\t\t\t\t\t<i aria-hidden=\"true\" class=\"eicon-chevron-right\"><\/i>\t\t\t\t\t\t<span class=\"elementor-screen-only\">Next<\/span>\n\t\t\t\t\t<\/div>\n\t\t\t\t\t\t\t\t\t<\/div>\n\t\t\t\t<\/div>\n\t\t\t\t<\/div>\n\t\t\t\t\t\t<\/div>\n\t\t\t\t\t<\/div>\n\t\t<\/div>\n\t\t\t\t<div class=\"penci-ercol-50 penci-ercol-order-2 penci-sticky-ct    elementor-column elementor-col-50 elementor-top-column elementor-element elementor-element-5473906\" data-id=\"5473906\" data-element_type=\"column\">\n\t\t\t<div class=\"theiaStickySidebar elementor-column-wrap elementor-element-populated\">\n\t\t\t\t\t\t\t<div class=\"elementor-widget-wrap\">\n\t\t\t\t\t\t<div class=\"elementor-element elementor-element-0a181e5 elementor-widget elementor-widget-text-editor\" data-id=\"0a181e5\" data-element_type=\"widget\" data-widget_type=\"text-editor.default\">\n\t\t\t\t<div class=\"elementor-widget-container\">\n\t\t\t\t\t\t\t\t<div class=\"elementor-text-editor elementor-clearfix\">\n\t\t\t\t<p><strong>G\u00f6r\u00fcn\u00fcm\u00fc\u00a0:\u00a0<\/strong>Toz Haldedir. Higroskopiktir.<\/p><p><strong>Kimyasal Ad\u0131\u00a0:\u00a0<\/strong>Baryum Klor\u00fcr<\/p><p><strong>Kimyasal Form\u00fcl\u00fc\u00a0:\u00a0<\/strong>BaCl2<\/p><p><strong>Ambalaj \u015eekli\u00a0:\u00a0<\/strong>25 kg. l\u0131k torbalarda<\/p><p><strong>Tan\u0131m\u0131 ve Kullan\u0131m Alanlar\u0131\u00a0:<\/strong><\/p><p>Baryum klor\u00fcr, baryum hidroksit veya baryum karbonattan haz\u0131rlanabilir ; baryum karbonat do\u011fal olarak mineral cevherleri olarak bulunur . Bu bazik tuzlar hidratl\u0131 baryum klor\u00fcr vermek \u00fczere hidroklorik asit ile reaksiyona girer . End\u00fcstriyel bir \u00f6l\u00e7ekte, baritten ( baryum s\u00fclfat ) iki a\u015famal\u0131 bir i\u015flemle haz\u0131rlan\u0131r.<\/p><p>BaSO 4 (s) + 4 C (s) \u2192 BaS (s) +4 CO (g)<\/p><p>Bu ilk ad\u0131m y\u00fcksek s\u0131cakl\u0131k gerektirir.<\/p><p>BaS + CaC 2 BaCl \u2192 2 + CaS<\/p><p>\u0130kinci ad\u0131m, reaktiflerin f\u00fczyon gerektirir. BaCl2 daha sonra su ile kar\u0131\u015f\u0131m\u0131ndan \u00fczerinden filtre edilebilir. baryum klor\u00fcr su sol\u00fcsyonlar\u0131ndan, dihidrat, beyaz kristaller olarak kristalle\u015ftirilebilir: BaCl2 \u00b7 2H2O<\/p><p>Oda s\u0131cakl\u0131\u011f\u0131nda beyaz parlak monoklinik kristal, kokusuz, ac\u0131 ve tuzludur. Suda \u00e7\u00f6z\u00fcn\u00fcr, aseton, etanol ve eterde \u00e7\u00f6z\u00fcnmez, asit, s\u00fclf\u00fcrik asitte az \u00e7\u00f6z\u00fcn\u00fcr. Baryum klor\u00fcr sulu sol\u00fcsyondan kristalle\u015ftirme genellikle iki kristal su i\u00e7erir. 113 \u00b0 C&#8217;ye \u0131s\u0131t\u0131ld\u0131\u011f\u0131nda, kristal suyu kaybeder ve susuz baryum klor\u00fcr olur, beyaz tozdur. SO42-iyonlar\u0131n tan\u0131mlanmas\u0131 ve ayr\u0131lmas\u0131, esas olarak baryum tuzlar\u0131 ve pigmentlerin \u00fcretimi i\u00e7in kullan\u0131lan tuzlu suyun ar\u0131t\u0131lmas\u0131 i\u00e7in kullan\u0131labilir, ayr\u0131ca sert su yumu\u015fat\u0131c\u0131 olarak kullan\u0131labilir, y\u00fcn ve deri sanayinde mordan, bitki zararl\u0131lar\u0131n\u0131 kontrol alt\u0131na almaya y\u00f6nelik zirai m\u00fccadele maddeleri. End\u00fcstriyel baryum klor\u00fcr\u00fcn haz\u0131rlanmas\u0131 baryum s\u00fclfat barit, k\u00f6m\u00fcr ve kalsiyum klor\u00fcr\u00fcn y\u00fcksek bile\u015fenlerini i\u00e7eren malzeme olarak baryum klor\u00fcr haz\u0131rlan\u0131r ve baryum klor\u00fcr elde etmek i\u00e7in kalsine edilir.<\/p><p><strong>Kullan\u0131m Alanlar\u0131<\/strong><\/p><ul><li>Sanayide deri, kau\u00e7uk, kuma\u015f ve foto\u011fraf k\u00e2\u011f\u0131d\u0131 \u00fcretiminde sodyum s\u00fclfatla birlikte beyaz pigment ve dolgu maddesi olarak, ayr\u0131ca \u0131\u015f\u0131l i\u015flem banyolar\u0131nda kullan\u0131l\u0131r.<\/li><li>Laboratuarlarda s\u0131kl\u0131kla s\u00fclfat iyonunun testi i\u00e7in kullan\u0131l\u0131r.<\/li><li>End\u00fcstride kostik klorin fabrikalar\u0131nda tuzlu su \u00e7\u00f6zeltilerinin safla\u015ft\u0131r\u0131lmas\u0131 i\u00e7in kullan\u0131l\u0131r. Yine end\u00fcstride di\u011fer baryum tuzlar\u0131n\u0131n \u00fcretimi i\u00e7in kullan\u0131l\u0131r.<\/li><li>Pigment boya \u00fcretimi i\u00e7in kullan\u0131l\u0131r.<\/li><\/ul><p><strong>Baryum klor\u00fcr Kullan\u0131m\u0131 ve Sentezi<\/strong><\/p><p>\u00c7\u00f6z\u00fcn\u00fcr baryum tuzu Baryum klor\u00fcr en \u00f6nemli \u00e7\u00f6z\u00fcn\u00fcr baryum tuzlar\u0131ndan biridir, ayn\u0131 zamanda &#8220;tuzlama baryeri&#8221; olarak bilinir, form\u00fcl BaCl2&#8217;dir, renksiz monoklinik ve renksiz k\u00fcbik iki kristalleri vard\u0131r, monoklinik kristal 962 \u2103 k\u00fcbik kristal haline d\u00f6n\u00fc\u015f\u00fcr., reaksiyon a\u015fa\u011f\u0131daki gibidir: BaSO4 + 4C + CaCl2 \u2192 BaCl2 + CaS + 4CO \u2191.<\/p><p><strong>Kimyasal \u00f6zellikler<\/strong><\/p><ul><li>Renksiz monoklinik kristaldir. (\u0391 tipi) suda \u00f6z\u00fcnebilir, az miktarda hidroklorik asit, nitrik asit, alkol i\u00e7erisinde \u00e7ok az \u00e7\u00f6z\u00fcn\u00fcr.<\/li><li>Kullan\u0131mlar\u0131 (1) Baryum klor\u00fcr esas olarak metallerin, baryum tuzu imalat\u0131n\u0131n, elektronik aletlerin \u0131s\u0131l i\u015flemi i\u00e7in kullan\u0131l\u0131r ve su yumu\u015fat\u0131c\u0131s\u0131 olarak kullan\u0131l\u0131r.<\/li><li>(2) Dehidrate edici ajan ve analiz reaktifleri olarak kullan\u0131labilir, \u0131s\u0131l i\u015flem Jing&#8217;i i\u015flemek i\u00e7in kullan\u0131l\u0131r, di\u011fer baryum klor\u00fcr dihidrat bak\u0131n.<\/li><li>(3) Kalibrasyon ara\u00e7lar\u0131 ve cihazlar\u0131, de\u011ferlendirme metodolojisi, kalite g\u00fcvencesi \/ kalite kontrol\u00fc.<\/li><\/ul>\t\t\t\t\t<\/div>\n\t\t\t\t\t\t<\/div>\n\t\t\t\t<\/div>\n\t\t\t\t\t\t<\/div>\n\t\t\t\t\t<\/div>\n\t\t<\/div>\n\t\t\t\t\t\t\t\t<\/div>\n\t\t\t\t\t<\/div>\n\t\t<\/section>\n\t\t\t\t\t\t\t\t\t<\/div>\n\t\t\t<\/div>\n\t\t\t\t\t<\/div>","protected":false},"excerpt":{"rendered":"<p>Previous Next G\u00f6r\u00fcn\u00fcm\u00fc\u00a0:\u00a0Toz Haldedir. Higroskopiktir. Kimyasal Ad\u0131\u00a0:\u00a0Baryum Klor\u00fcr Kimyasal Form\u00fcl\u00fc\u00a0:\u00a0BaCl2 Ambalaj \u015eekli\u00a0:\u00a025 kg. l\u0131k torbalarda Tan\u0131m\u0131 ve Kullan\u0131m Alanlar\u0131\u00a0: Baryum klor\u00fcr, baryum hidroksit veya baryum karbonattan haz\u0131rlanabilir ; baryum karbonat&hellip;<\/p>","protected":false},"author":1,"featured_media":0,"parent":0,"menu_order":0,"comment_status":"closed","ping_status":"closed","template":"","meta":[],"yoast_head":"<!-- This site is optimized with the Yoast SEO plugin v20.3 - https:\/\/yoast.com\/wordpress\/plugins\/seo\/ -->\n<title>BARYUM KLOR\u00dcR - http:\/\/www.oztugkimya.com\/<\/title>\n<meta name=\"robots\" content=\"index, follow, max-snippet:-1, max-image-preview:large, max-video-preview:-1\" \/>\n<link rel=\"canonical\" href=\"http:\/\/www.oztugkimya.com\/en\/baryum-klorur\/\" \/>\n<meta property=\"og:locale\" content=\"en_US\" \/>\n<meta property=\"og:type\" content=\"article\" \/>\n<meta property=\"og:title\" content=\"BARYUM KLOR\u00dcR - http:\/\/www.oztugkimya.com\/\" \/>\n<meta property=\"og:description\" content=\"Previous Next G\u00f6r\u00fcn\u00fcm\u00fc\u00a0:\u00a0Toz Haldedir. Higroskopiktir. Kimyasal Ad\u0131\u00a0:\u00a0Baryum Klor\u00fcr Kimyasal Form\u00fcl\u00fc\u00a0:\u00a0BaCl2 Ambalaj \u015eekli\u00a0:\u00a025 kg. l\u0131k torbalarda Tan\u0131m\u0131 ve Kullan\u0131m Alanlar\u0131\u00a0: Baryum klor\u00fcr, baryum hidroksit veya baryum karbonattan haz\u0131rlanabilir ; baryum karbonat&hellip;\" \/>\n<meta property=\"og:url\" content=\"http:\/\/www.oztugkimya.com\/en\/baryum-klorur\/\" \/>\n<meta property=\"og:site_name\" content=\"http:\/\/www.oztugkimya.com\/\" \/>\n<meta property=\"article:modified_time\" content=\"2020-08-17T09:46:10+00:00\" \/>\n<meta property=\"og:image\" content=\"http:\/\/www.oztugkimya.com\/wp-content\/uploads\/2020\/05\/oztugdepolama1-150x150.png\" \/>\n<meta name=\"twitter:card\" content=\"summary_large_image\" \/>\n<meta name=\"twitter:label1\" content=\"Est. reading time\" \/>\n\t<meta name=\"twitter:data1\" content=\"3 minutes\" \/>\n<script type=\"application\/ld+json\" class=\"yoast-schema-graph\">{\"@context\":\"https:\/\/schema.org\",\"@graph\":[{\"@type\":\"WebPage\",\"@id\":\"http:\/\/www.oztugkimya.com\/baryum-klorur\/\",\"url\":\"http:\/\/www.oztugkimya.com\/baryum-klorur\/\",\"name\":\"BARYUM KLOR\u00dcR - http:\/\/www.oztugkimya.com\/\",\"isPartOf\":{\"@id\":\"http:\/\/www.oztugkimya.com\/#website\"},\"datePublished\":\"2020-08-17T09:44:53+00:00\",\"dateModified\":\"2020-08-17T09:46:10+00:00\",\"breadcrumb\":{\"@id\":\"http:\/\/www.oztugkimya.com\/baryum-klorur\/#breadcrumb\"},\"inLanguage\":\"en-US\",\"potentialAction\":[{\"@type\":\"ReadAction\",\"target\":[\"http:\/\/www.oztugkimya.com\/baryum-klorur\/\"]}]},{\"@type\":\"BreadcrumbList\",\"@id\":\"http:\/\/www.oztugkimya.com\/baryum-klorur\/#breadcrumb\",\"itemListElement\":[{\"@type\":\"ListItem\",\"position\":1,\"name\":\"Ana sayfa\",\"item\":\"http:\/\/www.oztugkimya.com\/\"},{\"@type\":\"ListItem\",\"position\":2,\"name\":\"BARYUM KLOR\u00dcR\"}]},{\"@type\":\"WebSite\",\"@id\":\"http:\/\/www.oztugkimya.com\/#website\",\"url\":\"http:\/\/www.oztugkimya.com\/\",\"name\":\"http:\/\/www.oztugkimya.com\/\",\"description\":\"http:\/\/www.oztugkimya.com\/\",\"potentialAction\":[{\"@type\":\"SearchAction\",\"target\":{\"@type\":\"EntryPoint\",\"urlTemplate\":\"http:\/\/www.oztugkimya.com\/?s={search_term_string}\"},\"query-input\":\"required name=search_term_string\"}],\"inLanguage\":\"en-US\"}]}<\/script>\n<!-- \/ Yoast SEO plugin. -->","yoast_head_json":{"title":"BARYUM KLOR\u00dcR - http:\/\/www.oztugkimya.com\/","robots":{"index":"index","follow":"follow","max-snippet":"max-snippet:-1","max-image-preview":"max-image-preview:large","max-video-preview":"max-video-preview:-1"},"canonical":"http:\/\/www.oztugkimya.com\/en\/baryum-klorur\/","og_locale":"en_US","og_type":"article","og_title":"BARYUM KLOR\u00dcR - http:\/\/www.oztugkimya.com\/","og_description":"Previous Next G\u00f6r\u00fcn\u00fcm\u00fc\u00a0:\u00a0Toz Haldedir. Higroskopiktir. Kimyasal Ad\u0131\u00a0:\u00a0Baryum Klor\u00fcr Kimyasal Form\u00fcl\u00fc\u00a0:\u00a0BaCl2 Ambalaj \u015eekli\u00a0:\u00a025 kg. l\u0131k torbalarda Tan\u0131m\u0131 ve Kullan\u0131m Alanlar\u0131\u00a0: Baryum klor\u00fcr, baryum hidroksit veya baryum karbonattan haz\u0131rlanabilir ; baryum karbonat&hellip;","og_url":"http:\/\/www.oztugkimya.com\/en\/baryum-klorur\/","og_site_name":"http:\/\/www.oztugkimya.com\/","article_modified_time":"2020-08-17T09:46:10+00:00","og_image":[{"url":"http:\/\/www.oztugkimya.com\/wp-content\/uploads\/2020\/05\/oztugdepolama1-150x150.png"}],"twitter_card":"summary_large_image","twitter_misc":{"Est. reading time":"3 minutes"},"schema":{"@context":"https:\/\/schema.org","@graph":[{"@type":"WebPage","@id":"http:\/\/www.oztugkimya.com\/baryum-klorur\/","url":"http:\/\/www.oztugkimya.com\/baryum-klorur\/","name":"BARYUM KLOR\u00dcR - http:\/\/www.oztugkimya.com\/","isPartOf":{"@id":"http:\/\/www.oztugkimya.com\/#website"},"datePublished":"2020-08-17T09:44:53+00:00","dateModified":"2020-08-17T09:46:10+00:00","breadcrumb":{"@id":"http:\/\/www.oztugkimya.com\/baryum-klorur\/#breadcrumb"},"inLanguage":"en-US","potentialAction":[{"@type":"ReadAction","target":["http:\/\/www.oztugkimya.com\/baryum-klorur\/"]}]},{"@type":"BreadcrumbList","@id":"http:\/\/www.oztugkimya.com\/baryum-klorur\/#breadcrumb","itemListElement":[{"@type":"ListItem","position":1,"name":"Ana sayfa","item":"http:\/\/www.oztugkimya.com\/"},{"@type":"ListItem","position":2,"name":"BARYUM KLOR\u00dcR"}]},{"@type":"WebSite","@id":"http:\/\/www.oztugkimya.com\/#website","url":"http:\/\/www.oztugkimya.com\/","name":"http:\/\/www.oztugkimya.com\/","description":"http:\/\/www.oztugkimya.com\/","potentialAction":[{"@type":"SearchAction","target":{"@type":"EntryPoint","urlTemplate":"http:\/\/www.oztugkimya.com\/?s={search_term_string}"},"query-input":"required name=search_term_string"}],"inLanguage":"en-US"}]}},"_links":{"self":[{"href":"http:\/\/www.oztugkimya.com\/en\/wp-json\/wp\/v2\/pages\/1273"}],"collection":[{"href":"http:\/\/www.oztugkimya.com\/en\/wp-json\/wp\/v2\/pages"}],"about":[{"href":"http:\/\/www.oztugkimya.com\/en\/wp-json\/wp\/v2\/types\/page"}],"author":[{"embeddable":true,"href":"http:\/\/www.oztugkimya.com\/en\/wp-json\/wp\/v2\/users\/1"}],"replies":[{"embeddable":true,"href":"http:\/\/www.oztugkimya.com\/en\/wp-json\/wp\/v2\/comments?post=1273"}],"version-history":[{"count":2,"href":"http:\/\/www.oztugkimya.com\/en\/wp-json\/wp\/v2\/pages\/1273\/revisions"}],"predecessor-version":[{"id":1275,"href":"http:\/\/www.oztugkimya.com\/en\/wp-json\/wp\/v2\/pages\/1273\/revisions\/1275"}],"wp:attachment":[{"href":"http:\/\/www.oztugkimya.com\/en\/wp-json\/wp\/v2\/media?parent=1273"}],"curies":[{"name":"wp","href":"https:\/\/api.w.org\/{rel}","templated":true}]}}