{"id":1282,"date":"2020-08-17T09:48:03","date_gmt":"2020-08-17T09:48:03","guid":{"rendered":"http:\/\/www.oztugkimya.com\/?page_id=1282"},"modified":"2020-08-17T09:48:47","modified_gmt":"2020-08-17T09:48:47","slug":"cinko-klorur","status":"publish","type":"page","link":"http:\/\/www.oztugkimya.com\/en\/cinko-klorur\/","title":{"rendered":"ZINC CHLORIDE"},"content":{"rendered":"<div data-elementor-type=\"wp-page\" data-elementor-id=\"1282\" class=\"elementor elementor-1282\">\n\t\t\t\t\t\t<div class=\"elementor-inner\">\n\t\t\t\t<div class=\"elementor-section-wrap\">\n\t\t\t\t\t\t\t\t\t<section class=\"penci-section penci-disSticky penci-structure-20 elementor-section elementor-top-section elementor-element elementor-element-a22a85e elementor-section-boxed elementor-section-height-default elementor-section-height-default\" data-id=\"a22a85e\" data-element_type=\"section\">\n\t\t\t\t\t\t<div class=\"elementor-container elementor-column-gap-default\">\n\t\t\t\t\t\t\t<div class=\"elementor-row\">\n\t\t\t\t\t<div class=\"penci-ercol-50 penci-ercol-order-1 penci-sticky-ct    elementor-column elementor-col-50 elementor-top-column elementor-element elementor-element-f7cada8\" data-id=\"f7cada8\" data-element_type=\"column\">\n\t\t\t<div class=\"theiaStickySidebar elementor-column-wrap elementor-element-populated\">\n\t\t\t\t\t\t\t<div class=\"elementor-widget-wrap\">\n\t\t\t\t\t\t<div class=\"elementor-element elementor-element-0fd47b9 elementor-arrows-position-inside elementor-pagination-position-outside elementor-widget elementor-widget-image-carousel\" data-id=\"0fd47b9\" data-element_type=\"widget\" data-settings=\"{&quot;navigation&quot;:&quot;both&quot;,&quot;autoplay&quot;:&quot;yes&quot;,&quot;pause_on_hover&quot;:&quot;yes&quot;,&quot;pause_on_interaction&quot;:&quot;yes&quot;,&quot;autoplay_speed&quot;:5000,&quot;infinite&quot;:&quot;yes&quot;,&quot;speed&quot;:500}\" data-widget_type=\"image-carousel.default\">\n\t\t\t\t<div class=\"elementor-widget-container\">\n\t\t\t\t\t<div class=\"elementor-image-carousel-wrapper swiper-container\" dir=\"ltr\">\n\t\t\t<div class=\"elementor-image-carousel swiper-wrapper\">\n\t\t\t\t\t\t\t\t<div class=\"swiper-slide\"><figure class=\"swiper-slide-inner\"><img decoding=\"async\" class=\"swiper-slide-image\" src=\"http:\/\/www.oztugkimya.com\/wp-content\/uploads\/2020\/05\/oztugdepolama1-150x150.png\" alt=\"oztugdepolama1\" \/><\/figure><\/div><div class=\"swiper-slide\"><figure class=\"swiper-slide-inner\"><img decoding=\"async\" class=\"swiper-slide-image\" src=\"http:\/\/www.oztugkimya.com\/wp-content\/uploads\/2020\/05\/oztuglogistics-150x150.png\" alt=\"oztuglogistics\" \/><\/figure><\/div><div class=\"swiper-slide\"><figure class=\"swiper-slide-inner\"><img decoding=\"async\" class=\"swiper-slide-image\" src=\"http:\/\/www.oztugkimya.com\/wp-content\/uploads\/2020\/05\/oztugmap-150x150.png\" alt=\"oztugmap\" \/><\/figure><\/div><div class=\"swiper-slide\"><figure class=\"swiper-slide-inner\"><img decoding=\"async\" class=\"swiper-slide-image\" src=\"http:\/\/www.oztugkimya.com\/wp-content\/uploads\/2020\/05\/oztugmission-150x150.png\" alt=\"oztugmission\" \/><\/figure><\/div><div class=\"swiper-slide\"><figure class=\"swiper-slide-inner\"><img decoding=\"async\" class=\"swiper-slide-image\" src=\"http:\/\/www.oztugkimya.com\/wp-content\/uploads\/2020\/05\/oztugcustomer-150x150.png\" alt=\"oztugcustomer\" \/><\/figure><\/div>\t\t\t<\/div>\n\t\t\t\t\t\t\t\t\t\t\t\t<div class=\"swiper-pagination\"><\/div>\n\t\t\t\t\t\t\t\t\t\t\t\t\t<div class=\"elementor-swiper-button elementor-swiper-button-prev\">\n\t\t\t\t\t\t<i aria-hidden=\"true\" class=\"eicon-chevron-left\"><\/i>\t\t\t\t\t\t<span class=\"elementor-screen-only\">Previous<\/span>\n\t\t\t\t\t<\/div>\n\t\t\t\t\t<div class=\"elementor-swiper-button elementor-swiper-button-next\">\n\t\t\t\t\t\t<i aria-hidden=\"true\" class=\"eicon-chevron-right\"><\/i>\t\t\t\t\t\t<span class=\"elementor-screen-only\">Next<\/span>\n\t\t\t\t\t<\/div>\n\t\t\t\t\t\t\t\t\t<\/div>\n\t\t\t\t<\/div>\n\t\t\t\t<\/div>\n\t\t\t\t\t\t<\/div>\n\t\t\t\t\t<\/div>\n\t\t<\/div>\n\t\t\t\t<div class=\"penci-ercol-50 penci-ercol-order-2 penci-sticky-ct    elementor-column elementor-col-50 elementor-top-column elementor-element elementor-element-34a26cc\" data-id=\"34a26cc\" data-element_type=\"column\">\n\t\t\t<div class=\"theiaStickySidebar elementor-column-wrap elementor-element-populated\">\n\t\t\t\t\t\t\t<div class=\"elementor-widget-wrap\">\n\t\t\t\t\t\t<div class=\"elementor-element elementor-element-132cc85 elementor-widget elementor-widget-text-editor\" data-id=\"132cc85\" data-element_type=\"widget\" data-widget_type=\"text-editor.default\">\n\t\t\t\t<div class=\"elementor-widget-container\">\n\t\t\t\t\t\t\t\t<div class=\"elementor-text-editor elementor-clearfix\">\n\t\t\t\t<p><strong>G\u00f6r\u00fcn\u00fcm\u00fc\u00a0:\u00a0<\/strong>Beyaz Kristal Haldedir, Higroskopiktir.<\/p><p><strong>Kimyasal Ad\u0131\u00a0:<\/strong>\u00a0Zinc Chloride<\/p><p><strong>Kimyasal Form\u00fcl\u00fc\u00a0<\/strong>:\u00a0ZnCl2<\/p><p><strong>\u00d6zellikleri\u00a0:\u00a0<\/strong>Suda \u00c7OK RAHAT \u00c7\u00d6Z\u00dcN\u00dcR.<\/p><p><strong>Ambalaj \u015eekli\u00a0:\u00a0<\/strong>25 Kg. l\u0131k Torbalarda<\/p><p><strong>Tan\u0131m\u0131 ve Kullan\u0131m Alanlar\u0131\u00a0:<\/strong><\/p><p>\u00c7inko tereya\u011f\u0131 olarak da bilinen \u00e7inko (II) klor\u00fcr, suda \u00e7ok \u00e7\u00f6z\u00fcnen ve \u00e7o\u011funlukla kataliz\u00f6r olarak ve dezenfektan olarak organik sentezde kullan\u0131lan inorganik bir tuzdur.<\/p><p>\u00c7inko klor\u00fcr \u00e7o\u011funlukla iyonik bir bile\u015fik olarak d\u00fc\u015f\u00fcn\u00fcl\u00fcr ancak daha kovalent bir davran\u0131\u015fa sahip oldu\u011fu belirlenmi\u015ftir. \u00c7inko klor\u00fcr, \u00e7e\u015fitli \u015fekillerde reaksiyona girebilir, hepsi de kovalent bile\u015fikler taraf\u0131ndan g\u00f6sterilen reaksiyona benzer: \u00f6rne\u011fin su molek\u00fcl\u00fc ile kompleks olu\u015fumu veya alkali \u00e7\u00f6zeltinin varl\u0131\u011f\u0131nda a\u015fa\u011f\u0131daki gibi kompleks t\u00fcrler olu\u015fur: Zn ( OH) 3 Cl 2- , Zn (OH) 2 Cl 2- veya ZnOHCl 2- .<\/p><p>\u00c7inko, d\u00fcnyada y\u0131ll\u0131k kullan\u0131m miktar\u0131 a\u00e7\u0131s\u0131ndan demir, al\u00fcminyum, ve bak\u0131rdan sonra gelir.<\/p><p><strong>Kullan\u0131m Alanlar\u0131<\/strong><\/p><ul><li>Korozyondan korunma amac\u0131yla, \u00e7elik gibi di\u011fer metallerin galvanize edilmesinde,<\/li><li>Pirin\u00e7, nikelli g\u00fcm\u00fc\u015f, de\u011fi\u015fik lehimler, alman g\u00fcm\u00fc\u015f\u00fc gibi ala\u015f\u0131mlar\u0131n yap\u0131m\u0131nda,<\/li><li>Genellikle otomotiv end\u00fcstrisinde d\u00f6k\u00fcm kal\u0131plar\u0131nda,<\/li><li>Pillerin g\u00f6vdelerinin yap\u0131m\u0131nda kullan\u0131l\u0131r.<\/li><li>\u00c7inko oksit, sulu boyalarda beyaz pigment olarak ve lastik sanayinde aktivat\u00f6r olarak kullan\u0131l\u0131r.<\/li><li>Re\u00e7etesiz sat\u0131labilen baz\u0131 merhemlerin bile\u015fiminde bulunur ve ince bir tabaka halinde uyguland\u0131\u011f\u0131nda cildin su kaybetmesini \u00f6nler. Yaz\u0131n g\u00fcne\u015f, k\u0131\u015f\u0131n da so\u011fuk yan\u0131klar\u0131na kar\u015f\u0131 koruyucudur. Bebeklerin bez ba\u011flanan b\u00f6lgelerinde \u00e7ok az miktarda kullan\u0131larak ciltte meydana gelebilecek k\u0131zar\u0131kl\u0131klar \u00f6nlenebilir.<\/li><li>Ya\u015fa ba\u011fl\u0131 g\u00f6z hastal\u0131klar\u0131n\u0131n tedavisinde de kullan\u0131l\u0131r.<\/li><li>\u00c7inko klor\u00fcr, deodorantlarda ve ah\u015fap koruyucu olarak kullan\u0131l\u0131r.<\/li><li>\u00c7inko s\u00fclf\u00fcr, karanl\u0131kta parlayan pigment olarak saatlerin akrep ve yelkovanlar\u0131nda kullan\u0131l\u0131r.<\/li><li>\u00c7inko metil, (Zn(CH3)2) pek \u00e7ok organik maddenin sentezinde kullan\u0131l\u0131r.<\/li><\/ul>\t\t\t\t\t<\/div>\n\t\t\t\t\t\t<\/div>\n\t\t\t\t<\/div>\n\t\t\t\t\t\t<\/div>\n\t\t\t\t\t<\/div>\n\t\t<\/div>\n\t\t\t\t\t\t\t\t<\/div>\n\t\t\t\t\t<\/div>\n\t\t<\/section>\n\t\t\t\t\t\t\t\t\t<\/div>\n\t\t\t<\/div>\n\t\t\t\t\t<\/div>","protected":false},"excerpt":{"rendered":"<p>Previous Next G\u00f6r\u00fcn\u00fcm\u00fc\u00a0:\u00a0Beyaz Kristal Haldedir, Higroskopiktir. Kimyasal Ad\u0131\u00a0:\u00a0Zinc Chloride Kimyasal Form\u00fcl\u00fc\u00a0:\u00a0ZnCl2 \u00d6zellikleri\u00a0:\u00a0Suda \u00c7OK RAHAT \u00c7\u00d6Z\u00dcN\u00dcR. Ambalaj \u015eekli\u00a0:\u00a025 Kg. l\u0131k Torbalarda Tan\u0131m\u0131 ve Kullan\u0131m Alanlar\u0131\u00a0: \u00c7inko tereya\u011f\u0131 olarak da bilinen \u00e7inko&hellip;<\/p>","protected":false},"author":1,"featured_media":0,"parent":0,"menu_order":0,"comment_status":"closed","ping_status":"closed","template":"","meta":[],"yoast_head":"<!-- This site is optimized with the Yoast SEO plugin v20.3 - https:\/\/yoast.com\/wordpress\/plugins\/seo\/ -->\n<title>\u00c7\u0130NKO KLOR\u00dcR - http:\/\/www.oztugkimya.com\/<\/title>\n<meta name=\"robots\" content=\"index, follow, max-snippet:-1, max-image-preview:large, max-video-preview:-1\" \/>\n<link rel=\"canonical\" href=\"http:\/\/www.oztugkimya.com\/en\/cinko-klorur\/\" \/>\n<meta property=\"og:locale\" content=\"en_US\" \/>\n<meta property=\"og:type\" content=\"article\" \/>\n<meta property=\"og:title\" content=\"\u00c7\u0130NKO KLOR\u00dcR - http:\/\/www.oztugkimya.com\/\" \/>\n<meta property=\"og:description\" content=\"Previous Next G\u00f6r\u00fcn\u00fcm\u00fc\u00a0:\u00a0Beyaz Kristal Haldedir, Higroskopiktir. Kimyasal Ad\u0131\u00a0:\u00a0Zinc Chloride Kimyasal Form\u00fcl\u00fc\u00a0:\u00a0ZnCl2 \u00d6zellikleri\u00a0:\u00a0Suda \u00c7OK RAHAT \u00c7\u00d6Z\u00dcN\u00dcR. Ambalaj \u015eekli\u00a0:\u00a025 Kg. l\u0131k Torbalarda Tan\u0131m\u0131 ve Kullan\u0131m Alanlar\u0131\u00a0: \u00c7inko tereya\u011f\u0131 olarak da bilinen \u00e7inko&hellip;\" \/>\n<meta property=\"og:url\" content=\"http:\/\/www.oztugkimya.com\/en\/cinko-klorur\/\" \/>\n<meta property=\"og:site_name\" content=\"http:\/\/www.oztugkimya.com\/\" \/>\n<meta property=\"article:modified_time\" content=\"2020-08-17T09:48:47+00:00\" \/>\n<meta property=\"og:image\" content=\"http:\/\/www.oztugkimya.com\/wp-content\/uploads\/2020\/05\/oztugdepolama1-150x150.png\" \/>\n<meta name=\"twitter:card\" content=\"summary_large_image\" \/>\n<meta name=\"twitter:label1\" content=\"Est. reading time\" \/>\n\t<meta name=\"twitter:data1\" content=\"2 minutes\" \/>\n<script type=\"application\/ld+json\" class=\"yoast-schema-graph\">{\"@context\":\"https:\/\/schema.org\",\"@graph\":[{\"@type\":\"WebPage\",\"@id\":\"http:\/\/www.oztugkimya.com\/cinko-klorur\/\",\"url\":\"http:\/\/www.oztugkimya.com\/cinko-klorur\/\",\"name\":\"\u00c7\u0130NKO KLOR\u00dcR - http:\/\/www.oztugkimya.com\/\",\"isPartOf\":{\"@id\":\"http:\/\/www.oztugkimya.com\/#website\"},\"datePublished\":\"2020-08-17T09:48:03+00:00\",\"dateModified\":\"2020-08-17T09:48:47+00:00\",\"breadcrumb\":{\"@id\":\"http:\/\/www.oztugkimya.com\/cinko-klorur\/#breadcrumb\"},\"inLanguage\":\"en-US\",\"potentialAction\":[{\"@type\":\"ReadAction\",\"target\":[\"http:\/\/www.oztugkimya.com\/cinko-klorur\/\"]}]},{\"@type\":\"BreadcrumbList\",\"@id\":\"http:\/\/www.oztugkimya.com\/cinko-klorur\/#breadcrumb\",\"itemListElement\":[{\"@type\":\"ListItem\",\"position\":1,\"name\":\"Ana sayfa\",\"item\":\"http:\/\/www.oztugkimya.com\/\"},{\"@type\":\"ListItem\",\"position\":2,\"name\":\"\u00c7\u0130NKO KLOR\u00dcR\"}]},{\"@type\":\"WebSite\",\"@id\":\"http:\/\/www.oztugkimya.com\/#website\",\"url\":\"http:\/\/www.oztugkimya.com\/\",\"name\":\"http:\/\/www.oztugkimya.com\/\",\"description\":\"http:\/\/www.oztugkimya.com\/\",\"potentialAction\":[{\"@type\":\"SearchAction\",\"target\":{\"@type\":\"EntryPoint\",\"urlTemplate\":\"http:\/\/www.oztugkimya.com\/?s={search_term_string}\"},\"query-input\":\"required name=search_term_string\"}],\"inLanguage\":\"en-US\"}]}<\/script>\n<!-- \/ Yoast SEO plugin. -->","yoast_head_json":{"title":"\u00c7\u0130NKO KLOR\u00dcR - http:\/\/www.oztugkimya.com\/","robots":{"index":"index","follow":"follow","max-snippet":"max-snippet:-1","max-image-preview":"max-image-preview:large","max-video-preview":"max-video-preview:-1"},"canonical":"http:\/\/www.oztugkimya.com\/en\/cinko-klorur\/","og_locale":"en_US","og_type":"article","og_title":"\u00c7\u0130NKO KLOR\u00dcR - http:\/\/www.oztugkimya.com\/","og_description":"Previous Next G\u00f6r\u00fcn\u00fcm\u00fc\u00a0:\u00a0Beyaz Kristal Haldedir, Higroskopiktir. Kimyasal Ad\u0131\u00a0:\u00a0Zinc Chloride Kimyasal Form\u00fcl\u00fc\u00a0:\u00a0ZnCl2 \u00d6zellikleri\u00a0:\u00a0Suda \u00c7OK RAHAT \u00c7\u00d6Z\u00dcN\u00dcR. Ambalaj \u015eekli\u00a0:\u00a025 Kg. l\u0131k Torbalarda Tan\u0131m\u0131 ve Kullan\u0131m Alanlar\u0131\u00a0: \u00c7inko tereya\u011f\u0131 olarak da bilinen \u00e7inko&hellip;","og_url":"http:\/\/www.oztugkimya.com\/en\/cinko-klorur\/","og_site_name":"http:\/\/www.oztugkimya.com\/","article_modified_time":"2020-08-17T09:48:47+00:00","og_image":[{"url":"http:\/\/www.oztugkimya.com\/wp-content\/uploads\/2020\/05\/oztugdepolama1-150x150.png"}],"twitter_card":"summary_large_image","twitter_misc":{"Est. reading time":"2 minutes"},"schema":{"@context":"https:\/\/schema.org","@graph":[{"@type":"WebPage","@id":"http:\/\/www.oztugkimya.com\/cinko-klorur\/","url":"http:\/\/www.oztugkimya.com\/cinko-klorur\/","name":"\u00c7\u0130NKO KLOR\u00dcR - http:\/\/www.oztugkimya.com\/","isPartOf":{"@id":"http:\/\/www.oztugkimya.com\/#website"},"datePublished":"2020-08-17T09:48:03+00:00","dateModified":"2020-08-17T09:48:47+00:00","breadcrumb":{"@id":"http:\/\/www.oztugkimya.com\/cinko-klorur\/#breadcrumb"},"inLanguage":"en-US","potentialAction":[{"@type":"ReadAction","target":["http:\/\/www.oztugkimya.com\/cinko-klorur\/"]}]},{"@type":"BreadcrumbList","@id":"http:\/\/www.oztugkimya.com\/cinko-klorur\/#breadcrumb","itemListElement":[{"@type":"ListItem","position":1,"name":"Ana sayfa","item":"http:\/\/www.oztugkimya.com\/"},{"@type":"ListItem","position":2,"name":"\u00c7\u0130NKO KLOR\u00dcR"}]},{"@type":"WebSite","@id":"http:\/\/www.oztugkimya.com\/#website","url":"http:\/\/www.oztugkimya.com\/","name":"http:\/\/www.oztugkimya.com\/","description":"http:\/\/www.oztugkimya.com\/","potentialAction":[{"@type":"SearchAction","target":{"@type":"EntryPoint","urlTemplate":"http:\/\/www.oztugkimya.com\/?s={search_term_string}"},"query-input":"required name=search_term_string"}],"inLanguage":"en-US"}]}},"_links":{"self":[{"href":"http:\/\/www.oztugkimya.com\/en\/wp-json\/wp\/v2\/pages\/1282"}],"collection":[{"href":"http:\/\/www.oztugkimya.com\/en\/wp-json\/wp\/v2\/pages"}],"about":[{"href":"http:\/\/www.oztugkimya.com\/en\/wp-json\/wp\/v2\/types\/page"}],"author":[{"embeddable":true,"href":"http:\/\/www.oztugkimya.com\/en\/wp-json\/wp\/v2\/users\/1"}],"replies":[{"embeddable":true,"href":"http:\/\/www.oztugkimya.com\/en\/wp-json\/wp\/v2\/comments?post=1282"}],"version-history":[{"count":2,"href":"http:\/\/www.oztugkimya.com\/en\/wp-json\/wp\/v2\/pages\/1282\/revisions"}],"predecessor-version":[{"id":1284,"href":"http:\/\/www.oztugkimya.com\/en\/wp-json\/wp\/v2\/pages\/1282\/revisions\/1284"}],"wp:attachment":[{"href":"http:\/\/www.oztugkimya.com\/en\/wp-json\/wp\/v2\/media?parent=1282"}],"curies":[{"name":"wp","href":"https:\/\/api.w.org\/{rel}","templated":true}]}}