{"id":1285,"date":"2020-08-17T09:49:13","date_gmt":"2020-08-17T09:49:13","guid":{"rendered":"http:\/\/www.oztugkimya.com\/?page_id=1285"},"modified":"2020-08-17T09:50:39","modified_gmt":"2020-08-17T09:50:39","slug":"cinko-oksit","status":"publish","type":"page","link":"http:\/\/www.oztugkimya.com\/en\/cinko-oksit\/","title":{"rendered":"Zinc Oxide"},"content":{"rendered":"\t\t<div data-elementor-type=\"wp-page\" data-elementor-id=\"1285\" class=\"elementor elementor-1285\">\n\t\t\t\t\t\t<div class=\"elementor-inner\">\n\t\t\t\t<div class=\"elementor-section-wrap\">\n\t\t\t\t\t\t\t\t\t<section class=\"penci-section penci-disSticky penci-structure-20 elementor-section elementor-top-section elementor-element elementor-element-5ca66ca elementor-section-boxed elementor-section-height-default elementor-section-height-default\" data-id=\"5ca66ca\" data-element_type=\"section\">\n\t\t\t\t\t\t<div class=\"elementor-container elementor-column-gap-default\">\n\t\t\t\t\t\t\t<div class=\"elementor-row\">\n\t\t\t\t\t<div class=\"penci-ercol-50 penci-ercol-order-1 penci-sticky-ct    elementor-column elementor-col-50 elementor-top-column elementor-element elementor-element-d3f5b1c\" data-id=\"d3f5b1c\" data-element_type=\"column\">\n\t\t\t<div class=\"theiaStickySidebar elementor-column-wrap elementor-element-populated\">\n\t\t\t\t\t\t\t<div class=\"elementor-widget-wrap\">\n\t\t\t\t\t\t<div class=\"elementor-element elementor-element-1e58e85 elementor-arrows-position-inside elementor-pagination-position-outside elementor-widget elementor-widget-image-carousel\" data-id=\"1e58e85\" data-element_type=\"widget\" data-settings=\"{&quot;navigation&quot;:&quot;both&quot;,&quot;autoplay&quot;:&quot;yes&quot;,&quot;pause_on_hover&quot;:&quot;yes&quot;,&quot;pause_on_interaction&quot;:&quot;yes&quot;,&quot;autoplay_speed&quot;:5000,&quot;infinite&quot;:&quot;yes&quot;,&quot;speed&quot;:500}\" data-widget_type=\"image-carousel.default\">\n\t\t\t\t<div class=\"elementor-widget-container\">\n\t\t\t\t\t<div class=\"elementor-image-carousel-wrapper swiper-container\" dir=\"ltr\">\n\t\t\t<div class=\"elementor-image-carousel swiper-wrapper\">\n\t\t\t\t\t\t\t\t<div class=\"swiper-slide\"><figure class=\"swiper-slide-inner\"><img decoding=\"async\" class=\"swiper-slide-image\" src=\"http:\/\/www.oztugkimya.com\/wp-content\/uploads\/2020\/05\/oztugdepolama1-150x150.png\" alt=\"oztugdepolama1\" \/><\/figure><\/div><div class=\"swiper-slide\"><figure class=\"swiper-slide-inner\"><img decoding=\"async\" class=\"swiper-slide-image\" src=\"http:\/\/www.oztugkimya.com\/wp-content\/uploads\/2020\/05\/oztuglogistics-150x150.png\" alt=\"oztuglogistics\" \/><\/figure><\/div><div class=\"swiper-slide\"><figure class=\"swiper-slide-inner\"><img decoding=\"async\" class=\"swiper-slide-image\" src=\"http:\/\/www.oztugkimya.com\/wp-content\/uploads\/2020\/05\/oztugmap-150x150.png\" alt=\"oztugmap\" \/><\/figure><\/div><div class=\"swiper-slide\"><figure class=\"swiper-slide-inner\"><img decoding=\"async\" class=\"swiper-slide-image\" src=\"http:\/\/www.oztugkimya.com\/wp-content\/uploads\/2020\/05\/oztugmission-150x150.png\" alt=\"oztugmission\" \/><\/figure><\/div><div class=\"swiper-slide\"><figure class=\"swiper-slide-inner\"><img decoding=\"async\" class=\"swiper-slide-image\" src=\"http:\/\/www.oztugkimya.com\/wp-content\/uploads\/2020\/05\/oztugcustomer-150x150.png\" alt=\"oztugcustomer\" \/><\/figure><\/div>\t\t\t<\/div>\n\t\t\t\t\t\t\t\t\t\t\t\t<div class=\"swiper-pagination\"><\/div>\n\t\t\t\t\t\t\t\t\t\t\t\t\t<div class=\"elementor-swiper-button elementor-swiper-button-prev\">\n\t\t\t\t\t\t<i aria-hidden=\"true\" class=\"eicon-chevron-left\"><\/i>\t\t\t\t\t\t<span class=\"elementor-screen-only\">Previous<\/span>\n\t\t\t\t\t<\/div>\n\t\t\t\t\t<div class=\"elementor-swiper-button elementor-swiper-button-next\">\n\t\t\t\t\t\t<i aria-hidden=\"true\" class=\"eicon-chevron-right\"><\/i>\t\t\t\t\t\t<span class=\"elementor-screen-only\">Next<\/span>\n\t\t\t\t\t<\/div>\n\t\t\t\t\t\t\t\t\t<\/div>\n\t\t\t\t<\/div>\n\t\t\t\t<\/div>\n\t\t\t\t\t\t<\/div>\n\t\t\t\t\t<\/div>\n\t\t<\/div>\n\t\t\t\t<div class=\"penci-ercol-50 penci-ercol-order-2 penci-sticky-ct    elementor-column elementor-col-50 elementor-top-column elementor-element elementor-element-e6a974d\" data-id=\"e6a974d\" data-element_type=\"column\">\n\t\t\t<div class=\"theiaStickySidebar elementor-column-wrap elementor-element-populated\">\n\t\t\t\t\t\t\t<div class=\"elementor-widget-wrap\">\n\t\t\t\t\t\t<div class=\"elementor-element elementor-element-af04daa elementor-widget elementor-widget-text-editor\" data-id=\"af04daa\" data-element_type=\"widget\" data-widget_type=\"text-editor.default\">\n\t\t\t\t<div class=\"elementor-widget-container\">\n\t\t\t\t\t\t\t\t<div class=\"elementor-text-editor elementor-clearfix\">\n\t\t\t\t<p><strong>G\u00f6r\u00fcn\u00fcm\u00fc\u00a0:\u00a0<\/strong>Kokusuz beyaz pudra g\u00f6r\u00fcn\u00fcm\u00fcndedir.<\/p><p><strong>Kimyasal Ad\u0131\u00a0 :<\/strong>\u00a0Beyaz \u00e7inko, calamine<\/p><p><strong>Kimyasal Form\u00fcl\u00fc\u00a0:<\/strong>\u00a0ZnO<\/p><p><strong>\u00d6zellikleri\u00a0:<\/strong>\u00a0Beyaz ve alt\u0131n m\u00fch\u00fcr olarak iki tipte bulunur. Alt\u0131n m\u00fch\u00fcr ila\u00e7 kalitesindedir.<\/p><p><strong>Ambalaj \u015eekli\u00a0:\u00a0<\/strong>25 kg. l\u0131k torbalarda<\/p><p><strong>Kullan\u0131m Alanlar\u0131\u00a0:<\/strong><\/p><p>\u00c7inko oksit, form\u00fcl ZnO ile bir inorganik bile\u015fiktir. ZnO, suda \u00e7\u00f6z\u00fcnmeyen, beyaz bir tozdur ve yayg\u0131n boyalar, merhemler, yap\u0131\u015ft\u0131r\u0131c\u0131lar, s\u0131zd\u0131rmazl\u0131k maddeleri, pigmentler, kau\u00e7uk, plastik, seramik, cam, \u00e7imento, kayganla\u015ft\u0131r\u0131c\u0131lar dahil olmak \u00fczere \u00e7ok say\u0131da maddelerin ve \u00fcr\u00fcnlerin bir katk\u0131 maddesi olarak kullan\u0131l\u0131r, g\u0131dalar, piller, feritlerin yang\u0131n geciktiriciler, ve ilk yard\u0131m bantlar\u0131. mineral zincite do\u011fal olarak meydana gelmesine ra\u011fmen, en \u00e7ok \u00e7inko oksit sentetik olarak \u00fcretilir.<\/p><p>Saf ZnO, beyaz bir tozdur, ancak do\u011fal olarak nadir bulunan mineral \u00e7inkittir ve genellikle manganez ve sar\u0131dan k\u0131rm\u0131z\u0131ya renk katan di\u011fer safs\u0131zl\u0131klar\u0131 i\u00e7erir.<\/p><p>\u00c7inko oksit, amfoterik bir oksittir . Suda neredeyse \u00e7\u00f6z\u00fcnmez , ancak hidroklorikasit gibi asitlerin \u00e7o\u011funda erir :<\/p><p>ZnO + 2 HCI \u2192 ZnCl 2 + H 2 O<\/p><p><strong>Kat\u0131 \u00e7inko oksit, \u00e7\u00f6z\u00fcn\u00fcr \u00e7inkoat vermek \u00fczere alkalilerde de \u00e7\u00f6z\u00fcn\u00fcr:<\/strong><\/p><p>ZnO + 2 NaOH + H 2 Na \u2192 O 2 [Zn (OH) 4 ]<\/p><p>ZnO , oleat veya stearat gibi kar\u015f\u0131l\u0131k gelen karboksilatlar\u0131 \u00fcretmek i\u00e7in ya\u011flardaki ya\u011f asitleriyle yava\u015f reaksiyona girer . \u00c7inko klor\u00fcr g\u00fc\u00e7l\u00fc bir sulu \u00e7\u00f6zeltisi ile kar\u0131\u015ft\u0131r\u0131ld\u0131\u011f\u0131nda ZnO \u00e7imento benzeri \u00fcr\u00fcnler olu\u015fturur ve bunlar \u00e7inko hidroksi klor\u00fcr olarak en iyi tan\u0131mlan\u0131r. [11] Bu \u00e7imento di\u015f hekimli\u011finde kullan\u0131ld\u0131.<\/p><p>ZnO ayr\u0131ca fosforik asit ile i\u015flendi\u011finde \u00e7imento benzeri bir malzeme olu\u015fturur ; ilgili malzemeler di\u015fhekimli\u011finde kullan\u0131lmaktad\u0131r. Bu reaksiyon ile \u00fcretilen \u00e7inko fosfat tutkal\u0131 \u00f6nemli bir bile\u015fenidir Hopeit , Zn 3 (PO 4 ) 2 \u00b7 4H 2 O<\/p><p>ZnO, standart oksijen bas\u0131nc\u0131 ile 1975 \u00b0 C civar\u0131nda \u00e7inko buhar\u0131 ve oksijene ayr\u0131\u015f\u0131r. Bir de karbotermik reaksiyon , karbon ile \u0131s\u0131tma \u00e7ok daha d\u00fc\u015f\u00fck bir s\u0131cakl\u0131kta (yakla\u015f\u0131k 950 \u00b0 C), \u00e7inko buhar\u0131na oksit d\u00f6n\u00fc\u015ft\u00fcr\u00fcr.<\/p><p>ZnO + C \u2192 Zn (Buhar) + CO<\/p><p>\u00c7inko oksit, al\u00fcminyum ve magnezyum tozlar\u0131 ile \u015fiddetli reaksiyon g\u00f6sterebilir ; \u0131s\u0131tmada klorlu kau\u00e7uk ve keten tohumu ya\u011f\u0131 , yang\u0131n ve patlama tehlikesine neden olabilir.<\/p><p>\u00c7inko s\u00fclfit vermek \u00fczere hidrojen s\u00fclfid ile tepkimeye girer . Bu reaksiyon ticari olarak kullan\u0131l\u0131r.<\/p><p><strong>Kullan\u0131m Alanlar\u0131<\/strong><\/p><ul><li>Boya sanayinde, suluboyalarda beyaz pigment olarak kullan\u0131l\u0131r. Beyaz renkli bir pigment olmas\u0131n\u0131n yan\u0131 s\u0131ra kimyasal olarak reaktif bir maddedir, k\u0131vam verici bir \u00f6zelli\u011fi vard\u0131r. Boyay\u0131 ultra viyola \u0131\u015f\u0131ktan koruyarak solmas\u0131n\u0131 geciktirir, boya tabakas\u0131na sertlik kazand\u0131r\u0131r k\u00fcflenmeyi \u00f6nleyici etkisi vard\u0131r.<\/li><li>Seramik ve cam sanayinde \u0131s\u0131l ve mekanik \u015foklara kar\u015f\u0131 direncini ve malzemenin parlakl\u0131\u011f\u0131n\u0131 artt\u0131r\u0131r. Cam\u0131n optik \u00f6zelliklerini geli\u015ftirir.<\/li><li>Tekstil sanayinde, dolgu malzemesi olarak g\u00f6rev yapar, kullan\u0131ld\u0131\u011f\u0131 malzemeye beyazl\u0131k ve dayan\u0131kl\u0131l\u0131k verir, elastikiyet kazand\u0131r\u0131r, k\u00fcf ve bakterilere kar\u015f\u0131 etki yarat\u0131r.<\/li><li>Metal kaplama sanayinde, \u00e7e\u015fitli metal y\u00fczeylerin kaplamas\u0131nda ve korozyona kar\u015f\u0131 korunmas\u0131nda ayr\u0131ca elektriksel direnci artt\u0131rd\u0131\u011f\u0131 i\u00e7in elektrikli ev aletlerinin y\u00fczey kaplamas\u0131nda kullan\u0131l\u0131r.<\/li><li>Kibrit, ak\u00fc, pil, kimyasal duman yap\u0131m\u0131nda kullan\u0131lmaktad\u0131r.<\/li><li>Lastik sanayinde aktivat\u00f6r olarak kullan\u0131l\u0131r. Lastiklerin vulkanizasyonunda h\u0131zland\u0131r\u0131c\u0131 olarak kullan\u0131l\u0131r. Lasti\u011fin esnekli\u011fini artt\u0131rarak a\u015f\u0131nmaya ve y\u0131rt\u0131lmaya kar\u015f\u0131 direncini sa\u011flar.<\/li><li>\u0130la\u00e7 ve kozmetik sanayinde Antiseptik ve kurutucu \u00f6zelli\u011fi ile h\u00fccre yenilenmesine yard\u0131mc\u0131 olur. Re\u00e7etesiz sat\u0131labilen baz\u0131 merhemlerin bile\u015fiminde bulunur ve ince bir tabaka halinde uyguland\u0131\u011f\u0131nda cildin su kaybetmesini \u00f6nler. Yaz\u0131n g\u00fcne\u015f, k\u0131\u015f\u0131n da so\u011fuk yan\u0131klar\u0131na kar\u015f\u0131 koruyucudur.<\/li><li>Bebeklerin bez ba\u011flanan b\u00f6lgelerinde \u00e7ok az miktarda kullan\u0131larak ciltte meydana gelebilecek k\u0131zar\u0131kl\u0131klar \u00f6nlenebilir.<\/li><\/ul>\t\t\t\t\t<\/div>\n\t\t\t\t\t\t<\/div>\n\t\t\t\t<\/div>\n\t\t\t\t\t\t<\/div>\n\t\t\t\t\t<\/div>\n\t\t<\/div>\n\t\t\t\t\t\t\t\t<\/div>\n\t\t\t\t\t<\/div>\n\t\t<\/section>\n\t\t\t\t\t\t\t\t\t<\/div>\n\t\t\t<\/div>\n\t\t\t\t\t<\/div>\n\t\t","protected":false},"excerpt":{"rendered":"<p>Previous Next G\u00f6r\u00fcn\u00fcm\u00fc\u00a0:\u00a0Kokusuz beyaz pudra g\u00f6r\u00fcn\u00fcm\u00fcndedir. Kimyasal Ad\u0131\u00a0 :\u00a0Beyaz \u00e7inko, calamine Kimyasal Form\u00fcl\u00fc\u00a0:\u00a0ZnO \u00d6zellikleri\u00a0:\u00a0Beyaz ve alt\u0131n m\u00fch\u00fcr olarak iki tipte bulunur. Alt\u0131n m\u00fch\u00fcr ila\u00e7 kalitesindedir. Ambalaj \u015eekli\u00a0:\u00a025 kg. l\u0131k torbalarda&hellip;<\/p>","protected":false},"author":1,"featured_media":0,"parent":0,"menu_order":0,"comment_status":"closed","ping_status":"closed","template":"","meta":[],"yoast_head":"<!-- This site is optimized with the Yoast SEO plugin v20.3 - https:\/\/yoast.com\/wordpress\/plugins\/seo\/ -->\n<title>\u00c7\u0130NKO OKS\u0130T - http:\/\/www.oztugkimya.com\/<\/title>\n<meta name=\"robots\" content=\"index, follow, max-snippet:-1, max-image-preview:large, max-video-preview:-1\" \/>\n<link rel=\"canonical\" href=\"http:\/\/www.oztugkimya.com\/en\/cinko-oksit\/\" \/>\n<meta property=\"og:locale\" content=\"en_US\" \/>\n<meta property=\"og:type\" content=\"article\" \/>\n<meta property=\"og:title\" content=\"\u00c7\u0130NKO OKS\u0130T - http:\/\/www.oztugkimya.com\/\" \/>\n<meta property=\"og:description\" content=\"Previous Next G\u00f6r\u00fcn\u00fcm\u00fc\u00a0:\u00a0Kokusuz beyaz pudra g\u00f6r\u00fcn\u00fcm\u00fcndedir. Kimyasal Ad\u0131\u00a0 :\u00a0Beyaz \u00e7inko, calamine Kimyasal Form\u00fcl\u00fc\u00a0:\u00a0ZnO \u00d6zellikleri\u00a0:\u00a0Beyaz ve alt\u0131n m\u00fch\u00fcr olarak iki tipte bulunur. Alt\u0131n m\u00fch\u00fcr ila\u00e7 kalitesindedir. Ambalaj \u015eekli\u00a0:\u00a025 kg. l\u0131k torbalarda&hellip;\" \/>\n<meta property=\"og:url\" content=\"http:\/\/www.oztugkimya.com\/en\/cinko-oksit\/\" \/>\n<meta property=\"og:site_name\" content=\"http:\/\/www.oztugkimya.com\/\" \/>\n<meta property=\"article:modified_time\" content=\"2020-08-17T09:50:39+00:00\" \/>\n<meta property=\"og:image\" content=\"http:\/\/www.oztugkimya.com\/wp-content\/uploads\/2020\/05\/oztugdepolama1-150x150.png\" \/>\n<meta name=\"twitter:card\" content=\"summary_large_image\" \/>\n<meta name=\"twitter:label1\" content=\"Est. reading time\" \/>\n\t<meta name=\"twitter:data1\" content=\"3 minutes\" \/>\n<script type=\"application\/ld+json\" class=\"yoast-schema-graph\">{\"@context\":\"https:\/\/schema.org\",\"@graph\":[{\"@type\":\"WebPage\",\"@id\":\"http:\/\/www.oztugkimya.com\/cinko-oksit\/\",\"url\":\"http:\/\/www.oztugkimya.com\/cinko-oksit\/\",\"name\":\"\u00c7\u0130NKO OKS\u0130T - http:\/\/www.oztugkimya.com\/\",\"isPartOf\":{\"@id\":\"http:\/\/www.oztugkimya.com\/#website\"},\"datePublished\":\"2020-08-17T09:49:13+00:00\",\"dateModified\":\"2020-08-17T09:50:39+00:00\",\"breadcrumb\":{\"@id\":\"http:\/\/www.oztugkimya.com\/cinko-oksit\/#breadcrumb\"},\"inLanguage\":\"en-US\",\"potentialAction\":[{\"@type\":\"ReadAction\",\"target\":[\"http:\/\/www.oztugkimya.com\/cinko-oksit\/\"]}]},{\"@type\":\"BreadcrumbList\",\"@id\":\"http:\/\/www.oztugkimya.com\/cinko-oksit\/#breadcrumb\",\"itemListElement\":[{\"@type\":\"ListItem\",\"position\":1,\"name\":\"Ana sayfa\",\"item\":\"http:\/\/www.oztugkimya.com\/\"},{\"@type\":\"ListItem\",\"position\":2,\"name\":\"\u00c7\u0130NKO OKS\u0130T\"}]},{\"@type\":\"WebSite\",\"@id\":\"http:\/\/www.oztugkimya.com\/#website\",\"url\":\"http:\/\/www.oztugkimya.com\/\",\"name\":\"http:\/\/www.oztugkimya.com\/\",\"description\":\"http:\/\/www.oztugkimya.com\/\",\"potentialAction\":[{\"@type\":\"SearchAction\",\"target\":{\"@type\":\"EntryPoint\",\"urlTemplate\":\"http:\/\/www.oztugkimya.com\/?s={search_term_string}\"},\"query-input\":\"required name=search_term_string\"}],\"inLanguage\":\"en-US\"}]}<\/script>\n<!-- \/ Yoast SEO plugin. -->","yoast_head_json":{"title":"\u00c7\u0130NKO OKS\u0130T - http:\/\/www.oztugkimya.com\/","robots":{"index":"index","follow":"follow","max-snippet":"max-snippet:-1","max-image-preview":"max-image-preview:large","max-video-preview":"max-video-preview:-1"},"canonical":"http:\/\/www.oztugkimya.com\/en\/cinko-oksit\/","og_locale":"en_US","og_type":"article","og_title":"\u00c7\u0130NKO OKS\u0130T - http:\/\/www.oztugkimya.com\/","og_description":"Previous Next G\u00f6r\u00fcn\u00fcm\u00fc\u00a0:\u00a0Kokusuz beyaz pudra g\u00f6r\u00fcn\u00fcm\u00fcndedir. Kimyasal Ad\u0131\u00a0 :\u00a0Beyaz \u00e7inko, calamine Kimyasal Form\u00fcl\u00fc\u00a0:\u00a0ZnO \u00d6zellikleri\u00a0:\u00a0Beyaz ve alt\u0131n m\u00fch\u00fcr olarak iki tipte bulunur. Alt\u0131n m\u00fch\u00fcr ila\u00e7 kalitesindedir. Ambalaj \u015eekli\u00a0:\u00a025 kg. l\u0131k torbalarda&hellip;","og_url":"http:\/\/www.oztugkimya.com\/en\/cinko-oksit\/","og_site_name":"http:\/\/www.oztugkimya.com\/","article_modified_time":"2020-08-17T09:50:39+00:00","og_image":[{"url":"http:\/\/www.oztugkimya.com\/wp-content\/uploads\/2020\/05\/oztugdepolama1-150x150.png"}],"twitter_card":"summary_large_image","twitter_misc":{"Est. reading time":"3 minutes"},"schema":{"@context":"https:\/\/schema.org","@graph":[{"@type":"WebPage","@id":"http:\/\/www.oztugkimya.com\/cinko-oksit\/","url":"http:\/\/www.oztugkimya.com\/cinko-oksit\/","name":"\u00c7\u0130NKO OKS\u0130T - http:\/\/www.oztugkimya.com\/","isPartOf":{"@id":"http:\/\/www.oztugkimya.com\/#website"},"datePublished":"2020-08-17T09:49:13+00:00","dateModified":"2020-08-17T09:50:39+00:00","breadcrumb":{"@id":"http:\/\/www.oztugkimya.com\/cinko-oksit\/#breadcrumb"},"inLanguage":"en-US","potentialAction":[{"@type":"ReadAction","target":["http:\/\/www.oztugkimya.com\/cinko-oksit\/"]}]},{"@type":"BreadcrumbList","@id":"http:\/\/www.oztugkimya.com\/cinko-oksit\/#breadcrumb","itemListElement":[{"@type":"ListItem","position":1,"name":"Ana sayfa","item":"http:\/\/www.oztugkimya.com\/"},{"@type":"ListItem","position":2,"name":"\u00c7\u0130NKO OKS\u0130T"}]},{"@type":"WebSite","@id":"http:\/\/www.oztugkimya.com\/#website","url":"http:\/\/www.oztugkimya.com\/","name":"http:\/\/www.oztugkimya.com\/","description":"http:\/\/www.oztugkimya.com\/","potentialAction":[{"@type":"SearchAction","target":{"@type":"EntryPoint","urlTemplate":"http:\/\/www.oztugkimya.com\/?s={search_term_string}"},"query-input":"required name=search_term_string"}],"inLanguage":"en-US"}]}},"_links":{"self":[{"href":"http:\/\/www.oztugkimya.com\/en\/wp-json\/wp\/v2\/pages\/1285"}],"collection":[{"href":"http:\/\/www.oztugkimya.com\/en\/wp-json\/wp\/v2\/pages"}],"about":[{"href":"http:\/\/www.oztugkimya.com\/en\/wp-json\/wp\/v2\/types\/page"}],"author":[{"embeddable":true,"href":"http:\/\/www.oztugkimya.com\/en\/wp-json\/wp\/v2\/users\/1"}],"replies":[{"embeddable":true,"href":"http:\/\/www.oztugkimya.com\/en\/wp-json\/wp\/v2\/comments?post=1285"}],"version-history":[{"count":2,"href":"http:\/\/www.oztugkimya.com\/en\/wp-json\/wp\/v2\/pages\/1285\/revisions"}],"predecessor-version":[{"id":1290,"href":"http:\/\/www.oztugkimya.com\/en\/wp-json\/wp\/v2\/pages\/1285\/revisions\/1290"}],"wp:attachment":[{"href":"http:\/\/www.oztugkimya.com\/en\/wp-json\/wp\/v2\/media?parent=1285"}],"curies":[{"name":"wp","href":"https:\/\/api.w.org\/{rel}","templated":true}]}}