{"id":1291,"date":"2020-08-17T09:50:57","date_gmt":"2020-08-17T09:50:57","guid":{"rendered":"http:\/\/www.oztugkimya.com\/?page_id=1291"},"modified":"2020-08-17T09:51:39","modified_gmt":"2020-08-17T09:51:39","slug":"di-sodyum-fosfat","status":"publish","type":"page","link":"http:\/\/www.oztugkimya.com\/en\/di-sodyum-fosfat\/","title":{"rendered":"DI SODIUM PHOSPHATE"},"content":{"rendered":"<div data-elementor-type=\"wp-page\" data-elementor-id=\"1291\" class=\"elementor elementor-1291\">\n\t\t\t\t\t\t<div class=\"elementor-inner\">\n\t\t\t\t<div class=\"elementor-section-wrap\">\n\t\t\t\t\t\t\t\t\t<section class=\"penci-section penci-disSticky penci-structure-20 elementor-section elementor-top-section elementor-element elementor-element-2cd9e36 elementor-section-boxed elementor-section-height-default elementor-section-height-default\" data-id=\"2cd9e36\" data-element_type=\"section\">\n\t\t\t\t\t\t<div class=\"elementor-container elementor-column-gap-default\">\n\t\t\t\t\t\t\t<div class=\"elementor-row\">\n\t\t\t\t\t<div class=\"penci-ercol-50 penci-ercol-order-1 penci-sticky-ct    elementor-column elementor-col-50 elementor-top-column elementor-element elementor-element-31a0edc\" data-id=\"31a0edc\" data-element_type=\"column\">\n\t\t\t<div class=\"theiaStickySidebar elementor-column-wrap elementor-element-populated\">\n\t\t\t\t\t\t\t<div class=\"elementor-widget-wrap\">\n\t\t\t\t\t\t<div class=\"elementor-element elementor-element-ba2dfb3 elementor-arrows-position-inside elementor-pagination-position-outside elementor-widget elementor-widget-image-carousel\" data-id=\"ba2dfb3\" data-element_type=\"widget\" data-settings=\"{&quot;navigation&quot;:&quot;both&quot;,&quot;autoplay&quot;:&quot;yes&quot;,&quot;pause_on_hover&quot;:&quot;yes&quot;,&quot;pause_on_interaction&quot;:&quot;yes&quot;,&quot;autoplay_speed&quot;:5000,&quot;infinite&quot;:&quot;yes&quot;,&quot;speed&quot;:500}\" data-widget_type=\"image-carousel.default\">\n\t\t\t\t<div class=\"elementor-widget-container\">\n\t\t\t\t\t<div class=\"elementor-image-carousel-wrapper swiper-container\" dir=\"ltr\">\n\t\t\t<div class=\"elementor-image-carousel swiper-wrapper\">\n\t\t\t\t\t\t\t\t<div class=\"swiper-slide\"><figure class=\"swiper-slide-inner\"><img decoding=\"async\" class=\"swiper-slide-image\" src=\"http:\/\/www.oztugkimya.com\/wp-content\/uploads\/2020\/05\/oztugdepolama1-150x150.png\" alt=\"oztugdepolama1\" \/><\/figure><\/div><div class=\"swiper-slide\"><figure class=\"swiper-slide-inner\"><img decoding=\"async\" class=\"swiper-slide-image\" src=\"http:\/\/www.oztugkimya.com\/wp-content\/uploads\/2020\/05\/oztuglogistics-150x150.png\" alt=\"oztuglogistics\" \/><\/figure><\/div><div class=\"swiper-slide\"><figure class=\"swiper-slide-inner\"><img decoding=\"async\" class=\"swiper-slide-image\" src=\"http:\/\/www.oztugkimya.com\/wp-content\/uploads\/2020\/05\/oztugmap-150x150.png\" alt=\"oztugmap\" \/><\/figure><\/div><div class=\"swiper-slide\"><figure class=\"swiper-slide-inner\"><img decoding=\"async\" class=\"swiper-slide-image\" src=\"http:\/\/www.oztugkimya.com\/wp-content\/uploads\/2020\/05\/oztugmission-150x150.png\" alt=\"oztugmission\" \/><\/figure><\/div><div class=\"swiper-slide\"><figure class=\"swiper-slide-inner\"><img decoding=\"async\" class=\"swiper-slide-image\" src=\"http:\/\/www.oztugkimya.com\/wp-content\/uploads\/2020\/05\/oztugcustomer-150x150.png\" alt=\"oztugcustomer\" \/><\/figure><\/div>\t\t\t<\/div>\n\t\t\t\t\t\t\t\t\t\t\t\t<div class=\"swiper-pagination\"><\/div>\n\t\t\t\t\t\t\t\t\t\t\t\t\t<div class=\"elementor-swiper-button elementor-swiper-button-prev\">\n\t\t\t\t\t\t<i aria-hidden=\"true\" class=\"eicon-chevron-left\"><\/i>\t\t\t\t\t\t<span class=\"elementor-screen-only\">Previous<\/span>\n\t\t\t\t\t<\/div>\n\t\t\t\t\t<div class=\"elementor-swiper-button elementor-swiper-button-next\">\n\t\t\t\t\t\t<i aria-hidden=\"true\" class=\"eicon-chevron-right\"><\/i>\t\t\t\t\t\t<span class=\"elementor-screen-only\">Next<\/span>\n\t\t\t\t\t<\/div>\n\t\t\t\t\t\t\t\t\t<\/div>\n\t\t\t\t<\/div>\n\t\t\t\t<\/div>\n\t\t\t\t\t\t<\/div>\n\t\t\t\t\t<\/div>\n\t\t<\/div>\n\t\t\t\t<div class=\"penci-ercol-50 penci-ercol-order-2 penci-sticky-ct    elementor-column elementor-col-50 elementor-top-column elementor-element elementor-element-14b05a1\" data-id=\"14b05a1\" data-element_type=\"column\">\n\t\t\t<div class=\"theiaStickySidebar elementor-column-wrap elementor-element-populated\">\n\t\t\t\t\t\t\t<div class=\"elementor-widget-wrap\">\n\t\t\t\t\t\t<div class=\"elementor-element elementor-element-bbcede2 elementor-widget elementor-widget-text-editor\" data-id=\"bbcede2\" data-element_type=\"widget\" data-widget_type=\"text-editor.default\">\n\t\t\t\t<div class=\"elementor-widget-container\">\n\t\t\t\t\t\t\t\t<div class=\"elementor-text-editor elementor-clearfix\">\n\t\t\t\t<p><strong>G\u00f6r\u00fcn\u00fcm\u00fc :\u00a0<\/strong>\u015eeffaf kristal halde<\/p><p><strong>Kimyasal Ad\u0131 :<\/strong>\u00a0Disodium hydrogen phosphate<\/p><p><strong>Kimyasal Form\u00fcl\u00fc :<\/strong>\u00a0Na2HPO4<\/p><p><strong>Ambalaj \u015eekli :<\/strong>\u00a025 kg. l\u0131k torbalarda<\/p><p><strong>Tan\u0131m\u0131 ve Kullan\u0131m Alanlar\u0131 :<\/strong><\/p><p>Disodyum fosfat\u0131n kimyasal ad\u0131 disodyum hidrojen fosfatt\u0131r. \u00d6ncelikle iki bi\u00e7imde olu\u015fur. Birincisi kristalimsi bir form, ikincisi susuz bir formdur. Susuz \u015fekli su i\u00e7ermez.<\/p><p>Disodyum fosfat bir asit d\u00fczenleyici ve bir kenetleme maddesidir. Fosforik asitin sodyum tuzundan (ABD&#8217;de mayalanm\u0131\u015f fosfatlardan) sentezlenir. Disodyum fosfat, \u00e7o\u011fu donma ve krema s\u0131ras\u0131nda sistemi dengelemek i\u00e7in bir em\u00fclgat\u00f6r olarak i\u015flev g\u00f6r\u00fcr.<\/p><p><strong>Kullan\u0131m Alanlar\u0131<\/strong><\/p><ul><li>Di sodyum fosfat Krem Bu\u011fday da yemek zaman\u0131 h\u0131zland\u0131rmak i\u00e7in, gibi \u00fcr\u00fcn paketinin maddeler panelinde a\u00e7\u0131klanan kullan\u0131labilir.<\/li><li>Di sodyum fosfat \u00e7ok buhar kazan\u0131 uygulamalar\u0131nda tri sodyum fosfat ile birlikte kullan\u0131l\u0131r. Kalsiyum \u00f6l\u00e7ekli olu\u015fumunu geciktirir \u00fccretsiz fosfat d\u00f6k\u00fcm malzemeleridir.<\/li><li>Tek bazl\u0131 ve di bazik sodyum fosfat veya kab\u0131zl\u0131k tedavisi i\u00e7in bir kolonoskopi \u00f6ncesi ba\u011f\u0131rsak temizlemek i\u00e7in bir tuzlu m\u00fcshil olarak kullan\u0131l\u0131r.<\/li><li>Sanayide de inceltici olarak g\u00f6rev yapar. T\u00fct\u00fcn end\u00fcstrisinde bir nem tutucu olarak kullan\u0131l\u0131r.<\/li><li>Disodyum s\u00fclfat olarak bilinen disodyum hidrojen fosfat, hem do\u011fal hem de yapay reaksiyonlarda her g\u00fcn kullan\u0131l\u0131r.<\/li><li>Disodyum fosfat t\u0131bben karaci\u011fer y\u0131kamada kullan\u0131l\u0131r. Y\u0131kama zararl\u0131 toksinlerin ve hastal\u0131\u011f\u0131n karaci\u011ferini temizler. Hasar g\u00f6rm\u00fc\u015f veya zay\u0131flam\u0131\u015f karaci\u011ferleri olanlar, y\u0131kamayla birlikte karaci\u011ferlerinin sa\u011fl\u0131\u011f\u0131n\u0131 g\u00fc\u00e7lendirebilir veya hatta onarabilirler.<\/li><li>Disodyum fosfat, v\u00fccudun d\u0131\u015f\u0131nda s\u00fct g\u0131dalar\u0131 \u00fcretimi de dahil olmak \u00fczere bir\u00e7ok kullan\u0131m alan\u0131 bulur. Past\u00f6rize peynirin imalat\u0131nda \u00f6nemli bir bile\u015fen olup sertle\u015ftirmek i\u00e7in s\u00fcte eklenir.<\/li><\/ul>\t\t\t\t\t<\/div>\n\t\t\t\t\t\t<\/div>\n\t\t\t\t<\/div>\n\t\t\t\t\t\t<\/div>\n\t\t\t\t\t<\/div>\n\t\t<\/div>\n\t\t\t\t\t\t\t\t<\/div>\n\t\t\t\t\t<\/div>\n\t\t<\/section>\n\t\t\t\t\t\t\t\t\t<\/div>\n\t\t\t<\/div>\n\t\t\t\t\t<\/div>","protected":false},"excerpt":{"rendered":"<p>Previous Next G\u00f6r\u00fcn\u00fcm\u00fc :\u00a0\u015eeffaf kristal halde Kimyasal Ad\u0131 :\u00a0Disodium hydrogen phosphate Kimyasal Form\u00fcl\u00fc :\u00a0Na2HPO4 Ambalaj \u015eekli :\u00a025 kg. l\u0131k torbalarda Tan\u0131m\u0131 ve Kullan\u0131m Alanlar\u0131 : Disodyum fosfat\u0131n kimyasal ad\u0131 disodyum&hellip;<\/p>","protected":false},"author":1,"featured_media":0,"parent":0,"menu_order":0,"comment_status":"closed","ping_status":"closed","template":"","meta":[],"yoast_head":"<!-- This site is optimized with the Yoast SEO plugin v20.3 - https:\/\/yoast.com\/wordpress\/plugins\/seo\/ -->\n<title>D\u0130 SODYUM FOSFAT - http:\/\/www.oztugkimya.com\/<\/title>\n<meta name=\"robots\" content=\"index, follow, max-snippet:-1, max-image-preview:large, max-video-preview:-1\" \/>\n<link rel=\"canonical\" href=\"http:\/\/www.oztugkimya.com\/en\/di-sodyum-fosfat\/\" \/>\n<meta property=\"og:locale\" content=\"en_US\" \/>\n<meta property=\"og:type\" content=\"article\" \/>\n<meta property=\"og:title\" content=\"D\u0130 SODYUM FOSFAT - http:\/\/www.oztugkimya.com\/\" \/>\n<meta property=\"og:description\" content=\"Previous Next G\u00f6r\u00fcn\u00fcm\u00fc :\u00a0\u015eeffaf kristal halde Kimyasal Ad\u0131 :\u00a0Disodium hydrogen phosphate Kimyasal Form\u00fcl\u00fc :\u00a0Na2HPO4 Ambalaj \u015eekli :\u00a025 kg. l\u0131k torbalarda Tan\u0131m\u0131 ve Kullan\u0131m Alanlar\u0131 : Disodyum fosfat\u0131n kimyasal ad\u0131 disodyum&hellip;\" \/>\n<meta property=\"og:url\" content=\"http:\/\/www.oztugkimya.com\/en\/di-sodyum-fosfat\/\" \/>\n<meta property=\"og:site_name\" content=\"http:\/\/www.oztugkimya.com\/\" \/>\n<meta property=\"article:modified_time\" content=\"2020-08-17T09:51:39+00:00\" \/>\n<meta property=\"og:image\" content=\"http:\/\/www.oztugkimya.com\/wp-content\/uploads\/2020\/05\/oztugdepolama1-150x150.png\" \/>\n<meta name=\"twitter:card\" content=\"summary_large_image\" \/>\n<meta name=\"twitter:label1\" content=\"Est. reading time\" \/>\n\t<meta name=\"twitter:data1\" content=\"2 minutes\" \/>\n<script type=\"application\/ld+json\" class=\"yoast-schema-graph\">{\"@context\":\"https:\/\/schema.org\",\"@graph\":[{\"@type\":\"WebPage\",\"@id\":\"http:\/\/www.oztugkimya.com\/di-sodyum-fosfat\/\",\"url\":\"http:\/\/www.oztugkimya.com\/di-sodyum-fosfat\/\",\"name\":\"D\u0130 SODYUM FOSFAT - http:\/\/www.oztugkimya.com\/\",\"isPartOf\":{\"@id\":\"http:\/\/www.oztugkimya.com\/#website\"},\"datePublished\":\"2020-08-17T09:50:57+00:00\",\"dateModified\":\"2020-08-17T09:51:39+00:00\",\"breadcrumb\":{\"@id\":\"http:\/\/www.oztugkimya.com\/di-sodyum-fosfat\/#breadcrumb\"},\"inLanguage\":\"en-US\",\"potentialAction\":[{\"@type\":\"ReadAction\",\"target\":[\"http:\/\/www.oztugkimya.com\/di-sodyum-fosfat\/\"]}]},{\"@type\":\"BreadcrumbList\",\"@id\":\"http:\/\/www.oztugkimya.com\/di-sodyum-fosfat\/#breadcrumb\",\"itemListElement\":[{\"@type\":\"ListItem\",\"position\":1,\"name\":\"Ana sayfa\",\"item\":\"http:\/\/www.oztugkimya.com\/\"},{\"@type\":\"ListItem\",\"position\":2,\"name\":\"D\u0130 SODYUM FOSFAT\"}]},{\"@type\":\"WebSite\",\"@id\":\"http:\/\/www.oztugkimya.com\/#website\",\"url\":\"http:\/\/www.oztugkimya.com\/\",\"name\":\"http:\/\/www.oztugkimya.com\/\",\"description\":\"http:\/\/www.oztugkimya.com\/\",\"potentialAction\":[{\"@type\":\"SearchAction\",\"target\":{\"@type\":\"EntryPoint\",\"urlTemplate\":\"http:\/\/www.oztugkimya.com\/?s={search_term_string}\"},\"query-input\":\"required name=search_term_string\"}],\"inLanguage\":\"en-US\"}]}<\/script>\n<!-- \/ Yoast SEO plugin. -->","yoast_head_json":{"title":"D\u0130 SODYUM FOSFAT - http:\/\/www.oztugkimya.com\/","robots":{"index":"index","follow":"follow","max-snippet":"max-snippet:-1","max-image-preview":"max-image-preview:large","max-video-preview":"max-video-preview:-1"},"canonical":"http:\/\/www.oztugkimya.com\/en\/di-sodyum-fosfat\/","og_locale":"en_US","og_type":"article","og_title":"D\u0130 SODYUM FOSFAT - http:\/\/www.oztugkimya.com\/","og_description":"Previous Next G\u00f6r\u00fcn\u00fcm\u00fc :\u00a0\u015eeffaf kristal halde Kimyasal Ad\u0131 :\u00a0Disodium hydrogen phosphate Kimyasal Form\u00fcl\u00fc :\u00a0Na2HPO4 Ambalaj \u015eekli :\u00a025 kg. l\u0131k torbalarda Tan\u0131m\u0131 ve Kullan\u0131m Alanlar\u0131 : Disodyum fosfat\u0131n kimyasal ad\u0131 disodyum&hellip;","og_url":"http:\/\/www.oztugkimya.com\/en\/di-sodyum-fosfat\/","og_site_name":"http:\/\/www.oztugkimya.com\/","article_modified_time":"2020-08-17T09:51:39+00:00","og_image":[{"url":"http:\/\/www.oztugkimya.com\/wp-content\/uploads\/2020\/05\/oztugdepolama1-150x150.png"}],"twitter_card":"summary_large_image","twitter_misc":{"Est. reading time":"2 minutes"},"schema":{"@context":"https:\/\/schema.org","@graph":[{"@type":"WebPage","@id":"http:\/\/www.oztugkimya.com\/di-sodyum-fosfat\/","url":"http:\/\/www.oztugkimya.com\/di-sodyum-fosfat\/","name":"D\u0130 SODYUM FOSFAT - http:\/\/www.oztugkimya.com\/","isPartOf":{"@id":"http:\/\/www.oztugkimya.com\/#website"},"datePublished":"2020-08-17T09:50:57+00:00","dateModified":"2020-08-17T09:51:39+00:00","breadcrumb":{"@id":"http:\/\/www.oztugkimya.com\/di-sodyum-fosfat\/#breadcrumb"},"inLanguage":"en-US","potentialAction":[{"@type":"ReadAction","target":["http:\/\/www.oztugkimya.com\/di-sodyum-fosfat\/"]}]},{"@type":"BreadcrumbList","@id":"http:\/\/www.oztugkimya.com\/di-sodyum-fosfat\/#breadcrumb","itemListElement":[{"@type":"ListItem","position":1,"name":"Ana sayfa","item":"http:\/\/www.oztugkimya.com\/"},{"@type":"ListItem","position":2,"name":"D\u0130 SODYUM FOSFAT"}]},{"@type":"WebSite","@id":"http:\/\/www.oztugkimya.com\/#website","url":"http:\/\/www.oztugkimya.com\/","name":"http:\/\/www.oztugkimya.com\/","description":"http:\/\/www.oztugkimya.com\/","potentialAction":[{"@type":"SearchAction","target":{"@type":"EntryPoint","urlTemplate":"http:\/\/www.oztugkimya.com\/?s={search_term_string}"},"query-input":"required name=search_term_string"}],"inLanguage":"en-US"}]}},"_links":{"self":[{"href":"http:\/\/www.oztugkimya.com\/en\/wp-json\/wp\/v2\/pages\/1291"}],"collection":[{"href":"http:\/\/www.oztugkimya.com\/en\/wp-json\/wp\/v2\/pages"}],"about":[{"href":"http:\/\/www.oztugkimya.com\/en\/wp-json\/wp\/v2\/types\/page"}],"author":[{"embeddable":true,"href":"http:\/\/www.oztugkimya.com\/en\/wp-json\/wp\/v2\/users\/1"}],"replies":[{"embeddable":true,"href":"http:\/\/www.oztugkimya.com\/en\/wp-json\/wp\/v2\/comments?post=1291"}],"version-history":[{"count":2,"href":"http:\/\/www.oztugkimya.com\/en\/wp-json\/wp\/v2\/pages\/1291\/revisions"}],"predecessor-version":[{"id":1293,"href":"http:\/\/www.oztugkimya.com\/en\/wp-json\/wp\/v2\/pages\/1291\/revisions\/1293"}],"wp:attachment":[{"href":"http:\/\/www.oztugkimya.com\/en\/wp-json\/wp\/v2\/media?parent=1291"}],"curies":[{"name":"wp","href":"https:\/\/api.w.org\/{rel}","templated":true}]}}