{"id":1294,"date":"2020-08-17T09:52:54","date_gmt":"2020-08-17T09:52:54","guid":{"rendered":"http:\/\/www.oztugkimya.com\/?page_id=1294"},"modified":"2020-08-17T09:53:28","modified_gmt":"2020-08-17T09:53:28","slug":"fosforik-asit","status":"publish","type":"page","link":"http:\/\/www.oztugkimya.com\/en\/fosforik-asit\/","title":{"rendered":"Phosphoric acid"},"content":{"rendered":"<div data-elementor-type=\"wp-page\" data-elementor-id=\"1294\" class=\"elementor elementor-1294\">\n\t\t\t\t\t\t<div class=\"elementor-inner\">\n\t\t\t\t<div class=\"elementor-section-wrap\">\n\t\t\t\t\t\t\t\t\t<section class=\"penci-section penci-disSticky penci-structure-20 elementor-section elementor-top-section elementor-element elementor-element-ee41930 elementor-section-boxed elementor-section-height-default elementor-section-height-default\" data-id=\"ee41930\" data-element_type=\"section\">\n\t\t\t\t\t\t<div class=\"elementor-container elementor-column-gap-default\">\n\t\t\t\t\t\t\t<div class=\"elementor-row\">\n\t\t\t\t\t<div class=\"penci-ercol-50 penci-ercol-order-1 penci-sticky-ct    elementor-column elementor-col-50 elementor-top-column elementor-element elementor-element-3dc5876\" data-id=\"3dc5876\" data-element_type=\"column\">\n\t\t\t<div class=\"theiaStickySidebar elementor-column-wrap elementor-element-populated\">\n\t\t\t\t\t\t\t<div class=\"elementor-widget-wrap\">\n\t\t\t\t\t\t<div class=\"elementor-element elementor-element-67837f9 elementor-arrows-position-inside elementor-pagination-position-outside elementor-widget elementor-widget-image-carousel\" data-id=\"67837f9\" data-element_type=\"widget\" data-settings=\"{&quot;navigation&quot;:&quot;both&quot;,&quot;autoplay&quot;:&quot;yes&quot;,&quot;pause_on_hover&quot;:&quot;yes&quot;,&quot;pause_on_interaction&quot;:&quot;yes&quot;,&quot;autoplay_speed&quot;:5000,&quot;infinite&quot;:&quot;yes&quot;,&quot;speed&quot;:500}\" data-widget_type=\"image-carousel.default\">\n\t\t\t\t<div class=\"elementor-widget-container\">\n\t\t\t\t\t<div class=\"elementor-image-carousel-wrapper swiper-container\" dir=\"ltr\">\n\t\t\t<div class=\"elementor-image-carousel swiper-wrapper\">\n\t\t\t\t\t\t\t\t<div class=\"swiper-slide\"><figure class=\"swiper-slide-inner\"><img decoding=\"async\" class=\"swiper-slide-image\" src=\"http:\/\/www.oztugkimya.com\/wp-content\/uploads\/2020\/05\/oztugdepolama1-150x150.png\" alt=\"oztugdepolama1\" \/><\/figure><\/div><div class=\"swiper-slide\"><figure class=\"swiper-slide-inner\"><img decoding=\"async\" class=\"swiper-slide-image\" src=\"http:\/\/www.oztugkimya.com\/wp-content\/uploads\/2020\/05\/oztuglogistics-150x150.png\" alt=\"oztuglogistics\" \/><\/figure><\/div><div class=\"swiper-slide\"><figure class=\"swiper-slide-inner\"><img decoding=\"async\" class=\"swiper-slide-image\" src=\"http:\/\/www.oztugkimya.com\/wp-content\/uploads\/2020\/05\/oztugmap-150x150.png\" alt=\"oztugmap\" \/><\/figure><\/div><div class=\"swiper-slide\"><figure class=\"swiper-slide-inner\"><img decoding=\"async\" class=\"swiper-slide-image\" src=\"http:\/\/www.oztugkimya.com\/wp-content\/uploads\/2020\/05\/oztugmission-150x150.png\" alt=\"oztugmission\" \/><\/figure><\/div><div class=\"swiper-slide\"><figure class=\"swiper-slide-inner\"><img decoding=\"async\" class=\"swiper-slide-image\" src=\"http:\/\/www.oztugkimya.com\/wp-content\/uploads\/2020\/05\/oztugcustomer-150x150.png\" alt=\"oztugcustomer\" \/><\/figure><\/div>\t\t\t<\/div>\n\t\t\t\t\t\t\t\t\t\t\t\t<div class=\"swiper-pagination\"><\/div>\n\t\t\t\t\t\t\t\t\t\t\t\t\t<div class=\"elementor-swiper-button elementor-swiper-button-prev\">\n\t\t\t\t\t\t<i aria-hidden=\"true\" class=\"eicon-chevron-left\"><\/i>\t\t\t\t\t\t<span class=\"elementor-screen-only\">Previous<\/span>\n\t\t\t\t\t<\/div>\n\t\t\t\t\t<div class=\"elementor-swiper-button elementor-swiper-button-next\">\n\t\t\t\t\t\t<i aria-hidden=\"true\" class=\"eicon-chevron-right\"><\/i>\t\t\t\t\t\t<span class=\"elementor-screen-only\">Next<\/span>\n\t\t\t\t\t<\/div>\n\t\t\t\t\t\t\t\t\t<\/div>\n\t\t\t\t<\/div>\n\t\t\t\t<\/div>\n\t\t\t\t\t\t<\/div>\n\t\t\t\t\t<\/div>\n\t\t<\/div>\n\t\t\t\t<div class=\"penci-ercol-50 penci-ercol-order-2 penci-sticky-ct    elementor-column elementor-col-50 elementor-top-column elementor-element elementor-element-92e2b48\" data-id=\"92e2b48\" data-element_type=\"column\">\n\t\t\t<div class=\"theiaStickySidebar elementor-column-wrap elementor-element-populated\">\n\t\t\t\t\t\t\t<div class=\"elementor-widget-wrap\">\n\t\t\t\t\t\t<div class=\"elementor-element elementor-element-f7b1620 elementor-widget elementor-widget-text-editor\" data-id=\"f7b1620\" data-element_type=\"widget\" data-widget_type=\"text-editor.default\">\n\t\t\t\t<div class=\"elementor-widget-container\">\n\t\t\t\t\t\t\t\t<div class=\"elementor-text-editor elementor-clearfix\">\n\t\t\t\t<p><strong>G\u00f6r\u00fcn\u00fcm\u00fc\u00a0:\u00a0<\/strong>Renksiz s\u0131v\u0131<\/p><p><strong>Kimyasal Ad\u0131\u00a0:\u00a0<\/strong>Phosphoric Acid<\/p><p><strong>Kimyasal Form\u00fcl\u00fc\u00a0:<\/strong>\u00a0H3PO4<\/p><p><strong>Ambalaj \u015eekli\u00a0:\u00a0<\/strong>35 kg&#8217;l\u0131k Bidon<\/p><p><strong>Kullan\u0131m Alanlar\u0131\u00a0:<\/strong><\/p><p>Fosforik asit, s\u00fclf\u00fcrik asidin apatit (trikalsiyum fosfat kaya) ile reaksiyona girdi\u011fi \u0131slak bir y\u00f6ntemle end\u00fcstriyel olarak \u00fcretilir.<\/p><p>Ca 5 (PO 4 ) 3 CI + 5H 2 SO 4 + 10H 2 O \u2192 3H 3 PO 4 + 5 CaSO 4 \u00b7 2H 2 O + HCI<\/p><p>Elde edilen fosforik asit \u00e7\u00f6zeltisi yakla\u015f\u0131k 32-46% H, 3 PO 4 , nedenle daha sonra fosforik asidin daha y\u00fcksek konsantrasyonu, ticari derecede \u00fcretilmesi i\u00e7in (su buharla\u015ft\u0131rma ile) konsantre edilir.<\/p><p>Saf fosforik asit, erime noktas\u0131 42.35 \u00b0 C olan beyaz kristalin bir kat\u0131d\u0131r. Daha az konsantre oldu\u011funda, 1.885 g \/ mL yo\u011funlu\u011fa sahip renksiz, kokusuz, yap\u0131\u015fkan bir s\u0131v\u0131d\u0131r. Toksik de\u011fildir ve u\u00e7ucu de\u011fildir. En yayg\u0131n fosforik asit konsantrasyonu suda% 85&#8217;dir.<\/p><p>Fosforik asit \u00fc\u00e7 asidik ve de\u011fi\u015ftirilebilir H atomuna sahiptir. B\u00f6ylece, di\u011fer mineral asitlerden farkl\u0131 tepki verir. Bu t\u00fcr NaH gibi bir, iki ya da \u00fc\u00e7, H atomu de\u011fi\u015ftirilmesiyle tuzlar\u0131n\u0131n \u00fc\u00e7 s\u0131n\u0131flar\u0131 olu\u015fturmak \u00fczere bazlar ile reaksiyona girebilen 2 PO 4 , Na 2 HPO 4 ve Na 3 PO 4 , s\u0131ras\u0131yla.<\/p><p>Y\u00fcksek s\u0131cakl\u0131klarda, fosforik asit molek\u00fclleri, dimer, trimerler ve hatta polifosforik asitler ve metafosforik asitler gibi uzun polimerik zincirler olu\u015fturmak \u00fczere birlikte reaksiyona girebilir ve (su molek\u00fcl\u00fcn\u00fcn kayb\u0131yla birlikte) birle\u015febilir.<\/p><p>2H 3 PO 4 \u2192 lH 4 P 2 O 7 (- H 2 O)<\/p><p><strong>Kullan\u0131m Alanlar\u0131<\/strong><\/p><ul><li>Kola gibi yumu\u015fak i\u00e7eceklerin asitlendirilmesi<\/li><li>\u0130mitasyon j\u00f6lelerin \u00fcretilmesinde pH kontrol\u00fc<\/li><li>Maya \u00fcretiminde besiyer bile\u015feni<\/li><li>Se\u00e7ili i\u015flenmi\u015f g\u0131da \u00fcr\u00fcnlerinde bakteri geli\u015fiminin kontrol\u00fc<\/li><li>Kire\u00e7leme sonras\u0131 \u015feker \u00f6zsular\u0131n\u0131n berrakla\u015ft\u0131r\u0131lmas\u0131nda \u00e7\u00f6keltici ajan<\/li><li>Di\u015f\u00e7ilik ve ortadontide di\u015f y\u00fczeyini temizlenmesi<\/li><li>B\u00f6cek ilac\u0131 \u00fcretilmesi<\/li><li>\u00c7i\u00e7ek\u00e7ilikte \u00e7\u00f6zeltilerin pH&#8217;\u0131n\u0131n d\u00fc\u015f\u00fcr\u00fclmesi<\/li><li>Fosfat tuzlar\u0131n\u0131n \u00fcretilmesi<\/li><li>Deride tabaklama ve parlatma a\u015famalar\u0131<\/li><li>\u00c7elik end\u00fcstrisinde y\u00fczeyin paslanmaya kar\u015f\u0131 korumas\u0131<\/li><li>Ya\u011f sanayisinde istenmeyen kataliz\u00f6rlerin temizlenmesinde<\/li><\/ul>\t\t\t\t\t<\/div>\n\t\t\t\t\t\t<\/div>\n\t\t\t\t<\/div>\n\t\t\t\t\t\t<\/div>\n\t\t\t\t\t<\/div>\n\t\t<\/div>\n\t\t\t\t\t\t\t\t<\/div>\n\t\t\t\t\t<\/div>\n\t\t<\/section>\n\t\t\t\t\t\t\t\t\t<\/div>\n\t\t\t<\/div>\n\t\t\t\t\t<\/div>","protected":false},"excerpt":{"rendered":"<p>Previous Next G\u00f6r\u00fcn\u00fcm\u00fc\u00a0:\u00a0Renksiz s\u0131v\u0131 Kimyasal Ad\u0131\u00a0:\u00a0Phosphoric Acid Kimyasal Form\u00fcl\u00fc\u00a0:\u00a0H3PO4 Ambalaj \u015eekli\u00a0:\u00a035 kg&#8217;l\u0131k Bidon Kullan\u0131m Alanlar\u0131\u00a0: Fosforik asit, s\u00fclf\u00fcrik asidin apatit (trikalsiyum fosfat kaya) ile reaksiyona girdi\u011fi \u0131slak bir y\u00f6ntemle end\u00fcstriyel&hellip;<\/p>","protected":false},"author":1,"featured_media":0,"parent":0,"menu_order":0,"comment_status":"closed","ping_status":"closed","template":"","meta":[],"yoast_head":"<!-- This site is optimized with the Yoast SEO plugin v20.3 - https:\/\/yoast.com\/wordpress\/plugins\/seo\/ -->\n<title>FOSFOR\u0130K AS\u0130T - http:\/\/www.oztugkimya.com\/<\/title>\n<meta name=\"robots\" content=\"index, follow, max-snippet:-1, max-image-preview:large, max-video-preview:-1\" \/>\n<link rel=\"canonical\" href=\"http:\/\/www.oztugkimya.com\/en\/fosforik-asit\/\" \/>\n<meta property=\"og:locale\" content=\"en_US\" \/>\n<meta property=\"og:type\" content=\"article\" \/>\n<meta property=\"og:title\" content=\"FOSFOR\u0130K AS\u0130T - http:\/\/www.oztugkimya.com\/\" \/>\n<meta property=\"og:description\" content=\"Previous Next G\u00f6r\u00fcn\u00fcm\u00fc\u00a0:\u00a0Renksiz s\u0131v\u0131 Kimyasal Ad\u0131\u00a0:\u00a0Phosphoric Acid Kimyasal Form\u00fcl\u00fc\u00a0:\u00a0H3PO4 Ambalaj \u015eekli\u00a0:\u00a035 kg&#8217;l\u0131k Bidon Kullan\u0131m Alanlar\u0131\u00a0: Fosforik asit, s\u00fclf\u00fcrik asidin apatit (trikalsiyum fosfat kaya) ile reaksiyona girdi\u011fi \u0131slak bir y\u00f6ntemle end\u00fcstriyel&hellip;\" \/>\n<meta property=\"og:url\" content=\"http:\/\/www.oztugkimya.com\/en\/fosforik-asit\/\" \/>\n<meta property=\"og:site_name\" content=\"http:\/\/www.oztugkimya.com\/\" \/>\n<meta property=\"article:modified_time\" content=\"2020-08-17T09:53:28+00:00\" \/>\n<meta property=\"og:image\" content=\"http:\/\/www.oztugkimya.com\/wp-content\/uploads\/2020\/05\/oztugdepolama1-150x150.png\" \/>\n<meta name=\"twitter:card\" content=\"summary_large_image\" \/>\n<meta name=\"twitter:label1\" content=\"Est. reading time\" \/>\n\t<meta name=\"twitter:data1\" content=\"2 minutes\" \/>\n<script type=\"application\/ld+json\" class=\"yoast-schema-graph\">{\"@context\":\"https:\/\/schema.org\",\"@graph\":[{\"@type\":\"WebPage\",\"@id\":\"http:\/\/www.oztugkimya.com\/fosforik-asit\/\",\"url\":\"http:\/\/www.oztugkimya.com\/fosforik-asit\/\",\"name\":\"FOSFOR\u0130K AS\u0130T - http:\/\/www.oztugkimya.com\/\",\"isPartOf\":{\"@id\":\"http:\/\/www.oztugkimya.com\/#website\"},\"datePublished\":\"2020-08-17T09:52:54+00:00\",\"dateModified\":\"2020-08-17T09:53:28+00:00\",\"breadcrumb\":{\"@id\":\"http:\/\/www.oztugkimya.com\/fosforik-asit\/#breadcrumb\"},\"inLanguage\":\"en-US\",\"potentialAction\":[{\"@type\":\"ReadAction\",\"target\":[\"http:\/\/www.oztugkimya.com\/fosforik-asit\/\"]}]},{\"@type\":\"BreadcrumbList\",\"@id\":\"http:\/\/www.oztugkimya.com\/fosforik-asit\/#breadcrumb\",\"itemListElement\":[{\"@type\":\"ListItem\",\"position\":1,\"name\":\"Ana sayfa\",\"item\":\"http:\/\/www.oztugkimya.com\/\"},{\"@type\":\"ListItem\",\"position\":2,\"name\":\"FOSFOR\u0130K AS\u0130T\"}]},{\"@type\":\"WebSite\",\"@id\":\"http:\/\/www.oztugkimya.com\/#website\",\"url\":\"http:\/\/www.oztugkimya.com\/\",\"name\":\"http:\/\/www.oztugkimya.com\/\",\"description\":\"http:\/\/www.oztugkimya.com\/\",\"potentialAction\":[{\"@type\":\"SearchAction\",\"target\":{\"@type\":\"EntryPoint\",\"urlTemplate\":\"http:\/\/www.oztugkimya.com\/?s={search_term_string}\"},\"query-input\":\"required name=search_term_string\"}],\"inLanguage\":\"en-US\"}]}<\/script>\n<!-- \/ Yoast SEO plugin. -->","yoast_head_json":{"title":"FOSFOR\u0130K AS\u0130T - http:\/\/www.oztugkimya.com\/","robots":{"index":"index","follow":"follow","max-snippet":"max-snippet:-1","max-image-preview":"max-image-preview:large","max-video-preview":"max-video-preview:-1"},"canonical":"http:\/\/www.oztugkimya.com\/en\/fosforik-asit\/","og_locale":"en_US","og_type":"article","og_title":"FOSFOR\u0130K AS\u0130T - http:\/\/www.oztugkimya.com\/","og_description":"Previous Next G\u00f6r\u00fcn\u00fcm\u00fc\u00a0:\u00a0Renksiz s\u0131v\u0131 Kimyasal Ad\u0131\u00a0:\u00a0Phosphoric Acid Kimyasal Form\u00fcl\u00fc\u00a0:\u00a0H3PO4 Ambalaj \u015eekli\u00a0:\u00a035 kg&#8217;l\u0131k Bidon Kullan\u0131m Alanlar\u0131\u00a0: Fosforik asit, s\u00fclf\u00fcrik asidin apatit (trikalsiyum fosfat kaya) ile reaksiyona girdi\u011fi \u0131slak bir y\u00f6ntemle end\u00fcstriyel&hellip;","og_url":"http:\/\/www.oztugkimya.com\/en\/fosforik-asit\/","og_site_name":"http:\/\/www.oztugkimya.com\/","article_modified_time":"2020-08-17T09:53:28+00:00","og_image":[{"url":"http:\/\/www.oztugkimya.com\/wp-content\/uploads\/2020\/05\/oztugdepolama1-150x150.png"}],"twitter_card":"summary_large_image","twitter_misc":{"Est. reading time":"2 minutes"},"schema":{"@context":"https:\/\/schema.org","@graph":[{"@type":"WebPage","@id":"http:\/\/www.oztugkimya.com\/fosforik-asit\/","url":"http:\/\/www.oztugkimya.com\/fosforik-asit\/","name":"FOSFOR\u0130K AS\u0130T - http:\/\/www.oztugkimya.com\/","isPartOf":{"@id":"http:\/\/www.oztugkimya.com\/#website"},"datePublished":"2020-08-17T09:52:54+00:00","dateModified":"2020-08-17T09:53:28+00:00","breadcrumb":{"@id":"http:\/\/www.oztugkimya.com\/fosforik-asit\/#breadcrumb"},"inLanguage":"en-US","potentialAction":[{"@type":"ReadAction","target":["http:\/\/www.oztugkimya.com\/fosforik-asit\/"]}]},{"@type":"BreadcrumbList","@id":"http:\/\/www.oztugkimya.com\/fosforik-asit\/#breadcrumb","itemListElement":[{"@type":"ListItem","position":1,"name":"Ana sayfa","item":"http:\/\/www.oztugkimya.com\/"},{"@type":"ListItem","position":2,"name":"FOSFOR\u0130K AS\u0130T"}]},{"@type":"WebSite","@id":"http:\/\/www.oztugkimya.com\/#website","url":"http:\/\/www.oztugkimya.com\/","name":"http:\/\/www.oztugkimya.com\/","description":"http:\/\/www.oztugkimya.com\/","potentialAction":[{"@type":"SearchAction","target":{"@type":"EntryPoint","urlTemplate":"http:\/\/www.oztugkimya.com\/?s={search_term_string}"},"query-input":"required name=search_term_string"}],"inLanguage":"en-US"}]}},"_links":{"self":[{"href":"http:\/\/www.oztugkimya.com\/en\/wp-json\/wp\/v2\/pages\/1294"}],"collection":[{"href":"http:\/\/www.oztugkimya.com\/en\/wp-json\/wp\/v2\/pages"}],"about":[{"href":"http:\/\/www.oztugkimya.com\/en\/wp-json\/wp\/v2\/types\/page"}],"author":[{"embeddable":true,"href":"http:\/\/www.oztugkimya.com\/en\/wp-json\/wp\/v2\/users\/1"}],"replies":[{"embeddable":true,"href":"http:\/\/www.oztugkimya.com\/en\/wp-json\/wp\/v2\/comments?post=1294"}],"version-history":[{"count":2,"href":"http:\/\/www.oztugkimya.com\/en\/wp-json\/wp\/v2\/pages\/1294\/revisions"}],"predecessor-version":[{"id":1296,"href":"http:\/\/www.oztugkimya.com\/en\/wp-json\/wp\/v2\/pages\/1294\/revisions\/1296"}],"wp:attachment":[{"href":"http:\/\/www.oztugkimya.com\/en\/wp-json\/wp\/v2\/media?parent=1294"}],"curies":[{"name":"wp","href":"https:\/\/api.w.org\/{rel}","templated":true}]}}