{"id":1305,"date":"2020-08-17T09:55:56","date_gmt":"2020-08-17T09:55:56","guid":{"rendered":"http:\/\/www.oztugkimya.com\/?page_id=1305"},"modified":"2020-08-17T09:56:28","modified_gmt":"2020-08-17T09:56:28","slug":"hidroflorik-asit","status":"publish","type":"page","link":"http:\/\/www.oztugkimya.com\/en\/hidroflorik-asit\/","title":{"rendered":"HYDROFLUORIC ACID"},"content":{"rendered":"<div data-elementor-type=\"wp-page\" data-elementor-id=\"1305\" class=\"elementor elementor-1305\">\n\t\t\t\t\t\t<div class=\"elementor-inner\">\n\t\t\t\t<div class=\"elementor-section-wrap\">\n\t\t\t\t\t\t\t\t\t<section class=\"penci-section penci-disSticky penci-structure-20 elementor-section elementor-top-section elementor-element elementor-element-184e02f elementor-section-boxed elementor-section-height-default elementor-section-height-default\" data-id=\"184e02f\" data-element_type=\"section\">\n\t\t\t\t\t\t<div class=\"elementor-container elementor-column-gap-default\">\n\t\t\t\t\t\t\t<div class=\"elementor-row\">\n\t\t\t\t\t<div class=\"penci-ercol-50 penci-ercol-order-1 penci-sticky-ct    elementor-column elementor-col-50 elementor-top-column elementor-element elementor-element-752320d\" data-id=\"752320d\" data-element_type=\"column\">\n\t\t\t<div class=\"theiaStickySidebar elementor-column-wrap elementor-element-populated\">\n\t\t\t\t\t\t\t<div class=\"elementor-widget-wrap\">\n\t\t\t\t\t\t<div class=\"elementor-element elementor-element-cc8ce85 elementor-arrows-position-inside elementor-pagination-position-outside elementor-widget elementor-widget-image-carousel\" data-id=\"cc8ce85\" data-element_type=\"widget\" data-settings=\"{&quot;navigation&quot;:&quot;both&quot;,&quot;autoplay&quot;:&quot;yes&quot;,&quot;pause_on_hover&quot;:&quot;yes&quot;,&quot;pause_on_interaction&quot;:&quot;yes&quot;,&quot;autoplay_speed&quot;:5000,&quot;infinite&quot;:&quot;yes&quot;,&quot;speed&quot;:500}\" data-widget_type=\"image-carousel.default\">\n\t\t\t\t<div class=\"elementor-widget-container\">\n\t\t\t\t\t<div class=\"elementor-image-carousel-wrapper swiper-container\" dir=\"ltr\">\n\t\t\t<div class=\"elementor-image-carousel swiper-wrapper\">\n\t\t\t\t\t\t\t\t<div class=\"swiper-slide\"><figure class=\"swiper-slide-inner\"><img decoding=\"async\" class=\"swiper-slide-image\" src=\"http:\/\/www.oztugkimya.com\/wp-content\/uploads\/2020\/05\/oztugdepolama1-150x150.png\" alt=\"oztugdepolama1\" \/><\/figure><\/div><div class=\"swiper-slide\"><figure class=\"swiper-slide-inner\"><img decoding=\"async\" class=\"swiper-slide-image\" src=\"http:\/\/www.oztugkimya.com\/wp-content\/uploads\/2020\/05\/oztuglogistics-150x150.png\" alt=\"oztuglogistics\" \/><\/figure><\/div><div class=\"swiper-slide\"><figure class=\"swiper-slide-inner\"><img decoding=\"async\" class=\"swiper-slide-image\" src=\"http:\/\/www.oztugkimya.com\/wp-content\/uploads\/2020\/05\/oztugmap-150x150.png\" alt=\"oztugmap\" \/><\/figure><\/div><div class=\"swiper-slide\"><figure class=\"swiper-slide-inner\"><img decoding=\"async\" class=\"swiper-slide-image\" src=\"http:\/\/www.oztugkimya.com\/wp-content\/uploads\/2020\/05\/oztugmission-150x150.png\" alt=\"oztugmission\" \/><\/figure><\/div><div class=\"swiper-slide\"><figure class=\"swiper-slide-inner\"><img decoding=\"async\" class=\"swiper-slide-image\" src=\"http:\/\/www.oztugkimya.com\/wp-content\/uploads\/2020\/05\/oztugcustomer-150x150.png\" alt=\"oztugcustomer\" \/><\/figure><\/div>\t\t\t<\/div>\n\t\t\t\t\t\t\t\t\t\t\t\t<div class=\"swiper-pagination\"><\/div>\n\t\t\t\t\t\t\t\t\t\t\t\t\t<div class=\"elementor-swiper-button elementor-swiper-button-prev\">\n\t\t\t\t\t\t<i aria-hidden=\"true\" class=\"eicon-chevron-left\"><\/i>\t\t\t\t\t\t<span class=\"elementor-screen-only\">Previous<\/span>\n\t\t\t\t\t<\/div>\n\t\t\t\t\t<div class=\"elementor-swiper-button elementor-swiper-button-next\">\n\t\t\t\t\t\t<i aria-hidden=\"true\" class=\"eicon-chevron-right\"><\/i>\t\t\t\t\t\t<span class=\"elementor-screen-only\">Next<\/span>\n\t\t\t\t\t<\/div>\n\t\t\t\t\t\t\t\t\t<\/div>\n\t\t\t\t<\/div>\n\t\t\t\t<\/div>\n\t\t\t\t\t\t<\/div>\n\t\t\t\t\t<\/div>\n\t\t<\/div>\n\t\t\t\t<div class=\"penci-ercol-50 penci-ercol-order-2 penci-sticky-ct    elementor-column elementor-col-50 elementor-top-column elementor-element elementor-element-92bd63f\" data-id=\"92bd63f\" data-element_type=\"column\">\n\t\t\t<div class=\"theiaStickySidebar elementor-column-wrap elementor-element-populated\">\n\t\t\t\t\t\t\t<div class=\"elementor-widget-wrap\">\n\t\t\t\t\t\t<div class=\"elementor-element elementor-element-237af6f elementor-widget elementor-widget-text-editor\" data-id=\"237af6f\" data-element_type=\"widget\" data-widget_type=\"text-editor.default\">\n\t\t\t\t<div class=\"elementor-widget-container\">\n\t\t\t\t\t\t\t\t<div class=\"elementor-text-editor elementor-clearfix\">\n\t\t\t\t<p><strong>G\u00f6r\u00fcn\u00fcm\u00fc :<\/strong>\u00a0Berrak S\u0131v\u0131 Halde<\/p><p><strong>Kimyasal ad\u0131 :<\/strong>\u00a0Fluorohydric acid; fluoric acid<\/p><p><strong>Kimyasal Form\u00fcl\u00fc :<\/strong>\u00a0HF<\/p><p><strong>Ambalaj \u015eekli :<\/strong>\u00a025 Kg Bidonlarda<\/p><p><strong>Tan\u0131m\u0131 ve Kullan\u0131m\u0131 :<\/strong><\/p><p>Hidroflorik asit, Hidrojen flor\u00fcr bile\u015fi\u011finin sudaki \u00e7\u00f6zeltisine verilen ad. \u00d6zellikle cam i\u015fleme sanayinde kullan\u0131l\u0131r. Cam\u0131 a\u015f\u0131nd\u0131r\u0131c\u0131 etkisi oldu\u011fundan dolay\u0131, cam \u015fi\u015felerde saklanamazlar. Berrak s\u0131v\u0131 halinde olup, HF olarak tan\u0131mlan\u0131r.<\/p><p>Hidroflorik asit a, \u00e7\u00f6zelti i\u00e7inde hidrojen flor\u00fcr (HF) , su . Fluoksetin (Prozac) gibi farmas\u00f6tik maddeler, PTFE (Teflon) gibi \u00e7e\u015fitli malzemeler ve elemental florin kendisi de dahil olmak \u00fczere neredeyse t\u00fcm flor bile\u015fiklerinin \u00f6nc\u00fcl\u00fc\u011f\u00fcn\u00fc yap\u0131yor . \u00c7ok korozif, bir\u00e7ok malzemeyi, \u00f6zellikle de oksitleri \u00e7\u00f6zebilen, renksiz bir \u00e7\u00f6z\u00fcmd\u00fcr . Cam eritme kabiliyeti, 17. Y\u00fczy\u0131ldan beri, Carl Wilhelm Scheele&#8217;nin 1771&#8217;de \u00e7ok miktarda haz\u0131rlamas\u0131ndan \u00f6nce bilinmektedir. Cama kar\u015f\u0131 y\u00fcksek reaktivitesi ve bir\u00e7ok metale orta derecede tepki vermesi nedeniyle , hidroflorik asit genellikle plastik kaplarda saklan\u0131r (buna ra\u011fmen PTFE hafif\u00e7e ge\u00e7irilebilir).<\/p><p>Hidrojen flor\u00fcr gaz\u0131, akci\u011ferlere ve g\u00f6zlerin kornealar\u0131na derhal ve kal\u0131c\u0131 hasar verebilen akut zehirdir. Sulu hidroflorik asit, ba\u015flang\u0131\u00e7ta a\u011fr\u0131s\u0131z derin deride yanma ve sonras\u0131nda doku \u00f6l\u00fcm\u00fcne yol a\u00e7abilecek bir temas zehiridir. V\u00fccut kalsiyum metabolizmas\u0131 ile m\u00fcdahale ile, konsantre edilmi\u015f asit de sistemik toksisite ve nihai neden olabilir kardiyak arrest az 160 cm&#8217;e ile temas ettikten sonra ve \u00f6l\u00fcm\u00fcn\u00fc, cilt (25 in\u00e7 kare).<\/p><p>Kullan\u0131m\u0131nda olduk\u00e7a dikkat edilmelidir. Solunmas\u0131 ciddi zehirlenmelere yol a\u00e7arken, cilt ile temas\u0131, derin yan\u0131klara sebebiyet verebilir. Hidroflorik asit y\u00fcksek oktanl\u0131 benzin yap\u0131m\u0131nda da kullan\u0131l\u0131r. Ayr\u0131ca kullan\u0131m alanlar\u0131 aras\u0131nda; al\u00fcminyum ve uranyum&#8217;un safla\u015ft\u0131r\u0131lmas\u0131, \u00e7ama\u015f\u0131r \u00fcr\u00fcnlerinde pas uzakla\u015ft\u0131r\u0131lmas\u0131, ya\u011f end\u00fcstrisinde kataliz\u00f6r gibi konular da bulunmaktad\u0131r. Silikat bile\u015fiklerini \u00e7\u00f6zme yetene\u011fi nedeniyle, s\u0131k s\u0131k kaya \u00f6rneklerini eritmek amac\u0131yla, mineral ve kaya analiz prosesi s\u0131ras\u0131nda kullan\u0131l\u0131r. Cam \u015fekillendirmelerinde kullan\u0131l\u0131r.<\/p><p><strong>Kullan\u0131m Alanlar\u0131<\/strong><\/p><ul><li>End\u00fcstriyel kimya, maden \u00e7\u0131karma, rafine etme, cam kaplama, silikon tala\u015f imalat\u0131 ve temizleme konular\u0131nda bir ba\u015flang\u0131\u00e7 \u200b\u200bmalzemesi veya ara madde olarak kullan\u0131l\u0131r.<\/li><li>Metal i\u015flemede, hidroflorik asit, \u00e7eli\u011fi \u00e7\u00f6zme kabiliyeti s\u0131n\u0131rl\u0131 oldu\u011fundan, paslanmazve karbonlu \u00e7eliklerden oksitleri ve di\u011fer yabanc\u0131 maddeleri uzakla\u015ft\u0131rmak i\u00e7in asitleme ajan\u0131 olarak kullan\u0131l\u0131r .<\/li><li>Hidroflorik asit, (\u00e7o\u011fu) oksitleri ve silikatlar\u0131 \u00e7\u00f6zebilme \u00f6zelli\u011finden dolay\u0131, analiz \u00f6ncesinde kaya \u00f6rneklerinin \u00e7\u00f6z\u00fclmesi (genellikle toz haline getirilir) i\u00e7in yararl\u0131d\u0131r.<\/li><li>Asit, silikat kaya\u00e7lar\u0131ndan organik fosiller \u00e7\u0131karmak i\u00e7in asit macerasyonlar\u0131nda kullan\u0131l\u0131r .<\/li><li>Hidroflorik asit \u00e7ok a\u015f\u0131nd\u0131r\u0131c\u0131 s\u0131v\u0131 olmas\u0131n\u0131n yan\u0131 s\u0131ra g\u00fc\u00e7l\u00fc bir temas zehiridir . Hidroflorik asidin dokuya n\u00fcfuz etme kabiliyeti nedeniyle, zehirlenme cildi veya g\u00f6zleri maruz b\u0131rakarak veya solundu\u011funda veya yutuldu\u011funda kolayca olu\u015fabilir.<\/li><\/ul>\t\t\t\t\t<\/div>\n\t\t\t\t\t\t<\/div>\n\t\t\t\t<\/div>\n\t\t\t\t\t\t<\/div>\n\t\t\t\t\t<\/div>\n\t\t<\/div>\n\t\t\t\t\t\t\t\t<\/div>\n\t\t\t\t\t<\/div>\n\t\t<\/section>\n\t\t\t\t\t\t\t\t\t<\/div>\n\t\t\t<\/div>\n\t\t\t\t\t<\/div>","protected":false},"excerpt":{"rendered":"<p>Previous Next G\u00f6r\u00fcn\u00fcm\u00fc :\u00a0Berrak S\u0131v\u0131 Halde Kimyasal ad\u0131 :\u00a0Fluorohydric acid; fluoric acid Kimyasal Form\u00fcl\u00fc :\u00a0HF Ambalaj \u015eekli :\u00a025 Kg Bidonlarda Tan\u0131m\u0131 ve Kullan\u0131m\u0131 : Hidroflorik asit, Hidrojen flor\u00fcr bile\u015fi\u011finin sudaki&hellip;<\/p>","protected":false},"author":1,"featured_media":0,"parent":0,"menu_order":0,"comment_status":"closed","ping_status":"closed","template":"","meta":[],"yoast_head":"<!-- This site is optimized with the Yoast SEO plugin v20.3 - https:\/\/yoast.com\/wordpress\/plugins\/seo\/ -->\n<title>H\u0130DROFLOR\u0130K AS\u0130T - http:\/\/www.oztugkimya.com\/<\/title>\n<meta name=\"robots\" content=\"index, follow, max-snippet:-1, max-image-preview:large, max-video-preview:-1\" \/>\n<link rel=\"canonical\" href=\"http:\/\/www.oztugkimya.com\/en\/hidroflorik-asit\/\" \/>\n<meta property=\"og:locale\" content=\"en_US\" \/>\n<meta property=\"og:type\" content=\"article\" \/>\n<meta property=\"og:title\" content=\"H\u0130DROFLOR\u0130K AS\u0130T - http:\/\/www.oztugkimya.com\/\" \/>\n<meta property=\"og:description\" content=\"Previous Next G\u00f6r\u00fcn\u00fcm\u00fc :\u00a0Berrak S\u0131v\u0131 Halde Kimyasal ad\u0131 :\u00a0Fluorohydric acid; fluoric acid Kimyasal Form\u00fcl\u00fc :\u00a0HF Ambalaj \u015eekli :\u00a025 Kg Bidonlarda Tan\u0131m\u0131 ve Kullan\u0131m\u0131 : Hidroflorik asit, Hidrojen flor\u00fcr bile\u015fi\u011finin sudaki&hellip;\" \/>\n<meta property=\"og:url\" content=\"http:\/\/www.oztugkimya.com\/en\/hidroflorik-asit\/\" \/>\n<meta property=\"og:site_name\" content=\"http:\/\/www.oztugkimya.com\/\" \/>\n<meta property=\"article:modified_time\" content=\"2020-08-17T09:56:28+00:00\" \/>\n<meta property=\"og:image\" content=\"http:\/\/www.oztugkimya.com\/wp-content\/uploads\/2020\/05\/oztugdepolama1-150x150.png\" \/>\n<meta name=\"twitter:card\" content=\"summary_large_image\" \/>\n<meta name=\"twitter:label1\" content=\"Est. reading time\" \/>\n\t<meta name=\"twitter:data1\" content=\"3 minutes\" \/>\n<script type=\"application\/ld+json\" class=\"yoast-schema-graph\">{\"@context\":\"https:\/\/schema.org\",\"@graph\":[{\"@type\":\"WebPage\",\"@id\":\"http:\/\/www.oztugkimya.com\/hidroflorik-asit\/\",\"url\":\"http:\/\/www.oztugkimya.com\/hidroflorik-asit\/\",\"name\":\"H\u0130DROFLOR\u0130K AS\u0130T - http:\/\/www.oztugkimya.com\/\",\"isPartOf\":{\"@id\":\"http:\/\/www.oztugkimya.com\/#website\"},\"datePublished\":\"2020-08-17T09:55:56+00:00\",\"dateModified\":\"2020-08-17T09:56:28+00:00\",\"breadcrumb\":{\"@id\":\"http:\/\/www.oztugkimya.com\/hidroflorik-asit\/#breadcrumb\"},\"inLanguage\":\"en-US\",\"potentialAction\":[{\"@type\":\"ReadAction\",\"target\":[\"http:\/\/www.oztugkimya.com\/hidroflorik-asit\/\"]}]},{\"@type\":\"BreadcrumbList\",\"@id\":\"http:\/\/www.oztugkimya.com\/hidroflorik-asit\/#breadcrumb\",\"itemListElement\":[{\"@type\":\"ListItem\",\"position\":1,\"name\":\"Ana sayfa\",\"item\":\"http:\/\/www.oztugkimya.com\/\"},{\"@type\":\"ListItem\",\"position\":2,\"name\":\"H\u0130DROFLOR\u0130K AS\u0130T\"}]},{\"@type\":\"WebSite\",\"@id\":\"http:\/\/www.oztugkimya.com\/#website\",\"url\":\"http:\/\/www.oztugkimya.com\/\",\"name\":\"http:\/\/www.oztugkimya.com\/\",\"description\":\"http:\/\/www.oztugkimya.com\/\",\"potentialAction\":[{\"@type\":\"SearchAction\",\"target\":{\"@type\":\"EntryPoint\",\"urlTemplate\":\"http:\/\/www.oztugkimya.com\/?s={search_term_string}\"},\"query-input\":\"required name=search_term_string\"}],\"inLanguage\":\"en-US\"}]}<\/script>\n<!-- \/ Yoast SEO plugin. -->","yoast_head_json":{"title":"H\u0130DROFLOR\u0130K AS\u0130T - http:\/\/www.oztugkimya.com\/","robots":{"index":"index","follow":"follow","max-snippet":"max-snippet:-1","max-image-preview":"max-image-preview:large","max-video-preview":"max-video-preview:-1"},"canonical":"http:\/\/www.oztugkimya.com\/en\/hidroflorik-asit\/","og_locale":"en_US","og_type":"article","og_title":"H\u0130DROFLOR\u0130K AS\u0130T - http:\/\/www.oztugkimya.com\/","og_description":"Previous Next G\u00f6r\u00fcn\u00fcm\u00fc :\u00a0Berrak S\u0131v\u0131 Halde Kimyasal ad\u0131 :\u00a0Fluorohydric acid; fluoric acid Kimyasal Form\u00fcl\u00fc :\u00a0HF Ambalaj \u015eekli :\u00a025 Kg Bidonlarda Tan\u0131m\u0131 ve Kullan\u0131m\u0131 : Hidroflorik asit, Hidrojen flor\u00fcr bile\u015fi\u011finin sudaki&hellip;","og_url":"http:\/\/www.oztugkimya.com\/en\/hidroflorik-asit\/","og_site_name":"http:\/\/www.oztugkimya.com\/","article_modified_time":"2020-08-17T09:56:28+00:00","og_image":[{"url":"http:\/\/www.oztugkimya.com\/wp-content\/uploads\/2020\/05\/oztugdepolama1-150x150.png"}],"twitter_card":"summary_large_image","twitter_misc":{"Est. reading time":"3 minutes"},"schema":{"@context":"https:\/\/schema.org","@graph":[{"@type":"WebPage","@id":"http:\/\/www.oztugkimya.com\/hidroflorik-asit\/","url":"http:\/\/www.oztugkimya.com\/hidroflorik-asit\/","name":"H\u0130DROFLOR\u0130K AS\u0130T - http:\/\/www.oztugkimya.com\/","isPartOf":{"@id":"http:\/\/www.oztugkimya.com\/#website"},"datePublished":"2020-08-17T09:55:56+00:00","dateModified":"2020-08-17T09:56:28+00:00","breadcrumb":{"@id":"http:\/\/www.oztugkimya.com\/hidroflorik-asit\/#breadcrumb"},"inLanguage":"en-US","potentialAction":[{"@type":"ReadAction","target":["http:\/\/www.oztugkimya.com\/hidroflorik-asit\/"]}]},{"@type":"BreadcrumbList","@id":"http:\/\/www.oztugkimya.com\/hidroflorik-asit\/#breadcrumb","itemListElement":[{"@type":"ListItem","position":1,"name":"Ana sayfa","item":"http:\/\/www.oztugkimya.com\/"},{"@type":"ListItem","position":2,"name":"H\u0130DROFLOR\u0130K AS\u0130T"}]},{"@type":"WebSite","@id":"http:\/\/www.oztugkimya.com\/#website","url":"http:\/\/www.oztugkimya.com\/","name":"http:\/\/www.oztugkimya.com\/","description":"http:\/\/www.oztugkimya.com\/","potentialAction":[{"@type":"SearchAction","target":{"@type":"EntryPoint","urlTemplate":"http:\/\/www.oztugkimya.com\/?s={search_term_string}"},"query-input":"required name=search_term_string"}],"inLanguage":"en-US"}]}},"_links":{"self":[{"href":"http:\/\/www.oztugkimya.com\/en\/wp-json\/wp\/v2\/pages\/1305"}],"collection":[{"href":"http:\/\/www.oztugkimya.com\/en\/wp-json\/wp\/v2\/pages"}],"about":[{"href":"http:\/\/www.oztugkimya.com\/en\/wp-json\/wp\/v2\/types\/page"}],"author":[{"embeddable":true,"href":"http:\/\/www.oztugkimya.com\/en\/wp-json\/wp\/v2\/users\/1"}],"replies":[{"embeddable":true,"href":"http:\/\/www.oztugkimya.com\/en\/wp-json\/wp\/v2\/comments?post=1305"}],"version-history":[{"count":2,"href":"http:\/\/www.oztugkimya.com\/en\/wp-json\/wp\/v2\/pages\/1305\/revisions"}],"predecessor-version":[{"id":1307,"href":"http:\/\/www.oztugkimya.com\/en\/wp-json\/wp\/v2\/pages\/1305\/revisions\/1307"}],"wp:attachment":[{"href":"http:\/\/www.oztugkimya.com\/en\/wp-json\/wp\/v2\/media?parent=1305"}],"curies":[{"name":"wp","href":"https:\/\/api.w.org\/{rel}","templated":true}]}}