{"id":1308,"date":"2020-08-17T09:56:45","date_gmt":"2020-08-17T09:56:45","guid":{"rendered":"http:\/\/www.oztugkimya.com\/?page_id=1308"},"modified":"2020-08-17T09:57:20","modified_gmt":"2020-08-17T09:57:20","slug":"hidrojen-peroksit","status":"publish","type":"page","link":"http:\/\/www.oztugkimya.com\/en\/hidrojen-peroksit\/","title":{"rendered":"HYDROGEN PEROXIDE"},"content":{"rendered":"\t\t<div data-elementor-type=\"wp-page\" data-elementor-id=\"1308\" class=\"elementor elementor-1308\">\n\t\t\t\t\t\t<div class=\"elementor-inner\">\n\t\t\t\t<div class=\"elementor-section-wrap\">\n\t\t\t\t\t\t\t\t\t<section class=\"penci-section penci-disSticky penci-structure-20 elementor-section elementor-top-section elementor-element elementor-element-5243a0d elementor-section-boxed elementor-section-height-default elementor-section-height-default\" data-id=\"5243a0d\" data-element_type=\"section\">\n\t\t\t\t\t\t<div class=\"elementor-container elementor-column-gap-default\">\n\t\t\t\t\t\t\t<div class=\"elementor-row\">\n\t\t\t\t\t<div class=\"penci-ercol-50 penci-ercol-order-1 penci-sticky-ct    elementor-column elementor-col-50 elementor-top-column elementor-element elementor-element-c59093f\" data-id=\"c59093f\" data-element_type=\"column\">\n\t\t\t<div class=\"theiaStickySidebar elementor-column-wrap elementor-element-populated\">\n\t\t\t\t\t\t\t<div class=\"elementor-widget-wrap\">\n\t\t\t\t\t\t<div class=\"elementor-element elementor-element-f8d14b9 elementor-arrows-position-inside elementor-pagination-position-outside elementor-widget elementor-widget-image-carousel\" data-id=\"f8d14b9\" data-element_type=\"widget\" data-settings=\"{&quot;navigation&quot;:&quot;both&quot;,&quot;autoplay&quot;:&quot;yes&quot;,&quot;pause_on_hover&quot;:&quot;yes&quot;,&quot;pause_on_interaction&quot;:&quot;yes&quot;,&quot;autoplay_speed&quot;:5000,&quot;infinite&quot;:&quot;yes&quot;,&quot;speed&quot;:500}\" data-widget_type=\"image-carousel.default\">\n\t\t\t\t<div class=\"elementor-widget-container\">\n\t\t\t\t\t<div class=\"elementor-image-carousel-wrapper swiper-container\" dir=\"ltr\">\n\t\t\t<div class=\"elementor-image-carousel swiper-wrapper\">\n\t\t\t\t\t\t\t\t<div class=\"swiper-slide\"><figure class=\"swiper-slide-inner\"><img decoding=\"async\" class=\"swiper-slide-image\" src=\"http:\/\/www.oztugkimya.com\/wp-content\/uploads\/2020\/05\/oztugdepolama1-150x150.png\" alt=\"oztugdepolama1\" \/><\/figure><\/div><div class=\"swiper-slide\"><figure class=\"swiper-slide-inner\"><img decoding=\"async\" class=\"swiper-slide-image\" src=\"http:\/\/www.oztugkimya.com\/wp-content\/uploads\/2020\/05\/oztuglogistics-150x150.png\" alt=\"oztuglogistics\" \/><\/figure><\/div><div class=\"swiper-slide\"><figure class=\"swiper-slide-inner\"><img decoding=\"async\" class=\"swiper-slide-image\" src=\"http:\/\/www.oztugkimya.com\/wp-content\/uploads\/2020\/05\/oztugmap-150x150.png\" alt=\"oztugmap\" \/><\/figure><\/div><div class=\"swiper-slide\"><figure class=\"swiper-slide-inner\"><img decoding=\"async\" class=\"swiper-slide-image\" src=\"http:\/\/www.oztugkimya.com\/wp-content\/uploads\/2020\/05\/oztugmission-150x150.png\" alt=\"oztugmission\" \/><\/figure><\/div><div class=\"swiper-slide\"><figure class=\"swiper-slide-inner\"><img decoding=\"async\" class=\"swiper-slide-image\" src=\"http:\/\/www.oztugkimya.com\/wp-content\/uploads\/2020\/05\/oztugcustomer-150x150.png\" alt=\"oztugcustomer\" \/><\/figure><\/div>\t\t\t<\/div>\n\t\t\t\t\t\t\t\t\t\t\t\t<div class=\"swiper-pagination\"><\/div>\n\t\t\t\t\t\t\t\t\t\t\t\t\t<div class=\"elementor-swiper-button elementor-swiper-button-prev\">\n\t\t\t\t\t\t<i aria-hidden=\"true\" class=\"eicon-chevron-left\"><\/i>\t\t\t\t\t\t<span class=\"elementor-screen-only\">Previous<\/span>\n\t\t\t\t\t<\/div>\n\t\t\t\t\t<div class=\"elementor-swiper-button elementor-swiper-button-next\">\n\t\t\t\t\t\t<i aria-hidden=\"true\" class=\"eicon-chevron-right\"><\/i>\t\t\t\t\t\t<span class=\"elementor-screen-only\">Next<\/span>\n\t\t\t\t\t<\/div>\n\t\t\t\t\t\t\t\t\t<\/div>\n\t\t\t\t<\/div>\n\t\t\t\t<\/div>\n\t\t\t\t\t\t<\/div>\n\t\t\t\t\t<\/div>\n\t\t<\/div>\n\t\t\t\t<div class=\"penci-ercol-50 penci-ercol-order-2 penci-sticky-ct    elementor-column elementor-col-50 elementor-top-column elementor-element elementor-element-f402e6c\" data-id=\"f402e6c\" data-element_type=\"column\">\n\t\t\t<div class=\"theiaStickySidebar elementor-column-wrap elementor-element-populated\">\n\t\t\t\t\t\t\t<div class=\"elementor-widget-wrap\">\n\t\t\t\t\t\t<div class=\"elementor-element elementor-element-5cb57aa elementor-widget elementor-widget-text-editor\" data-id=\"5cb57aa\" data-element_type=\"widget\" data-widget_type=\"text-editor.default\">\n\t\t\t\t<div class=\"elementor-widget-container\">\n\t\t\t\t\t\t\t\t<div class=\"elementor-text-editor elementor-clearfix\">\n\t\t\t\t<p><strong>G\u00f6r\u00fcn\u00fcm\u00fc :<\/strong>\u00a0Soluk Mavi Renk<\/p><p><strong>Kimyasal ad\u0131 :\u00a0<\/strong>Hydrogen dioxide solution<\/p><p><strong>Kimyasal Form\u00fcl\u00fc :<\/strong>\u00a0H2 O2<\/p><p><strong>Ambalaj \u015eekli :<\/strong>\u00a065 kg Bidonlarda, \u0130bcler, Tankerli<\/p><p><strong>Tan\u0131m\u0131 ve Kullan\u0131m\u0131 :<\/strong><\/p><p>Hidrojen peroksit (H2O2) soluk mavi renkte; suland\u0131r\u0131ld\u0131\u011f\u0131nda ise renksiz hale gelen bir bile\u015fiktir. Hidrojen peroksitin akmazl\u0131k de\u011feri, sudan daha y\u00fcksektir.<\/p><p>Hidrojen peroksit, a, kimyasal bile\u015fik , form\u00fcl ile H2O2 . Saf formunda, bir kokusu olan s\u0131v\u0131 biraz daha, viskoz fazla su . Hidrojen peroksit, basit peroksittir(oksijen-oksijen tekli ba\u011fa sahip bir bile\u015fiktir ). Bir oksitleyici , a\u011fartma maddesi ve dezenfektan olarak kullan\u0131l\u0131r . Konsantre hidrojen peroksit, ya da &#8221; y\u00fcksek test peroksit &#8220;, a, reaktif oksijen t\u00fcrleri ve olarak kullan\u0131lm\u0131\u015ft\u0131r itici olarak roket .[4]Kimyas\u0131n\u0131n karars\u0131z peroksit ba\u011f\u0131n\u0131n do\u011fas\u0131 hakimdir.<\/p><p>Hidrojen peroksit karars\u0131zd\u0131r ve baz veya bir kataliz\u00f6r varl\u0131\u011f\u0131nda yava\u015f yava\u015f ayr\u0131\u015f\u0131r. \u0130stikrars\u0131zl\u0131\u011f\u0131 nedeniyle, hidrojen peroksit tipik olarak zay\u0131f asitli bir \u00e7\u00f6zeltide bir stabilizat\u00f6r ile birlikte depolan\u0131r. Hidrojen peroksit, insan v\u00fccudu da dahil olmak \u00fczere biyolojik sistemlerde bulunur. Hidrojen peroksit kullanan veya bozan enzimler peroksidazlar olarak s\u0131n\u0131fland\u0131r\u0131l\u0131r.<\/p><p>H2O2&#8217;nin kaynama noktas\u0131, sudan yakla\u015f\u0131k 50 \u00b0 C daha y\u00fcksek olan 150.2 \u00b0 C olarak ekstrapolasyona tabi tutulmu\u015ftur. Uygulamada hidrojen peroksit, bu s\u0131cakl\u0131\u011fa \u0131s\u0131t\u0131ld\u0131\u011f\u0131nda potansiyel olarak patlay\u0131c\u0131 termal ayr\u0131\u015fma ge\u00e7irir . D\u00fc\u015f\u00fck bas\u0131n\u00e7 alt\u0131nda d\u00fc\u015f\u00fck s\u0131cakl\u0131klarda g\u00fcvenle dam\u0131t\u0131labilir.<\/p><p><strong>Kullan\u0131m Alanlar\u0131<\/strong><\/p><ul><li>Hidrojen Peroksit beyazlatma, sterilizasyon ve kimya end\u00fcstrisinde kullan\u0131lan g\u00fc\u00e7l\u00fc, \u00e7evre dostu y\u00fckseltgen maddedir. Kal\u0131nt\u0131 b\u0131rakmadan yok olabilen, toksik olmayan, kolay bulunabilen ve geni\u015f kullan\u0131m alan\u0131 olan bir s\u0131v\u0131d\u0131r. Hidrojen Peroksit \u00e7e\u015fitli safl\u0131k derecelerinde Band\u0131rma\u2019daki tesisimizde y\u00fcksek kalite standartlar\u0131nda \u00fcretilmektedir.<\/li><li>D\u00fcnyada en fazla Hidrojen peroksit kullanan bu end\u00fcstri kamu bask\u0131s\u0131 ve yasalarla beyazlatma proseslerinde klor kullan\u0131lmamas\u0131 y\u00f6n\u00fcnde zorlanmaktad\u0131r. \u00d6zellikle mekanik beyazlatmada, geri d\u00f6n\u00fc\u015f\u00fcm ve a\u011fa\u00e7 i\u00e7erikli olmayan elyaflarda, desteklenen di\u011fer KRAFT beyazlatma kimyasallar\u0131 kadar etkilidir.<\/li><li>Hidrojen Peroksit do\u011fal sel\u00fcloz ve organik elyaflarda tercih edilen bir ajand\u0131r. Beyazlat\u0131c\u0131s\u0131 pamuk, y\u00fcn ve ipek i\u00e7in faydal\u0131, y\u00fcksek beyazlatma ve d\u00fc\u015f\u00fck elyaf hasarlar\u0131 veren bununla birlikte minumum at\u0131k problemleri olan bir maddedir.<\/li><li>G\u00fcn\u00fcm\u00fczde aseptik paketleme, g\u0131da beyazlatma ve koruma, mikrobiyal kontrol, sa\u00e7 \u00fcr\u00fcnleri ve ila\u00e7 sekt\u00f6r\u00fcnde kullan\u0131lmaktad\u0131r.<\/li><li>Y\u00fczme havuzu temizli\u011finde \u015foklama kimyasal\u0131, koku giderme ve at\u0131k d\u00f6k\u00fclmesine kar\u015f\u0131 nehir ve lag\u00fcnler de acil \u00f6nlem olarak kullan\u0131\u015fl\u0131d\u0131r. Bir\u00e7ok su uygulamalar\u0131nda Ultraviyole radyasyon, ozon ya da metal katalistlerle geli\u015ftirilmi\u015f oksidasyon teknolojileri Hidrojen Peroksitle kombine olarak kullan\u0131ld\u0131\u011f\u0131nda faydal\u0131 olmaktad\u0131r. Bu form i\u00e7me suyundaki tad\u0131 ve keskin kokuyu bozan, tekstil at\u0131klar\u0131ndaki renkli boya ve \u00e7ok \u00e7e\u015fitli organik safs\u0131zl\u0131klar\u0131 gideren g\u00fc\u00e7l\u00fc hidroksil radikalleridir.<\/li><li>Hidrojen Peroksit g\u00fc\u00e7l\u00fc bir oksitleme ajan\u0131d\u0131r. Stabilize edilmi\u015f hidrojen peroksitte aktif oksijen \u00e7ok yava\u015f bir \u015fekilde a\u00e7\u0131\u011fa \u00e7\u0131kar. Fakat aktif oksijenin a\u00e7\u0131\u011fa \u00e7\u0131k\u0131\u015f\u0131 metal, organik ya da alkalilerle kar\u0131\u015ft\u0131\u011f\u0131nda \u00e7ok s\u00fcratli olmaktad\u0131r. Bu \u00f6zelli\u011fi nedeniyle g\u00fcvenli sevk\u0131yat i\u00e7in \u00f6zel \u00f6nlemler al\u0131nmas\u0131n\u0131 gerektirmektedir. Ayr\u0131ca kullan\u0131c\u0131lar\u0131n bu \u00f6nlemlere a\u015fina olmas\u0131 ya da Hidrojen Peroksit A.\u015e. taraf\u0131ndan sunulan \u00f6nlemleri alabilmeleri gerekir.<\/li><\/ul>\t\t\t\t\t<\/div>\n\t\t\t\t\t\t<\/div>\n\t\t\t\t<\/div>\n\t\t\t\t\t\t<\/div>\n\t\t\t\t\t<\/div>\n\t\t<\/div>\n\t\t\t\t\t\t\t\t<\/div>\n\t\t\t\t\t<\/div>\n\t\t<\/section>\n\t\t\t\t\t\t\t\t\t<\/div>\n\t\t\t<\/div>\n\t\t\t\t\t<\/div>\n\t\t","protected":false},"excerpt":{"rendered":"<p>Previous Next G\u00f6r\u00fcn\u00fcm\u00fc :\u00a0Soluk Mavi Renk Kimyasal ad\u0131 :\u00a0Hydrogen dioxide solution Kimyasal Form\u00fcl\u00fc :\u00a0H2 O2 Ambalaj \u015eekli :\u00a065 kg Bidonlarda, \u0130bcler, Tankerli Tan\u0131m\u0131 ve Kullan\u0131m\u0131 : Hidrojen peroksit (H2O2) soluk&hellip;<\/p>","protected":false},"author":1,"featured_media":0,"parent":0,"menu_order":0,"comment_status":"closed","ping_status":"closed","template":"","meta":[],"yoast_head":"<!-- This site is optimized with the Yoast SEO plugin v20.3 - https:\/\/yoast.com\/wordpress\/plugins\/seo\/ -->\n<title>H\u0130DROJEN PEROKS\u0130T - http:\/\/www.oztugkimya.com\/<\/title>\n<meta name=\"robots\" content=\"index, follow, max-snippet:-1, max-image-preview:large, max-video-preview:-1\" \/>\n<link rel=\"canonical\" href=\"http:\/\/www.oztugkimya.com\/en\/hidrojen-peroksit\/\" \/>\n<meta property=\"og:locale\" content=\"en_US\" \/>\n<meta property=\"og:type\" content=\"article\" \/>\n<meta property=\"og:title\" content=\"H\u0130DROJEN PEROKS\u0130T - http:\/\/www.oztugkimya.com\/\" \/>\n<meta property=\"og:description\" content=\"Previous Next G\u00f6r\u00fcn\u00fcm\u00fc :\u00a0Soluk Mavi Renk Kimyasal ad\u0131 :\u00a0Hydrogen dioxide solution Kimyasal Form\u00fcl\u00fc :\u00a0H2 O2 Ambalaj \u015eekli :\u00a065 kg Bidonlarda, \u0130bcler, Tankerli Tan\u0131m\u0131 ve Kullan\u0131m\u0131 : Hidrojen peroksit (H2O2) soluk&hellip;\" \/>\n<meta property=\"og:url\" content=\"http:\/\/www.oztugkimya.com\/en\/hidrojen-peroksit\/\" \/>\n<meta property=\"og:site_name\" content=\"http:\/\/www.oztugkimya.com\/\" \/>\n<meta property=\"article:modified_time\" content=\"2020-08-17T09:57:20+00:00\" \/>\n<meta property=\"og:image\" content=\"http:\/\/www.oztugkimya.com\/wp-content\/uploads\/2020\/05\/oztugdepolama1-150x150.png\" \/>\n<meta name=\"twitter:card\" content=\"summary_large_image\" \/>\n<meta name=\"twitter:label1\" content=\"Est. reading time\" \/>\n\t<meta name=\"twitter:data1\" content=\"3 minutes\" \/>\n<script type=\"application\/ld+json\" class=\"yoast-schema-graph\">{\"@context\":\"https:\/\/schema.org\",\"@graph\":[{\"@type\":\"WebPage\",\"@id\":\"http:\/\/www.oztugkimya.com\/hidrojen-peroksit\/\",\"url\":\"http:\/\/www.oztugkimya.com\/hidrojen-peroksit\/\",\"name\":\"H\u0130DROJEN PEROKS\u0130T - http:\/\/www.oztugkimya.com\/\",\"isPartOf\":{\"@id\":\"http:\/\/www.oztugkimya.com\/#website\"},\"datePublished\":\"2020-08-17T09:56:45+00:00\",\"dateModified\":\"2020-08-17T09:57:20+00:00\",\"breadcrumb\":{\"@id\":\"http:\/\/www.oztugkimya.com\/hidrojen-peroksit\/#breadcrumb\"},\"inLanguage\":\"en-US\",\"potentialAction\":[{\"@type\":\"ReadAction\",\"target\":[\"http:\/\/www.oztugkimya.com\/hidrojen-peroksit\/\"]}]},{\"@type\":\"BreadcrumbList\",\"@id\":\"http:\/\/www.oztugkimya.com\/hidrojen-peroksit\/#breadcrumb\",\"itemListElement\":[{\"@type\":\"ListItem\",\"position\":1,\"name\":\"Ana sayfa\",\"item\":\"http:\/\/www.oztugkimya.com\/\"},{\"@type\":\"ListItem\",\"position\":2,\"name\":\"H\u0130DROJEN PEROKS\u0130T\"}]},{\"@type\":\"WebSite\",\"@id\":\"http:\/\/www.oztugkimya.com\/#website\",\"url\":\"http:\/\/www.oztugkimya.com\/\",\"name\":\"http:\/\/www.oztugkimya.com\/\",\"description\":\"http:\/\/www.oztugkimya.com\/\",\"potentialAction\":[{\"@type\":\"SearchAction\",\"target\":{\"@type\":\"EntryPoint\",\"urlTemplate\":\"http:\/\/www.oztugkimya.com\/?s={search_term_string}\"},\"query-input\":\"required name=search_term_string\"}],\"inLanguage\":\"en-US\"}]}<\/script>\n<!-- \/ Yoast SEO plugin. -->","yoast_head_json":{"title":"H\u0130DROJEN PEROKS\u0130T - http:\/\/www.oztugkimya.com\/","robots":{"index":"index","follow":"follow","max-snippet":"max-snippet:-1","max-image-preview":"max-image-preview:large","max-video-preview":"max-video-preview:-1"},"canonical":"http:\/\/www.oztugkimya.com\/en\/hidrojen-peroksit\/","og_locale":"en_US","og_type":"article","og_title":"H\u0130DROJEN PEROKS\u0130T - http:\/\/www.oztugkimya.com\/","og_description":"Previous Next G\u00f6r\u00fcn\u00fcm\u00fc :\u00a0Soluk Mavi Renk Kimyasal ad\u0131 :\u00a0Hydrogen dioxide solution Kimyasal Form\u00fcl\u00fc :\u00a0H2 O2 Ambalaj \u015eekli :\u00a065 kg Bidonlarda, \u0130bcler, Tankerli Tan\u0131m\u0131 ve Kullan\u0131m\u0131 : Hidrojen peroksit (H2O2) soluk&hellip;","og_url":"http:\/\/www.oztugkimya.com\/en\/hidrojen-peroksit\/","og_site_name":"http:\/\/www.oztugkimya.com\/","article_modified_time":"2020-08-17T09:57:20+00:00","og_image":[{"url":"http:\/\/www.oztugkimya.com\/wp-content\/uploads\/2020\/05\/oztugdepolama1-150x150.png"}],"twitter_card":"summary_large_image","twitter_misc":{"Est. reading time":"3 minutes"},"schema":{"@context":"https:\/\/schema.org","@graph":[{"@type":"WebPage","@id":"http:\/\/www.oztugkimya.com\/hidrojen-peroksit\/","url":"http:\/\/www.oztugkimya.com\/hidrojen-peroksit\/","name":"H\u0130DROJEN PEROKS\u0130T - http:\/\/www.oztugkimya.com\/","isPartOf":{"@id":"http:\/\/www.oztugkimya.com\/#website"},"datePublished":"2020-08-17T09:56:45+00:00","dateModified":"2020-08-17T09:57:20+00:00","breadcrumb":{"@id":"http:\/\/www.oztugkimya.com\/hidrojen-peroksit\/#breadcrumb"},"inLanguage":"en-US","potentialAction":[{"@type":"ReadAction","target":["http:\/\/www.oztugkimya.com\/hidrojen-peroksit\/"]}]},{"@type":"BreadcrumbList","@id":"http:\/\/www.oztugkimya.com\/hidrojen-peroksit\/#breadcrumb","itemListElement":[{"@type":"ListItem","position":1,"name":"Ana sayfa","item":"http:\/\/www.oztugkimya.com\/"},{"@type":"ListItem","position":2,"name":"H\u0130DROJEN PEROKS\u0130T"}]},{"@type":"WebSite","@id":"http:\/\/www.oztugkimya.com\/#website","url":"http:\/\/www.oztugkimya.com\/","name":"http:\/\/www.oztugkimya.com\/","description":"http:\/\/www.oztugkimya.com\/","potentialAction":[{"@type":"SearchAction","target":{"@type":"EntryPoint","urlTemplate":"http:\/\/www.oztugkimya.com\/?s={search_term_string}"},"query-input":"required name=search_term_string"}],"inLanguage":"en-US"}]}},"_links":{"self":[{"href":"http:\/\/www.oztugkimya.com\/en\/wp-json\/wp\/v2\/pages\/1308"}],"collection":[{"href":"http:\/\/www.oztugkimya.com\/en\/wp-json\/wp\/v2\/pages"}],"about":[{"href":"http:\/\/www.oztugkimya.com\/en\/wp-json\/wp\/v2\/types\/page"}],"author":[{"embeddable":true,"href":"http:\/\/www.oztugkimya.com\/en\/wp-json\/wp\/v2\/users\/1"}],"replies":[{"embeddable":true,"href":"http:\/\/www.oztugkimya.com\/en\/wp-json\/wp\/v2\/comments?post=1308"}],"version-history":[{"count":2,"href":"http:\/\/www.oztugkimya.com\/en\/wp-json\/wp\/v2\/pages\/1308\/revisions"}],"predecessor-version":[{"id":1310,"href":"http:\/\/www.oztugkimya.com\/en\/wp-json\/wp\/v2\/pages\/1308\/revisions\/1310"}],"wp:attachment":[{"href":"http:\/\/www.oztugkimya.com\/en\/wp-json\/wp\/v2\/media?parent=1308"}],"curies":[{"name":"wp","href":"https:\/\/api.w.org\/{rel}","templated":true}]}}