{"id":1311,"date":"2020-08-17T09:57:35","date_gmt":"2020-08-17T09:57:35","guid":{"rendered":"http:\/\/www.oztugkimya.com\/?page_id=1311"},"modified":"2020-08-17T09:58:08","modified_gmt":"2020-08-17T09:58:08","slug":"hidroklorik-asit-2","status":"publish","type":"page","link":"http:\/\/www.oztugkimya.com\/en\/hidroklorik-asit-2\/","title":{"rendered":"HYDROCHLORIC ACID"},"content":{"rendered":"<div data-elementor-type=\"wp-page\" data-elementor-id=\"1311\" class=\"elementor elementor-1311\">\n\t\t\t\t\t\t<div class=\"elementor-inner\">\n\t\t\t\t<div class=\"elementor-section-wrap\">\n\t\t\t\t\t\t\t\t\t<section class=\"penci-section penci-disSticky penci-structure-20 elementor-section elementor-top-section elementor-element elementor-element-bf1d2a2 elementor-section-boxed elementor-section-height-default elementor-section-height-default\" data-id=\"bf1d2a2\" data-element_type=\"section\">\n\t\t\t\t\t\t<div class=\"elementor-container elementor-column-gap-default\">\n\t\t\t\t\t\t\t<div class=\"elementor-row\">\n\t\t\t\t\t<div class=\"penci-ercol-50 penci-ercol-order-1 penci-sticky-ct    elementor-column elementor-col-50 elementor-top-column elementor-element elementor-element-baebca5\" data-id=\"baebca5\" data-element_type=\"column\">\n\t\t\t<div class=\"theiaStickySidebar elementor-column-wrap elementor-element-populated\">\n\t\t\t\t\t\t\t<div class=\"elementor-widget-wrap\">\n\t\t\t\t\t\t<div class=\"elementor-element elementor-element-ca6f00d elementor-arrows-position-inside elementor-pagination-position-outside elementor-widget elementor-widget-image-carousel\" data-id=\"ca6f00d\" data-element_type=\"widget\" data-settings=\"{&quot;navigation&quot;:&quot;both&quot;,&quot;autoplay&quot;:&quot;yes&quot;,&quot;pause_on_hover&quot;:&quot;yes&quot;,&quot;pause_on_interaction&quot;:&quot;yes&quot;,&quot;autoplay_speed&quot;:5000,&quot;infinite&quot;:&quot;yes&quot;,&quot;speed&quot;:500}\" data-widget_type=\"image-carousel.default\">\n\t\t\t\t<div class=\"elementor-widget-container\">\n\t\t\t\t\t<div class=\"elementor-image-carousel-wrapper swiper-container\" dir=\"ltr\">\n\t\t\t<div class=\"elementor-image-carousel swiper-wrapper\">\n\t\t\t\t\t\t\t\t<div class=\"swiper-slide\"><figure class=\"swiper-slide-inner\"><img decoding=\"async\" class=\"swiper-slide-image\" src=\"http:\/\/www.oztugkimya.com\/wp-content\/uploads\/2020\/05\/oztugdepolama1-150x150.png\" alt=\"oztugdepolama1\" \/><\/figure><\/div><div class=\"swiper-slide\"><figure class=\"swiper-slide-inner\"><img decoding=\"async\" class=\"swiper-slide-image\" src=\"http:\/\/www.oztugkimya.com\/wp-content\/uploads\/2020\/05\/oztuglogistics-150x150.png\" alt=\"oztuglogistics\" \/><\/figure><\/div><div class=\"swiper-slide\"><figure class=\"swiper-slide-inner\"><img decoding=\"async\" class=\"swiper-slide-image\" src=\"http:\/\/www.oztugkimya.com\/wp-content\/uploads\/2020\/05\/oztugmap-150x150.png\" alt=\"oztugmap\" \/><\/figure><\/div><div class=\"swiper-slide\"><figure class=\"swiper-slide-inner\"><img decoding=\"async\" class=\"swiper-slide-image\" src=\"http:\/\/www.oztugkimya.com\/wp-content\/uploads\/2020\/05\/oztugmission-150x150.png\" alt=\"oztugmission\" \/><\/figure><\/div><div class=\"swiper-slide\"><figure class=\"swiper-slide-inner\"><img decoding=\"async\" class=\"swiper-slide-image\" src=\"http:\/\/www.oztugkimya.com\/wp-content\/uploads\/2020\/05\/oztugcustomer-150x150.png\" alt=\"oztugcustomer\" \/><\/figure><\/div>\t\t\t<\/div>\n\t\t\t\t\t\t\t\t\t\t\t\t<div class=\"swiper-pagination\"><\/div>\n\t\t\t\t\t\t\t\t\t\t\t\t\t<div class=\"elementor-swiper-button elementor-swiper-button-prev\">\n\t\t\t\t\t\t<i aria-hidden=\"true\" class=\"eicon-chevron-left\"><\/i>\t\t\t\t\t\t<span class=\"elementor-screen-only\">Previous<\/span>\n\t\t\t\t\t<\/div>\n\t\t\t\t\t<div class=\"elementor-swiper-button elementor-swiper-button-next\">\n\t\t\t\t\t\t<i aria-hidden=\"true\" class=\"eicon-chevron-right\"><\/i>\t\t\t\t\t\t<span class=\"elementor-screen-only\">Next<\/span>\n\t\t\t\t\t<\/div>\n\t\t\t\t\t\t\t\t\t<\/div>\n\t\t\t\t<\/div>\n\t\t\t\t<\/div>\n\t\t\t\t\t\t<\/div>\n\t\t\t\t\t<\/div>\n\t\t<\/div>\n\t\t\t\t<div class=\"penci-ercol-50 penci-ercol-order-2 penci-sticky-ct    elementor-column elementor-col-50 elementor-top-column elementor-element elementor-element-2ef9aa5\" data-id=\"2ef9aa5\" data-element_type=\"column\">\n\t\t\t<div class=\"theiaStickySidebar elementor-column-wrap elementor-element-populated\">\n\t\t\t\t\t\t\t<div class=\"elementor-widget-wrap\">\n\t\t\t\t\t\t<div class=\"elementor-element elementor-element-8c76cc3 elementor-widget elementor-widget-text-editor\" data-id=\"8c76cc3\" data-element_type=\"widget\" data-widget_type=\"text-editor.default\">\n\t\t\t\t<div class=\"elementor-widget-container\">\n\t\t\t\t\t\t\t\t<div class=\"elementor-text-editor elementor-clearfix\">\n\t\t\t\t<p><strong>G\u00f6r\u00fcn\u00fcm\u00fc\u00a0:\u00a0<\/strong>Berrak S\u0131v\u0131 Halde<\/p><p><strong>Kimyasal ad\u0131\u00a0:\u00a0<\/strong>Muriatic acid, chlorohydric acid<\/p><p><strong>Kimyasal Form\u00fcl\u00fc\u00a0:\u00a0<\/strong>HCL<\/p><p><strong>Ambalaj \u015eekli\u00a0:\u00a0<\/strong>75 Kg Bidonlarda,1200 Kg \u0130bclerde, 20 Tonluk Tanker<\/p><p><strong>Tan\u0131m\u0131 ve Kullan\u0131m\u0131\u00a0:\u00a0<\/strong><\/p><p>Hidroklorik asit, halk aras\u0131nda tuz ruhu olarak bilinen hidrojen ve klor elementlerinden olu\u015fmu\u015f kimyasal bir bile\u015fiktir. Normal bas\u0131n\u00e7 alt\u0131nda ve oda s\u0131cakl\u0131\u011f\u0131nda gaz halinde bulunur. G\u00fcn\u00fcm\u00fczde demir \u00e7elik sekt\u00f6r\u00fcnden, PVC alan\u0131nda, organik madde \u00fcretimi ve g\u0131da sekt\u00f6r\u00fcne kadar t\u00fcm alanlarda kullan\u0131l\u0131r. Bu kolayl\u0131klar\u0131n yan\u0131nda, hidroklorik asit asl\u0131nda zehirli bir i\u00e7eri\u011fe sahiptir. \u0130nsan v\u00fccudu dahil, pek \u00e7ok y\u00fczeyde hasara neden olur. Bu asitle i\u015flem yap\u0131l\u0131rken \u00e7ok dikkatli olunmal\u0131 ve gereken \u00f6nlemler al\u0131nmal\u0131d\u0131r. Hem toksik etkisi, hem de tahri\u015f edici etkisi vard\u0131r. Ciltte yan\u0131klara, solunum sisteminde tahri\u015flere neden olur. Hidroklorik asit elde etmek i\u00e7in, \u00f6nce hidrojen gaz\u0131 elde edilmelidir. Hidrojen klor\u00fcr normalde 110 derecede kaynar, -27 ile 32 derecede erir.<\/p><p>Hidroklorik asit HCI form\u00fcl\u00fcyle g\u00f6sterilen, bir klor atomu ve bir hidrojen atomundan olu\u015fan bir bile\u015fiktir. Bu bile\u015fik oda s\u0131cakl\u0131\u011f\u0131ndaki bir litre suda, ortalama 450 litre kadar y\u00fcksek oranda \u00e7\u00f6z\u00fcnmektedir. Di\u011fer asitler gibi asit rengi denen bir renk verir. Amonyak ve sodyum karbonat gibi bazlara etkisi fazlad\u0131r. Hidroklorik asit suyun i\u00e7ine damlat\u0131l\u0131rsa H+ iyonu verir. Demir, \u00e7inko, al\u00fcminyum, magnezyum gibi metallere etki etti\u011finden hidrojen a\u00e7\u0131\u011fa \u00e7\u0131kar\u0131r. Bak\u0131rla beraber havan\u0131n oksijeniyle tepkimeye girse de, burada hidrojen a\u00e7\u0131\u011fa \u00e7\u0131kmaz. Hidroklorik asidin pas gideren etkisi de bulunmaktad\u0131r. Karbonatlar bu bile\u015fikle tepkimeye girdi\u011finde, karbondioksit a\u00e7\u0131\u011fa \u00e7\u0131kmaktad\u0131r. Organik bile\u015fiklerle etkile\u015fim kurdu\u011funda, klorlu \u00fcr\u00fcnler elde edilebilir.<\/p><p><strong>Kullan\u0131m Alanlar\u0131<\/strong><\/p><ul><li>Bu bile\u015fik farkl\u0131 alanlarda kullan\u0131lan inorganik asittir. Kullan\u0131ld\u0131\u011f\u0131 alana g\u00f6re asidin deri\u015fimi farkl\u0131l\u0131k g\u00f6sterir. \u00c7eli\u011fin dekapaj\u0131, inorganik maddelerin \u00fcretimi, organik bile\u015fikler olu\u015fturma, ph dengesinin sa\u011flanmas\u0131 gibi pek \u00e7ok alanda kullan\u0131lmaktad\u0131r. Sanayide petrol, re\u00e7ine rejenerasyonu, ka\u011f\u0131t, ila\u00e7, boya, kimya, tekstil, metal klor\u00fcr\u00fc \u00fcretimi gibi alanlarda kullan\u0131lmaktad\u0131r.<\/li><li>\u00c7eli\u011fin dekapaj\u0131: Hidroklorik asit \u00e7eli\u011fin temizlenmesi i\u00e7in yap\u0131lan dekapaj i\u015fleminde s\u0131k\u00e7a kullan\u0131lmaktad\u0131r. \u00d6nce demirin \u00fczerindeki pas % 18 deri\u015fimli hidroklorik asitle al\u0131n\u0131r. Daha sonra dekapaj i\u015flemi ger\u00e7ekle\u015ftirilir.<\/li><li>Organik bile\u015fikler elde etmek: PVC maddesi i\u00e7in \u00fcretilen Vinil klorit gibi organik madde \u00fcretiminde hidroklorik asit kullan\u0131lmaktad\u0131r. Bu alanda aktif karbon, askornik asit, bisfenol A, polikarbonatlar gibi organik bile\u015fikler elde edilebilir. Hidroklorik asitten elde edilen fosgen 1. D\u00fcnya Sava\u015f\u0131nda kimyasal silah olarak kullan\u0131lan bir organik maddedir.<\/li><li>\u0130norganik bile\u015fiklerin \u00fcretilmesi: \u0130norganik bile\u015fiklerin \u00e7o\u011funlu\u011fu asit baz tepkimesiyle \u00fcretilmektedir. Bunlar\u0131n i\u00e7indeki asitlerden olan hidroklorik asit olduk\u00e7a \u00f6nemli bir yer tutmaktad\u0131r. Demir klor\u00fcr gibi maddeler bu etkiyle sudan ayr\u0131\u015ft\u0131r\u0131l\u0131r, su ar\u0131tma tesislerindeki pis sular\u0131n temizli\u011fi sa\u011flan\u0131r. Bunun yan\u0131nda ak\u00fc, pil gibi malzemelerin \u00fcretiminde hidroklorik asit kullan\u0131lmaktad\u0131r.<\/li><li>Ph kontrol\u00fcn\u00fcn sa\u011flanmas\u0131: Herhangi bir sol\u00fcsyon i\u00e7indeki bazik de\u011ferin d\u00fc\u015f\u00fcr\u00fclmesi i\u00e7in hidroklorik asit kullan\u0131lmaktad\u0131r. Bununla sol\u00fcsyondaki asit baz de\u011ferleri de\u011fi\u015ftirilebilmektedir. Havuz suyu, i\u00e7me suyu, g\u0131da ve ila\u00e7larda ph de\u011ferleri bu \u015fekilde kontrol edilmektedir.<\/li><li>\u0130yon al\u0131\u015fveri\u015finin yenilenmesi: \u0130yon al\u0131\u015fveri\u015finin denetlenmesinde ve yenilenmesinde y\u00fcksek kaliteli hidroklorik asit kullan\u0131lmaktad\u0131r. Re\u00e7ine gibi maddelerin \u00fczerinde bu \u015fekilde oynanabilir.<\/li><li>Di\u011fer kullan\u0131m alanlar\u0131: Kimya sekt\u00f6r\u00fcnde en \u00f6nemli maddelerden olan hidroklorik asit, sanayi dallar\u0131n\u0131n pek \u00e7o\u011funda kullan\u0131lan bir malzemedir. Ev temizli\u011finde, dericilikte, in\u015faat sekt\u00f6r\u00fcnde de kullan\u0131lmaktad\u0131r. Kayalar\u0131n i\u00e7ine enjekte edilen hidroklorik asitle, petrol ara\u015ft\u0131rmalar\u0131 yap\u0131lmaktad\u0131r. G\u0131da sekt\u00f6r\u00fcnde de katk\u0131 maddesi yap\u0131m\u0131nda kullan\u0131l\u0131r.<\/li><\/ul>\t\t\t\t\t<\/div>\n\t\t\t\t\t\t<\/div>\n\t\t\t\t<\/div>\n\t\t\t\t\t\t<\/div>\n\t\t\t\t\t<\/div>\n\t\t<\/div>\n\t\t\t\t\t\t\t\t<\/div>\n\t\t\t\t\t<\/div>\n\t\t<\/section>\n\t\t\t\t\t\t\t\t\t<\/div>\n\t\t\t<\/div>\n\t\t\t\t\t<\/div>","protected":false},"excerpt":{"rendered":"<p>Previous Next G\u00f6r\u00fcn\u00fcm\u00fc\u00a0:\u00a0Berrak S\u0131v\u0131 Halde Kimyasal ad\u0131\u00a0:\u00a0Muriatic acid, chlorohydric acid Kimyasal Form\u00fcl\u00fc\u00a0:\u00a0HCL Ambalaj \u015eekli\u00a0:\u00a075 Kg Bidonlarda,1200 Kg \u0130bclerde, 20 Tonluk Tanker Tan\u0131m\u0131 ve Kullan\u0131m\u0131\u00a0:\u00a0 Hidroklorik asit, halk aras\u0131nda tuz ruhu&hellip;<\/p>","protected":false},"author":1,"featured_media":0,"parent":0,"menu_order":0,"comment_status":"closed","ping_status":"closed","template":"","meta":[],"yoast_head":"<!-- This site is optimized with the Yoast SEO plugin v20.3 - https:\/\/yoast.com\/wordpress\/plugins\/seo\/ -->\n<title>H\u0130DROKLOR\u0130K AS\u0130T - http:\/\/www.oztugkimya.com\/<\/title>\n<meta name=\"robots\" content=\"index, follow, max-snippet:-1, max-image-preview:large, max-video-preview:-1\" \/>\n<link rel=\"canonical\" href=\"http:\/\/www.oztugkimya.com\/en\/hidroklorik-asit-2\/\" \/>\n<meta property=\"og:locale\" content=\"en_US\" \/>\n<meta property=\"og:type\" content=\"article\" \/>\n<meta property=\"og:title\" content=\"H\u0130DROKLOR\u0130K AS\u0130T - http:\/\/www.oztugkimya.com\/\" \/>\n<meta property=\"og:description\" content=\"Previous Next G\u00f6r\u00fcn\u00fcm\u00fc\u00a0:\u00a0Berrak S\u0131v\u0131 Halde Kimyasal ad\u0131\u00a0:\u00a0Muriatic acid, chlorohydric acid Kimyasal Form\u00fcl\u00fc\u00a0:\u00a0HCL Ambalaj \u015eekli\u00a0:\u00a075 Kg Bidonlarda,1200 Kg \u0130bclerde, 20 Tonluk Tanker Tan\u0131m\u0131 ve Kullan\u0131m\u0131\u00a0:\u00a0 Hidroklorik asit, halk aras\u0131nda tuz ruhu&hellip;\" \/>\n<meta property=\"og:url\" content=\"http:\/\/www.oztugkimya.com\/en\/hidroklorik-asit-2\/\" \/>\n<meta property=\"og:site_name\" content=\"http:\/\/www.oztugkimya.com\/\" \/>\n<meta property=\"article:modified_time\" content=\"2020-08-17T09:58:08+00:00\" \/>\n<meta property=\"og:image\" content=\"http:\/\/www.oztugkimya.com\/wp-content\/uploads\/2020\/05\/oztugdepolama1-150x150.png\" \/>\n<meta name=\"twitter:card\" content=\"summary_large_image\" \/>\n<meta name=\"twitter:label1\" content=\"Est. reading time\" \/>\n\t<meta name=\"twitter:data1\" content=\"3 minutes\" \/>\n<script type=\"application\/ld+json\" class=\"yoast-schema-graph\">{\"@context\":\"https:\/\/schema.org\",\"@graph\":[{\"@type\":\"WebPage\",\"@id\":\"http:\/\/www.oztugkimya.com\/hidroklorik-asit-2\/\",\"url\":\"http:\/\/www.oztugkimya.com\/hidroklorik-asit-2\/\",\"name\":\"H\u0130DROKLOR\u0130K AS\u0130T - http:\/\/www.oztugkimya.com\/\",\"isPartOf\":{\"@id\":\"http:\/\/www.oztugkimya.com\/#website\"},\"datePublished\":\"2020-08-17T09:57:35+00:00\",\"dateModified\":\"2020-08-17T09:58:08+00:00\",\"breadcrumb\":{\"@id\":\"http:\/\/www.oztugkimya.com\/hidroklorik-asit-2\/#breadcrumb\"},\"inLanguage\":\"en-US\",\"potentialAction\":[{\"@type\":\"ReadAction\",\"target\":[\"http:\/\/www.oztugkimya.com\/hidroklorik-asit-2\/\"]}]},{\"@type\":\"BreadcrumbList\",\"@id\":\"http:\/\/www.oztugkimya.com\/hidroklorik-asit-2\/#breadcrumb\",\"itemListElement\":[{\"@type\":\"ListItem\",\"position\":1,\"name\":\"Ana sayfa\",\"item\":\"http:\/\/www.oztugkimya.com\/\"},{\"@type\":\"ListItem\",\"position\":2,\"name\":\"H\u0130DROKLOR\u0130K AS\u0130T\"}]},{\"@type\":\"WebSite\",\"@id\":\"http:\/\/www.oztugkimya.com\/#website\",\"url\":\"http:\/\/www.oztugkimya.com\/\",\"name\":\"http:\/\/www.oztugkimya.com\/\",\"description\":\"http:\/\/www.oztugkimya.com\/\",\"potentialAction\":[{\"@type\":\"SearchAction\",\"target\":{\"@type\":\"EntryPoint\",\"urlTemplate\":\"http:\/\/www.oztugkimya.com\/?s={search_term_string}\"},\"query-input\":\"required name=search_term_string\"}],\"inLanguage\":\"en-US\"}]}<\/script>\n<!-- \/ Yoast SEO plugin. -->","yoast_head_json":{"title":"H\u0130DROKLOR\u0130K AS\u0130T - http:\/\/www.oztugkimya.com\/","robots":{"index":"index","follow":"follow","max-snippet":"max-snippet:-1","max-image-preview":"max-image-preview:large","max-video-preview":"max-video-preview:-1"},"canonical":"http:\/\/www.oztugkimya.com\/en\/hidroklorik-asit-2\/","og_locale":"en_US","og_type":"article","og_title":"H\u0130DROKLOR\u0130K AS\u0130T - http:\/\/www.oztugkimya.com\/","og_description":"Previous Next G\u00f6r\u00fcn\u00fcm\u00fc\u00a0:\u00a0Berrak S\u0131v\u0131 Halde Kimyasal ad\u0131\u00a0:\u00a0Muriatic acid, chlorohydric acid Kimyasal Form\u00fcl\u00fc\u00a0:\u00a0HCL Ambalaj \u015eekli\u00a0:\u00a075 Kg Bidonlarda,1200 Kg \u0130bclerde, 20 Tonluk Tanker Tan\u0131m\u0131 ve Kullan\u0131m\u0131\u00a0:\u00a0 Hidroklorik asit, halk aras\u0131nda tuz ruhu&hellip;","og_url":"http:\/\/www.oztugkimya.com\/en\/hidroklorik-asit-2\/","og_site_name":"http:\/\/www.oztugkimya.com\/","article_modified_time":"2020-08-17T09:58:08+00:00","og_image":[{"url":"http:\/\/www.oztugkimya.com\/wp-content\/uploads\/2020\/05\/oztugdepolama1-150x150.png"}],"twitter_card":"summary_large_image","twitter_misc":{"Est. reading time":"3 minutes"},"schema":{"@context":"https:\/\/schema.org","@graph":[{"@type":"WebPage","@id":"http:\/\/www.oztugkimya.com\/hidroklorik-asit-2\/","url":"http:\/\/www.oztugkimya.com\/hidroklorik-asit-2\/","name":"H\u0130DROKLOR\u0130K AS\u0130T - http:\/\/www.oztugkimya.com\/","isPartOf":{"@id":"http:\/\/www.oztugkimya.com\/#website"},"datePublished":"2020-08-17T09:57:35+00:00","dateModified":"2020-08-17T09:58:08+00:00","breadcrumb":{"@id":"http:\/\/www.oztugkimya.com\/hidroklorik-asit-2\/#breadcrumb"},"inLanguage":"en-US","potentialAction":[{"@type":"ReadAction","target":["http:\/\/www.oztugkimya.com\/hidroklorik-asit-2\/"]}]},{"@type":"BreadcrumbList","@id":"http:\/\/www.oztugkimya.com\/hidroklorik-asit-2\/#breadcrumb","itemListElement":[{"@type":"ListItem","position":1,"name":"Ana sayfa","item":"http:\/\/www.oztugkimya.com\/"},{"@type":"ListItem","position":2,"name":"H\u0130DROKLOR\u0130K AS\u0130T"}]},{"@type":"WebSite","@id":"http:\/\/www.oztugkimya.com\/#website","url":"http:\/\/www.oztugkimya.com\/","name":"http:\/\/www.oztugkimya.com\/","description":"http:\/\/www.oztugkimya.com\/","potentialAction":[{"@type":"SearchAction","target":{"@type":"EntryPoint","urlTemplate":"http:\/\/www.oztugkimya.com\/?s={search_term_string}"},"query-input":"required name=search_term_string"}],"inLanguage":"en-US"}]}},"_links":{"self":[{"href":"http:\/\/www.oztugkimya.com\/en\/wp-json\/wp\/v2\/pages\/1311"}],"collection":[{"href":"http:\/\/www.oztugkimya.com\/en\/wp-json\/wp\/v2\/pages"}],"about":[{"href":"http:\/\/www.oztugkimya.com\/en\/wp-json\/wp\/v2\/types\/page"}],"author":[{"embeddable":true,"href":"http:\/\/www.oztugkimya.com\/en\/wp-json\/wp\/v2\/users\/1"}],"replies":[{"embeddable":true,"href":"http:\/\/www.oztugkimya.com\/en\/wp-json\/wp\/v2\/comments?post=1311"}],"version-history":[{"count":2,"href":"http:\/\/www.oztugkimya.com\/en\/wp-json\/wp\/v2\/pages\/1311\/revisions"}],"predecessor-version":[{"id":1313,"href":"http:\/\/www.oztugkimya.com\/en\/wp-json\/wp\/v2\/pages\/1311\/revisions\/1313"}],"wp:attachment":[{"href":"http:\/\/www.oztugkimya.com\/en\/wp-json\/wp\/v2\/media?parent=1311"}],"curies":[{"name":"wp","href":"https:\/\/api.w.org\/{rel}","templated":true}]}}