{"id":1317,"date":"2020-08-17T09:59:47","date_gmt":"2020-08-17T09:59:47","guid":{"rendered":"http:\/\/www.oztugkimya.com\/?page_id=1317"},"modified":"2020-08-17T10:00:26","modified_gmt":"2020-08-17T10:00:26","slug":"katyonik-polielektrolit","status":"publish","type":"page","link":"http:\/\/www.oztugkimya.com\/en\/katyonik-polielektrolit\/","title":{"rendered":"CATIONIC POLYELECTROLYTE"},"content":{"rendered":"<div data-elementor-type=\"wp-page\" data-elementor-id=\"1317\" class=\"elementor elementor-1317\">\n\t\t\t\t\t\t<div class=\"elementor-inner\">\n\t\t\t\t<div class=\"elementor-section-wrap\">\n\t\t\t\t\t\t\t\t\t<section class=\"penci-section penci-disSticky penci-structure-20 elementor-section elementor-top-section elementor-element elementor-element-ac94125 elementor-section-boxed elementor-section-height-default elementor-section-height-default\" data-id=\"ac94125\" data-element_type=\"section\">\n\t\t\t\t\t\t<div class=\"elementor-container elementor-column-gap-default\">\n\t\t\t\t\t\t\t<div class=\"elementor-row\">\n\t\t\t\t\t<div class=\"penci-ercol-50 penci-ercol-order-1 penci-sticky-ct    elementor-column elementor-col-50 elementor-top-column elementor-element elementor-element-de1d572\" data-id=\"de1d572\" data-element_type=\"column\">\n\t\t\t<div class=\"theiaStickySidebar elementor-column-wrap elementor-element-populated\">\n\t\t\t\t\t\t\t<div class=\"elementor-widget-wrap\">\n\t\t\t\t\t\t<div class=\"elementor-element elementor-element-63c0702 elementor-arrows-position-inside elementor-pagination-position-outside elementor-widget elementor-widget-image-carousel\" data-id=\"63c0702\" data-element_type=\"widget\" data-settings=\"{&quot;navigation&quot;:&quot;both&quot;,&quot;autoplay&quot;:&quot;yes&quot;,&quot;pause_on_hover&quot;:&quot;yes&quot;,&quot;pause_on_interaction&quot;:&quot;yes&quot;,&quot;autoplay_speed&quot;:5000,&quot;infinite&quot;:&quot;yes&quot;,&quot;speed&quot;:500}\" data-widget_type=\"image-carousel.default\">\n\t\t\t\t<div class=\"elementor-widget-container\">\n\t\t\t\t\t<div class=\"elementor-image-carousel-wrapper swiper-container\" dir=\"ltr\">\n\t\t\t<div class=\"elementor-image-carousel swiper-wrapper\">\n\t\t\t\t\t\t\t\t<div class=\"swiper-slide\"><figure class=\"swiper-slide-inner\"><img decoding=\"async\" class=\"swiper-slide-image\" src=\"http:\/\/www.oztugkimya.com\/wp-content\/uploads\/2020\/05\/oztugdepolama1-150x150.png\" alt=\"oztugdepolama1\" \/><\/figure><\/div><div class=\"swiper-slide\"><figure class=\"swiper-slide-inner\"><img decoding=\"async\" class=\"swiper-slide-image\" src=\"http:\/\/www.oztugkimya.com\/wp-content\/uploads\/2020\/05\/oztugmap-150x150.png\" alt=\"oztugmap\" \/><\/figure><\/div><div class=\"swiper-slide\"><figure class=\"swiper-slide-inner\"><img decoding=\"async\" class=\"swiper-slide-image\" src=\"http:\/\/www.oztugkimya.com\/wp-content\/uploads\/2020\/05\/oztuglogistics-150x150.png\" alt=\"oztuglogistics\" \/><\/figure><\/div><div class=\"swiper-slide\"><figure class=\"swiper-slide-inner\"><img decoding=\"async\" class=\"swiper-slide-image\" src=\"http:\/\/www.oztugkimya.com\/wp-content\/uploads\/2020\/05\/oztugmission-150x150.png\" alt=\"oztugmission\" \/><\/figure><\/div><div class=\"swiper-slide\"><figure class=\"swiper-slide-inner\"><img decoding=\"async\" class=\"swiper-slide-image\" src=\"http:\/\/www.oztugkimya.com\/wp-content\/uploads\/2020\/05\/oztugcustomer-150x150.png\" alt=\"oztugcustomer\" \/><\/figure><\/div>\t\t\t<\/div>\n\t\t\t\t\t\t\t\t\t\t\t\t<div class=\"swiper-pagination\"><\/div>\n\t\t\t\t\t\t\t\t\t\t\t\t\t<div class=\"elementor-swiper-button elementor-swiper-button-prev\">\n\t\t\t\t\t\t<i aria-hidden=\"true\" class=\"eicon-chevron-left\"><\/i>\t\t\t\t\t\t<span class=\"elementor-screen-only\">Previous<\/span>\n\t\t\t\t\t<\/div>\n\t\t\t\t\t<div class=\"elementor-swiper-button elementor-swiper-button-next\">\n\t\t\t\t\t\t<i aria-hidden=\"true\" class=\"eicon-chevron-right\"><\/i>\t\t\t\t\t\t<span class=\"elementor-screen-only\">Next<\/span>\n\t\t\t\t\t<\/div>\n\t\t\t\t\t\t\t\t\t<\/div>\n\t\t\t\t<\/div>\n\t\t\t\t<\/div>\n\t\t\t\t\t\t<\/div>\n\t\t\t\t\t<\/div>\n\t\t<\/div>\n\t\t\t\t<div class=\"penci-ercol-50 penci-ercol-order-2 penci-sticky-ct    elementor-column elementor-col-50 elementor-top-column elementor-element elementor-element-a97a13b\" data-id=\"a97a13b\" data-element_type=\"column\">\n\t\t\t<div class=\"theiaStickySidebar elementor-column-wrap elementor-element-populated\">\n\t\t\t\t\t\t\t<div class=\"elementor-widget-wrap\">\n\t\t\t\t\t\t<div class=\"elementor-element elementor-element-84e2de9 elementor-widget elementor-widget-text-editor\" data-id=\"84e2de9\" data-element_type=\"widget\" data-widget_type=\"text-editor.default\">\n\t\t\t\t<div class=\"elementor-widget-container\">\n\t\t\t\t\t\t\t\t<div class=\"elementor-text-editor elementor-clearfix\">\n\t\t\t\t<p><strong>G\u00f6r\u00fcn\u00fcm\u00fc\u00a0:\u00a0<\/strong>Flake pul halinde<\/p><p><strong>Kimyasal Ad\u0131\u00a0:\u00a0<\/strong>Calcium dichloride<\/p><p><strong>Kimyasal Form\u00fcl\u00a0:\u00a0<\/strong>CaCl2<\/p><p><strong>Ambalaj \u015eekli\u00a0:<\/strong>\u00a025 Kg. \u00c7uvallarda<\/p><p><strong>Tan\u0131m\u0131 ve Kullan\u0131m Alanlar\u0131\u00a0:<\/strong><\/p><p>\u00c7\u00f6keltme havuzundan al\u0131nan fazla aktif \u00e7amurun filtre pres veya belt-preslere pompalanmas\u0131 s\u0131ras\u0131nda \u00e7amur hatt\u0131na katyonikpolielektrolit ilave edilerek \u00e7amurun susuzla\u015ft\u0131r\u0131lmas\u0131 sa\u011flan\u0131r.<\/p><p>Katyonik polielektolit at\u0131ksu ar\u0131tma tesislerinin \u00e7amur susuzla\u015ft\u0131rma \u00fcnitelerinde yayg\u0131n olarak kullan\u0131lmaktad\u0131r.<\/p><p>Santrif\u00fcj dekant\u00f6r, belt pres veya filtre pres ile \u00e7amur susuzla\u015ft\u0131rma yap\u0131lan proseslerde statik mikser yard\u0131m\u0131 kar\u015f\u0131m haline getirilen flok\u00fclant, bas\u0131n\u00e7l\u0131 \u00e7amur hatt\u0131na dozlanmaktad\u0131r.<\/p><p>Katyonik polielektrolit \u00fcr\u00fcn\u00fcn\u00fcn \u00e7al\u0131\u015fma prensibi genel olarak sulu \u00e7\u00f6zelti i\u00e7indeki polimer zinciri ile ask\u0131da kat\u0131 halde bulunan kat\u0131 par\u00e7ac\u0131klar\u0131n elektriksel y\u00fckleri aras\u0131nda iyon de\u011fi\u015fmesine dayan\u0131r. Kat\u0131 par\u00e7ac\u0131klar\u0131n kararl\u0131 yap\u0131lar\u0131 bozulur ve bu da koag\u00fclasyon yada flok\u00fclasyona yol a\u00e7ar.<\/p><p>Katyonik polielektrolitler %0.05 ila %0.1 aras\u0131nda seyreltilir. Haz\u0131rlama \u00e7\u00f6zeltisi genelde %0.5 olarak, orijinal \u00fcr\u00fcn\u00fcn kar\u0131\u015ft\u0131rma esnas\u0131nda suya eklenmesi sonucu haz\u0131rlan\u0131r. Susuzla\u015ft\u0131r\u0131lacak \u00e7amurun karakteristikleri de\u011fi\u015fik oldu\u011fundan uygulanacak dozajlar laboratuvar ortam\u0131nda jar testi ve i\u015fletme denemeleri sonucu belirlenir.<\/p><p><strong>Kullan\u0131m Alanlar\u0131<\/strong><\/p><ul><li>At\u0131k su ar\u0131tma sistemlerinde flokla\u015fmay\u0131 sa\u011flamak amac\u0131yla kullan\u0131lan polielektrolitler, anyonik ve katyonik polielektrot&#8217;lar olarak iki ana gruba ayr\u0131lmaktad\u0131rlar. Nanyonik polielektrolitler olmas\u0131na ra\u011fmen pek kullan\u0131lmamaktad\u0131r. Genelde anyonik polielektrolitler kimyasal ar\u0131tma tesislerinde at\u0131k suda bulunan part\u00fck\u00fcllerin birle\u015ftirilerek \u00e7\u00f6kt\u00fcr\u00fclmesini sa\u011flamaktad\u0131r.<\/li><li>Katyonik polielektrolitler ise biyolojik a\u011f\u0131rl\u0131kl\u0131 su ar\u0131tma tesislerinde olu\u015fturulacak floklar\u0131n y\u00fczd\u00fcr\u00fclmesi veya t\u00fcm ar\u0131tma tesislerinden \u00e7\u0131kan at\u0131k \u00e7amurlar\u0131n susuzla\u015ft\u0131r\u0131lmas\u0131 s\u0131ras\u0131nda verimi artt\u0131rmak i\u00e7in kullan\u0131l\u0131r. Temel olarak bu prensiplerde kullan\u0131lan polielektrolitlerin muhtelif \u00e7e\u015fitleri vard\u0131r. At\u0131k su sistemleri i\u00e7in gerekli jar testlerinin uzmanlarca yap\u0131larak sisteme uygun polielektrolit&#8217;in se\u00e7ilerek sistemde en uygun kullan\u0131m\u0131n yap\u0131lmas\u0131 mutlaka \u015fartt\u0131r.Bunun neticesinde ar\u0131tma sisteminin sa\u011fl\u0131kl\u0131 ve verimli \u00e7al\u0131\u015fmas\u0131 sa\u011flanabilir.<\/li><\/ul><p>Katyonik polielektrolit, anyonik formundan farkl\u0131 olarak genellikle biyolojik ar\u0131tma tesislerinin fazla aktif \u00e7amurlar\u0131nda kullan\u0131l\u0131r. \u00c7\u00f6keltme havuzundan al\u0131nan fazla aktif \u00e7amurun filtre pres veya belt-preslere pompalanmas\u0131 s\u0131ras\u0131nda \u00e7amur hatt\u0131na katyonik polielektrolit ilave edilerek \u00e7amurun susuzla\u015ft\u0131r\u0131lmas\u0131 sa\u011flan\u0131r.<\/p>\t\t\t\t\t<\/div>\n\t\t\t\t\t\t<\/div>\n\t\t\t\t<\/div>\n\t\t\t\t\t\t<\/div>\n\t\t\t\t\t<\/div>\n\t\t<\/div>\n\t\t\t\t\t\t\t\t<\/div>\n\t\t\t\t\t<\/div>\n\t\t<\/section>\n\t\t\t\t\t\t\t\t\t<\/div>\n\t\t\t<\/div>\n\t\t\t\t\t<\/div>","protected":false},"excerpt":{"rendered":"<p>Previous Next G\u00f6r\u00fcn\u00fcm\u00fc\u00a0:\u00a0Flake pul halinde Kimyasal Ad\u0131\u00a0:\u00a0Calcium dichloride Kimyasal Form\u00fcl\u00a0:\u00a0CaCl2 Ambalaj \u015eekli\u00a0:\u00a025 Kg. \u00c7uvallarda Tan\u0131m\u0131 ve Kullan\u0131m Alanlar\u0131\u00a0: \u00c7\u00f6keltme havuzundan al\u0131nan fazla aktif \u00e7amurun filtre pres veya belt-preslere pompalanmas\u0131 s\u0131ras\u0131nda&hellip;<\/p>","protected":false},"author":1,"featured_media":0,"parent":0,"menu_order":0,"comment_status":"closed","ping_status":"closed","template":"","meta":[],"yoast_head":"<!-- This site is optimized with the Yoast SEO plugin v20.3 - https:\/\/yoast.com\/wordpress\/plugins\/seo\/ -->\n<title>KATYON\u0130K POL\u0130ELEKTROL\u0130T - http:\/\/www.oztugkimya.com\/<\/title>\n<meta name=\"robots\" content=\"index, follow, max-snippet:-1, max-image-preview:large, max-video-preview:-1\" \/>\n<link rel=\"canonical\" href=\"http:\/\/www.oztugkimya.com\/en\/katyonik-polielektrolit\/\" \/>\n<meta property=\"og:locale\" content=\"en_US\" \/>\n<meta property=\"og:type\" content=\"article\" \/>\n<meta property=\"og:title\" content=\"KATYON\u0130K POL\u0130ELEKTROL\u0130T - http:\/\/www.oztugkimya.com\/\" \/>\n<meta property=\"og:description\" content=\"Previous Next G\u00f6r\u00fcn\u00fcm\u00fc\u00a0:\u00a0Flake pul halinde Kimyasal Ad\u0131\u00a0:\u00a0Calcium dichloride Kimyasal Form\u00fcl\u00a0:\u00a0CaCl2 Ambalaj \u015eekli\u00a0:\u00a025 Kg. \u00c7uvallarda Tan\u0131m\u0131 ve Kullan\u0131m Alanlar\u0131\u00a0: \u00c7\u00f6keltme havuzundan al\u0131nan fazla aktif \u00e7amurun filtre pres veya belt-preslere pompalanmas\u0131 s\u0131ras\u0131nda&hellip;\" \/>\n<meta property=\"og:url\" content=\"http:\/\/www.oztugkimya.com\/en\/katyonik-polielektrolit\/\" \/>\n<meta property=\"og:site_name\" content=\"http:\/\/www.oztugkimya.com\/\" \/>\n<meta property=\"article:modified_time\" content=\"2020-08-17T10:00:26+00:00\" \/>\n<meta property=\"og:image\" content=\"http:\/\/www.oztugkimya.com\/wp-content\/uploads\/2020\/05\/oztugdepolama1-150x150.png\" \/>\n<meta name=\"twitter:card\" content=\"summary_large_image\" \/>\n<meta name=\"twitter:label1\" content=\"Est. reading time\" \/>\n\t<meta name=\"twitter:data1\" content=\"2 minutes\" \/>\n<script type=\"application\/ld+json\" class=\"yoast-schema-graph\">{\"@context\":\"https:\/\/schema.org\",\"@graph\":[{\"@type\":\"WebPage\",\"@id\":\"http:\/\/www.oztugkimya.com\/katyonik-polielektrolit\/\",\"url\":\"http:\/\/www.oztugkimya.com\/katyonik-polielektrolit\/\",\"name\":\"KATYON\u0130K POL\u0130ELEKTROL\u0130T - http:\/\/www.oztugkimya.com\/\",\"isPartOf\":{\"@id\":\"http:\/\/www.oztugkimya.com\/#website\"},\"datePublished\":\"2020-08-17T09:59:47+00:00\",\"dateModified\":\"2020-08-17T10:00:26+00:00\",\"breadcrumb\":{\"@id\":\"http:\/\/www.oztugkimya.com\/katyonik-polielektrolit\/#breadcrumb\"},\"inLanguage\":\"en-US\",\"potentialAction\":[{\"@type\":\"ReadAction\",\"target\":[\"http:\/\/www.oztugkimya.com\/katyonik-polielektrolit\/\"]}]},{\"@type\":\"BreadcrumbList\",\"@id\":\"http:\/\/www.oztugkimya.com\/katyonik-polielektrolit\/#breadcrumb\",\"itemListElement\":[{\"@type\":\"ListItem\",\"position\":1,\"name\":\"Ana sayfa\",\"item\":\"http:\/\/www.oztugkimya.com\/\"},{\"@type\":\"ListItem\",\"position\":2,\"name\":\"KATYON\u0130K POL\u0130ELEKTROL\u0130T\"}]},{\"@type\":\"WebSite\",\"@id\":\"http:\/\/www.oztugkimya.com\/#website\",\"url\":\"http:\/\/www.oztugkimya.com\/\",\"name\":\"http:\/\/www.oztugkimya.com\/\",\"description\":\"http:\/\/www.oztugkimya.com\/\",\"potentialAction\":[{\"@type\":\"SearchAction\",\"target\":{\"@type\":\"EntryPoint\",\"urlTemplate\":\"http:\/\/www.oztugkimya.com\/?s={search_term_string}\"},\"query-input\":\"required name=search_term_string\"}],\"inLanguage\":\"en-US\"}]}<\/script>\n<!-- \/ Yoast SEO plugin. -->","yoast_head_json":{"title":"KATYON\u0130K POL\u0130ELEKTROL\u0130T - http:\/\/www.oztugkimya.com\/","robots":{"index":"index","follow":"follow","max-snippet":"max-snippet:-1","max-image-preview":"max-image-preview:large","max-video-preview":"max-video-preview:-1"},"canonical":"http:\/\/www.oztugkimya.com\/en\/katyonik-polielektrolit\/","og_locale":"en_US","og_type":"article","og_title":"KATYON\u0130K POL\u0130ELEKTROL\u0130T - http:\/\/www.oztugkimya.com\/","og_description":"Previous Next G\u00f6r\u00fcn\u00fcm\u00fc\u00a0:\u00a0Flake pul halinde Kimyasal Ad\u0131\u00a0:\u00a0Calcium dichloride Kimyasal Form\u00fcl\u00a0:\u00a0CaCl2 Ambalaj \u015eekli\u00a0:\u00a025 Kg. \u00c7uvallarda Tan\u0131m\u0131 ve Kullan\u0131m Alanlar\u0131\u00a0: \u00c7\u00f6keltme havuzundan al\u0131nan fazla aktif \u00e7amurun filtre pres veya belt-preslere pompalanmas\u0131 s\u0131ras\u0131nda&hellip;","og_url":"http:\/\/www.oztugkimya.com\/en\/katyonik-polielektrolit\/","og_site_name":"http:\/\/www.oztugkimya.com\/","article_modified_time":"2020-08-17T10:00:26+00:00","og_image":[{"url":"http:\/\/www.oztugkimya.com\/wp-content\/uploads\/2020\/05\/oztugdepolama1-150x150.png"}],"twitter_card":"summary_large_image","twitter_misc":{"Est. reading time":"2 minutes"},"schema":{"@context":"https:\/\/schema.org","@graph":[{"@type":"WebPage","@id":"http:\/\/www.oztugkimya.com\/katyonik-polielektrolit\/","url":"http:\/\/www.oztugkimya.com\/katyonik-polielektrolit\/","name":"KATYON\u0130K POL\u0130ELEKTROL\u0130T - http:\/\/www.oztugkimya.com\/","isPartOf":{"@id":"http:\/\/www.oztugkimya.com\/#website"},"datePublished":"2020-08-17T09:59:47+00:00","dateModified":"2020-08-17T10:00:26+00:00","breadcrumb":{"@id":"http:\/\/www.oztugkimya.com\/katyonik-polielektrolit\/#breadcrumb"},"inLanguage":"en-US","potentialAction":[{"@type":"ReadAction","target":["http:\/\/www.oztugkimya.com\/katyonik-polielektrolit\/"]}]},{"@type":"BreadcrumbList","@id":"http:\/\/www.oztugkimya.com\/katyonik-polielektrolit\/#breadcrumb","itemListElement":[{"@type":"ListItem","position":1,"name":"Ana sayfa","item":"http:\/\/www.oztugkimya.com\/"},{"@type":"ListItem","position":2,"name":"KATYON\u0130K POL\u0130ELEKTROL\u0130T"}]},{"@type":"WebSite","@id":"http:\/\/www.oztugkimya.com\/#website","url":"http:\/\/www.oztugkimya.com\/","name":"http:\/\/www.oztugkimya.com\/","description":"http:\/\/www.oztugkimya.com\/","potentialAction":[{"@type":"SearchAction","target":{"@type":"EntryPoint","urlTemplate":"http:\/\/www.oztugkimya.com\/?s={search_term_string}"},"query-input":"required name=search_term_string"}],"inLanguage":"en-US"}]}},"_links":{"self":[{"href":"http:\/\/www.oztugkimya.com\/en\/wp-json\/wp\/v2\/pages\/1317"}],"collection":[{"href":"http:\/\/www.oztugkimya.com\/en\/wp-json\/wp\/v2\/pages"}],"about":[{"href":"http:\/\/www.oztugkimya.com\/en\/wp-json\/wp\/v2\/types\/page"}],"author":[{"embeddable":true,"href":"http:\/\/www.oztugkimya.com\/en\/wp-json\/wp\/v2\/users\/1"}],"replies":[{"embeddable":true,"href":"http:\/\/www.oztugkimya.com\/en\/wp-json\/wp\/v2\/comments?post=1317"}],"version-history":[{"count":2,"href":"http:\/\/www.oztugkimya.com\/en\/wp-json\/wp\/v2\/pages\/1317\/revisions"}],"predecessor-version":[{"id":1319,"href":"http:\/\/www.oztugkimya.com\/en\/wp-json\/wp\/v2\/pages\/1317\/revisions\/1319"}],"wp:attachment":[{"href":"http:\/\/www.oztugkimya.com\/en\/wp-json\/wp\/v2\/media?parent=1317"}],"curies":[{"name":"wp","href":"https:\/\/api.w.org\/{rel}","templated":true}]}}