{"id":1320,"date":"2020-08-17T10:02:15","date_gmt":"2020-08-17T10:02:15","guid":{"rendered":"http:\/\/www.oztugkimya.com\/?page_id=1320"},"modified":"2020-08-17T10:02:28","modified_gmt":"2020-08-17T10:02:28","slug":"kromik-asit","status":"publish","type":"page","link":"http:\/\/www.oztugkimya.com\/en\/kromik-asit\/","title":{"rendered":"CHROMIC ACID"},"content":{"rendered":"<div data-elementor-type=\"wp-page\" data-elementor-id=\"1320\" class=\"elementor elementor-1320\">\n\t\t\t\t\t\t<div class=\"elementor-inner\">\n\t\t\t\t<div class=\"elementor-section-wrap\">\n\t\t\t\t\t\t\t\t\t<section class=\"penci-section penci-disSticky penci-structure-20 elementor-section elementor-top-section elementor-element elementor-element-08f0a3b elementor-section-boxed elementor-section-height-default elementor-section-height-default\" data-id=\"08f0a3b\" data-element_type=\"section\">\n\t\t\t\t\t\t<div class=\"elementor-container elementor-column-gap-default\">\n\t\t\t\t\t\t\t<div class=\"elementor-row\">\n\t\t\t\t\t<div class=\"penci-ercol-50 penci-ercol-order-1 penci-sticky-ct    elementor-column elementor-col-50 elementor-top-column elementor-element elementor-element-309ccd6\" data-id=\"309ccd6\" data-element_type=\"column\">\n\t\t\t<div class=\"theiaStickySidebar elementor-column-wrap elementor-element-populated\">\n\t\t\t\t\t\t\t<div class=\"elementor-widget-wrap\">\n\t\t\t\t\t\t<div class=\"elementor-element elementor-element-c0f0058 elementor-arrows-position-inside elementor-pagination-position-outside elementor-widget elementor-widget-image-carousel\" data-id=\"c0f0058\" data-element_type=\"widget\" data-settings=\"{&quot;navigation&quot;:&quot;both&quot;,&quot;autoplay&quot;:&quot;yes&quot;,&quot;pause_on_hover&quot;:&quot;yes&quot;,&quot;pause_on_interaction&quot;:&quot;yes&quot;,&quot;autoplay_speed&quot;:5000,&quot;infinite&quot;:&quot;yes&quot;,&quot;speed&quot;:500}\" data-widget_type=\"image-carousel.default\">\n\t\t\t\t<div class=\"elementor-widget-container\">\n\t\t\t\t\t<div class=\"elementor-image-carousel-wrapper swiper-container\" dir=\"ltr\">\n\t\t\t<div class=\"elementor-image-carousel swiper-wrapper\">\n\t\t\t\t\t\t\t\t<div class=\"swiper-slide\"><figure class=\"swiper-slide-inner\"><img decoding=\"async\" class=\"swiper-slide-image\" src=\"http:\/\/www.oztugkimya.com\/wp-content\/uploads\/2020\/05\/oztugdepolama1-150x150.png\" alt=\"oztugdepolama1\" \/><\/figure><\/div><div class=\"swiper-slide\"><figure class=\"swiper-slide-inner\"><img decoding=\"async\" class=\"swiper-slide-image\" src=\"http:\/\/www.oztugkimya.com\/wp-content\/uploads\/2020\/05\/oztugmap-150x150.png\" alt=\"oztugmap\" \/><\/figure><\/div><div class=\"swiper-slide\"><figure class=\"swiper-slide-inner\"><img decoding=\"async\" class=\"swiper-slide-image\" src=\"http:\/\/www.oztugkimya.com\/wp-content\/uploads\/2020\/05\/oztuglogistics-150x150.png\" alt=\"oztuglogistics\" \/><\/figure><\/div><div class=\"swiper-slide\"><figure class=\"swiper-slide-inner\"><img decoding=\"async\" class=\"swiper-slide-image\" src=\"http:\/\/www.oztugkimya.com\/wp-content\/uploads\/2020\/05\/oztugmission-150x150.png\" alt=\"oztugmission\" \/><\/figure><\/div><div class=\"swiper-slide\"><figure class=\"swiper-slide-inner\"><img decoding=\"async\" class=\"swiper-slide-image\" src=\"http:\/\/www.oztugkimya.com\/wp-content\/uploads\/2020\/05\/oztugcustomer-150x150.png\" alt=\"oztugcustomer\" \/><\/figure><\/div>\t\t\t<\/div>\n\t\t\t\t\t\t\t\t\t\t\t\t<div class=\"swiper-pagination\"><\/div>\n\t\t\t\t\t\t\t\t\t\t\t\t\t<div class=\"elementor-swiper-button elementor-swiper-button-prev\">\n\t\t\t\t\t\t<i aria-hidden=\"true\" class=\"eicon-chevron-left\"><\/i>\t\t\t\t\t\t<span class=\"elementor-screen-only\">Previous<\/span>\n\t\t\t\t\t<\/div>\n\t\t\t\t\t<div class=\"elementor-swiper-button elementor-swiper-button-next\">\n\t\t\t\t\t\t<i aria-hidden=\"true\" class=\"eicon-chevron-right\"><\/i>\t\t\t\t\t\t<span class=\"elementor-screen-only\">Next<\/span>\n\t\t\t\t\t<\/div>\n\t\t\t\t\t\t\t\t\t<\/div>\n\t\t\t\t<\/div>\n\t\t\t\t<\/div>\n\t\t\t\t\t\t<\/div>\n\t\t\t\t\t<\/div>\n\t\t<\/div>\n\t\t\t\t<div class=\"penci-ercol-50 penci-ercol-order-2 penci-sticky-ct    elementor-column elementor-col-50 elementor-top-column elementor-element elementor-element-f9d3278\" data-id=\"f9d3278\" data-element_type=\"column\">\n\t\t\t<div class=\"theiaStickySidebar elementor-column-wrap elementor-element-populated\">\n\t\t\t\t\t\t\t<div class=\"elementor-widget-wrap\">\n\t\t\t\t\t\t<div class=\"elementor-element elementor-element-fdbc1c6 elementor-widget elementor-widget-text-editor\" data-id=\"fdbc1c6\" data-element_type=\"widget\" data-widget_type=\"text-editor.default\">\n\t\t\t\t<div class=\"elementor-widget-container\">\n\t\t\t\t\t\t\t\t<div class=\"elementor-text-editor elementor-clearfix\">\n\t\t\t\t<p><strong>G\u00f6r\u00fcn\u00fcm\u00fc :\u00a0<\/strong>Kristal K\u0131rm\u0131z\u0131 Renkli Toz Halde<\/p><p><strong>Kimyasal Ad\u0131 :\u00a0<\/strong>Chromic Acid<\/p><p><strong>Kimyasal Form\u00fcl :<\/strong>H2CRO4<\/p><p><strong>Ambalaj \u015eekli :<\/strong>\u00a025\/50 Kg f\u0131\u00e7\u0131larda<\/p><p><strong>Tan\u0131m\u0131 ve Kullan\u0131m Alanlar\u0131 :<\/strong><\/p><p>Kromik asit terimi , genellikle kat\u0131 krom trioksit de dahil olmak \u00fczere \u00e7e\u015fitli bile\u015fikler ihtiva edebilen bir dikromatta konsantre s\u00fclf\u00fcrik asit ilavesiyle yap\u0131lan bir kar\u0131\u015f\u0131m i\u00e7in kullan\u0131l\u0131r . Bu t\u00fcr kromik asit, cam i\u00e7in bir temizleme kar\u0131\u015f\u0131m\u0131 olarak kullan\u0131labilir. Kromik asit de bir molek\u00fcler t\u00fcr ile ilgili olabilir, H, 2 CrO 4olan trioksittir anhidrid . Kromik asit , +6 (veya VI) oksidasyon durumunda krom i\u00e7erir. G\u00fc\u00e7l\u00fc ve a\u015f\u0131nd\u0131r\u0131c\u0131 oksitleyici bir ajand\u0131r .<\/p><p>Kromik asidin anhidridi krom trioksit (CrO3) dir. Bu y\u00fczden kromik asidi denilince akla CrO3 gelir. Burada krom (6+) de\u011ferliklidir. Kararl\u0131 olmayan bir bile\u015fik olup, kendi kendine reaksiyona girerek di(bi) kromat asidi (H2Cr2O7) h\u00e2line d\u00f6n\u00fc\u015f\u00fcr. Kromik asit anhidridi (CrO3) k\u0131rm\u0131z\u0131 pembe kristal olup spesifik gravitesi 2,67 ile 2,82 g\/cm3 aras\u0131ndad\u0131r. 197\u00b0C\u2019de erir ve erimeden sonra yava\u015f yava\u015f bozunur. Havadan nem \u00e7eker. Su ve asetik asid, piridin ve eter gibi organik \u00e7\u00f6z\u00fcc\u00fclerde \u00e7ok iyi \u00e7\u00f6z\u00fcn\u00fcr. Ham CrO3 doymu\u015f s\u00fclfat asidi ve doymu\u015f sodyum bikromat kar\u0131\u015f\u0131m\u0131ndan \u00e7\u00f6kt\u00fcr\u00fclerek ayr\u0131l\u0131r. Bu \u00e7\u00f6kelti kristallendirilerek veya eritilerek safla\u015ft\u0131r\u0131l\u0131r.<\/p><p>Kromik asit, kuvvetli bir asit olup, ayn\u0131 zamanda kuvvetli bir oksidasyon v\u00e2s\u0131tas\u0131d\u0131r. Bitki ve hayvan h\u00fccrelerini olduk\u00e7a tahrip edicidir. \u015e\u00e2yet indirgeme vas\u0131tas\u0131yla veya organik bile\u015fikle temas ettirilirse cidd\u00ee bir patlama meydana gelebilir.<\/p><p><strong>Kullan\u0131m Alanlar\u0131<\/strong><\/p><ul><li>Kromik asit, kimy\u00e2 san\u00e2yiinde kromik asidin tuzu olan kromatlar\u0131n \u00eem\u00e2linde kullan\u0131l\u0131r.<\/li><li>Kromik asidin \u00e7o\u011fu krom kaplamada kullanmak i\u00e7in \u00fcretilir.<\/li><li>T\u0131pta yak\u0131c\u0131 olarak,<\/li><li>Oymac\u0131l\u0131k i\u015flemlerinde,<\/li><li>Seramik s\u0131r\u0131 yapmakta,<\/li><li>Camlar\u0131 renklendirmede,<\/li><li>Metalleri temizlemede,<\/li><li>M\u00fcrekkep ve boya im\u00e2linde<\/li><li>Kau\u00e7uk pigmenti olarak kullan\u0131l\u0131r.<\/li><\/ul>\t\t\t\t\t<\/div>\n\t\t\t\t\t\t<\/div>\n\t\t\t\t<\/div>\n\t\t\t\t\t\t<\/div>\n\t\t\t\t\t<\/div>\n\t\t<\/div>\n\t\t\t\t\t\t\t\t<\/div>\n\t\t\t\t\t<\/div>\n\t\t<\/section>\n\t\t\t\t\t\t\t\t\t<\/div>\n\t\t\t<\/div>\n\t\t\t\t\t<\/div>","protected":false},"excerpt":{"rendered":"<p>Previous Next G\u00f6r\u00fcn\u00fcm\u00fc :\u00a0Kristal K\u0131rm\u0131z\u0131 Renkli Toz Halde Kimyasal Ad\u0131 :\u00a0Chromic Acid Kimyasal Form\u00fcl :H2CRO4 Ambalaj \u015eekli :\u00a025\/50 Kg f\u0131\u00e7\u0131larda Tan\u0131m\u0131 ve Kullan\u0131m Alanlar\u0131 : Kromik asit terimi , genellikle&hellip;<\/p>","protected":false},"author":1,"featured_media":0,"parent":0,"menu_order":0,"comment_status":"closed","ping_status":"closed","template":"","meta":[],"yoast_head":"<!-- This site is optimized with the Yoast SEO plugin v20.3 - https:\/\/yoast.com\/wordpress\/plugins\/seo\/ -->\n<title>KROM\u0130K AS\u0130T - http:\/\/www.oztugkimya.com\/<\/title>\n<meta name=\"robots\" content=\"index, follow, max-snippet:-1, max-image-preview:large, max-video-preview:-1\" \/>\n<link rel=\"canonical\" href=\"http:\/\/www.oztugkimya.com\/en\/kromik-asit\/\" \/>\n<meta property=\"og:locale\" content=\"en_US\" \/>\n<meta property=\"og:type\" content=\"article\" \/>\n<meta property=\"og:title\" content=\"KROM\u0130K AS\u0130T - http:\/\/www.oztugkimya.com\/\" \/>\n<meta property=\"og:description\" content=\"Previous Next G\u00f6r\u00fcn\u00fcm\u00fc :\u00a0Kristal K\u0131rm\u0131z\u0131 Renkli Toz Halde Kimyasal Ad\u0131 :\u00a0Chromic Acid Kimyasal Form\u00fcl :H2CRO4 Ambalaj \u015eekli :\u00a025\/50 Kg f\u0131\u00e7\u0131larda Tan\u0131m\u0131 ve Kullan\u0131m Alanlar\u0131 : Kromik asit terimi , genellikle&hellip;\" \/>\n<meta property=\"og:url\" content=\"http:\/\/www.oztugkimya.com\/en\/kromik-asit\/\" \/>\n<meta property=\"og:site_name\" content=\"http:\/\/www.oztugkimya.com\/\" \/>\n<meta property=\"article:modified_time\" content=\"2020-08-17T10:02:28+00:00\" \/>\n<meta property=\"og:image\" content=\"http:\/\/www.oztugkimya.com\/wp-content\/uploads\/2020\/05\/oztugdepolama1-150x150.png\" \/>\n<meta name=\"twitter:card\" content=\"summary_large_image\" \/>\n<meta name=\"twitter:label1\" content=\"Est. reading time\" \/>\n\t<meta name=\"twitter:data1\" content=\"2 minutes\" \/>\n<script type=\"application\/ld+json\" class=\"yoast-schema-graph\">{\"@context\":\"https:\/\/schema.org\",\"@graph\":[{\"@type\":\"WebPage\",\"@id\":\"http:\/\/www.oztugkimya.com\/kromik-asit\/\",\"url\":\"http:\/\/www.oztugkimya.com\/kromik-asit\/\",\"name\":\"KROM\u0130K AS\u0130T - http:\/\/www.oztugkimya.com\/\",\"isPartOf\":{\"@id\":\"http:\/\/www.oztugkimya.com\/#website\"},\"datePublished\":\"2020-08-17T10:02:15+00:00\",\"dateModified\":\"2020-08-17T10:02:28+00:00\",\"breadcrumb\":{\"@id\":\"http:\/\/www.oztugkimya.com\/kromik-asit\/#breadcrumb\"},\"inLanguage\":\"en-US\",\"potentialAction\":[{\"@type\":\"ReadAction\",\"target\":[\"http:\/\/www.oztugkimya.com\/kromik-asit\/\"]}]},{\"@type\":\"BreadcrumbList\",\"@id\":\"http:\/\/www.oztugkimya.com\/kromik-asit\/#breadcrumb\",\"itemListElement\":[{\"@type\":\"ListItem\",\"position\":1,\"name\":\"Ana sayfa\",\"item\":\"http:\/\/www.oztugkimya.com\/\"},{\"@type\":\"ListItem\",\"position\":2,\"name\":\"KROM\u0130K AS\u0130T\"}]},{\"@type\":\"WebSite\",\"@id\":\"http:\/\/www.oztugkimya.com\/#website\",\"url\":\"http:\/\/www.oztugkimya.com\/\",\"name\":\"http:\/\/www.oztugkimya.com\/\",\"description\":\"http:\/\/www.oztugkimya.com\/\",\"potentialAction\":[{\"@type\":\"SearchAction\",\"target\":{\"@type\":\"EntryPoint\",\"urlTemplate\":\"http:\/\/www.oztugkimya.com\/?s={search_term_string}\"},\"query-input\":\"required name=search_term_string\"}],\"inLanguage\":\"en-US\"}]}<\/script>\n<!-- \/ Yoast SEO plugin. -->","yoast_head_json":{"title":"KROM\u0130K AS\u0130T - http:\/\/www.oztugkimya.com\/","robots":{"index":"index","follow":"follow","max-snippet":"max-snippet:-1","max-image-preview":"max-image-preview:large","max-video-preview":"max-video-preview:-1"},"canonical":"http:\/\/www.oztugkimya.com\/en\/kromik-asit\/","og_locale":"en_US","og_type":"article","og_title":"KROM\u0130K AS\u0130T - http:\/\/www.oztugkimya.com\/","og_description":"Previous Next G\u00f6r\u00fcn\u00fcm\u00fc :\u00a0Kristal K\u0131rm\u0131z\u0131 Renkli Toz Halde Kimyasal Ad\u0131 :\u00a0Chromic Acid Kimyasal Form\u00fcl :H2CRO4 Ambalaj \u015eekli :\u00a025\/50 Kg f\u0131\u00e7\u0131larda Tan\u0131m\u0131 ve Kullan\u0131m Alanlar\u0131 : Kromik asit terimi , genellikle&hellip;","og_url":"http:\/\/www.oztugkimya.com\/en\/kromik-asit\/","og_site_name":"http:\/\/www.oztugkimya.com\/","article_modified_time":"2020-08-17T10:02:28+00:00","og_image":[{"url":"http:\/\/www.oztugkimya.com\/wp-content\/uploads\/2020\/05\/oztugdepolama1-150x150.png"}],"twitter_card":"summary_large_image","twitter_misc":{"Est. reading time":"2 minutes"},"schema":{"@context":"https:\/\/schema.org","@graph":[{"@type":"WebPage","@id":"http:\/\/www.oztugkimya.com\/kromik-asit\/","url":"http:\/\/www.oztugkimya.com\/kromik-asit\/","name":"KROM\u0130K AS\u0130T - http:\/\/www.oztugkimya.com\/","isPartOf":{"@id":"http:\/\/www.oztugkimya.com\/#website"},"datePublished":"2020-08-17T10:02:15+00:00","dateModified":"2020-08-17T10:02:28+00:00","breadcrumb":{"@id":"http:\/\/www.oztugkimya.com\/kromik-asit\/#breadcrumb"},"inLanguage":"en-US","potentialAction":[{"@type":"ReadAction","target":["http:\/\/www.oztugkimya.com\/kromik-asit\/"]}]},{"@type":"BreadcrumbList","@id":"http:\/\/www.oztugkimya.com\/kromik-asit\/#breadcrumb","itemListElement":[{"@type":"ListItem","position":1,"name":"Ana sayfa","item":"http:\/\/www.oztugkimya.com\/"},{"@type":"ListItem","position":2,"name":"KROM\u0130K AS\u0130T"}]},{"@type":"WebSite","@id":"http:\/\/www.oztugkimya.com\/#website","url":"http:\/\/www.oztugkimya.com\/","name":"http:\/\/www.oztugkimya.com\/","description":"http:\/\/www.oztugkimya.com\/","potentialAction":[{"@type":"SearchAction","target":{"@type":"EntryPoint","urlTemplate":"http:\/\/www.oztugkimya.com\/?s={search_term_string}"},"query-input":"required name=search_term_string"}],"inLanguage":"en-US"}]}},"_links":{"self":[{"href":"http:\/\/www.oztugkimya.com\/en\/wp-json\/wp\/v2\/pages\/1320"}],"collection":[{"href":"http:\/\/www.oztugkimya.com\/en\/wp-json\/wp\/v2\/pages"}],"about":[{"href":"http:\/\/www.oztugkimya.com\/en\/wp-json\/wp\/v2\/types\/page"}],"author":[{"embeddable":true,"href":"http:\/\/www.oztugkimya.com\/en\/wp-json\/wp\/v2\/users\/1"}],"replies":[{"embeddable":true,"href":"http:\/\/www.oztugkimya.com\/en\/wp-json\/wp\/v2\/comments?post=1320"}],"version-history":[{"count":3,"href":"http:\/\/www.oztugkimya.com\/en\/wp-json\/wp\/v2\/pages\/1320\/revisions"}],"predecessor-version":[{"id":1323,"href":"http:\/\/www.oztugkimya.com\/en\/wp-json\/wp\/v2\/pages\/1320\/revisions\/1323"}],"wp:attachment":[{"href":"http:\/\/www.oztugkimya.com\/en\/wp-json\/wp\/v2\/media?parent=1320"}],"curies":[{"name":"wp","href":"https:\/\/api.w.org\/{rel}","templated":true}]}}