{"id":1333,"date":"2020-10-11T14:59:03","date_gmt":"2020-10-11T14:59:03","guid":{"rendered":"http:\/\/www.oztugkimya.com\/?page_id=1333"},"modified":"2020-10-11T15:04:05","modified_gmt":"2020-10-11T15:04:05","slug":"magnezyum-oksit","status":"publish","type":"page","link":"http:\/\/www.oztugkimya.com\/en\/magnezyum-oksit\/","title":{"rendered":"MAGNESIUM OXIDE"},"content":{"rendered":"<div data-elementor-type=\"wp-page\" data-elementor-id=\"1333\" class=\"elementor elementor-1333\">\n\t\t\t\t\t\t<div class=\"elementor-inner\">\n\t\t\t\t<div class=\"elementor-section-wrap\">\n\t\t\t\t\t\t\t\t\t<section class=\"penci-section penci-disSticky penci-structure-20 elementor-section elementor-top-section elementor-element elementor-element-c776c26 elementor-section-boxed elementor-section-height-default elementor-section-height-default\" data-id=\"c776c26\" data-element_type=\"section\">\n\t\t\t\t\t\t<div class=\"elementor-container elementor-column-gap-default\">\n\t\t\t\t\t\t\t<div class=\"elementor-row\">\n\t\t\t\t\t<div class=\"penci-ercol-50 penci-ercol-order-1 penci-sticky-ct    elementor-column elementor-col-50 elementor-top-column elementor-element elementor-element-2c321f0\" data-id=\"2c321f0\" data-element_type=\"column\">\n\t\t\t<div class=\"theiaStickySidebar elementor-column-wrap elementor-element-populated\">\n\t\t\t\t\t\t\t<div class=\"elementor-widget-wrap\">\n\t\t\t\t\t\t<div class=\"elementor-element elementor-element-568d8d2 elementor-arrows-position-inside elementor-pagination-position-outside elementor-widget elementor-widget-image-carousel\" data-id=\"568d8d2\" data-element_type=\"widget\" data-settings=\"{&quot;navigation&quot;:&quot;both&quot;,&quot;autoplay&quot;:&quot;yes&quot;,&quot;pause_on_hover&quot;:&quot;yes&quot;,&quot;pause_on_interaction&quot;:&quot;yes&quot;,&quot;autoplay_speed&quot;:5000,&quot;infinite&quot;:&quot;yes&quot;,&quot;speed&quot;:500}\" data-widget_type=\"image-carousel.default\">\n\t\t\t\t<div class=\"elementor-widget-container\">\n\t\t\t\t\t<div class=\"elementor-image-carousel-wrapper swiper-container\" dir=\"ltr\">\n\t\t\t<div class=\"elementor-image-carousel swiper-wrapper\">\n\t\t\t\t\t\t\t\t<div class=\"swiper-slide\"><figure class=\"swiper-slide-inner\"><img decoding=\"async\" class=\"swiper-slide-image\" src=\"http:\/\/www.oztugkimya.com\/wp-content\/uploads\/2020\/05\/oztugdepolama1-150x150.png\" alt=\"oztugdepolama1\" \/><\/figure><\/div><div class=\"swiper-slide\"><figure class=\"swiper-slide-inner\"><img decoding=\"async\" class=\"swiper-slide-image\" src=\"http:\/\/www.oztugkimya.com\/wp-content\/uploads\/2020\/05\/oztuglogistics-150x150.png\" alt=\"oztuglogistics\" \/><\/figure><\/div><div class=\"swiper-slide\"><figure class=\"swiper-slide-inner\"><img decoding=\"async\" class=\"swiper-slide-image\" src=\"http:\/\/www.oztugkimya.com\/wp-content\/uploads\/2020\/05\/oztugmap-150x150.png\" alt=\"oztugmap\" \/><\/figure><\/div><div class=\"swiper-slide\"><figure class=\"swiper-slide-inner\"><img decoding=\"async\" class=\"swiper-slide-image\" src=\"http:\/\/www.oztugkimya.com\/wp-content\/uploads\/2020\/05\/oztugmission-150x150.png\" alt=\"oztugmission\" \/><\/figure><\/div><div class=\"swiper-slide\"><figure class=\"swiper-slide-inner\"><img decoding=\"async\" class=\"swiper-slide-image\" src=\"http:\/\/www.oztugkimya.com\/wp-content\/uploads\/2020\/05\/oztugcustomer-150x150.png\" alt=\"oztugcustomer\" \/><\/figure><\/div>\t\t\t<\/div>\n\t\t\t\t\t\t\t\t\t\t\t\t<div class=\"swiper-pagination\"><\/div>\n\t\t\t\t\t\t\t\t\t\t\t\t\t<div class=\"elementor-swiper-button elementor-swiper-button-prev\">\n\t\t\t\t\t\t<i aria-hidden=\"true\" class=\"eicon-chevron-left\"><\/i>\t\t\t\t\t\t<span class=\"elementor-screen-only\">Previous<\/span>\n\t\t\t\t\t<\/div>\n\t\t\t\t\t<div class=\"elementor-swiper-button elementor-swiper-button-next\">\n\t\t\t\t\t\t<i aria-hidden=\"true\" class=\"eicon-chevron-right\"><\/i>\t\t\t\t\t\t<span class=\"elementor-screen-only\">Next<\/span>\n\t\t\t\t\t<\/div>\n\t\t\t\t\t\t\t\t\t<\/div>\n\t\t\t\t<\/div>\n\t\t\t\t<\/div>\n\t\t\t\t\t\t<\/div>\n\t\t\t\t\t<\/div>\n\t\t<\/div>\n\t\t\t\t<div class=\"penci-ercol-50 penci-ercol-order-2 penci-sticky-ct    elementor-column elementor-col-50 elementor-top-column elementor-element elementor-element-dd44846\" data-id=\"dd44846\" data-element_type=\"column\">\n\t\t\t<div class=\"theiaStickySidebar elementor-column-wrap elementor-element-populated\">\n\t\t\t\t\t\t\t<div class=\"elementor-widget-wrap\">\n\t\t\t\t\t\t<div class=\"elementor-element elementor-element-1a817bc elementor-widget elementor-widget-text-editor\" data-id=\"1a817bc\" data-element_type=\"widget\" data-widget_type=\"text-editor.default\">\n\t\t\t\t<div class=\"elementor-widget-container\">\n\t\t\t\t\t\t\t\t<div class=\"elementor-text-editor elementor-clearfix\">\n\t\t\t\t<p><strong>G\u00f6r\u00fcn\u00fcm\u00fc\u00a0:\u00a0<\/strong>Beyaz Toz<\/p><p>\u00a0<\/p><p><strong>Kimyasal Ad\u0131\u00a0:<\/strong>\u00a0Magnesium Oxide<\/p><p>\u00a0<\/p><p><strong>Kimyasal Form\u00fcl\u00fc\u00a0:\u00a0<\/strong>MgO<\/p><p>\u00a0<\/p><p><strong>Ambalaj \u015eekli\u00a0:<\/strong>\u00a025 Kg. \u00c7uvallarda<\/p><p>\u00a0<\/p><p><strong>Tan\u0131m\u0131 ve Kullan\u0131m Alanlar\u0131\u00a0:\u00a0<\/strong><\/p><p>\u00a0<\/p><p>Magnezyum oksit, beyaz renkli ve kristal \u015feklinde olur. Magnezyum oksitin kimyasal form\u00fcl\u00fc ise MgO&#8217;dur. Bu madde magnezya olarak da bilinir. Magnezyum oksit in en b\u00fcy\u00fck niteli\u011fi ise ate\u015fe dayan\u0131kl\u0131 olmas\u0131d\u0131r. Y\u00fcksek \u0131s\u0131ya olduk\u00e7a dayan\u0131kl\u0131 olan bu madde \u00e7ok geni\u015f alanlarda kullan\u0131l\u0131r. Saf ve do\u011fal olan magnezyum oksit g\u00f6lden elde edilir. Hammadde olarak kullan\u0131lan magnezyum oksit \u00fcretimin art\u0131r\u0131lmas\u0131 i\u00e7in de kullan\u0131lmaya ba\u015flanm\u0131\u015ft\u0131r.<\/p><p>Kimyasal form\u00fcl\u00fc MgO magnezya olarakta bilinmektedir.Bu beyaz, kristalize yap\u0131daki kimyasal\u0131n en \u00f6nemli \u00f6zelli\u011fi ise y\u00fcksek \u0131s\u0131ya kar\u015f\u0131 olduk\u00e7a dayan\u0131kl\u0131 bir maddedir. Magnezyum oksit bu niteli\u011fi bak\u0131m\u0131ndan her alanda s\u0131k kullan\u0131l\u0131r. Hem saf hemde do\u011fal olan bu madde g\u00f6l suyundan elde edilir.<\/p><p>Olduk\u00e7a \u015fiddetli bir \u015fekilde yanan bu madde oksit tozunu ortaya \u00e7\u0131kar\u0131r. Bu i\u015flemi uygulad\u0131ktan sonra y\u00fcksek \u0131\u015f\u0131 ile \u0131s\u0131 ortaya \u00e7\u0131kar\u0131r. Magnezyum hidroksit maddesi yada magnezyum karbonat\u0131n\u200b kavrulmas\u0131 ile elde edilir. Magnezyum oksit sinterleme y\u00f6ntemi ile manyezitten kalsinasyon sonucunda \u00fcretilir.<\/p><p>\u00a0<\/p><p><strong>Kullan\u0131m Alanlar\u0131<\/strong><\/p><ul><li>Foto\u011fraf\u00e7\u0131l\u0131k alan\u0131nda: Magnezyum oksit b\u00fct\u00fcn foto\u011fraf cihazlar\u0131n\u0131n d\u0131\u015f g\u00f6vdesinde g\u00f6vdeyi g\u00fc\u00e7lendirmek i\u00e7in g\u00fcn\u00fcm\u00fczde \u00e7ok fazlaca kullan\u0131lmaktad\u0131r.<\/li><li>Yap\u0131: Magnezyum oksit sanayi alan\u0131nda da olduk\u00e7a etkili alanlarda kullan\u0131lan bir madde oldu\u011fuda bilinenler aras\u0131ndad\u0131r. \u00d6rne\u011fin magnezyum oksit yine magnezyum klor\u00fcr ile birle\u015ftirilerek \u00f6nemli elyaf\u0131 ve cam sanayinde g\u00fc\u00e7lendirici \u00f6zellik olarak fazlaca kullan\u0131lmaktad\u0131r. B\u00f6ylece dekorasyon \u00fcr\u00fcnlerinin yap\u0131m\u0131nda olduk\u00e7a s\u0131k kullan\u0131l\u0131r.<\/li><li>Kimya alan\u0131nda: Magnezyum oksit, kimya alan\u0131nda grignard tepkimelerinde kullan\u0131l\u0131r.<\/li><li>T\u0131p alan\u0131nda: Magnezyum oksit, t\u0131p alan\u0131nda m\u00fcshil olarak hasta ki\u015filere tedavi ama\u00e7l\u0131 ve ba\u011f\u0131rsak temizli\u011fi i\u00e7inde\u200b olduk\u00e7a s\u0131k kullan\u0131lan bir maddedir.<\/li><li>Ate\u015fe olduk\u00e7a dayan\u0131kl\u0131 olan magnezyum oksit, f\u0131r\u0131nlar\u0131n yap\u0131m\u0131nda ve ate\u015f tu\u011flas\u0131 yap\u0131m\u0131nda kullan\u0131l\u0131r.<\/li><\/ul>\t\t\t\t\t<\/div>\n\t\t\t\t\t\t<\/div>\n\t\t\t\t<\/div>\n\t\t\t\t\t\t<\/div>\n\t\t\t\t\t<\/div>\n\t\t<\/div>\n\t\t\t\t\t\t\t\t<\/div>\n\t\t\t\t\t<\/div>\n\t\t<\/section>\n\t\t\t\t\t\t\t\t\t<\/div>\n\t\t\t<\/div>\n\t\t\t\t\t<\/div>","protected":false},"excerpt":{"rendered":"<p>Previous Next G\u00f6r\u00fcn\u00fcm\u00fc\u00a0:\u00a0Beyaz Toz \u00a0 Kimyasal Ad\u0131\u00a0:\u00a0Magnesium Oxide \u00a0 Kimyasal Form\u00fcl\u00fc\u00a0:\u00a0MgO \u00a0 Ambalaj \u015eekli\u00a0:\u00a025 Kg. \u00c7uvallarda \u00a0 Tan\u0131m\u0131 ve Kullan\u0131m Alanlar\u0131\u00a0:\u00a0 \u00a0 Magnezyum oksit, beyaz renkli ve kristal \u015feklinde olur.&hellip;<\/p>","protected":false},"author":1,"featured_media":0,"parent":0,"menu_order":0,"comment_status":"closed","ping_status":"closed","template":"elementor_header_footer","meta":[],"yoast_head":"<!-- This site is optimized with the Yoast SEO plugin v20.3 - https:\/\/yoast.com\/wordpress\/plugins\/seo\/ -->\n<title>MAGNEZYUM OKS\u0130T - http:\/\/www.oztugkimya.com\/<\/title>\n<meta name=\"robots\" content=\"index, follow, max-snippet:-1, max-image-preview:large, max-video-preview:-1\" \/>\n<link rel=\"canonical\" href=\"http:\/\/www.oztugkimya.com\/en\/magnezyum-oksit\/\" \/>\n<meta property=\"og:locale\" content=\"en_US\" \/>\n<meta property=\"og:type\" content=\"article\" \/>\n<meta property=\"og:title\" content=\"MAGNEZYUM OKS\u0130T - http:\/\/www.oztugkimya.com\/\" \/>\n<meta property=\"og:description\" content=\"Previous Next G\u00f6r\u00fcn\u00fcm\u00fc\u00a0:\u00a0Beyaz Toz \u00a0 Kimyasal Ad\u0131\u00a0:\u00a0Magnesium Oxide \u00a0 Kimyasal Form\u00fcl\u00fc\u00a0:\u00a0MgO \u00a0 Ambalaj \u015eekli\u00a0:\u00a025 Kg. \u00c7uvallarda \u00a0 Tan\u0131m\u0131 ve Kullan\u0131m Alanlar\u0131\u00a0:\u00a0 \u00a0 Magnezyum oksit, beyaz renkli ve kristal \u015feklinde olur.&hellip;\" \/>\n<meta property=\"og:url\" content=\"http:\/\/www.oztugkimya.com\/en\/magnezyum-oksit\/\" \/>\n<meta property=\"og:site_name\" content=\"http:\/\/www.oztugkimya.com\/\" \/>\n<meta property=\"article:modified_time\" content=\"2020-10-11T15:04:05+00:00\" \/>\n<meta property=\"og:image\" content=\"http:\/\/www.oztugkimya.com\/wp-content\/uploads\/2020\/05\/oztugdepolama1-150x150.png\" \/>\n<meta name=\"twitter:card\" content=\"summary_large_image\" \/>\n<meta name=\"twitter:label1\" content=\"Est. reading time\" \/>\n\t<meta name=\"twitter:data1\" content=\"2 minutes\" \/>\n<script type=\"application\/ld+json\" class=\"yoast-schema-graph\">{\"@context\":\"https:\/\/schema.org\",\"@graph\":[{\"@type\":\"WebPage\",\"@id\":\"http:\/\/www.oztugkimya.com\/magnezyum-oksit\/\",\"url\":\"http:\/\/www.oztugkimya.com\/magnezyum-oksit\/\",\"name\":\"MAGNEZYUM OKS\u0130T - http:\/\/www.oztugkimya.com\/\",\"isPartOf\":{\"@id\":\"http:\/\/www.oztugkimya.com\/#website\"},\"datePublished\":\"2020-10-11T14:59:03+00:00\",\"dateModified\":\"2020-10-11T15:04:05+00:00\",\"breadcrumb\":{\"@id\":\"http:\/\/www.oztugkimya.com\/magnezyum-oksit\/#breadcrumb\"},\"inLanguage\":\"en-US\",\"potentialAction\":[{\"@type\":\"ReadAction\",\"target\":[\"http:\/\/www.oztugkimya.com\/magnezyum-oksit\/\"]}]},{\"@type\":\"BreadcrumbList\",\"@id\":\"http:\/\/www.oztugkimya.com\/magnezyum-oksit\/#breadcrumb\",\"itemListElement\":[{\"@type\":\"ListItem\",\"position\":1,\"name\":\"Ana sayfa\",\"item\":\"http:\/\/www.oztugkimya.com\/\"},{\"@type\":\"ListItem\",\"position\":2,\"name\":\"MAGNEZYUM OKS\u0130T\"}]},{\"@type\":\"WebSite\",\"@id\":\"http:\/\/www.oztugkimya.com\/#website\",\"url\":\"http:\/\/www.oztugkimya.com\/\",\"name\":\"http:\/\/www.oztugkimya.com\/\",\"description\":\"http:\/\/www.oztugkimya.com\/\",\"potentialAction\":[{\"@type\":\"SearchAction\",\"target\":{\"@type\":\"EntryPoint\",\"urlTemplate\":\"http:\/\/www.oztugkimya.com\/?s={search_term_string}\"},\"query-input\":\"required name=search_term_string\"}],\"inLanguage\":\"en-US\"}]}<\/script>\n<!-- \/ Yoast SEO plugin. -->","yoast_head_json":{"title":"MAGNEZYUM OKS\u0130T - http:\/\/www.oztugkimya.com\/","robots":{"index":"index","follow":"follow","max-snippet":"max-snippet:-1","max-image-preview":"max-image-preview:large","max-video-preview":"max-video-preview:-1"},"canonical":"http:\/\/www.oztugkimya.com\/en\/magnezyum-oksit\/","og_locale":"en_US","og_type":"article","og_title":"MAGNEZYUM OKS\u0130T - http:\/\/www.oztugkimya.com\/","og_description":"Previous Next G\u00f6r\u00fcn\u00fcm\u00fc\u00a0:\u00a0Beyaz Toz \u00a0 Kimyasal Ad\u0131\u00a0:\u00a0Magnesium Oxide \u00a0 Kimyasal Form\u00fcl\u00fc\u00a0:\u00a0MgO \u00a0 Ambalaj \u015eekli\u00a0:\u00a025 Kg. \u00c7uvallarda \u00a0 Tan\u0131m\u0131 ve Kullan\u0131m Alanlar\u0131\u00a0:\u00a0 \u00a0 Magnezyum oksit, beyaz renkli ve kristal \u015feklinde olur.&hellip;","og_url":"http:\/\/www.oztugkimya.com\/en\/magnezyum-oksit\/","og_site_name":"http:\/\/www.oztugkimya.com\/","article_modified_time":"2020-10-11T15:04:05+00:00","og_image":[{"url":"http:\/\/www.oztugkimya.com\/wp-content\/uploads\/2020\/05\/oztugdepolama1-150x150.png"}],"twitter_card":"summary_large_image","twitter_misc":{"Est. reading time":"2 minutes"},"schema":{"@context":"https:\/\/schema.org","@graph":[{"@type":"WebPage","@id":"http:\/\/www.oztugkimya.com\/magnezyum-oksit\/","url":"http:\/\/www.oztugkimya.com\/magnezyum-oksit\/","name":"MAGNEZYUM OKS\u0130T - http:\/\/www.oztugkimya.com\/","isPartOf":{"@id":"http:\/\/www.oztugkimya.com\/#website"},"datePublished":"2020-10-11T14:59:03+00:00","dateModified":"2020-10-11T15:04:05+00:00","breadcrumb":{"@id":"http:\/\/www.oztugkimya.com\/magnezyum-oksit\/#breadcrumb"},"inLanguage":"en-US","potentialAction":[{"@type":"ReadAction","target":["http:\/\/www.oztugkimya.com\/magnezyum-oksit\/"]}]},{"@type":"BreadcrumbList","@id":"http:\/\/www.oztugkimya.com\/magnezyum-oksit\/#breadcrumb","itemListElement":[{"@type":"ListItem","position":1,"name":"Ana sayfa","item":"http:\/\/www.oztugkimya.com\/"},{"@type":"ListItem","position":2,"name":"MAGNEZYUM OKS\u0130T"}]},{"@type":"WebSite","@id":"http:\/\/www.oztugkimya.com\/#website","url":"http:\/\/www.oztugkimya.com\/","name":"http:\/\/www.oztugkimya.com\/","description":"http:\/\/www.oztugkimya.com\/","potentialAction":[{"@type":"SearchAction","target":{"@type":"EntryPoint","urlTemplate":"http:\/\/www.oztugkimya.com\/?s={search_term_string}"},"query-input":"required name=search_term_string"}],"inLanguage":"en-US"}]}},"_links":{"self":[{"href":"http:\/\/www.oztugkimya.com\/en\/wp-json\/wp\/v2\/pages\/1333"}],"collection":[{"href":"http:\/\/www.oztugkimya.com\/en\/wp-json\/wp\/v2\/pages"}],"about":[{"href":"http:\/\/www.oztugkimya.com\/en\/wp-json\/wp\/v2\/types\/page"}],"author":[{"embeddable":true,"href":"http:\/\/www.oztugkimya.com\/en\/wp-json\/wp\/v2\/users\/1"}],"replies":[{"embeddable":true,"href":"http:\/\/www.oztugkimya.com\/en\/wp-json\/wp\/v2\/comments?post=1333"}],"version-history":[{"count":4,"href":"http:\/\/www.oztugkimya.com\/en\/wp-json\/wp\/v2\/pages\/1333\/revisions"}],"predecessor-version":[{"id":1337,"href":"http:\/\/www.oztugkimya.com\/en\/wp-json\/wp\/v2\/pages\/1333\/revisions\/1337"}],"wp:attachment":[{"href":"http:\/\/www.oztugkimya.com\/en\/wp-json\/wp\/v2\/media?parent=1333"}],"curies":[{"name":"wp","href":"https:\/\/api.w.org\/{rel}","templated":true}]}}