{"id":1349,"date":"2020-10-23T08:45:40","date_gmt":"2020-10-23T08:45:40","guid":{"rendered":"http:\/\/www.oztugkimya.com\/?page_id=1349"},"modified":"2020-10-23T08:47:07","modified_gmt":"2020-10-23T08:47:07","slug":"asetik-asit","status":"publish","type":"page","link":"http:\/\/www.oztugkimya.com\/en\/asetik-asit\/","title":{"rendered":"ACETIC ACID"},"content":{"rendered":"<div data-elementor-type=\"wp-page\" data-elementor-id=\"1349\" class=\"elementor elementor-1349\">\n\t\t\t\t\t\t<div class=\"elementor-inner\">\n\t\t\t\t<div class=\"elementor-section-wrap\">\n\t\t\t\t\t\t\t\t\t<section class=\"penci-section penci-disSticky penci-structure-20 elementor-section elementor-top-section elementor-element elementor-element-54b91d1 elementor-section-boxed elementor-section-height-default elementor-section-height-default\" data-id=\"54b91d1\" data-element_type=\"section\">\n\t\t\t\t\t\t<div class=\"elementor-container elementor-column-gap-default\">\n\t\t\t\t\t\t\t<div class=\"elementor-row\">\n\t\t\t\t\t<div class=\"penci-ercol-50 penci-ercol-order-1 penci-sticky-ct    elementor-column elementor-col-50 elementor-top-column elementor-element elementor-element-d84e35d\" data-id=\"d84e35d\" data-element_type=\"column\">\n\t\t\t<div class=\"theiaStickySidebar elementor-column-wrap elementor-element-populated\">\n\t\t\t\t\t\t\t<div class=\"elementor-widget-wrap\">\n\t\t\t\t\t\t<div class=\"elementor-element elementor-element-75b7b78 elementor-arrows-position-inside elementor-pagination-position-outside elementor-widget elementor-widget-image-carousel\" data-id=\"75b7b78\" data-element_type=\"widget\" data-settings=\"{&quot;navigation&quot;:&quot;both&quot;,&quot;autoplay&quot;:&quot;yes&quot;,&quot;pause_on_hover&quot;:&quot;yes&quot;,&quot;pause_on_interaction&quot;:&quot;yes&quot;,&quot;autoplay_speed&quot;:5000,&quot;infinite&quot;:&quot;yes&quot;,&quot;speed&quot;:500}\" data-widget_type=\"image-carousel.default\">\n\t\t\t\t<div class=\"elementor-widget-container\">\n\t\t\t\t\t<div class=\"elementor-image-carousel-wrapper swiper-container\" dir=\"ltr\">\n\t\t\t<div class=\"elementor-image-carousel swiper-wrapper\">\n\t\t\t\t\t\t\t\t<div class=\"swiper-slide\"><figure class=\"swiper-slide-inner\"><img decoding=\"async\" class=\"swiper-slide-image\" src=\"http:\/\/www.oztugkimya.com\/wp-content\/uploads\/2020\/05\/oztugdepolama1-150x150.png\" alt=\"oztugdepolama1\" \/><\/figure><\/div><div class=\"swiper-slide\"><figure class=\"swiper-slide-inner\"><img decoding=\"async\" class=\"swiper-slide-image\" src=\"http:\/\/www.oztugkimya.com\/wp-content\/uploads\/2020\/05\/oztugmap-150x150.png\" alt=\"oztugmap\" \/><\/figure><\/div><div class=\"swiper-slide\"><figure class=\"swiper-slide-inner\"><img decoding=\"async\" class=\"swiper-slide-image\" src=\"http:\/\/www.oztugkimya.com\/wp-content\/uploads\/2020\/05\/oztuglogistics-150x150.png\" alt=\"oztuglogistics\" \/><\/figure><\/div><div class=\"swiper-slide\"><figure class=\"swiper-slide-inner\"><img decoding=\"async\" class=\"swiper-slide-image\" src=\"http:\/\/www.oztugkimya.com\/wp-content\/uploads\/2020\/05\/oztugmission-150x150.png\" alt=\"oztugmission\" \/><\/figure><\/div><div class=\"swiper-slide\"><figure class=\"swiper-slide-inner\"><img decoding=\"async\" class=\"swiper-slide-image\" src=\"http:\/\/www.oztugkimya.com\/wp-content\/uploads\/2020\/05\/oztugcustomer-150x150.png\" alt=\"oztugcustomer\" \/><\/figure><\/div>\t\t\t<\/div>\n\t\t\t\t\t\t\t\t\t\t\t\t<div class=\"swiper-pagination\"><\/div>\n\t\t\t\t\t\t\t\t\t\t\t\t\t<div class=\"elementor-swiper-button elementor-swiper-button-prev\">\n\t\t\t\t\t\t<i aria-hidden=\"true\" class=\"eicon-chevron-left\"><\/i>\t\t\t\t\t\t<span class=\"elementor-screen-only\">Previous<\/span>\n\t\t\t\t\t<\/div>\n\t\t\t\t\t<div class=\"elementor-swiper-button elementor-swiper-button-next\">\n\t\t\t\t\t\t<i aria-hidden=\"true\" class=\"eicon-chevron-right\"><\/i>\t\t\t\t\t\t<span class=\"elementor-screen-only\">Next<\/span>\n\t\t\t\t\t<\/div>\n\t\t\t\t\t\t\t\t\t<\/div>\n\t\t\t\t<\/div>\n\t\t\t\t<\/div>\n\t\t\t\t\t\t<\/div>\n\t\t\t\t\t<\/div>\n\t\t<\/div>\n\t\t\t\t<div class=\"penci-ercol-50 penci-ercol-order-2 penci-sticky-ct    elementor-column elementor-col-50 elementor-top-column elementor-element elementor-element-3b24d36\" data-id=\"3b24d36\" data-element_type=\"column\">\n\t\t\t<div class=\"theiaStickySidebar elementor-column-wrap elementor-element-populated\">\n\t\t\t\t\t\t\t<div class=\"elementor-widget-wrap\">\n\t\t\t\t\t\t<div class=\"elementor-element elementor-element-b37967d elementor-widget elementor-widget-text-editor\" data-id=\"b37967d\" data-element_type=\"widget\" data-widget_type=\"text-editor.default\">\n\t\t\t\t<div class=\"elementor-widget-container\">\n\t\t\t\t\t\t\t\t<div class=\"elementor-text-editor elementor-clearfix\">\n\t\t\t\t<p>G\u00f6r\u00fcn\u00fcm\u00fc : Renksiz S\u0131v\u0131 Haldedir.<\/p><p>Kimyasal Ad\u0131 : E260, Sirke Asidi, Etanoik Asit<\/p><p>Kimyasal Form\u00fcl\u00fc : CH3COOH<\/p><p>Ambalaj \u015eekli : 60 kg. l\u0131k Bidonlarda, 1 Tonluk Konteynerlarda<\/p><p><strong>Tan\u0131m\u0131 ve Kullan\u0131m Alanlar\u0131 :<\/strong><\/p><p>Sanayide biyolojik ve sentetik yollar ile imal edilir. Tuz ve esterine asetat denir. Suda tamamen \u00e7\u00f6z\u00fcn\u00fcr. Zay\u0131f bir asittir. Asetik asidin glasiel asetik asit t\u00fcr\u00fc % 99,5 saf asetik asit i\u00e7ermektedir. Asetik asidin bu % 99,5&#8217;lik glasiel formu 17\u00b0C&#8217;de kat\u0131la\u015f\u0131r ve kristalimsi buz taneciklerine benzer bir yap\u0131 olu\u015fturur.<\/p><p><strong>Kullan\u0131m Alanlar\u0131<\/strong><\/p><p>Sirke imalat\u0131nda kullan\u0131l\u0131r. Ayr\u0131ca tur\u015fu yap\u0131m\u0131nda mikroorganizmalar\u0131n olu\u015fmas\u0131n\u0131 engelleyerek sebzelerin bozulmas\u0131n\u0131 engeller.<\/p><p>Sanayide \u00e7o\u011fu kimyasal\u0131n \u00fcretiminde hammadde olarak kullan\u0131l\u0131r. \u00d6zellikle vinil asetat \u00fcretiminde kullan\u0131l\u0131r, bundan elde edilen polivinil asetat tahta tutkal\u0131 olarak kullan\u0131l\u0131r.<\/p><p>\u00c7\u00f6z\u00fcc\u00fc olarak sanayide kullan\u0131l\u0131r. \u00d6rne\u011fin, PET plastiklerin \u00fcretiminde kullan\u0131lan tereftalik asitin \u00fcretiminde \u00e7\u00f6z\u00fcc\u00fc olarak kullan\u0131l\u0131r. Bu kullan\u0131m asetik asitin t\u00fcm kullan\u0131m\u0131 i\u00e7erisinde %5-10 oran\u0131ndad\u0131r.<\/p><ol start=\"4\"><li>G\u0131da sekt\u00f6r\u00fcnde tampon olarak kullan\u0131l\u0131r. Asitlik sa\u011flay\u0131c\u0131, koruyucu, lezzet verici olarak kullan\u0131l\u0131r.<\/li><\/ol>\t\t\t\t\t<\/div>\n\t\t\t\t\t\t<\/div>\n\t\t\t\t<\/div>\n\t\t\t\t\t\t<\/div>\n\t\t\t\t\t<\/div>\n\t\t<\/div>\n\t\t\t\t\t\t\t\t<\/div>\n\t\t\t\t\t<\/div>\n\t\t<\/section>\n\t\t\t\t\t\t\t\t\t<\/div>\n\t\t\t<\/div>\n\t\t\t\t\t<\/div>","protected":false},"excerpt":{"rendered":"<p>Previous Next G\u00f6r\u00fcn\u00fcm\u00fc : Renksiz S\u0131v\u0131 Haldedir. Kimyasal Ad\u0131 : E260, Sirke Asidi, Etanoik Asit Kimyasal Form\u00fcl\u00fc : CH3COOH Ambalaj \u015eekli : 60 kg. l\u0131k Bidonlarda, 1 Tonluk Konteynerlarda Tan\u0131m\u0131&hellip;<\/p>","protected":false},"author":1,"featured_media":0,"parent":0,"menu_order":0,"comment_status":"closed","ping_status":"closed","template":"","meta":[],"yoast_head":"<!-- This site is optimized with the Yoast SEO plugin v20.3 - https:\/\/yoast.com\/wordpress\/plugins\/seo\/ -->\n<title>ASET\u0130K AS\u0130T - http:\/\/www.oztugkimya.com\/<\/title>\n<meta name=\"robots\" content=\"index, follow, max-snippet:-1, max-image-preview:large, max-video-preview:-1\" \/>\n<link rel=\"canonical\" href=\"http:\/\/www.oztugkimya.com\/en\/asetik-asit\/\" \/>\n<meta property=\"og:locale\" content=\"en_US\" \/>\n<meta property=\"og:type\" content=\"article\" \/>\n<meta property=\"og:title\" content=\"ASET\u0130K AS\u0130T - http:\/\/www.oztugkimya.com\/\" \/>\n<meta property=\"og:description\" content=\"Previous Next G\u00f6r\u00fcn\u00fcm\u00fc : Renksiz S\u0131v\u0131 Haldedir. Kimyasal Ad\u0131 : E260, Sirke Asidi, Etanoik Asit Kimyasal Form\u00fcl\u00fc : CH3COOH Ambalaj \u015eekli : 60 kg. l\u0131k Bidonlarda, 1 Tonluk Konteynerlarda Tan\u0131m\u0131&hellip;\" \/>\n<meta property=\"og:url\" content=\"http:\/\/www.oztugkimya.com\/en\/asetik-asit\/\" \/>\n<meta property=\"og:site_name\" content=\"http:\/\/www.oztugkimya.com\/\" \/>\n<meta property=\"article:modified_time\" content=\"2020-10-23T08:47:07+00:00\" \/>\n<meta property=\"og:image\" content=\"http:\/\/www.oztugkimya.com\/wp-content\/uploads\/2020\/05\/oztugdepolama1-150x150.png\" \/>\n<meta name=\"twitter:card\" content=\"summary_large_image\" \/>\n<meta name=\"twitter:label1\" content=\"Est. reading time\" \/>\n\t<meta name=\"twitter:data1\" content=\"1 minute\" \/>\n<script type=\"application\/ld+json\" class=\"yoast-schema-graph\">{\"@context\":\"https:\/\/schema.org\",\"@graph\":[{\"@type\":\"WebPage\",\"@id\":\"http:\/\/www.oztugkimya.com\/asetik-asit\/\",\"url\":\"http:\/\/www.oztugkimya.com\/asetik-asit\/\",\"name\":\"ASET\u0130K AS\u0130T - http:\/\/www.oztugkimya.com\/\",\"isPartOf\":{\"@id\":\"http:\/\/www.oztugkimya.com\/#website\"},\"datePublished\":\"2020-10-23T08:45:40+00:00\",\"dateModified\":\"2020-10-23T08:47:07+00:00\",\"breadcrumb\":{\"@id\":\"http:\/\/www.oztugkimya.com\/asetik-asit\/#breadcrumb\"},\"inLanguage\":\"en-US\",\"potentialAction\":[{\"@type\":\"ReadAction\",\"target\":[\"http:\/\/www.oztugkimya.com\/asetik-asit\/\"]}]},{\"@type\":\"BreadcrumbList\",\"@id\":\"http:\/\/www.oztugkimya.com\/asetik-asit\/#breadcrumb\",\"itemListElement\":[{\"@type\":\"ListItem\",\"position\":1,\"name\":\"Ana sayfa\",\"item\":\"http:\/\/www.oztugkimya.com\/\"},{\"@type\":\"ListItem\",\"position\":2,\"name\":\"ASET\u0130K AS\u0130T\"}]},{\"@type\":\"WebSite\",\"@id\":\"http:\/\/www.oztugkimya.com\/#website\",\"url\":\"http:\/\/www.oztugkimya.com\/\",\"name\":\"http:\/\/www.oztugkimya.com\/\",\"description\":\"http:\/\/www.oztugkimya.com\/\",\"potentialAction\":[{\"@type\":\"SearchAction\",\"target\":{\"@type\":\"EntryPoint\",\"urlTemplate\":\"http:\/\/www.oztugkimya.com\/?s={search_term_string}\"},\"query-input\":\"required name=search_term_string\"}],\"inLanguage\":\"en-US\"}]}<\/script>\n<!-- \/ Yoast SEO plugin. -->","yoast_head_json":{"title":"ASET\u0130K AS\u0130T - http:\/\/www.oztugkimya.com\/","robots":{"index":"index","follow":"follow","max-snippet":"max-snippet:-1","max-image-preview":"max-image-preview:large","max-video-preview":"max-video-preview:-1"},"canonical":"http:\/\/www.oztugkimya.com\/en\/asetik-asit\/","og_locale":"en_US","og_type":"article","og_title":"ASET\u0130K AS\u0130T - http:\/\/www.oztugkimya.com\/","og_description":"Previous Next G\u00f6r\u00fcn\u00fcm\u00fc : Renksiz S\u0131v\u0131 Haldedir. Kimyasal Ad\u0131 : E260, Sirke Asidi, Etanoik Asit Kimyasal Form\u00fcl\u00fc : CH3COOH Ambalaj \u015eekli : 60 kg. l\u0131k Bidonlarda, 1 Tonluk Konteynerlarda Tan\u0131m\u0131&hellip;","og_url":"http:\/\/www.oztugkimya.com\/en\/asetik-asit\/","og_site_name":"http:\/\/www.oztugkimya.com\/","article_modified_time":"2020-10-23T08:47:07+00:00","og_image":[{"url":"http:\/\/www.oztugkimya.com\/wp-content\/uploads\/2020\/05\/oztugdepolama1-150x150.png"}],"twitter_card":"summary_large_image","twitter_misc":{"Est. reading time":"1 minute"},"schema":{"@context":"https:\/\/schema.org","@graph":[{"@type":"WebPage","@id":"http:\/\/www.oztugkimya.com\/asetik-asit\/","url":"http:\/\/www.oztugkimya.com\/asetik-asit\/","name":"ASET\u0130K AS\u0130T - http:\/\/www.oztugkimya.com\/","isPartOf":{"@id":"http:\/\/www.oztugkimya.com\/#website"},"datePublished":"2020-10-23T08:45:40+00:00","dateModified":"2020-10-23T08:47:07+00:00","breadcrumb":{"@id":"http:\/\/www.oztugkimya.com\/asetik-asit\/#breadcrumb"},"inLanguage":"en-US","potentialAction":[{"@type":"ReadAction","target":["http:\/\/www.oztugkimya.com\/asetik-asit\/"]}]},{"@type":"BreadcrumbList","@id":"http:\/\/www.oztugkimya.com\/asetik-asit\/#breadcrumb","itemListElement":[{"@type":"ListItem","position":1,"name":"Ana sayfa","item":"http:\/\/www.oztugkimya.com\/"},{"@type":"ListItem","position":2,"name":"ASET\u0130K AS\u0130T"}]},{"@type":"WebSite","@id":"http:\/\/www.oztugkimya.com\/#website","url":"http:\/\/www.oztugkimya.com\/","name":"http:\/\/www.oztugkimya.com\/","description":"http:\/\/www.oztugkimya.com\/","potentialAction":[{"@type":"SearchAction","target":{"@type":"EntryPoint","urlTemplate":"http:\/\/www.oztugkimya.com\/?s={search_term_string}"},"query-input":"required name=search_term_string"}],"inLanguage":"en-US"}]}},"_links":{"self":[{"href":"http:\/\/www.oztugkimya.com\/en\/wp-json\/wp\/v2\/pages\/1349"}],"collection":[{"href":"http:\/\/www.oztugkimya.com\/en\/wp-json\/wp\/v2\/pages"}],"about":[{"href":"http:\/\/www.oztugkimya.com\/en\/wp-json\/wp\/v2\/types\/page"}],"author":[{"embeddable":true,"href":"http:\/\/www.oztugkimya.com\/en\/wp-json\/wp\/v2\/users\/1"}],"replies":[{"embeddable":true,"href":"http:\/\/www.oztugkimya.com\/en\/wp-json\/wp\/v2\/comments?post=1349"}],"version-history":[{"count":3,"href":"http:\/\/www.oztugkimya.com\/en\/wp-json\/wp\/v2\/pages\/1349\/revisions"}],"predecessor-version":[{"id":1354,"href":"http:\/\/www.oztugkimya.com\/en\/wp-json\/wp\/v2\/pages\/1349\/revisions\/1354"}],"wp:attachment":[{"href":"http:\/\/www.oztugkimya.com\/en\/wp-json\/wp\/v2\/media?parent=1349"}],"curies":[{"name":"wp","href":"https:\/\/api.w.org\/{rel}","templated":true}]}}