{"id":1365,"date":"2020-10-23T08:53:03","date_gmt":"2020-10-23T08:53:03","guid":{"rendered":"http:\/\/www.oztugkimya.com\/?page_id=1365"},"modified":"2020-10-23T09:02:05","modified_gmt":"2020-10-23T09:02:05","slug":"kalsiyum-klorur","status":"publish","type":"page","link":"http:\/\/www.oztugkimya.com\/en\/kalsiyum-klorur\/","title":{"rendered":"CALCIUM CHLORIDE"},"content":{"rendered":"\t\t<div data-elementor-type=\"wp-page\" data-elementor-id=\"1365\" class=\"elementor elementor-1365\">\n\t\t\t\t\t\t<div class=\"elementor-inner\">\n\t\t\t\t<div class=\"elementor-section-wrap\">\n\t\t\t\t\t\t\t\t\t<section class=\"penci-section penci-disSticky penci-structure-20 elementor-section elementor-top-section elementor-element elementor-element-1235cec elementor-section-boxed elementor-section-height-default elementor-section-height-default\" data-id=\"1235cec\" data-element_type=\"section\">\n\t\t\t\t\t\t<div class=\"elementor-container elementor-column-gap-default\">\n\t\t\t\t\t\t\t<div class=\"elementor-row\">\n\t\t\t\t\t<div class=\"penci-ercol-50 penci-ercol-order-1 penci-sticky-ct    elementor-column elementor-col-50 elementor-top-column elementor-element elementor-element-cf59c90\" data-id=\"cf59c90\" data-element_type=\"column\">\n\t\t\t<div class=\"theiaStickySidebar elementor-column-wrap elementor-element-populated\">\n\t\t\t\t\t\t\t<div class=\"elementor-widget-wrap\">\n\t\t\t\t\t\t<div class=\"elementor-element elementor-element-5c6964c elementor-arrows-position-inside elementor-pagination-position-outside elementor-widget elementor-widget-image-carousel\" data-id=\"5c6964c\" data-element_type=\"widget\" data-settings=\"{&quot;navigation&quot;:&quot;both&quot;,&quot;autoplay&quot;:&quot;yes&quot;,&quot;pause_on_hover&quot;:&quot;yes&quot;,&quot;pause_on_interaction&quot;:&quot;yes&quot;,&quot;autoplay_speed&quot;:5000,&quot;infinite&quot;:&quot;yes&quot;,&quot;speed&quot;:500}\" data-widget_type=\"image-carousel.default\">\n\t\t\t\t<div class=\"elementor-widget-container\">\n\t\t\t\t\t<div class=\"elementor-image-carousel-wrapper swiper-container\" dir=\"ltr\">\n\t\t\t<div class=\"elementor-image-carousel swiper-wrapper\">\n\t\t\t\t\t\t\t\t<div class=\"swiper-slide\"><figure class=\"swiper-slide-inner\"><img decoding=\"async\" class=\"swiper-slide-image\" src=\"http:\/\/www.oztugkimya.com\/wp-content\/uploads\/2020\/05\/oztugdepolama1-150x150.png\" alt=\"oztugdepolama1\" \/><\/figure><\/div><div class=\"swiper-slide\"><figure class=\"swiper-slide-inner\"><img decoding=\"async\" class=\"swiper-slide-image\" src=\"http:\/\/www.oztugkimya.com\/wp-content\/uploads\/2020\/05\/oztuglogistics-150x150.png\" alt=\"oztuglogistics\" \/><\/figure><\/div><div class=\"swiper-slide\"><figure class=\"swiper-slide-inner\"><img decoding=\"async\" class=\"swiper-slide-image\" src=\"http:\/\/www.oztugkimya.com\/wp-content\/uploads\/2020\/05\/oztugmap-150x150.png\" alt=\"oztugmap\" \/><\/figure><\/div><div class=\"swiper-slide\"><figure class=\"swiper-slide-inner\"><img decoding=\"async\" class=\"swiper-slide-image\" src=\"http:\/\/www.oztugkimya.com\/wp-content\/uploads\/2020\/05\/oztugmission-150x150.png\" alt=\"oztugmission\" \/><\/figure><\/div><div class=\"swiper-slide\"><figure class=\"swiper-slide-inner\"><img decoding=\"async\" class=\"swiper-slide-image\" src=\"http:\/\/www.oztugkimya.com\/wp-content\/uploads\/2020\/05\/oztugcustomer-150x150.png\" alt=\"oztugcustomer\" \/><\/figure><\/div>\t\t\t<\/div>\n\t\t\t\t\t\t\t\t\t\t\t\t<div class=\"swiper-pagination\"><\/div>\n\t\t\t\t\t\t\t\t\t\t\t\t\t<div class=\"elementor-swiper-button elementor-swiper-button-prev\">\n\t\t\t\t\t\t<i aria-hidden=\"true\" class=\"eicon-chevron-left\"><\/i>\t\t\t\t\t\t<span class=\"elementor-screen-only\">Previous<\/span>\n\t\t\t\t\t<\/div>\n\t\t\t\t\t<div class=\"elementor-swiper-button elementor-swiper-button-next\">\n\t\t\t\t\t\t<i aria-hidden=\"true\" class=\"eicon-chevron-right\"><\/i>\t\t\t\t\t\t<span class=\"elementor-screen-only\">Next<\/span>\n\t\t\t\t\t<\/div>\n\t\t\t\t\t\t\t\t\t<\/div>\n\t\t\t\t<\/div>\n\t\t\t\t<\/div>\n\t\t\t\t\t\t<\/div>\n\t\t\t\t\t<\/div>\n\t\t<\/div>\n\t\t\t\t<div class=\"penci-ercol-50 penci-ercol-order-2 penci-sticky-ct    elementor-column elementor-col-50 elementor-top-column elementor-element elementor-element-85a6feb\" data-id=\"85a6feb\" data-element_type=\"column\">\n\t\t\t<div class=\"theiaStickySidebar elementor-column-wrap elementor-element-populated\">\n\t\t\t\t\t\t\t<div class=\"elementor-widget-wrap\">\n\t\t\t\t\t\t<div class=\"elementor-element elementor-element-7b396bd elementor-widget elementor-widget-text-editor\" data-id=\"7b396bd\" data-element_type=\"widget\" data-widget_type=\"text-editor.default\">\n\t\t\t\t<div class=\"elementor-widget-container\">\n\t\t\t\t\t\t\t\t<div class=\"elementor-text-editor elementor-clearfix\">\n\t\t\t\t<p><strong>G\u00f6r\u00fcn\u00fcm\u00fc :<\/strong> Flake pul halinde<\/p><p><strong>Kimyasal Ad\u0131 :<\/strong> Calcium dichloride<\/p><p><strong>Kimyasal Form\u00fcl :<\/strong> CaCl2<\/p><p><strong>Ambalaj \u015eekli :<\/strong> 25 Kg. \u00c7uvallarda<\/p><p><strong>Tan\u0131m\u0131 ve Kullan\u0131m Alanlar\u0131 :<\/strong><\/p><p>Kalsiyum klor\u00fcr klor\u00fcr ve \u00fcretim, suda \u00e7\u00f6z\u00fcnen aquo kompleksi [Ca (lH 2 O) 6 ] 2+ . Bu yolla, bu sol\u00fcsyonlar &#8220;serbest&#8221; kalsiyum ve serbest klor\u00fcr iyonlar\u0131n\u0131n kaynaklar\u0131d\u0131r. Bu a\u00e7\u0131klama, bu sol\u00fcsyonlar\u0131n kalsiyum fosfata kat\u0131 bir \u00e7\u00f6kelti vermek \u00fczere fosfatkaynaklar\u0131yla reaksiyona girmesi ile g\u00f6sterilmektedir :<\/p><p>3 CaC 2 + 2 PO 3-<\/p><p>4 Ca \u2192 3 (PO 4 ) 2 + 6 Cl &#8211;<\/p><p>Kalsiyum klor\u00fcr, sudaki anhidr\u00f6z tuzun \u00e7\u00f6z\u00fcnmesiyle birlikte \u00f6nemli derecede s\u0131cakl\u0131k art\u0131\u015f\u0131 ile g\u00f6sterilen \u00e7ok y\u00fcksek bir entalpi de\u011fi\u015fimi g\u00f6sterir. Bu m\u00fclkiyet, en b\u00fcy\u00fck \u00f6l\u00e7ekli uygulamas\u0131n\u0131n temelini olu\u015fturmaktad\u0131r.<\/p><p>Erimi\u015f kalsiyum klor\u00fcr, kalsiyum metali ve klor gaz\u0131 vermek \u00fczere elektroliz edilebilir .<\/p><p>CaC 2 , Ca + Cl \u2192 2<\/p><h4>Kullan\u0131m Alanlar\u0131<\/h4><p>Nem \u00e7ekici oldu\u011fu i\u00e7in, in\u015faatlarda toz tutucu olarak.<\/p><p>Plastik sekt\u00f6r\u00fcnde katk\u0131 malzemesi olarak<\/p><p>Yang\u0131n tozlar\u0131nda katk\u0131 malzemesi olarak<\/p><p>Yollardaki buzu eritmede (normal tuz gibi \u00e7evreye zarar vermez)<\/p><p><strong>Beton\/\u00c7imento:<\/strong> \u00d6zellikle so\u011fuk havalarda betonu \u00e7abuk kurutarak, betona dayan\u0131kl\u0131l\u0131k ve g\u00fc\u00e7 sa\u011flar.<\/p><p><strong>Ar\u0131tmada:<\/strong> \u0130\u00e7me suyundaki y\u00fcksek flor d\u00fczeyini d\u00fc\u015f\u00fcrmede. Ayr\u0131ca, petrol rafinerileri, al\u00fcminyum fabrikalar\u0131 gibi sanayi tesislerinde \u00e7\u0131kan at\u0131k suyun ar\u0131t\u0131m\u0131nda.<\/p><p><strong>Petrol Arama\/Sondaj:<\/strong> Yo\u011fun olarak kullan\u0131l\u0131r.<\/p><p>Spor i\u00e7eceklerinde<\/p><p>Konserve yemeklerde (\u00f6zellikle tur\u015fularda)<\/p><p>Baz\u0131 \u00e7ikolata \u00fcr\u00fcnlerinde<\/p><p>S\u00fctte, peynirde (kalsiyum katk\u0131s\u0131 olarak)<\/p><p>Birac\u0131l\u0131kta (enzim olarak)<\/p><p>Dondurmada: Dondurucu olarak<\/p><p>Hayvan Yeminde: S\u00fct s\u0131\u011f\u0131rlar\u0131nda, s\u00fct ate\u015fini d\u00fc\u015f\u00fcrmede ve hastal\u0131k \u00f6nlemede<\/p><p>Bitkilere kalsiyum vermede<\/p><p>Toprakta sodyum seviyesini d\u00fc\u015f\u00fcrmede<\/p><p style=\"background: white; margin: 0cm 0cm 11.25pt 0cm;\">Hasat zaman\u0131 meyve ve sebzenin raf \u00f6mr\u00fcn\u00fc uzatmada<\/p>\t\t\t\t\t<\/div>\n\t\t\t\t\t\t<\/div>\n\t\t\t\t<\/div>\n\t\t\t\t\t\t<\/div>\n\t\t\t\t\t<\/div>\n\t\t<\/div>\n\t\t\t\t\t\t\t\t<\/div>\n\t\t\t\t\t<\/div>\n\t\t<\/section>\n\t\t\t\t\t\t\t\t\t<\/div>\n\t\t\t<\/div>\n\t\t\t\t\t<\/div>\n\t\t","protected":false},"excerpt":{"rendered":"<p>Previous Next G\u00f6r\u00fcn\u00fcm\u00fc : Flake pul halinde Kimyasal Ad\u0131 : Calcium dichloride Kimyasal Form\u00fcl : CaCl2 Ambalaj \u015eekli : 25 Kg. \u00c7uvallarda Tan\u0131m\u0131 ve Kullan\u0131m Alanlar\u0131 : Kalsiyum klor\u00fcr klor\u00fcr&hellip;<\/p>","protected":false},"author":2,"featured_media":0,"parent":0,"menu_order":0,"comment_status":"closed","ping_status":"closed","template":"","meta":[],"yoast_head":"<!-- This site is optimized with the Yoast SEO plugin v20.3 - https:\/\/yoast.com\/wordpress\/plugins\/seo\/ -->\n<title>KALS\u0130YUM KLOR\u00dcR - http:\/\/www.oztugkimya.com\/<\/title>\n<meta name=\"robots\" content=\"index, follow, max-snippet:-1, max-image-preview:large, max-video-preview:-1\" \/>\n<link rel=\"canonical\" href=\"http:\/\/www.oztugkimya.com\/en\/kalsiyum-klorur\/\" \/>\n<meta property=\"og:locale\" content=\"en_US\" \/>\n<meta property=\"og:type\" content=\"article\" \/>\n<meta property=\"og:title\" content=\"KALS\u0130YUM KLOR\u00dcR - http:\/\/www.oztugkimya.com\/\" \/>\n<meta property=\"og:description\" content=\"Previous Next G\u00f6r\u00fcn\u00fcm\u00fc : Flake pul halinde Kimyasal Ad\u0131 : Calcium dichloride Kimyasal Form\u00fcl : CaCl2 Ambalaj \u015eekli : 25 Kg. \u00c7uvallarda Tan\u0131m\u0131 ve Kullan\u0131m Alanlar\u0131 : Kalsiyum klor\u00fcr klor\u00fcr&hellip;\" \/>\n<meta property=\"og:url\" content=\"http:\/\/www.oztugkimya.com\/en\/kalsiyum-klorur\/\" \/>\n<meta property=\"og:site_name\" content=\"http:\/\/www.oztugkimya.com\/\" \/>\n<meta property=\"article:modified_time\" content=\"2020-10-23T09:02:05+00:00\" \/>\n<meta property=\"og:image\" content=\"http:\/\/www.oztugkimya.com\/wp-content\/uploads\/2020\/05\/oztugdepolama1-150x150.png\" \/>\n<meta name=\"twitter:card\" content=\"summary_large_image\" \/>\n<meta name=\"twitter:label1\" content=\"Est. reading time\" \/>\n\t<meta name=\"twitter:data1\" content=\"1 minute\" \/>\n<script type=\"application\/ld+json\" class=\"yoast-schema-graph\">{\"@context\":\"https:\/\/schema.org\",\"@graph\":[{\"@type\":\"WebPage\",\"@id\":\"http:\/\/www.oztugkimya.com\/kalsiyum-klorur\/\",\"url\":\"http:\/\/www.oztugkimya.com\/kalsiyum-klorur\/\",\"name\":\"KALS\u0130YUM KLOR\u00dcR - http:\/\/www.oztugkimya.com\/\",\"isPartOf\":{\"@id\":\"http:\/\/www.oztugkimya.com\/#website\"},\"datePublished\":\"2020-10-23T08:53:03+00:00\",\"dateModified\":\"2020-10-23T09:02:05+00:00\",\"breadcrumb\":{\"@id\":\"http:\/\/www.oztugkimya.com\/kalsiyum-klorur\/#breadcrumb\"},\"inLanguage\":\"en-US\",\"potentialAction\":[{\"@type\":\"ReadAction\",\"target\":[\"http:\/\/www.oztugkimya.com\/kalsiyum-klorur\/\"]}]},{\"@type\":\"BreadcrumbList\",\"@id\":\"http:\/\/www.oztugkimya.com\/kalsiyum-klorur\/#breadcrumb\",\"itemListElement\":[{\"@type\":\"ListItem\",\"position\":1,\"name\":\"Ana sayfa\",\"item\":\"http:\/\/www.oztugkimya.com\/\"},{\"@type\":\"ListItem\",\"position\":2,\"name\":\"KALS\u0130YUM KLOR\u00dcR\"}]},{\"@type\":\"WebSite\",\"@id\":\"http:\/\/www.oztugkimya.com\/#website\",\"url\":\"http:\/\/www.oztugkimya.com\/\",\"name\":\"http:\/\/www.oztugkimya.com\/\",\"description\":\"http:\/\/www.oztugkimya.com\/\",\"potentialAction\":[{\"@type\":\"SearchAction\",\"target\":{\"@type\":\"EntryPoint\",\"urlTemplate\":\"http:\/\/www.oztugkimya.com\/?s={search_term_string}\"},\"query-input\":\"required name=search_term_string\"}],\"inLanguage\":\"en-US\"}]}<\/script>\n<!-- \/ Yoast SEO plugin. -->","yoast_head_json":{"title":"KALS\u0130YUM KLOR\u00dcR - http:\/\/www.oztugkimya.com\/","robots":{"index":"index","follow":"follow","max-snippet":"max-snippet:-1","max-image-preview":"max-image-preview:large","max-video-preview":"max-video-preview:-1"},"canonical":"http:\/\/www.oztugkimya.com\/en\/kalsiyum-klorur\/","og_locale":"en_US","og_type":"article","og_title":"KALS\u0130YUM KLOR\u00dcR - http:\/\/www.oztugkimya.com\/","og_description":"Previous Next G\u00f6r\u00fcn\u00fcm\u00fc : Flake pul halinde Kimyasal Ad\u0131 : Calcium dichloride Kimyasal Form\u00fcl : CaCl2 Ambalaj \u015eekli : 25 Kg. \u00c7uvallarda Tan\u0131m\u0131 ve Kullan\u0131m Alanlar\u0131 : Kalsiyum klor\u00fcr klor\u00fcr&hellip;","og_url":"http:\/\/www.oztugkimya.com\/en\/kalsiyum-klorur\/","og_site_name":"http:\/\/www.oztugkimya.com\/","article_modified_time":"2020-10-23T09:02:05+00:00","og_image":[{"url":"http:\/\/www.oztugkimya.com\/wp-content\/uploads\/2020\/05\/oztugdepolama1-150x150.png"}],"twitter_card":"summary_large_image","twitter_misc":{"Est. reading time":"1 minute"},"schema":{"@context":"https:\/\/schema.org","@graph":[{"@type":"WebPage","@id":"http:\/\/www.oztugkimya.com\/kalsiyum-klorur\/","url":"http:\/\/www.oztugkimya.com\/kalsiyum-klorur\/","name":"KALS\u0130YUM KLOR\u00dcR - http:\/\/www.oztugkimya.com\/","isPartOf":{"@id":"http:\/\/www.oztugkimya.com\/#website"},"datePublished":"2020-10-23T08:53:03+00:00","dateModified":"2020-10-23T09:02:05+00:00","breadcrumb":{"@id":"http:\/\/www.oztugkimya.com\/kalsiyum-klorur\/#breadcrumb"},"inLanguage":"en-US","potentialAction":[{"@type":"ReadAction","target":["http:\/\/www.oztugkimya.com\/kalsiyum-klorur\/"]}]},{"@type":"BreadcrumbList","@id":"http:\/\/www.oztugkimya.com\/kalsiyum-klorur\/#breadcrumb","itemListElement":[{"@type":"ListItem","position":1,"name":"Ana sayfa","item":"http:\/\/www.oztugkimya.com\/"},{"@type":"ListItem","position":2,"name":"KALS\u0130YUM KLOR\u00dcR"}]},{"@type":"WebSite","@id":"http:\/\/www.oztugkimya.com\/#website","url":"http:\/\/www.oztugkimya.com\/","name":"http:\/\/www.oztugkimya.com\/","description":"http:\/\/www.oztugkimya.com\/","potentialAction":[{"@type":"SearchAction","target":{"@type":"EntryPoint","urlTemplate":"http:\/\/www.oztugkimya.com\/?s={search_term_string}"},"query-input":"required name=search_term_string"}],"inLanguage":"en-US"}]}},"_links":{"self":[{"href":"http:\/\/www.oztugkimya.com\/en\/wp-json\/wp\/v2\/pages\/1365"}],"collection":[{"href":"http:\/\/www.oztugkimya.com\/en\/wp-json\/wp\/v2\/pages"}],"about":[{"href":"http:\/\/www.oztugkimya.com\/en\/wp-json\/wp\/v2\/types\/page"}],"author":[{"embeddable":true,"href":"http:\/\/www.oztugkimya.com\/en\/wp-json\/wp\/v2\/users\/2"}],"replies":[{"embeddable":true,"href":"http:\/\/www.oztugkimya.com\/en\/wp-json\/wp\/v2\/comments?post=1365"}],"version-history":[{"count":2,"href":"http:\/\/www.oztugkimya.com\/en\/wp-json\/wp\/v2\/pages\/1365\/revisions"}],"predecessor-version":[{"id":1371,"href":"http:\/\/www.oztugkimya.com\/en\/wp-json\/wp\/v2\/pages\/1365\/revisions\/1371"}],"wp:attachment":[{"href":"http:\/\/www.oztugkimya.com\/en\/wp-json\/wp\/v2\/media?parent=1365"}],"curies":[{"name":"wp","href":"https:\/\/api.w.org\/{rel}","templated":true}]}}