{"id":1382,"date":"2020-10-23T09:12:11","date_gmt":"2020-10-23T09:12:11","guid":{"rendered":"http:\/\/www.oztugkimya.com\/?page_id=1382"},"modified":"2020-10-23T09:14:26","modified_gmt":"2020-10-23T09:14:26","slug":"mono-propilen-glikol","status":"publish","type":"page","link":"http:\/\/www.oztugkimya.com\/en\/mono-propilen-glikol\/","title":{"rendered":"MONOPROPYLENE GLYCOL"},"content":{"rendered":"<div data-elementor-type=\"wp-page\" data-elementor-id=\"1382\" class=\"elementor elementor-1382\">\n\t\t\t\t\t\t<div class=\"elementor-inner\">\n\t\t\t\t<div class=\"elementor-section-wrap\">\n\t\t\t\t\t\t\t\t\t<section class=\"penci-section penci-disSticky penci-structure-20 elementor-section elementor-top-section elementor-element elementor-element-1c8df46 elementor-section-boxed elementor-section-height-default elementor-section-height-default\" data-id=\"1c8df46\" data-element_type=\"section\">\n\t\t\t\t\t\t<div class=\"elementor-container elementor-column-gap-default\">\n\t\t\t\t\t\t\t<div class=\"elementor-row\">\n\t\t\t\t\t<div class=\"penci-ercol-50 penci-ercol-order-1 penci-sticky-ct    elementor-column elementor-col-50 elementor-top-column elementor-element elementor-element-087454e\" data-id=\"087454e\" data-element_type=\"column\">\n\t\t\t<div class=\"theiaStickySidebar elementor-column-wrap elementor-element-populated\">\n\t\t\t\t\t\t\t<div class=\"elementor-widget-wrap\">\n\t\t\t\t\t\t<div class=\"elementor-element elementor-element-4d22b70 elementor-arrows-position-inside elementor-pagination-position-outside elementor-widget elementor-widget-image-carousel\" data-id=\"4d22b70\" data-element_type=\"widget\" data-settings=\"{&quot;navigation&quot;:&quot;both&quot;,&quot;autoplay&quot;:&quot;yes&quot;,&quot;pause_on_hover&quot;:&quot;yes&quot;,&quot;pause_on_interaction&quot;:&quot;yes&quot;,&quot;autoplay_speed&quot;:5000,&quot;infinite&quot;:&quot;yes&quot;,&quot;speed&quot;:500}\" data-widget_type=\"image-carousel.default\">\n\t\t\t\t<div class=\"elementor-widget-container\">\n\t\t\t\t\t<div class=\"elementor-image-carousel-wrapper swiper-container\" dir=\"ltr\">\n\t\t\t<div class=\"elementor-image-carousel swiper-wrapper\">\n\t\t\t\t\t\t\t\t<div class=\"swiper-slide\"><figure class=\"swiper-slide-inner\"><img decoding=\"async\" class=\"swiper-slide-image\" src=\"http:\/\/www.oztugkimya.com\/wp-content\/uploads\/2020\/05\/oztugdepolama1-150x150.png\" alt=\"oztugdepolama1\" \/><\/figure><\/div><div class=\"swiper-slide\"><figure class=\"swiper-slide-inner\"><img decoding=\"async\" class=\"swiper-slide-image\" src=\"http:\/\/www.oztugkimya.com\/wp-content\/uploads\/2020\/05\/oztuglogistics-150x150.png\" alt=\"oztuglogistics\" \/><\/figure><\/div><div class=\"swiper-slide\"><figure class=\"swiper-slide-inner\"><img decoding=\"async\" class=\"swiper-slide-image\" src=\"http:\/\/www.oztugkimya.com\/wp-content\/uploads\/2020\/05\/oztugmap-150x150.png\" alt=\"oztugmap\" \/><\/figure><\/div><div class=\"swiper-slide\"><figure class=\"swiper-slide-inner\"><img decoding=\"async\" class=\"swiper-slide-image\" src=\"http:\/\/www.oztugkimya.com\/wp-content\/uploads\/2020\/05\/oztugmission-150x150.png\" alt=\"oztugmission\" \/><\/figure><\/div><div class=\"swiper-slide\"><figure class=\"swiper-slide-inner\"><img decoding=\"async\" class=\"swiper-slide-image\" src=\"http:\/\/www.oztugkimya.com\/wp-content\/uploads\/2020\/05\/oztugcustomer-150x150.png\" alt=\"oztugcustomer\" \/><\/figure><\/div>\t\t\t<\/div>\n\t\t\t\t\t\t\t\t\t\t\t\t<div class=\"swiper-pagination\"><\/div>\n\t\t\t\t\t\t\t\t\t\t\t\t\t<div class=\"elementor-swiper-button elementor-swiper-button-prev\">\n\t\t\t\t\t\t<i aria-hidden=\"true\" class=\"eicon-chevron-left\"><\/i>\t\t\t\t\t\t<span class=\"elementor-screen-only\">Previous<\/span>\n\t\t\t\t\t<\/div>\n\t\t\t\t\t<div class=\"elementor-swiper-button elementor-swiper-button-next\">\n\t\t\t\t\t\t<i aria-hidden=\"true\" class=\"eicon-chevron-right\"><\/i>\t\t\t\t\t\t<span class=\"elementor-screen-only\">Next<\/span>\n\t\t\t\t\t<\/div>\n\t\t\t\t\t\t\t\t\t<\/div>\n\t\t\t\t<\/div>\n\t\t\t\t<\/div>\n\t\t\t\t\t\t<\/div>\n\t\t\t\t\t<\/div>\n\t\t<\/div>\n\t\t\t\t<div class=\"penci-ercol-50 penci-ercol-order-2 penci-sticky-ct    elementor-column elementor-col-50 elementor-top-column elementor-element elementor-element-bd81815\" data-id=\"bd81815\" data-element_type=\"column\">\n\t\t\t<div class=\"theiaStickySidebar elementor-column-wrap elementor-element-populated\">\n\t\t\t\t\t\t\t<div class=\"elementor-widget-wrap\">\n\t\t\t\t\t\t<div class=\"elementor-element elementor-element-b8fc45a elementor-widget elementor-widget-text-editor\" data-id=\"b8fc45a\" data-element_type=\"widget\" data-widget_type=\"text-editor.default\">\n\t\t\t\t<div class=\"elementor-widget-container\">\n\t\t\t\t\t\t\t\t<div class=\"elementor-text-editor elementor-clearfix\">\n\t\t\t\t<p><strong>G\u00f6r\u00fcn\u00fcm\u00fc :<\/strong> Berrak, Renksiz Ve Higroskopik Bir S\u0131v\u0131<\/p><p><strong>Kimyasal Ad\u0131 :<\/strong> 1,2,-propanediol<\/p><p><strong>Kimyasal Form\u00fcl\u00fc :<\/strong> C3H8O2<\/p><p><strong>Ambalaj \u015eekli :<\/strong> 215 Kg. Varillerde IBClerde Tankerli<\/p><p><strong>Tan\u0131m\u0131 ve Kullan\u0131m Alanlar\u0131 :<\/strong><\/p><p>Propan-1,2-diol olarak da adland\u0131r\u0131lan propilen glikol, C3H8O2 kimyasal form\u00fcl\u00fc olan bir sentetik organik bile\u015fiktir. Kokusuz fakat hafif\u00e7e tatl\u0131 bir tada sahip olan viskoz bir renksiz s\u0131v\u0131d\u0131r. Kimyasal olarak bir diol olarak s\u0131n\u0131fland\u0131r\u0131l\u0131r ve su, aseton ve kloroform gibi geni\u015f bir solvent yelpazesiyle kar\u0131\u015fabilir.<\/p><p>B\u00fcy\u00fck \u00e7apta \u00fcretilir ve \u00f6ncelikli olarak polimer \u00fcretiminde kullan\u0131l\u0131r, ayn\u0131 zamanda g\u0131da i\u015flemede ve d\u00fc\u015f\u00fck s\u0131cakl\u0131kta \u0131s\u0131 al\u0131\u015fveri\u015fi uygulamalar\u0131nda bir proses s\u0131v\u0131s\u0131 olarak kullan\u0131lmas\u0131n\u0131 g\u00f6r\u00fcr. Avrupa Birli\u011fi&#8217;nde, g\u0131da uygulamalar\u0131 i\u00e7in E-numaras\u0131 E1520 vard\u0131r.<\/p><p>Propilen glikol berrak, renksiz ve higroskopik bir s\u0131v\u0131d\u0131r. Propilen glikol asimetrik bir karbon atomu i\u00e7erir, bu nedenle iki enantiyomerde bulunur. Ticari \u00fcr\u00fcn rasemik bir kar\u0131\u015f\u0131md\u0131r. Saf optik izomerler, optik olarak saf propilen oksidin hidrasyonu ile elde edilebilir.<\/p><p>D\u00fc\u015f\u00fck u\u00e7uculuklu, suyla, alkolle ve eterle kar\u0131\u015fabilir, y\u00fcksek safl\u0131kta berrak renksiz solventtir. \u00d6zellikle kozmetik uygulamalar\u0131 i\u00e7in uygundur. N\u00f6tral ve higroskopiktir. Suyla b\u00fct\u00fcn oranlarda kar\u0131\u015f\u0131r, alkoller, esterler ve ketonlarla daha az kar\u0131\u015f\u0131r. Propilen glikol, etanolle a\u015fa\u011f\u0131 yukar\u0131 e\u015fit g\u00fc\u00e7te bir mikrop \u00f6ld\u00fcr\u00fcc\u00fcd\u00fcr. Sol\u00fcsyonlarda mikroorganizmalar\u0131n \u00e7o\u011falmas\u0131n\u0131 durdurur. Genellikle % 15-30 aral\u0131\u011f\u0131ndaki konsantrasyonuyla istenen etki elde edilir. Kozmetik end\u00fcstrisinin ihtiya\u00e7lar\u0131n\u0131 kar\u015f\u0131lamak amac\u0131yla, \u00f6zellikle y\u00fcksek safl\u0131kta ve kokusuz \u00f6zellikte \u00fcretilmektedir.<\/p><h3>Kullan\u0131m Alanlar\u0131<\/h3><p>Unlu mamullerdeki form\u00fclasyonlarda yayg\u0131n kullan\u0131m\u0131 vard\u0131r. Aroma ve esans sanayinde, ila\u00e7 ve kozmetikte kullan\u0131lmaktad\u0131r.<\/p><p>Teknik kalitede olan formu; poli\u00fcretan plastikler ve polyester re\u00e7ineler i\u00e7in \u00f6nemli bir maddedir. T\u00fct\u00fcn sanayinde, g\u0131da sanayindeki dondurucu makinelerin ya\u011flanmas\u0131nda da kullan\u0131lmaktad\u0131r.<\/p><p>A\u011f\u0131z y\u0131kay\u0131c\u0131 (gargara), di\u015f macunlar\u0131, merhemler, cilt kremleri, \u015fampuanlar ve parf\u00fcmler(suyla \u00e7ok fazla seyreltildiklerinde bile propilen glikol i\u00e7eren \u00e7\u00f6zeltiler genellikle berrak kal\u0131r)<\/p><p>Em\u00fclsiyon olu\u015fumunda kozmetik \u00fcr\u00fcnlerinde bir koruyucu olarak,<\/p><p>Kokular (esanslar) i\u00e7in bir solvent olarak,<\/p><p>Do\u011fal \u00f6zlerden aktif \u00f6zlerini elde etmek i\u00e7in bir ekstrakte edici olarak,<\/p><p>Ya\u011flay\u0131c\u0131 olarak (\u00f6rn; kozmetik end\u00fcstrisinde kullan\u0131lan makineler i\u00e7in) kullan\u0131l\u0131r.<\/p><p>Kozmetik ve deterjanda cilt \u00fczerinde yumu\u015fatma \u00f6zelli\u011fi vard\u0131r, y\u00fczey aktiflerden gelen cilt \u00fczerindeki iritasyonu azaltmak i\u00e7in kullan\u0131l\u0131r. J\u00f6lede % 1-5, \u015fampuanda % 0,5-5, kremlerde % 5-10, g\u00fcne\u015f s\u00fct\u00fcnde % 5-10 oran\u0131nda kullan\u0131lmaktad\u0131r.<\/p><p>\u00dcretilen propilen glikol\u00fcn y\u00fczde k\u0131rk be\u015f doymam\u0131\u015f polyester re\u00e7inelerinin\u00fcretimi i\u00e7in kimyasal besleme sto\u011fu olarak kullan\u0131l\u0131r .<\/p><p>Propilen glikol, d\u00fc\u015f\u00fck toksisiteli, \u00e7evre dostu otomotiv antifrizlerde etilen glikol yerine ge\u00e7er . Bo\u015f yap\u0131lardaki s\u0131hhi tesisat sistemlerini k\u0131\u015flamak i\u00e7in de kullan\u0131l\u0131r.<\/p>\t\t\t\t\t<\/div>\n\t\t\t\t\t\t<\/div>\n\t\t\t\t<\/div>\n\t\t\t\t\t\t<\/div>\n\t\t\t\t\t<\/div>\n\t\t<\/div>\n\t\t\t\t\t\t\t\t<\/div>\n\t\t\t\t\t<\/div>\n\t\t<\/section>\n\t\t\t\t\t\t\t\t\t<\/div>\n\t\t\t<\/div>\n\t\t\t\t\t<\/div>","protected":false},"excerpt":{"rendered":"<p>Previous Next G\u00f6r\u00fcn\u00fcm\u00fc : Berrak, Renksiz Ve Higroskopik Bir S\u0131v\u0131 Kimyasal Ad\u0131 : 1,2,-propanediol Kimyasal Form\u00fcl\u00fc : C3H8O2 Ambalaj \u015eekli : 215 Kg. Varillerde IBClerde Tankerli Tan\u0131m\u0131 ve Kullan\u0131m Alanlar\u0131&hellip;<\/p>","protected":false},"author":2,"featured_media":0,"parent":0,"menu_order":0,"comment_status":"closed","ping_status":"closed","template":"","meta":[],"yoast_head":"<!-- This site is optimized with the Yoast SEO plugin v20.3 - https:\/\/yoast.com\/wordpress\/plugins\/seo\/ -->\n<title>MONO PROP\u0130LEN GL\u0130KOL - http:\/\/www.oztugkimya.com\/<\/title>\n<meta name=\"robots\" content=\"index, follow, max-snippet:-1, max-image-preview:large, max-video-preview:-1\" \/>\n<link rel=\"canonical\" href=\"http:\/\/www.oztugkimya.com\/en\/mono-propilen-glikol\/\" \/>\n<meta property=\"og:locale\" content=\"en_US\" \/>\n<meta property=\"og:type\" content=\"article\" \/>\n<meta property=\"og:title\" content=\"MONO PROP\u0130LEN GL\u0130KOL - http:\/\/www.oztugkimya.com\/\" \/>\n<meta property=\"og:description\" content=\"Previous Next G\u00f6r\u00fcn\u00fcm\u00fc : Berrak, Renksiz Ve Higroskopik Bir S\u0131v\u0131 Kimyasal Ad\u0131 : 1,2,-propanediol Kimyasal Form\u00fcl\u00fc : C3H8O2 Ambalaj \u015eekli : 215 Kg. Varillerde IBClerde Tankerli Tan\u0131m\u0131 ve Kullan\u0131m Alanlar\u0131&hellip;\" \/>\n<meta property=\"og:url\" content=\"http:\/\/www.oztugkimya.com\/en\/mono-propilen-glikol\/\" \/>\n<meta property=\"og:site_name\" content=\"http:\/\/www.oztugkimya.com\/\" \/>\n<meta property=\"article:modified_time\" content=\"2020-10-23T09:14:26+00:00\" \/>\n<meta property=\"og:image\" content=\"http:\/\/www.oztugkimya.com\/wp-content\/uploads\/2020\/05\/oztugdepolama1-150x150.png\" \/>\n<meta name=\"twitter:card\" content=\"summary_large_image\" \/>\n<meta name=\"twitter:label1\" content=\"Est. reading time\" \/>\n\t<meta name=\"twitter:data1\" content=\"3 minutes\" \/>\n<script type=\"application\/ld+json\" class=\"yoast-schema-graph\">{\"@context\":\"https:\/\/schema.org\",\"@graph\":[{\"@type\":\"WebPage\",\"@id\":\"http:\/\/www.oztugkimya.com\/mono-propilen-glikol\/\",\"url\":\"http:\/\/www.oztugkimya.com\/mono-propilen-glikol\/\",\"name\":\"MONO PROP\u0130LEN GL\u0130KOL - http:\/\/www.oztugkimya.com\/\",\"isPartOf\":{\"@id\":\"http:\/\/www.oztugkimya.com\/#website\"},\"datePublished\":\"2020-10-23T09:12:11+00:00\",\"dateModified\":\"2020-10-23T09:14:26+00:00\",\"breadcrumb\":{\"@id\":\"http:\/\/www.oztugkimya.com\/mono-propilen-glikol\/#breadcrumb\"},\"inLanguage\":\"en-US\",\"potentialAction\":[{\"@type\":\"ReadAction\",\"target\":[\"http:\/\/www.oztugkimya.com\/mono-propilen-glikol\/\"]}]},{\"@type\":\"BreadcrumbList\",\"@id\":\"http:\/\/www.oztugkimya.com\/mono-propilen-glikol\/#breadcrumb\",\"itemListElement\":[{\"@type\":\"ListItem\",\"position\":1,\"name\":\"Ana sayfa\",\"item\":\"http:\/\/www.oztugkimya.com\/\"},{\"@type\":\"ListItem\",\"position\":2,\"name\":\"MONO PROP\u0130LEN GL\u0130KOL\"}]},{\"@type\":\"WebSite\",\"@id\":\"http:\/\/www.oztugkimya.com\/#website\",\"url\":\"http:\/\/www.oztugkimya.com\/\",\"name\":\"http:\/\/www.oztugkimya.com\/\",\"description\":\"http:\/\/www.oztugkimya.com\/\",\"potentialAction\":[{\"@type\":\"SearchAction\",\"target\":{\"@type\":\"EntryPoint\",\"urlTemplate\":\"http:\/\/www.oztugkimya.com\/?s={search_term_string}\"},\"query-input\":\"required name=search_term_string\"}],\"inLanguage\":\"en-US\"}]}<\/script>\n<!-- \/ Yoast SEO plugin. -->","yoast_head_json":{"title":"MONO PROP\u0130LEN GL\u0130KOL - http:\/\/www.oztugkimya.com\/","robots":{"index":"index","follow":"follow","max-snippet":"max-snippet:-1","max-image-preview":"max-image-preview:large","max-video-preview":"max-video-preview:-1"},"canonical":"http:\/\/www.oztugkimya.com\/en\/mono-propilen-glikol\/","og_locale":"en_US","og_type":"article","og_title":"MONO PROP\u0130LEN GL\u0130KOL - http:\/\/www.oztugkimya.com\/","og_description":"Previous Next G\u00f6r\u00fcn\u00fcm\u00fc : Berrak, Renksiz Ve Higroskopik Bir S\u0131v\u0131 Kimyasal Ad\u0131 : 1,2,-propanediol Kimyasal Form\u00fcl\u00fc : C3H8O2 Ambalaj \u015eekli : 215 Kg. Varillerde IBClerde Tankerli Tan\u0131m\u0131 ve Kullan\u0131m Alanlar\u0131&hellip;","og_url":"http:\/\/www.oztugkimya.com\/en\/mono-propilen-glikol\/","og_site_name":"http:\/\/www.oztugkimya.com\/","article_modified_time":"2020-10-23T09:14:26+00:00","og_image":[{"url":"http:\/\/www.oztugkimya.com\/wp-content\/uploads\/2020\/05\/oztugdepolama1-150x150.png"}],"twitter_card":"summary_large_image","twitter_misc":{"Est. reading time":"3 minutes"},"schema":{"@context":"https:\/\/schema.org","@graph":[{"@type":"WebPage","@id":"http:\/\/www.oztugkimya.com\/mono-propilen-glikol\/","url":"http:\/\/www.oztugkimya.com\/mono-propilen-glikol\/","name":"MONO PROP\u0130LEN GL\u0130KOL - http:\/\/www.oztugkimya.com\/","isPartOf":{"@id":"http:\/\/www.oztugkimya.com\/#website"},"datePublished":"2020-10-23T09:12:11+00:00","dateModified":"2020-10-23T09:14:26+00:00","breadcrumb":{"@id":"http:\/\/www.oztugkimya.com\/mono-propilen-glikol\/#breadcrumb"},"inLanguage":"en-US","potentialAction":[{"@type":"ReadAction","target":["http:\/\/www.oztugkimya.com\/mono-propilen-glikol\/"]}]},{"@type":"BreadcrumbList","@id":"http:\/\/www.oztugkimya.com\/mono-propilen-glikol\/#breadcrumb","itemListElement":[{"@type":"ListItem","position":1,"name":"Ana sayfa","item":"http:\/\/www.oztugkimya.com\/"},{"@type":"ListItem","position":2,"name":"MONO PROP\u0130LEN GL\u0130KOL"}]},{"@type":"WebSite","@id":"http:\/\/www.oztugkimya.com\/#website","url":"http:\/\/www.oztugkimya.com\/","name":"http:\/\/www.oztugkimya.com\/","description":"http:\/\/www.oztugkimya.com\/","potentialAction":[{"@type":"SearchAction","target":{"@type":"EntryPoint","urlTemplate":"http:\/\/www.oztugkimya.com\/?s={search_term_string}"},"query-input":"required name=search_term_string"}],"inLanguage":"en-US"}]}},"_links":{"self":[{"href":"http:\/\/www.oztugkimya.com\/en\/wp-json\/wp\/v2\/pages\/1382"}],"collection":[{"href":"http:\/\/www.oztugkimya.com\/en\/wp-json\/wp\/v2\/pages"}],"about":[{"href":"http:\/\/www.oztugkimya.com\/en\/wp-json\/wp\/v2\/types\/page"}],"author":[{"embeddable":true,"href":"http:\/\/www.oztugkimya.com\/en\/wp-json\/wp\/v2\/users\/2"}],"replies":[{"embeddable":true,"href":"http:\/\/www.oztugkimya.com\/en\/wp-json\/wp\/v2\/comments?post=1382"}],"version-history":[{"count":2,"href":"http:\/\/www.oztugkimya.com\/en\/wp-json\/wp\/v2\/pages\/1382\/revisions"}],"predecessor-version":[{"id":1384,"href":"http:\/\/www.oztugkimya.com\/en\/wp-json\/wp\/v2\/pages\/1382\/revisions\/1384"}],"wp:attachment":[{"href":"http:\/\/www.oztugkimya.com\/en\/wp-json\/wp\/v2\/media?parent=1382"}],"curies":[{"name":"wp","href":"https:\/\/api.w.org\/{rel}","templated":true}]}}