{"id":1396,"date":"2020-10-23T09:20:46","date_gmt":"2020-10-23T09:20:46","guid":{"rendered":"http:\/\/www.oztugkimya.com\/?page_id=1396"},"modified":"2020-10-23T09:22:26","modified_gmt":"2020-10-23T09:22:26","slug":"sodyum-bi-karbonat","status":"publish","type":"page","link":"http:\/\/www.oztugkimya.com\/en\/sodyum-bi-karbonat\/","title":{"rendered":"SODIUM BICANBUS"},"content":{"rendered":"<div data-elementor-type=\"wp-page\" data-elementor-id=\"1396\" class=\"elementor elementor-1396\">\n\t\t\t\t\t\t<div class=\"elementor-inner\">\n\t\t\t\t<div class=\"elementor-section-wrap\">\n\t\t\t\t\t\t\t\t\t<section class=\"penci-section penci-disSticky penci-structure-20 elementor-section elementor-top-section elementor-element elementor-element-4c1a1eb elementor-section-boxed elementor-section-height-default elementor-section-height-default\" data-id=\"4c1a1eb\" data-element_type=\"section\">\n\t\t\t\t\t\t<div class=\"elementor-container elementor-column-gap-default\">\n\t\t\t\t\t\t\t<div class=\"elementor-row\">\n\t\t\t\t\t<div class=\"penci-ercol-50 penci-ercol-order-1 penci-sticky-ct    elementor-column elementor-col-50 elementor-top-column elementor-element elementor-element-71b16fb\" data-id=\"71b16fb\" data-element_type=\"column\">\n\t\t\t<div class=\"theiaStickySidebar elementor-column-wrap elementor-element-populated\">\n\t\t\t\t\t\t\t<div class=\"elementor-widget-wrap\">\n\t\t\t\t\t\t<div class=\"elementor-element elementor-element-e353ad9 elementor-arrows-position-inside elementor-pagination-position-outside elementor-widget elementor-widget-image-carousel\" data-id=\"e353ad9\" data-element_type=\"widget\" data-settings=\"{&quot;navigation&quot;:&quot;both&quot;,&quot;autoplay&quot;:&quot;yes&quot;,&quot;pause_on_hover&quot;:&quot;yes&quot;,&quot;pause_on_interaction&quot;:&quot;yes&quot;,&quot;autoplay_speed&quot;:5000,&quot;infinite&quot;:&quot;yes&quot;,&quot;speed&quot;:500}\" data-widget_type=\"image-carousel.default\">\n\t\t\t\t<div class=\"elementor-widget-container\">\n\t\t\t\t\t<div class=\"elementor-image-carousel-wrapper swiper-container\" dir=\"ltr\">\n\t\t\t<div class=\"elementor-image-carousel swiper-wrapper\">\n\t\t\t\t\t\t\t\t<div class=\"swiper-slide\"><figure class=\"swiper-slide-inner\"><img decoding=\"async\" class=\"swiper-slide-image\" src=\"http:\/\/www.oztugkimya.com\/wp-content\/uploads\/2020\/05\/oztugdepolama1-150x150.png\" alt=\"oztugdepolama1\" \/><\/figure><\/div><div class=\"swiper-slide\"><figure class=\"swiper-slide-inner\"><img decoding=\"async\" class=\"swiper-slide-image\" src=\"http:\/\/www.oztugkimya.com\/wp-content\/uploads\/2020\/05\/oztuglogistics-150x150.png\" alt=\"oztuglogistics\" \/><\/figure><\/div><div class=\"swiper-slide\"><figure class=\"swiper-slide-inner\"><img decoding=\"async\" class=\"swiper-slide-image\" src=\"http:\/\/www.oztugkimya.com\/wp-content\/uploads\/2020\/05\/oztugmap-150x150.png\" alt=\"oztugmap\" \/><\/figure><\/div><div class=\"swiper-slide\"><figure class=\"swiper-slide-inner\"><img decoding=\"async\" class=\"swiper-slide-image\" src=\"http:\/\/www.oztugkimya.com\/wp-content\/uploads\/2020\/05\/oztugmission-150x150.png\" alt=\"oztugmission\" \/><\/figure><\/div><div class=\"swiper-slide\"><figure class=\"swiper-slide-inner\"><img decoding=\"async\" class=\"swiper-slide-image\" src=\"http:\/\/www.oztugkimya.com\/wp-content\/uploads\/2020\/05\/oztugcustomer-150x150.png\" alt=\"oztugcustomer\" \/><\/figure><\/div>\t\t\t<\/div>\n\t\t\t\t\t\t\t\t\t\t\t\t<div class=\"swiper-pagination\"><\/div>\n\t\t\t\t\t\t\t\t\t\t\t\t\t<div class=\"elementor-swiper-button elementor-swiper-button-prev\">\n\t\t\t\t\t\t<i aria-hidden=\"true\" class=\"eicon-chevron-left\"><\/i>\t\t\t\t\t\t<span class=\"elementor-screen-only\">Previous<\/span>\n\t\t\t\t\t<\/div>\n\t\t\t\t\t<div class=\"elementor-swiper-button elementor-swiper-button-next\">\n\t\t\t\t\t\t<i aria-hidden=\"true\" class=\"eicon-chevron-right\"><\/i>\t\t\t\t\t\t<span class=\"elementor-screen-only\">Next<\/span>\n\t\t\t\t\t<\/div>\n\t\t\t\t\t\t\t\t\t<\/div>\n\t\t\t\t<\/div>\n\t\t\t\t<\/div>\n\t\t\t\t\t\t<\/div>\n\t\t\t\t\t<\/div>\n\t\t<\/div>\n\t\t\t\t<div class=\"penci-ercol-50 penci-ercol-order-2 penci-sticky-ct    elementor-column elementor-col-50 elementor-top-column elementor-element elementor-element-c95d2de\" data-id=\"c95d2de\" data-element_type=\"column\">\n\t\t\t<div class=\"theiaStickySidebar elementor-column-wrap elementor-element-populated\">\n\t\t\t\t\t\t\t<div class=\"elementor-widget-wrap\">\n\t\t\t\t\t\t<div class=\"elementor-element elementor-element-782ee49 elementor-widget elementor-widget-text-editor\" data-id=\"782ee49\" data-element_type=\"widget\" data-widget_type=\"text-editor.default\">\n\t\t\t\t<div class=\"elementor-widget-container\">\n\t\t\t\t\t\t\t\t<div class=\"elementor-text-editor elementor-clearfix\">\n\t\t\t\t<p><strong>G\u00f6r\u00fcn\u00fcm\u00fc :<\/strong> Beyaz toz kristal haldedir.<\/p><p><strong>Kimyasal Ad\u0131 :<\/strong> Sodium hydrogen carbonate; bicarbonate of soda<\/p><p><strong>Kimyasal Form\u00fcl\u00fc :<\/strong> NaHCO3<\/p><p><strong>Ambalaj \u015eekli :<\/strong> 25 Kg, 50 Kg,1000 Kg l\u0131k torbalarda<\/p><p><strong>Tan\u0131m\u0131 ve Kullan\u0131m Alanlar\u0131 :<\/strong><\/p><p>Sodyum bikarbonat kimyasal form\u00fcl\u00fc NaHCO3 olan bir kimyasal bile\u015fiktir. Sodyum tuzlar\u0131ndan birisidir. Anti asit \u00f6zelli\u011fi vard\u0131r. Kabartma tozu olarak da kullan\u0131l\u0131r. Suda \u00e7\u00f6z\u00fcn\u00fcr. Beyaz kat\u0131 kristal tozdur. Sodyum karbonat&#8217;\u0131 and\u0131ran hafif alkali tad\u0131 vard\u0131r. Hamuru kabartmak i\u00e7in kullan\u0131lan kabartma tozu genellikle Sodyum bikarbonat\u0131n (NaHCO3), kuru asitin (H+) ve m\u0131s\u0131r ni\u015fastas\u0131n\u0131n birle\u015fimidir. Sodyum bikarbonat halk dilinde karbonat olarak bilinir. A\u015fa\u011f\u0131daki yaz\u0131da da sodyum bikarbonat yerine k\u0131saca karbonat kelimesi kullan\u0131lacakt\u0131r. S\u0131cakl\u0131\u011f\u0131n (50 \u00b0C ve \u00fcst\u00fc), suyun (H2O) ve asitin etkisiyle kabartma tozundaki karbonat birka\u00e7 bile\u015fene ayr\u0131l\u0131r. Bu i\u015flem s\u0131ras\u0131nda karbondioksit (CO2) gaz\u0131 a\u00e7\u0131\u011fa \u00e7\u0131kar, gaz kabarc\u0131klar\u0131 olu\u015fur ve b\u00f6ylelikle hamur genle\u015fir.<\/p><p>\u00a0<\/p><p>Kimyasal tepkime \u015f\u00f6yledir:NaHCO3 + H+ \u2014\u2014\u2014&gt; Na+ + CO2 + H2<\/p><p>\u00a0<\/p><p>Karbonat sadece hamuru kabartmakla kalm\u0131yor; yanm\u0131\u015f tencereyi, yanm\u0131\u015f f\u0131r\u0131n tepsisini vs. kolayca temizlemek i\u00e7in: \u00d6rne\u011fin tencereye bir parmak kal\u0131nl\u0131\u011f\u0131 kadar su doldurulur; bir paket kabartma tozu (ya da karbonat) ilave edilip, 10 dakika kadar kaynat\u0131l\u0131r. Yanm\u0131\u015f yemek tortusu an\u0131nda \u00e7\u00f6z\u00fclecektir. \u00c7aydanl\u0131klardaki, termoslardaki ve \u00e7i\u00e7ek vazolar\u0131ndaki lekeler kaynam\u0131\u015f su ve karbonat kar\u0131\u015f\u0131m\u0131 ile kolayl\u0131kla giderilir.<\/p><p>\u00a0<\/p><p>Kaynam\u0131\u015f suda karbonat CO2sinin yar\u0131s\u0131n\u0131 kaybederek soda (Na2CO3) olu\u015fur:<\/p><p>\u00a0<\/p><p>2NaHCO3 + \u0131s\u0131 \u2014\u2014\u2014&gt; Na2CO3 + H2O + CO2<\/p><p>\u00a0<\/p><p>Olu\u015fan soda suyla tepkimeye girerek sodyum hidroksit (NaOH) meydana gelir. B\u00f6ylelikle \u00e7\u00f6zelti daha da bazikle\u015fir ve deterjan \u00f6zelli\u011fi artar.<\/p><p>\u00a0<\/p><p>Na2CO3 + H2O \u2014\u2014\u2014&gt; NaHCO3 + NaOH<\/p><p>\u00a0<\/p><p>Haftada bir di\u015fler kabartma tozuyla (veya karbonatla) f\u0131r\u00e7alan\u0131rsa, di\u015fler beyazla\u015f\u0131r. Burada dikkat edilmesi gereken husus, f\u0131r\u00e7alama i\u015fleminden sonra yar\u0131m saat boyunca asitli yiyecekler ve i\u00e7ecekler kullan\u0131lmamas\u0131. Karbonat, suyun sertli\u011fine sebebiyet veren kalsiyum (Ca2+) ve magnezyum (Mg2+) iyonlar\u0131yla tepkimeye girerek \u00e7\u00f6kelti olu\u015fturur ve suyun yumu\u015famas\u0131n\u0131 sa\u011flar.<\/p><p>\u00a0<\/p><p>Bakliyatlar ve sert sebzeler ha\u015flan\u0131rken, ha\u015flama suyuna karbonat eklenirse daha \u00e7abuk yumu\u015famalar\u0131 sa\u011flan\u0131r. Karbonat\u0131n bazik \u00f6zelli\u011fi sel\u00fclozun kabarmas\u0131na yard\u0131mc\u0131 olur. Karbonat yine bazik \u00f6zelli\u011fi sayesinde istenmeyen kokular\u0131 yok eder. \u00d6rne\u011fin a\u011f\u0131z kokusu, lavabo ve tuvaletlerdeki at\u0131k su ak\u0131m yerleri, kokan ayakkab\u0131lar, buzdolab\u0131 gibi. \u00c7\u00fcnk\u00fc karbonat kokular\u0131 kendine ba\u011flama \u00f6zelli\u011fine sahiptir. Lahana, karnabahar gibi sebzeler k\u00fck\u00fcrt\u00e7e zengindirler. Bu k\u00fck\u00fcrt, bu gibi sebzeler ha\u015flan\u0131rken \u00e7\u00f6z\u00fcn\u00fcr ve ho\u015f olmayan kokuya sebebiyet verir. Bu t\u00fcr sebzeleri ha\u015flarken ha\u015flama suyuna biraz karbonat eklemek istenmeyen kokular\u0131n olu\u015fumunu azalt\u0131r. Bazik ortamda havadaki oksijen bu k\u00fck\u00fcrt bile\u015fenlerini y\u00fckseltger. Ayn\u0131 zamanda karbonat bu t\u00fcr sebzelerin gaz yap\u0131c\u0131 \u00f6zelli\u011fini de azalt\u0131r. Deodorant yerine ve terlemi\u015f ayaklar i\u00e7in ayak banyosunda kullan\u0131l\u0131r. Bu uygulama en fazla haftada bir yap\u0131lmal\u0131d\u0131r. B\u00f6cek sokmas\u0131ndan sonra o b\u00f6lgeye karbonatl\u0131 su ile pansuman uygulan\u0131rsa ka\u015f\u0131nt\u0131y\u0131 ve kabarmay\u0131 hemen azalt\u0131r. Genel olarak yar\u0131m litre suda bir ka\u015f\u0131k karbonatla yap\u0131lan kar\u0131\u015f\u0131m ka\u015f\u0131nt\u0131lara kar\u015f\u0131 iyi gelir. G\u00fcne\u015f yan\u0131\u011f\u0131na maruz kalan b\u00f6lgelere de karbonatl\u0131 su faydal\u0131d\u0131r, an\u0131nda a\u011fr\u0131 kesici \u00f6zelli\u011fi vard\u0131r. Karbonat mide yanmas\u0131 i\u00e7in de kullan\u0131l\u0131r. Mide yanmas\u0131, midenin gere\u011finden fazla mide asidi salg\u0131lamas\u0131ndan kaynaklan\u0131r.<\/p><h3>Kullan\u0131m Alanlar\u0131<\/h3><p>Sodyum bikarbonat, halk aras\u0131nda s\u0131kl\u0131kla hamur kabartma tozu olarak bilindi\u011fi i\u00e7in, bu \u015fekilde kullan\u0131m\u0131 yayg\u0131nd\u0131r. Ancak bunun yan\u0131 s\u0131ra yanm\u0131\u015f tepsilerin ve tencerelerin rahat bir \u015fekilde temizlenebilmesi i\u00e7in iyi bir \u00e7\u00f6z\u00fcmd\u00fcr.<\/p><p>Ayr\u0131ca demliklerin i\u00e7erisindeki kal\u0131nt\u0131lar\u0131n, termoslardaki ve vazolardaki kal\u0131nt\u0131lar\u0131n temizlenmesinde de kullan\u0131l\u0131r. Uygulanmas\u0131 da son derece basittir. Uygulanacak kaba s\u0131cak su doldurulur ve i\u00e7erisine sodyum bikarbonat d\u00f6k\u00fcl\u00fcr. Bu kar\u0131\u015f\u0131mla lekeler kolayl\u0131kla temizlenir.<\/p><p>Sodyum bikarbonat\u0131n soda hali suyla tepkimeye girdi\u011finde bazik \u00f6zellik kazanarak deterjan g\u00f6revi g\u00f6rmektedir.<\/p><p>Sodyum bikarbonat, kuru bakliyatlar\u0131n daha iyi ha\u015flanmas\u0131 i\u00e7in de kullan\u0131labilir. Ha\u015flama suyuna bir miktar sodyum bikarbonat eklendi\u011finde bakliyatlar daha \u00e7abuk yumu\u015far.<\/p><p>Ayr\u0131ca a\u011f\u0131z kokusu olanlar\u0131n da derdine \u00e7are olabilmektedir. \u0130stenmeyen kokular\u0131 \u00f6nleyen bu madde, lavabo kokular\u0131n\u0131n \u00f6nlenmesi, ayakkab\u0131 kokular\u0131n\u0131n giderilmesi, buzdolab\u0131 kokular\u0131n\u0131n giderilmesi i\u00e7in de kullan\u0131labilir.<\/p><p>Sodyum bikarbonat; lahana ve karnabahar gibi sebzelerin ha\u015flanmas\u0131 esnas\u0131nda \u00e7\u0131kan kokular\u0131n giderilmesi i\u00e7inde ha\u015flama suyuna kat\u0131larak kokular \u00f6nlenebilir.<\/p><p>B\u00f6cek sokmalar\u0131 sonras\u0131nda, b\u00f6cek \u0131s\u0131r\u0131\u011f\u0131n\u0131n oldu\u011fu yere sodyum bikarbonatl\u0131 su ile uygulama yap\u0131ld\u0131\u011f\u0131nda \u0131s\u0131r\u0131lan b\u00f6lgedeki ka\u015f\u0131nt\u0131y\u0131 engellemektedir.<\/p><p>El ve ayak terlemesi sorunu olanlar\u0131n deodorant yerine sodyum bikarbonatl\u0131 su kullan\u0131l\u0131rsa bu b\u00f6lgelerdeki terleme sorununda azalma olur ve k\u00f6t\u00fc kokular da engellenir.<\/p><p>G\u00fcne\u015f yan\u0131klar\u0131nda sodyum bikarbonatl\u0131 su yanan b\u00f6lgeye an\u0131nda uygulan\u0131rsa, yan\u0131k b\u00f6lgedeki a\u011fr\u0131y\u0131 hafifletmektedir.<\/p>\t\t\t\t\t<\/div>\n\t\t\t\t\t\t<\/div>\n\t\t\t\t<\/div>\n\t\t\t\t\t\t<\/div>\n\t\t\t\t\t<\/div>\n\t\t<\/div>\n\t\t\t\t\t\t\t\t<\/div>\n\t\t\t\t\t<\/div>\n\t\t<\/section>\n\t\t\t\t\t\t\t\t\t<\/div>\n\t\t\t<\/div>\n\t\t\t\t\t<\/div>","protected":false},"excerpt":{"rendered":"<p>Previous Next G\u00f6r\u00fcn\u00fcm\u00fc : Beyaz toz kristal haldedir. Kimyasal Ad\u0131 : Sodium hydrogen carbonate; bicarbonate of soda Kimyasal Form\u00fcl\u00fc : NaHCO3 Ambalaj \u015eekli : 25 Kg, 50 Kg,1000 Kg l\u0131k&hellip;<\/p>","protected":false},"author":2,"featured_media":0,"parent":0,"menu_order":0,"comment_status":"closed","ping_status":"closed","template":"","meta":[],"yoast_head":"<!-- This site is optimized with the Yoast SEO plugin v20.3 - https:\/\/yoast.com\/wordpress\/plugins\/seo\/ -->\n<title>SODYUM B\u0130 KARBONAT - http:\/\/www.oztugkimya.com\/<\/title>\n<meta name=\"robots\" content=\"index, follow, max-snippet:-1, max-image-preview:large, max-video-preview:-1\" \/>\n<link rel=\"canonical\" href=\"http:\/\/www.oztugkimya.com\/en\/sodyum-bi-karbonat\/\" \/>\n<meta property=\"og:locale\" content=\"en_US\" \/>\n<meta property=\"og:type\" content=\"article\" \/>\n<meta property=\"og:title\" content=\"SODYUM B\u0130 KARBONAT - http:\/\/www.oztugkimya.com\/\" \/>\n<meta property=\"og:description\" content=\"Previous Next G\u00f6r\u00fcn\u00fcm\u00fc : Beyaz toz kristal haldedir. Kimyasal Ad\u0131 : Sodium hydrogen carbonate; bicarbonate of soda Kimyasal Form\u00fcl\u00fc : NaHCO3 Ambalaj \u015eekli : 25 Kg, 50 Kg,1000 Kg l\u0131k&hellip;\" \/>\n<meta property=\"og:url\" content=\"http:\/\/www.oztugkimya.com\/en\/sodyum-bi-karbonat\/\" \/>\n<meta property=\"og:site_name\" content=\"http:\/\/www.oztugkimya.com\/\" \/>\n<meta property=\"article:modified_time\" content=\"2020-10-23T09:22:26+00:00\" \/>\n<meta property=\"og:image\" content=\"http:\/\/www.oztugkimya.com\/wp-content\/uploads\/2020\/05\/oztugdepolama1-150x150.png\" \/>\n<meta name=\"twitter:card\" content=\"summary_large_image\" \/>\n<meta name=\"twitter:label1\" content=\"Est. reading time\" \/>\n\t<meta name=\"twitter:data1\" content=\"4 minutes\" \/>\n<script type=\"application\/ld+json\" class=\"yoast-schema-graph\">{\"@context\":\"https:\/\/schema.org\",\"@graph\":[{\"@type\":\"WebPage\",\"@id\":\"http:\/\/www.oztugkimya.com\/sodyum-bi-karbonat\/\",\"url\":\"http:\/\/www.oztugkimya.com\/sodyum-bi-karbonat\/\",\"name\":\"SODYUM B\u0130 KARBONAT - http:\/\/www.oztugkimya.com\/\",\"isPartOf\":{\"@id\":\"http:\/\/www.oztugkimya.com\/#website\"},\"datePublished\":\"2020-10-23T09:20:46+00:00\",\"dateModified\":\"2020-10-23T09:22:26+00:00\",\"breadcrumb\":{\"@id\":\"http:\/\/www.oztugkimya.com\/sodyum-bi-karbonat\/#breadcrumb\"},\"inLanguage\":\"en-US\",\"potentialAction\":[{\"@type\":\"ReadAction\",\"target\":[\"http:\/\/www.oztugkimya.com\/sodyum-bi-karbonat\/\"]}]},{\"@type\":\"BreadcrumbList\",\"@id\":\"http:\/\/www.oztugkimya.com\/sodyum-bi-karbonat\/#breadcrumb\",\"itemListElement\":[{\"@type\":\"ListItem\",\"position\":1,\"name\":\"Ana sayfa\",\"item\":\"http:\/\/www.oztugkimya.com\/\"},{\"@type\":\"ListItem\",\"position\":2,\"name\":\"SODYUM B\u0130 KARBONAT\"}]},{\"@type\":\"WebSite\",\"@id\":\"http:\/\/www.oztugkimya.com\/#website\",\"url\":\"http:\/\/www.oztugkimya.com\/\",\"name\":\"http:\/\/www.oztugkimya.com\/\",\"description\":\"http:\/\/www.oztugkimya.com\/\",\"potentialAction\":[{\"@type\":\"SearchAction\",\"target\":{\"@type\":\"EntryPoint\",\"urlTemplate\":\"http:\/\/www.oztugkimya.com\/?s={search_term_string}\"},\"query-input\":\"required name=search_term_string\"}],\"inLanguage\":\"en-US\"}]}<\/script>\n<!-- \/ Yoast SEO plugin. -->","yoast_head_json":{"title":"SODYUM B\u0130 KARBONAT - http:\/\/www.oztugkimya.com\/","robots":{"index":"index","follow":"follow","max-snippet":"max-snippet:-1","max-image-preview":"max-image-preview:large","max-video-preview":"max-video-preview:-1"},"canonical":"http:\/\/www.oztugkimya.com\/en\/sodyum-bi-karbonat\/","og_locale":"en_US","og_type":"article","og_title":"SODYUM B\u0130 KARBONAT - http:\/\/www.oztugkimya.com\/","og_description":"Previous Next G\u00f6r\u00fcn\u00fcm\u00fc : Beyaz toz kristal haldedir. Kimyasal Ad\u0131 : Sodium hydrogen carbonate; bicarbonate of soda Kimyasal Form\u00fcl\u00fc : NaHCO3 Ambalaj \u015eekli : 25 Kg, 50 Kg,1000 Kg l\u0131k&hellip;","og_url":"http:\/\/www.oztugkimya.com\/en\/sodyum-bi-karbonat\/","og_site_name":"http:\/\/www.oztugkimya.com\/","article_modified_time":"2020-10-23T09:22:26+00:00","og_image":[{"url":"http:\/\/www.oztugkimya.com\/wp-content\/uploads\/2020\/05\/oztugdepolama1-150x150.png"}],"twitter_card":"summary_large_image","twitter_misc":{"Est. reading time":"4 minutes"},"schema":{"@context":"https:\/\/schema.org","@graph":[{"@type":"WebPage","@id":"http:\/\/www.oztugkimya.com\/sodyum-bi-karbonat\/","url":"http:\/\/www.oztugkimya.com\/sodyum-bi-karbonat\/","name":"SODYUM B\u0130 KARBONAT - http:\/\/www.oztugkimya.com\/","isPartOf":{"@id":"http:\/\/www.oztugkimya.com\/#website"},"datePublished":"2020-10-23T09:20:46+00:00","dateModified":"2020-10-23T09:22:26+00:00","breadcrumb":{"@id":"http:\/\/www.oztugkimya.com\/sodyum-bi-karbonat\/#breadcrumb"},"inLanguage":"en-US","potentialAction":[{"@type":"ReadAction","target":["http:\/\/www.oztugkimya.com\/sodyum-bi-karbonat\/"]}]},{"@type":"BreadcrumbList","@id":"http:\/\/www.oztugkimya.com\/sodyum-bi-karbonat\/#breadcrumb","itemListElement":[{"@type":"ListItem","position":1,"name":"Ana sayfa","item":"http:\/\/www.oztugkimya.com\/"},{"@type":"ListItem","position":2,"name":"SODYUM B\u0130 KARBONAT"}]},{"@type":"WebSite","@id":"http:\/\/www.oztugkimya.com\/#website","url":"http:\/\/www.oztugkimya.com\/","name":"http:\/\/www.oztugkimya.com\/","description":"http:\/\/www.oztugkimya.com\/","potentialAction":[{"@type":"SearchAction","target":{"@type":"EntryPoint","urlTemplate":"http:\/\/www.oztugkimya.com\/?s={search_term_string}"},"query-input":"required name=search_term_string"}],"inLanguage":"en-US"}]}},"_links":{"self":[{"href":"http:\/\/www.oztugkimya.com\/en\/wp-json\/wp\/v2\/pages\/1396"}],"collection":[{"href":"http:\/\/www.oztugkimya.com\/en\/wp-json\/wp\/v2\/pages"}],"about":[{"href":"http:\/\/www.oztugkimya.com\/en\/wp-json\/wp\/v2\/types\/page"}],"author":[{"embeddable":true,"href":"http:\/\/www.oztugkimya.com\/en\/wp-json\/wp\/v2\/users\/2"}],"replies":[{"embeddable":true,"href":"http:\/\/www.oztugkimya.com\/en\/wp-json\/wp\/v2\/comments?post=1396"}],"version-history":[{"count":2,"href":"http:\/\/www.oztugkimya.com\/en\/wp-json\/wp\/v2\/pages\/1396\/revisions"}],"predecessor-version":[{"id":1398,"href":"http:\/\/www.oztugkimya.com\/en\/wp-json\/wp\/v2\/pages\/1396\/revisions\/1398"}],"wp:attachment":[{"href":"http:\/\/www.oztugkimya.com\/en\/wp-json\/wp\/v2\/media?parent=1396"}],"curies":[{"name":"wp","href":"https:\/\/api.w.org\/{rel}","templated":true}]}}