{"id":1410,"date":"2020-10-23T09:28:25","date_gmt":"2020-10-23T09:28:25","guid":{"rendered":"http:\/\/www.oztugkimya.com\/?page_id=1410"},"modified":"2020-10-23T09:29:54","modified_gmt":"2020-10-23T09:29:54","slug":"tartarik-asit","status":"publish","type":"page","link":"http:\/\/www.oztugkimya.com\/en\/tartarik-asit\/","title":{"rendered":"TARTARIC ACID"},"content":{"rendered":"<div data-elementor-type=\"wp-page\" data-elementor-id=\"1410\" class=\"elementor elementor-1410\">\n\t\t\t\t\t\t<div class=\"elementor-inner\">\n\t\t\t\t<div class=\"elementor-section-wrap\">\n\t\t\t\t\t\t\t\t\t<section class=\"penci-section penci-disSticky penci-structure-20 elementor-section elementor-top-section elementor-element elementor-element-f48afcb elementor-section-boxed elementor-section-height-default elementor-section-height-default\" data-id=\"f48afcb\" data-element_type=\"section\">\n\t\t\t\t\t\t<div class=\"elementor-container elementor-column-gap-default\">\n\t\t\t\t\t\t\t<div class=\"elementor-row\">\n\t\t\t\t\t<div class=\"penci-ercol-50 penci-ercol-order-1 penci-sticky-ct    elementor-column elementor-col-50 elementor-top-column elementor-element elementor-element-4b053c9\" data-id=\"4b053c9\" data-element_type=\"column\">\n\t\t\t<div class=\"theiaStickySidebar elementor-column-wrap elementor-element-populated\">\n\t\t\t\t\t\t\t<div class=\"elementor-widget-wrap\">\n\t\t\t\t\t\t<div class=\"elementor-element elementor-element-549134b elementor-arrows-position-inside elementor-pagination-position-outside elementor-widget elementor-widget-image-carousel\" data-id=\"549134b\" data-element_type=\"widget\" data-settings=\"{&quot;navigation&quot;:&quot;both&quot;,&quot;autoplay&quot;:&quot;yes&quot;,&quot;pause_on_hover&quot;:&quot;yes&quot;,&quot;pause_on_interaction&quot;:&quot;yes&quot;,&quot;autoplay_speed&quot;:5000,&quot;infinite&quot;:&quot;yes&quot;,&quot;speed&quot;:500}\" data-widget_type=\"image-carousel.default\">\n\t\t\t\t<div class=\"elementor-widget-container\">\n\t\t\t\t\t<div class=\"elementor-image-carousel-wrapper swiper-container\" dir=\"ltr\">\n\t\t\t<div class=\"elementor-image-carousel swiper-wrapper\">\n\t\t\t\t\t\t\t\t<div class=\"swiper-slide\"><figure class=\"swiper-slide-inner\"><img decoding=\"async\" class=\"swiper-slide-image\" src=\"http:\/\/www.oztugkimya.com\/wp-content\/uploads\/2020\/05\/oztugdepolama1-150x150.png\" alt=\"oztugdepolama1\" \/><\/figure><\/div><div class=\"swiper-slide\"><figure class=\"swiper-slide-inner\"><img decoding=\"async\" class=\"swiper-slide-image\" src=\"http:\/\/www.oztugkimya.com\/wp-content\/uploads\/2020\/05\/oztuglogistics-150x150.png\" alt=\"oztuglogistics\" \/><\/figure><\/div><div class=\"swiper-slide\"><figure class=\"swiper-slide-inner\"><img decoding=\"async\" class=\"swiper-slide-image\" src=\"http:\/\/www.oztugkimya.com\/wp-content\/uploads\/2020\/05\/oztugmap-150x150.png\" alt=\"oztugmap\" \/><\/figure><\/div><div class=\"swiper-slide\"><figure class=\"swiper-slide-inner\"><img decoding=\"async\" class=\"swiper-slide-image\" src=\"http:\/\/www.oztugkimya.com\/wp-content\/uploads\/2020\/05\/oztugmission-150x150.png\" alt=\"oztugmission\" \/><\/figure><\/div><div class=\"swiper-slide\"><figure class=\"swiper-slide-inner\"><img decoding=\"async\" class=\"swiper-slide-image\" src=\"http:\/\/www.oztugkimya.com\/wp-content\/uploads\/2020\/05\/oztugcustomer-150x150.png\" alt=\"oztugcustomer\" \/><\/figure><\/div>\t\t\t<\/div>\n\t\t\t\t\t\t\t\t\t\t\t\t<div class=\"swiper-pagination\"><\/div>\n\t\t\t\t\t\t\t\t\t\t\t\t\t<div class=\"elementor-swiper-button elementor-swiper-button-prev\">\n\t\t\t\t\t\t<i aria-hidden=\"true\" class=\"eicon-chevron-left\"><\/i>\t\t\t\t\t\t<span class=\"elementor-screen-only\">Previous<\/span>\n\t\t\t\t\t<\/div>\n\t\t\t\t\t<div class=\"elementor-swiper-button elementor-swiper-button-next\">\n\t\t\t\t\t\t<i aria-hidden=\"true\" class=\"eicon-chevron-right\"><\/i>\t\t\t\t\t\t<span class=\"elementor-screen-only\">Next<\/span>\n\t\t\t\t\t<\/div>\n\t\t\t\t\t\t\t\t\t<\/div>\n\t\t\t\t<\/div>\n\t\t\t\t<\/div>\n\t\t\t\t\t\t<\/div>\n\t\t\t\t\t<\/div>\n\t\t<\/div>\n\t\t\t\t<div class=\"penci-ercol-50 penci-ercol-order-2 penci-sticky-ct    elementor-column elementor-col-50 elementor-top-column elementor-element elementor-element-2314093\" data-id=\"2314093\" data-element_type=\"column\">\n\t\t\t<div class=\"theiaStickySidebar elementor-column-wrap elementor-element-populated\">\n\t\t\t\t\t\t\t<div class=\"elementor-widget-wrap\">\n\t\t\t\t\t\t<div class=\"elementor-element elementor-element-7dfd399 elementor-widget elementor-widget-text-editor\" data-id=\"7dfd399\" data-element_type=\"widget\" data-widget_type=\"text-editor.default\">\n\t\t\t\t<div class=\"elementor-widget-container\">\n\t\t\t\t\t\t\t\t<div class=\"elementor-text-editor elementor-clearfix\">\n\t\t\t\t<p><strong>G\u00f6r\u00fcn\u00fcm\u00fc :<\/strong> Kristal Renksiz Organik Asit<\/p><p><strong>Kimyasal Ad\u0131 :<\/strong> 2,3-dihydroxybutanedioic acid<\/p><p><strong>Kimyasal Form\u00fcl\u00fc :<\/strong> C4H6O6<\/p><p><strong>Ambalaj \u015eekli :<\/strong> 25 Kg. \u00e7uvallarda<\/p><p><strong>Kullan\u0131m Alanlar\u0131 :<\/strong><\/p><p>Tartarik asit, kristal yap\u0131l\u0131 olan bu asit genel olarak bitkilerde ve meyvelerde yayg\u0131n \u015fekilde g\u00f6r\u00fcl\u00fcr. Organik bir asit olan tartarik asidin kimyasal form\u00fcl\u00fc C4H6O6 \u015feklindedir ve yo\u011funlu\u011fu ise 1,788g\/cm olmaktad\u0131r. Tartarik asit ba\u015fta sanayi olmak \u00fczere farkl\u0131 sanayi dallar\u0131nda da kullan\u0131l\u0131r. Bu asit genelde \u015farab\u0131n mayalanmas\u0131 i\u00e7in tercih edilir ve mayalanmas\u0131 s\u0131ras\u0131nda potasyumun yan \u00fcr\u00fcn\u00fc olarak olu\u015fturulur.<\/p><p>Tartarik asit y\u00fcn boyama, cilalama, jel\u00e2tin, tatl\u0131lar ve gazozlar\u0131n i\u00e7erisinde s\u0131k kullan\u0131lmaktad\u0131r. Bunun d\u0131\u015f\u0131nda ise antimon potasyum tartarlar\u0131 da genelde b\u00f6cek ila\u00e7lar\u0131 ile mordan olarak tercih edilip kullan\u0131l\u0131r. \u00c7o\u011funluklu \u00fcz\u00fcm meyvesinin i\u00e7erisinde bulunan tartarik asit \u00fcz\u00fcm d\u0131\u015f\u0131nda ki baz\u0131 meyvelerde de olu\u015fmaktad\u0131r. Ancak bu meyvelerde g\u00f6r\u00fclen tartarik asitlere deksro tartarik asit ad\u0131 verilmektedir. Rasemin kar\u0131\u015f\u0131m\u0131ndan olu\u015fan tartarik aside ise levo ad\u0131 verilmi\u015ftir. Tartarik asitler suda \u00e7\u00f6z\u00fclebilen dikarboksilik asitler aras\u0131nda yer al\u0131r.<\/p><h3>Kullan\u0131m Alanlar\u0131<\/h3><p>G\u0131dalara ek\u015fimsi bir tat vermek amac\u0131yla kullan\u0131l\u0131r.<\/p><p>E334 olan tartarik asit iyi bir antioksidand\u0131r.<\/p><p>Tartarik asidin en yayg\u0131n kullan\u0131ld\u0131\u011f\u0131 alan gazoz yap\u0131m\u0131d\u0131r. Adeta gazoza tat vermek i\u00e7in kullan\u0131lan tartarik asit gazozun olmazsa olmaz bile\u015fenidir.<\/p><p>Y\u00fcnlerin boyanmas\u0131 i\u00e7in tercih edilir.<\/p><p>Metallerin parlat\u0131lmas\u0131, cilalanmas\u0131 ve temizlenmesi i\u00e7in kullan\u0131labilir.<\/p><p>F\u0131r\u0131n \u00fcr\u00fcnlerinde karbondioksiti serbest b\u0131rakmak amac\u0131yla kullan\u0131l\u0131r.<\/p><p>Jelatinli tatl\u0131lar\u0131n olmazsa olmaz\u0131 tartarik asit, genelde beze, lokum ve krem \u015fanti gibi \u00fcr\u00fcnlerde k\u0131vam artt\u0131r\u0131c\u0131 olarak tercih edilir.<\/p><p>Tartarik asidin \u00fcz\u00fcmden elde edilmi\u015f hali genelde pastac\u0131l\u0131kta \u00e7ok tercih edilir. Pastalar\u0131n kabart\u0131lmas\u0131 i\u00e7in tartarik asit kabartma tozu yerine tercih edilebilir.<\/p><p>Meyvelerde s\u0131k bulunan, mayho\u015f ve kuvvetli bir tada sahip olan tartarik asit \u015farap yap\u0131m\u0131nda, \u015farab\u0131n mayalanmas\u0131 i\u00e7in tercih edilir.<\/p><p>Marmelat ve re\u00e7ellerin yap\u0131m\u0131nda kullan\u0131l\u0131r.<\/p>\t\t\t\t\t<\/div>\n\t\t\t\t\t\t<\/div>\n\t\t\t\t<\/div>\n\t\t\t\t\t\t<\/div>\n\t\t\t\t\t<\/div>\n\t\t<\/div>\n\t\t\t\t\t\t\t\t<\/div>\n\t\t\t\t\t<\/div>\n\t\t<\/section>\n\t\t\t\t\t\t\t\t\t<\/div>\n\t\t\t<\/div>\n\t\t\t\t\t<\/div>","protected":false},"excerpt":{"rendered":"<p>Previous Next G\u00f6r\u00fcn\u00fcm\u00fc : Kristal Renksiz Organik Asit Kimyasal Ad\u0131 : 2,3-dihydroxybutanedioic acid Kimyasal Form\u00fcl\u00fc : C4H6O6 Ambalaj \u015eekli : 25 Kg. \u00e7uvallarda Kullan\u0131m Alanlar\u0131 : Tartarik asit, kristal yap\u0131l\u0131&hellip;<\/p>","protected":false},"author":2,"featured_media":0,"parent":0,"menu_order":0,"comment_status":"closed","ping_status":"closed","template":"","meta":[],"yoast_head":"<!-- This site is optimized with the Yoast SEO plugin v20.3 - https:\/\/yoast.com\/wordpress\/plugins\/seo\/ -->\n<title>TARTAR\u0130K AS\u0130T - http:\/\/www.oztugkimya.com\/<\/title>\n<meta name=\"robots\" content=\"index, follow, max-snippet:-1, max-image-preview:large, max-video-preview:-1\" \/>\n<link rel=\"canonical\" href=\"http:\/\/www.oztugkimya.com\/en\/tartarik-asit\/\" \/>\n<meta property=\"og:locale\" content=\"en_US\" \/>\n<meta property=\"og:type\" content=\"article\" \/>\n<meta property=\"og:title\" content=\"TARTAR\u0130K AS\u0130T - http:\/\/www.oztugkimya.com\/\" \/>\n<meta property=\"og:description\" content=\"Previous Next G\u00f6r\u00fcn\u00fcm\u00fc : Kristal Renksiz Organik Asit Kimyasal Ad\u0131 : 2,3-dihydroxybutanedioic acid Kimyasal Form\u00fcl\u00fc : C4H6O6 Ambalaj \u015eekli : 25 Kg. \u00e7uvallarda Kullan\u0131m Alanlar\u0131 : Tartarik asit, kristal yap\u0131l\u0131&hellip;\" \/>\n<meta property=\"og:url\" content=\"http:\/\/www.oztugkimya.com\/en\/tartarik-asit\/\" \/>\n<meta property=\"og:site_name\" content=\"http:\/\/www.oztugkimya.com\/\" \/>\n<meta property=\"article:modified_time\" content=\"2020-10-23T09:29:54+00:00\" \/>\n<meta property=\"og:image\" content=\"http:\/\/www.oztugkimya.com\/wp-content\/uploads\/2020\/05\/oztugdepolama1-150x150.png\" \/>\n<meta name=\"twitter:card\" content=\"summary_large_image\" \/>\n<meta name=\"twitter:label1\" content=\"Est. reading time\" \/>\n\t<meta name=\"twitter:data1\" content=\"2 minutes\" \/>\n<script type=\"application\/ld+json\" class=\"yoast-schema-graph\">{\"@context\":\"https:\/\/schema.org\",\"@graph\":[{\"@type\":\"WebPage\",\"@id\":\"http:\/\/www.oztugkimya.com\/tartarik-asit\/\",\"url\":\"http:\/\/www.oztugkimya.com\/tartarik-asit\/\",\"name\":\"TARTAR\u0130K AS\u0130T - http:\/\/www.oztugkimya.com\/\",\"isPartOf\":{\"@id\":\"http:\/\/www.oztugkimya.com\/#website\"},\"datePublished\":\"2020-10-23T09:28:25+00:00\",\"dateModified\":\"2020-10-23T09:29:54+00:00\",\"breadcrumb\":{\"@id\":\"http:\/\/www.oztugkimya.com\/tartarik-asit\/#breadcrumb\"},\"inLanguage\":\"en-US\",\"potentialAction\":[{\"@type\":\"ReadAction\",\"target\":[\"http:\/\/www.oztugkimya.com\/tartarik-asit\/\"]}]},{\"@type\":\"BreadcrumbList\",\"@id\":\"http:\/\/www.oztugkimya.com\/tartarik-asit\/#breadcrumb\",\"itemListElement\":[{\"@type\":\"ListItem\",\"position\":1,\"name\":\"Ana sayfa\",\"item\":\"http:\/\/www.oztugkimya.com\/\"},{\"@type\":\"ListItem\",\"position\":2,\"name\":\"TARTAR\u0130K AS\u0130T\"}]},{\"@type\":\"WebSite\",\"@id\":\"http:\/\/www.oztugkimya.com\/#website\",\"url\":\"http:\/\/www.oztugkimya.com\/\",\"name\":\"http:\/\/www.oztugkimya.com\/\",\"description\":\"http:\/\/www.oztugkimya.com\/\",\"potentialAction\":[{\"@type\":\"SearchAction\",\"target\":{\"@type\":\"EntryPoint\",\"urlTemplate\":\"http:\/\/www.oztugkimya.com\/?s={search_term_string}\"},\"query-input\":\"required name=search_term_string\"}],\"inLanguage\":\"en-US\"}]}<\/script>\n<!-- \/ Yoast SEO plugin. -->","yoast_head_json":{"title":"TARTAR\u0130K AS\u0130T - http:\/\/www.oztugkimya.com\/","robots":{"index":"index","follow":"follow","max-snippet":"max-snippet:-1","max-image-preview":"max-image-preview:large","max-video-preview":"max-video-preview:-1"},"canonical":"http:\/\/www.oztugkimya.com\/en\/tartarik-asit\/","og_locale":"en_US","og_type":"article","og_title":"TARTAR\u0130K AS\u0130T - http:\/\/www.oztugkimya.com\/","og_description":"Previous Next G\u00f6r\u00fcn\u00fcm\u00fc : Kristal Renksiz Organik Asit Kimyasal Ad\u0131 : 2,3-dihydroxybutanedioic acid Kimyasal Form\u00fcl\u00fc : C4H6O6 Ambalaj \u015eekli : 25 Kg. \u00e7uvallarda Kullan\u0131m Alanlar\u0131 : Tartarik asit, kristal yap\u0131l\u0131&hellip;","og_url":"http:\/\/www.oztugkimya.com\/en\/tartarik-asit\/","og_site_name":"http:\/\/www.oztugkimya.com\/","article_modified_time":"2020-10-23T09:29:54+00:00","og_image":[{"url":"http:\/\/www.oztugkimya.com\/wp-content\/uploads\/2020\/05\/oztugdepolama1-150x150.png"}],"twitter_card":"summary_large_image","twitter_misc":{"Est. reading time":"2 minutes"},"schema":{"@context":"https:\/\/schema.org","@graph":[{"@type":"WebPage","@id":"http:\/\/www.oztugkimya.com\/tartarik-asit\/","url":"http:\/\/www.oztugkimya.com\/tartarik-asit\/","name":"TARTAR\u0130K AS\u0130T - http:\/\/www.oztugkimya.com\/","isPartOf":{"@id":"http:\/\/www.oztugkimya.com\/#website"},"datePublished":"2020-10-23T09:28:25+00:00","dateModified":"2020-10-23T09:29:54+00:00","breadcrumb":{"@id":"http:\/\/www.oztugkimya.com\/tartarik-asit\/#breadcrumb"},"inLanguage":"en-US","potentialAction":[{"@type":"ReadAction","target":["http:\/\/www.oztugkimya.com\/tartarik-asit\/"]}]},{"@type":"BreadcrumbList","@id":"http:\/\/www.oztugkimya.com\/tartarik-asit\/#breadcrumb","itemListElement":[{"@type":"ListItem","position":1,"name":"Ana sayfa","item":"http:\/\/www.oztugkimya.com\/"},{"@type":"ListItem","position":2,"name":"TARTAR\u0130K AS\u0130T"}]},{"@type":"WebSite","@id":"http:\/\/www.oztugkimya.com\/#website","url":"http:\/\/www.oztugkimya.com\/","name":"http:\/\/www.oztugkimya.com\/","description":"http:\/\/www.oztugkimya.com\/","potentialAction":[{"@type":"SearchAction","target":{"@type":"EntryPoint","urlTemplate":"http:\/\/www.oztugkimya.com\/?s={search_term_string}"},"query-input":"required name=search_term_string"}],"inLanguage":"en-US"}]}},"_links":{"self":[{"href":"http:\/\/www.oztugkimya.com\/en\/wp-json\/wp\/v2\/pages\/1410"}],"collection":[{"href":"http:\/\/www.oztugkimya.com\/en\/wp-json\/wp\/v2\/pages"}],"about":[{"href":"http:\/\/www.oztugkimya.com\/en\/wp-json\/wp\/v2\/types\/page"}],"author":[{"embeddable":true,"href":"http:\/\/www.oztugkimya.com\/en\/wp-json\/wp\/v2\/users\/2"}],"replies":[{"embeddable":true,"href":"http:\/\/www.oztugkimya.com\/en\/wp-json\/wp\/v2\/comments?post=1410"}],"version-history":[{"count":2,"href":"http:\/\/www.oztugkimya.com\/en\/wp-json\/wp\/v2\/pages\/1410\/revisions"}],"predecessor-version":[{"id":1412,"href":"http:\/\/www.oztugkimya.com\/en\/wp-json\/wp\/v2\/pages\/1410\/revisions\/1412"}],"wp:attachment":[{"href":"http:\/\/www.oztugkimya.com\/en\/wp-json\/wp\/v2\/media?parent=1410"}],"curies":[{"name":"wp","href":"https:\/\/api.w.org\/{rel}","templated":true}]}}