{"id":1413,"date":"2020-10-23T09:30:10","date_gmt":"2020-10-23T09:30:10","guid":{"rendered":"http:\/\/www.oztugkimya.com\/?page_id=1413"},"modified":"2020-10-23T09:32:13","modified_gmt":"2020-10-23T09:32:13","slug":"titanyum-di-oksit","status":"publish","type":"page","link":"http:\/\/www.oztugkimya.com\/en\/titanyum-di-oksit\/","title":{"rendered":"TITANIUM DIOXIDE"},"content":{"rendered":"<div data-elementor-type=\"wp-page\" data-elementor-id=\"1413\" class=\"elementor elementor-1413\">\n\t\t\t\t\t\t<div class=\"elementor-inner\">\n\t\t\t\t<div class=\"elementor-section-wrap\">\n\t\t\t\t\t\t\t\t\t<section class=\"penci-section penci-disSticky penci-structure-20 elementor-section elementor-top-section elementor-element elementor-element-db0de32 elementor-section-boxed elementor-section-height-default elementor-section-height-default\" data-id=\"db0de32\" data-element_type=\"section\">\n\t\t\t\t\t\t<div class=\"elementor-container elementor-column-gap-default\">\n\t\t\t\t\t\t\t<div class=\"elementor-row\">\n\t\t\t\t\t<div class=\"penci-ercol-50 penci-ercol-order-1 penci-sticky-ct    elementor-column elementor-col-50 elementor-top-column elementor-element elementor-element-d3ebccb\" data-id=\"d3ebccb\" data-element_type=\"column\">\n\t\t\t<div class=\"theiaStickySidebar elementor-column-wrap elementor-element-populated\">\n\t\t\t\t\t\t\t<div class=\"elementor-widget-wrap\">\n\t\t\t\t\t\t<div class=\"elementor-element elementor-element-0e088e7 elementor-arrows-position-inside elementor-pagination-position-outside elementor-widget elementor-widget-image-carousel\" data-id=\"0e088e7\" data-element_type=\"widget\" data-settings=\"{&quot;navigation&quot;:&quot;both&quot;,&quot;autoplay&quot;:&quot;yes&quot;,&quot;pause_on_hover&quot;:&quot;yes&quot;,&quot;pause_on_interaction&quot;:&quot;yes&quot;,&quot;autoplay_speed&quot;:5000,&quot;infinite&quot;:&quot;yes&quot;,&quot;speed&quot;:500}\" data-widget_type=\"image-carousel.default\">\n\t\t\t\t<div class=\"elementor-widget-container\">\n\t\t\t\t\t<div class=\"elementor-image-carousel-wrapper swiper-container\" dir=\"ltr\">\n\t\t\t<div class=\"elementor-image-carousel swiper-wrapper\">\n\t\t\t\t\t\t\t\t<div class=\"swiper-slide\"><figure class=\"swiper-slide-inner\"><img decoding=\"async\" class=\"swiper-slide-image\" src=\"http:\/\/www.oztugkimya.com\/wp-content\/uploads\/2020\/05\/oztugdepolama1-150x150.png\" alt=\"oztugdepolama1\" \/><\/figure><\/div><div class=\"swiper-slide\"><figure class=\"swiper-slide-inner\"><img decoding=\"async\" class=\"swiper-slide-image\" src=\"http:\/\/www.oztugkimya.com\/wp-content\/uploads\/2020\/05\/oztuglogistics-150x150.png\" alt=\"oztuglogistics\" \/><\/figure><\/div><div class=\"swiper-slide\"><figure class=\"swiper-slide-inner\"><img decoding=\"async\" class=\"swiper-slide-image\" src=\"http:\/\/www.oztugkimya.com\/wp-content\/uploads\/2020\/05\/oztugmap-150x150.png\" alt=\"oztugmap\" \/><\/figure><\/div><div class=\"swiper-slide\"><figure class=\"swiper-slide-inner\"><img decoding=\"async\" class=\"swiper-slide-image\" src=\"http:\/\/www.oztugkimya.com\/wp-content\/uploads\/2020\/05\/oztugmission-150x150.png\" alt=\"oztugmission\" \/><\/figure><\/div><div class=\"swiper-slide\"><figure class=\"swiper-slide-inner\"><img decoding=\"async\" class=\"swiper-slide-image\" src=\"http:\/\/www.oztugkimya.com\/wp-content\/uploads\/2020\/05\/oztugcustomer-150x150.png\" alt=\"oztugcustomer\" \/><\/figure><\/div>\t\t\t<\/div>\n\t\t\t\t\t\t\t\t\t\t\t\t<div class=\"swiper-pagination\"><\/div>\n\t\t\t\t\t\t\t\t\t\t\t\t\t<div class=\"elementor-swiper-button elementor-swiper-button-prev\">\n\t\t\t\t\t\t<i aria-hidden=\"true\" class=\"eicon-chevron-left\"><\/i>\t\t\t\t\t\t<span class=\"elementor-screen-only\">Previous<\/span>\n\t\t\t\t\t<\/div>\n\t\t\t\t\t<div class=\"elementor-swiper-button elementor-swiper-button-next\">\n\t\t\t\t\t\t<i aria-hidden=\"true\" class=\"eicon-chevron-right\"><\/i>\t\t\t\t\t\t<span class=\"elementor-screen-only\">Next<\/span>\n\t\t\t\t\t<\/div>\n\t\t\t\t\t\t\t\t\t<\/div>\n\t\t\t\t<\/div>\n\t\t\t\t<\/div>\n\t\t\t\t\t\t<\/div>\n\t\t\t\t\t<\/div>\n\t\t<\/div>\n\t\t\t\t<div class=\"penci-ercol-50 penci-ercol-order-2 penci-sticky-ct    elementor-column elementor-col-50 elementor-top-column elementor-element elementor-element-e8bd03c\" data-id=\"e8bd03c\" data-element_type=\"column\">\n\t\t\t<div class=\"theiaStickySidebar elementor-column-wrap elementor-element-populated\">\n\t\t\t\t\t\t\t<div class=\"elementor-widget-wrap\">\n\t\t\t\t\t\t<div class=\"elementor-element elementor-element-a561fa6 elementor-widget elementor-widget-text-editor\" data-id=\"a561fa6\" data-element_type=\"widget\" data-widget_type=\"text-editor.default\">\n\t\t\t\t<div class=\"elementor-widget-container\">\n\t\t\t\t\t\t\t\t<div class=\"elementor-text-editor elementor-clearfix\">\n\t\t\t\t<p><strong>G\u00f6r\u00fcn\u00fcm\u00fc :<\/strong> Beyaz Toz<\/p><p><strong>Kimyasal Ad\u0131 :<\/strong> Titanium Dioxide<\/p><p><strong>Kimyasal Form\u00fcl\u00fc :<\/strong> TiO2<\/p><p>Ambalaj \u015eekli : 25 Kg. \u00e7uvallarda<\/p><p><strong>Kullan\u0131m Alanlar\u0131 :<\/strong><\/p><p>Titanyum dioksit (TiO2), E171 g\u0131da katk\u0131 maddesi koduyla bilinen bir g\u0131da renklendiricisidir. Renklendirici olarak kullan\u0131lan titanyum dioksit, titanyum beyaz\u0131 olarak da bilinir.<\/p><p>Ham titanyum dioksit, titanyum tetra klorun safla\u015ft\u0131r\u0131lmas\u0131 yoluyla elde edilir. Bu i\u015flem s\u00fclfat ve klor prosesleri olarak iki t\u00fcrde yap\u0131lmaktad\u0131r. Ticari titanyum dioksit saf de\u011fildir, sentetik bir pigmenttir. Boya \u00fcreticilerinin sat\u0131n alma b\u00fct\u00e7elerindeki en b\u00fcy\u00fck gider titanyum dioksittir. Kullan\u0131m\u0131 a\u011f\u0131rl\u0131kl\u0131 olarak yap\u0131\/in\u015faat (sat\u0131n alman\u0131n %50&#8217;si) ve sanayi (sat\u0131n alman\u0131n %30&#8217;u) boyalar\u0131ndad\u0131r. Otomotiv ve mobilya boyalar\u0131nda ise daha az kullan\u0131l\u0131r.<\/p><p>Titanyum dioksit d\u00fcnyada en geni\u015f \u00e7apta kullan\u0131lan beyaz pigmenttir. Sadece elmaslar titanyum dioksitten daha fazla k\u0131r\u0131lma g\u00f6stergesine sahiptir. K\u0131r\u0131lma g\u00f6stergesi, \u0131\u015f\u0131\u011f\u0131n e\u011filebilme kabiliyetinin \u00f6l\u00e7\u00fcm\u00fcne denir. Bu sayede donukluk ve \u00f6rtme kabiliyeti sa\u011flan\u0131r. Sadece magnezyum oksit, titanyum dioksitten daha beyazd\u0131r. Ancak bu maddenin k\u0131r\u0131lma g\u00f6stergesi titanyum dioksitten \u00e7ok daha d\u00fc\u015f\u00fckt\u00fcr. Bu da istenilen donuklu\u011fa ula\u015fmak i\u00e7in \u00e7ok daha fazla magnezyum oksit gerekti\u011fi anlam\u0131na gelir. Bu nedenle pratikte, titanyum dioksit tercih edilir.<\/p><h3>Kullan\u0131m Alanlar\u0131<\/h3><p>G\u0131da renklendiricisi olarak kullan\u0131m\u0131n\u0131n yan\u0131 s\u0131ra, boya ve g\u00fcne\u015f losyonu \u00fcretiminde de kullan\u0131l\u0131r.<\/p><p>Yayg\u0131n olarak kullan\u0131lmaktad\u0131r, \u00e7\u00fcnk\u00fc g\u00f6zle g\u00f6r\u00fclebilir \u0131\u015f\u0131\u011f\u0131 etkin bi\u00e7imde da\u011f\u0131t\u0131r, boya ve kaplamalara beyazl\u0131k, parlakl\u0131k ve opasite \u00f6zellikleri verir.<\/p><p>G\u0131da sekt\u00f6r\u00fcnde \u00f6zellikle \u015fekerleme, sak\u0131z, kabartma tozu, beyaz leblebi gibi beyaz olan bir\u00e7ok \u00fcr\u00fcnde titanyum dioksit kullan\u0131lmaktad\u0131r.<\/p><p>Titanyum dioksit&#8217;in en \u00f6nemli i\u015flevi pigment olmak \u015fart\u0131yla hem boya ve kaplama hem de plastik, k\u00e2\u011f\u0131t, m\u00fcrekkep, fiber, ila\u00e7 (hap ve tabletlerde), g\u0131da ve kozmetik \u00fcr\u00fcnlerinde; parlakl\u0131k, beyazl\u0131k ve donukluk sa\u011flamas\u0131d\u0131r.<\/p><p>Bu \u00f6zelli\u011fi yard\u0131m\u0131yla titanyum dioksit, y\u00fczey kaplamak i\u00e7in beyaz renk olarak, \u00fcr\u00fcnlerde katmanlar\u0131 ay\u0131rmak amac\u0131yla ve di\u015f macununda beyazlat\u0131c\u0131 ajan olarak kullan\u0131l\u0131r.<\/p><p>Titanyum dioksit, kozmetikte kal\u0131nla\u015ft\u0131r\u0131c\u0131, beyazla\u015ft\u0131r\u0131c\u0131, ya\u011flay\u0131c\u0131 ve g\u00fcne\u015f \u0131\u015f\u0131nlar\u0131n\u0131 kesici bir madde olarak da kullan\u0131lan bir mineraldir.<\/p><p>Cildi UVA ve UVB radyasyonundan korur ve cildi tahri\u015f etme riski yoktur. I\u015f\u0131\u011f\u0131n kataliz\u00f6r etkisi yani fotokataliz uygulamas\u0131n\u0131n bilinen en yayg\u0131n kullan\u0131m\u0131 \u00e7evre kirlili\u011finin temizlenmesidir. B\u00f6ylelikle \u0131\u015f\u0131k ve uygun malzeme bir araya getirildi\u011finde, temizleme i\u015flemi kendili\u011finden olu\u015fmaktad\u0131r.<\/p><p>G\u00fcnd\u00fczleri \u00e7evremizdeki UV yay\u0131n\u0131m\u0131 santimetre kareye ortalama bir miliwat civar\u0131ndad\u0131r. Bina i\u00e7lerinde kulland\u0131\u011f\u0131m\u0131z \u0131\u015f\u0131kta ise bu oran binde birine d\u00fc\u015fer. Bu oranda UV \u0131\u015f\u0131n\u0131mlar\u0131 bile uygun yap\u0131da titanyum dioksit ile bir araya geldi\u011finde temizleme s\u00fcreci ba\u015flar. Ancak, fotokatalitik etki i\u00e7in kullan\u0131lan titanyum dioksit ile boya, kozmetik ve g\u0131da sanayilerinde kullan\u0131lanlar\u0131n yap\u0131lar\u0131 farkl\u0131d\u0131r. Titanyum dioksit\u2019in fotokatalitik etkisi \u0131\u015f\u0131kla bir araya geldi\u011finde temas etti\u011fi organikleri par\u00e7alama \u015feklinde olmaktad\u0131r. Bu durum pozitif anlamda kullan\u0131ld\u0131\u011f\u0131nda \u00e7evremizdeki havada, suda ve \u00e7e\u015fitli y\u00fczeylerin \u00fczerindeki istenmeyen organiklerin ( kir, mikrop, bakteri, koku ve zararl\u0131 organik kimyasallar) yok edilmesi anlam\u0131n\u0131 ta\u015f\u0131maktad\u0131r.<\/p>\t\t\t\t\t<\/div>\n\t\t\t\t\t\t<\/div>\n\t\t\t\t<\/div>\n\t\t\t\t\t\t<\/div>\n\t\t\t\t\t<\/div>\n\t\t<\/div>\n\t\t\t\t\t\t\t\t<\/div>\n\t\t\t\t\t<\/div>\n\t\t<\/section>\n\t\t\t\t\t\t\t\t\t<\/div>\n\t\t\t<\/div>\n\t\t\t\t\t<\/div>","protected":false},"excerpt":{"rendered":"<p>Previous Next G\u00f6r\u00fcn\u00fcm\u00fc : Beyaz Toz Kimyasal Ad\u0131 : Titanium Dioxide Kimyasal Form\u00fcl\u00fc : TiO2 Ambalaj \u015eekli : 25 Kg. \u00e7uvallarda Kullan\u0131m Alanlar\u0131 : Titanyum dioksit (TiO2), E171 g\u0131da katk\u0131&hellip;<\/p>","protected":false},"author":2,"featured_media":0,"parent":0,"menu_order":0,"comment_status":"closed","ping_status":"closed","template":"","meta":[],"yoast_head":"<!-- This site is optimized with the Yoast SEO plugin v20.3 - https:\/\/yoast.com\/wordpress\/plugins\/seo\/ -->\n<title>T\u0130TANYUM D\u0130 OKS\u0130T - http:\/\/www.oztugkimya.com\/<\/title>\n<meta name=\"robots\" content=\"index, follow, max-snippet:-1, max-image-preview:large, max-video-preview:-1\" \/>\n<link rel=\"canonical\" href=\"http:\/\/www.oztugkimya.com\/en\/titanyum-di-oksit\/\" \/>\n<meta property=\"og:locale\" content=\"en_US\" \/>\n<meta property=\"og:type\" content=\"article\" \/>\n<meta property=\"og:title\" content=\"T\u0130TANYUM D\u0130 OKS\u0130T - http:\/\/www.oztugkimya.com\/\" \/>\n<meta property=\"og:description\" content=\"Previous Next G\u00f6r\u00fcn\u00fcm\u00fc : Beyaz Toz Kimyasal Ad\u0131 : Titanium Dioxide Kimyasal Form\u00fcl\u00fc : TiO2 Ambalaj \u015eekli : 25 Kg. \u00e7uvallarda Kullan\u0131m Alanlar\u0131 : Titanyum dioksit (TiO2), E171 g\u0131da katk\u0131&hellip;\" \/>\n<meta property=\"og:url\" content=\"http:\/\/www.oztugkimya.com\/en\/titanyum-di-oksit\/\" \/>\n<meta property=\"og:site_name\" content=\"http:\/\/www.oztugkimya.com\/\" \/>\n<meta property=\"article:modified_time\" content=\"2020-10-23T09:32:13+00:00\" \/>\n<meta property=\"og:image\" content=\"http:\/\/www.oztugkimya.com\/wp-content\/uploads\/2020\/05\/oztugdepolama1-150x150.png\" \/>\n<meta name=\"twitter:card\" content=\"summary_large_image\" \/>\n<meta name=\"twitter:label1\" content=\"Est. reading time\" \/>\n\t<meta name=\"twitter:data1\" content=\"3 minutes\" \/>\n<script type=\"application\/ld+json\" class=\"yoast-schema-graph\">{\"@context\":\"https:\/\/schema.org\",\"@graph\":[{\"@type\":\"WebPage\",\"@id\":\"http:\/\/www.oztugkimya.com\/titanyum-di-oksit\/\",\"url\":\"http:\/\/www.oztugkimya.com\/titanyum-di-oksit\/\",\"name\":\"T\u0130TANYUM D\u0130 OKS\u0130T - http:\/\/www.oztugkimya.com\/\",\"isPartOf\":{\"@id\":\"http:\/\/www.oztugkimya.com\/#website\"},\"datePublished\":\"2020-10-23T09:30:10+00:00\",\"dateModified\":\"2020-10-23T09:32:13+00:00\",\"breadcrumb\":{\"@id\":\"http:\/\/www.oztugkimya.com\/titanyum-di-oksit\/#breadcrumb\"},\"inLanguage\":\"en-US\",\"potentialAction\":[{\"@type\":\"ReadAction\",\"target\":[\"http:\/\/www.oztugkimya.com\/titanyum-di-oksit\/\"]}]},{\"@type\":\"BreadcrumbList\",\"@id\":\"http:\/\/www.oztugkimya.com\/titanyum-di-oksit\/#breadcrumb\",\"itemListElement\":[{\"@type\":\"ListItem\",\"position\":1,\"name\":\"Ana sayfa\",\"item\":\"http:\/\/www.oztugkimya.com\/\"},{\"@type\":\"ListItem\",\"position\":2,\"name\":\"T\u0130TANYUM D\u0130 OKS\u0130T\"}]},{\"@type\":\"WebSite\",\"@id\":\"http:\/\/www.oztugkimya.com\/#website\",\"url\":\"http:\/\/www.oztugkimya.com\/\",\"name\":\"http:\/\/www.oztugkimya.com\/\",\"description\":\"http:\/\/www.oztugkimya.com\/\",\"potentialAction\":[{\"@type\":\"SearchAction\",\"target\":{\"@type\":\"EntryPoint\",\"urlTemplate\":\"http:\/\/www.oztugkimya.com\/?s={search_term_string}\"},\"query-input\":\"required name=search_term_string\"}],\"inLanguage\":\"en-US\"}]}<\/script>\n<!-- \/ Yoast SEO plugin. -->","yoast_head_json":{"title":"T\u0130TANYUM D\u0130 OKS\u0130T - http:\/\/www.oztugkimya.com\/","robots":{"index":"index","follow":"follow","max-snippet":"max-snippet:-1","max-image-preview":"max-image-preview:large","max-video-preview":"max-video-preview:-1"},"canonical":"http:\/\/www.oztugkimya.com\/en\/titanyum-di-oksit\/","og_locale":"en_US","og_type":"article","og_title":"T\u0130TANYUM D\u0130 OKS\u0130T - http:\/\/www.oztugkimya.com\/","og_description":"Previous Next G\u00f6r\u00fcn\u00fcm\u00fc : Beyaz Toz Kimyasal Ad\u0131 : Titanium Dioxide Kimyasal Form\u00fcl\u00fc : TiO2 Ambalaj \u015eekli : 25 Kg. \u00e7uvallarda Kullan\u0131m Alanlar\u0131 : Titanyum dioksit (TiO2), E171 g\u0131da katk\u0131&hellip;","og_url":"http:\/\/www.oztugkimya.com\/en\/titanyum-di-oksit\/","og_site_name":"http:\/\/www.oztugkimya.com\/","article_modified_time":"2020-10-23T09:32:13+00:00","og_image":[{"url":"http:\/\/www.oztugkimya.com\/wp-content\/uploads\/2020\/05\/oztugdepolama1-150x150.png"}],"twitter_card":"summary_large_image","twitter_misc":{"Est. reading time":"3 minutes"},"schema":{"@context":"https:\/\/schema.org","@graph":[{"@type":"WebPage","@id":"http:\/\/www.oztugkimya.com\/titanyum-di-oksit\/","url":"http:\/\/www.oztugkimya.com\/titanyum-di-oksit\/","name":"T\u0130TANYUM D\u0130 OKS\u0130T - http:\/\/www.oztugkimya.com\/","isPartOf":{"@id":"http:\/\/www.oztugkimya.com\/#website"},"datePublished":"2020-10-23T09:30:10+00:00","dateModified":"2020-10-23T09:32:13+00:00","breadcrumb":{"@id":"http:\/\/www.oztugkimya.com\/titanyum-di-oksit\/#breadcrumb"},"inLanguage":"en-US","potentialAction":[{"@type":"ReadAction","target":["http:\/\/www.oztugkimya.com\/titanyum-di-oksit\/"]}]},{"@type":"BreadcrumbList","@id":"http:\/\/www.oztugkimya.com\/titanyum-di-oksit\/#breadcrumb","itemListElement":[{"@type":"ListItem","position":1,"name":"Ana sayfa","item":"http:\/\/www.oztugkimya.com\/"},{"@type":"ListItem","position":2,"name":"T\u0130TANYUM D\u0130 OKS\u0130T"}]},{"@type":"WebSite","@id":"http:\/\/www.oztugkimya.com\/#website","url":"http:\/\/www.oztugkimya.com\/","name":"http:\/\/www.oztugkimya.com\/","description":"http:\/\/www.oztugkimya.com\/","potentialAction":[{"@type":"SearchAction","target":{"@type":"EntryPoint","urlTemplate":"http:\/\/www.oztugkimya.com\/?s={search_term_string}"},"query-input":"required name=search_term_string"}],"inLanguage":"en-US"}]}},"_links":{"self":[{"href":"http:\/\/www.oztugkimya.com\/en\/wp-json\/wp\/v2\/pages\/1413"}],"collection":[{"href":"http:\/\/www.oztugkimya.com\/en\/wp-json\/wp\/v2\/pages"}],"about":[{"href":"http:\/\/www.oztugkimya.com\/en\/wp-json\/wp\/v2\/types\/page"}],"author":[{"embeddable":true,"href":"http:\/\/www.oztugkimya.com\/en\/wp-json\/wp\/v2\/users\/2"}],"replies":[{"embeddable":true,"href":"http:\/\/www.oztugkimya.com\/en\/wp-json\/wp\/v2\/comments?post=1413"}],"version-history":[{"count":2,"href":"http:\/\/www.oztugkimya.com\/en\/wp-json\/wp\/v2\/pages\/1413\/revisions"}],"predecessor-version":[{"id":1418,"href":"http:\/\/www.oztugkimya.com\/en\/wp-json\/wp\/v2\/pages\/1413\/revisions\/1418"}],"wp:attachment":[{"href":"http:\/\/www.oztugkimya.com\/en\/wp-json\/wp\/v2\/media?parent=1413"}],"curies":[{"name":"wp","href":"https:\/\/api.w.org\/{rel}","templated":true}]}}