{"id":1767,"date":"2026-04-02T08:12:39","date_gmt":"2026-04-02T08:12:39","guid":{"rendered":"http:\/\/www.oztugkimya.com\/?page_id=1767"},"modified":"2026-04-02T08:40:15","modified_gmt":"2026-04-02T08:40:15","slug":"kopuk-kesiciler","status":"publish","type":"page","link":"http:\/\/www.oztugkimya.com\/en\/kopuk-kesiciler\/","title":{"rendered":"Foam Cutters"},"content":{"rendered":"<div data-elementor-type=\"wp-page\" data-elementor-id=\"1767\" class=\"elementor elementor-1767\">\n\t\t\t\t\t\t<div class=\"elementor-inner\">\n\t\t\t\t<div class=\"elementor-section-wrap\">\n\t\t\t\t\t\t\t\t\t<section class=\"penci-section penci-disSticky penci-structure-10 elementor-section elementor-top-section elementor-element elementor-element-7f2b9fce elementor-section-content-middle elementor-section-boxed elementor-section-height-default elementor-section-height-default\" data-id=\"7f2b9fce\" data-element_type=\"section\">\n\t\t\t\t\t\t<div class=\"elementor-container elementor-column-gap-no\">\n\t\t\t\t\t\t\t<div class=\"elementor-row\">\n\t\t\t\t\t<div class=\"penci-ercol-100 penci-ercol-order-1 penci-sticky-ct    elementor-column elementor-col-100 elementor-top-column elementor-element elementor-element-f89fd41\" data-id=\"f89fd41\" data-element_type=\"column\">\n\t\t\t<div class=\"theiaStickySidebar elementor-column-wrap elementor-element-populated\">\n\t\t\t\t\t\t\t<div class=\"elementor-widget-wrap\">\n\t\t\t\t\t\t<div class=\"elementor-element elementor-element-2ac736df elementor-widget elementor-widget-heading\" data-id=\"2ac736df\" data-element_type=\"widget\" data-widget_type=\"heading.default\">\n\t\t\t\t<div class=\"elementor-widget-container\">\n\t\t\t<h5 class=\"elementor-heading-title elementor-size-default\">Antifoam\/defoamers are chemical additives used in industrial processes or domestic applications to prevent or eliminate unwanted foam that forms on the surface of liquids.<\/h5>\t\t<\/div>\n\t\t\t\t<\/div>\n\t\t\t\t<section class=\"penci-section penci-disSticky penci-structure-30 elementor-section elementor-inner-section elementor-element elementor-element-a29484b elementor-section-boxed elementor-section-height-default elementor-section-height-default\" data-id=\"a29484b\" data-element_type=\"section\">\n\t\t\t\t\t\t<div class=\"elementor-container elementor-column-gap-default\">\n\t\t\t\t\t\t\t<div class=\"elementor-row\">\n\t\t\t\t\t<div class=\"penci-ercol-33 penci-ercol-order-1 penci-sticky-sb penci-sidebarSC penci-dmcheck penci-elbg-activate  elementor-column elementor-col-33 elementor-inner-column elementor-element elementor-element-6198320\" data-id=\"6198320\" data-element_type=\"column\" data-settings=\"{&quot;background_background&quot;:&quot;classic&quot;}\">\n\t\t\t<div class=\"theiaStickySidebar elementor-column-wrap elementor-element-populated\">\n\t\t\t\t\t\t\t<div class=\"elementor-widget-wrap\">\n\t\t\t\t\t\t<div class=\"elementor-element elementor-element-d28ae68 elementor-widget elementor-widget-heading\" data-id=\"d28ae68\" data-element_type=\"widget\" data-widget_type=\"heading.default\">\n\t\t\t\t<div class=\"elementor-widget-container\">\n\t\t\t<h2 class=\"elementor-heading-title elementor-size-default\"><a href=\"http:\/\/www.oztugkimya.com\/en\/endustriyel-kopuk\/\">INDUSTRIAL FOAM<\/a><\/h2>\t\t<\/div>\n\t\t\t\t<\/div>\n\t\t\t\t\t\t<\/div>\n\t\t\t\t\t<\/div>\n\t\t<\/div>\n\t\t\t\t<div class=\"penci-ercol-33 penci-ercol-order-2 penci-sticky-sb penci-sidebarSC penci-dmcheck penci-elbg-activate  elementor-column elementor-col-33 elementor-inner-column elementor-element elementor-element-b59a55c\" data-id=\"b59a55c\" data-element_type=\"column\" data-settings=\"{&quot;background_background&quot;:&quot;classic&quot;}\">\n\t\t\t<div class=\"theiaStickySidebar elementor-column-wrap elementor-element-populated\">\n\t\t\t\t\t\t\t<div class=\"elementor-widget-wrap\">\n\t\t\t\t\t\t<div class=\"elementor-element elementor-element-bcc3334 elementor-widget elementor-widget-heading\" data-id=\"bcc3334\" data-element_type=\"widget\" data-widget_type=\"heading.default\">\n\t\t\t\t<div class=\"elementor-widget-container\">\n\t\t\t<h2 class=\"elementor-heading-title elementor-size-default\"><a href=\"http:\/\/www.oztugkimya.com\/en\/atiksu-kopuk-kesici\/\">WASTEWATER FOAM CUTTER<\/a><\/h2>\t\t<\/div>\n\t\t\t\t<\/div>\n\t\t\t\t\t\t<\/div>\n\t\t\t\t\t<\/div>\n\t\t<\/div>\n\t\t\t\t<div class=\"penci-ercol-33 penci-ercol-order-3 penci-sticky-sb penci-sidebarSC penci-dmcheck penci-elbg-activate  elementor-column elementor-col-33 elementor-inner-column elementor-element elementor-element-62474496\" data-id=\"62474496\" data-element_type=\"column\" data-settings=\"{&quot;background_background&quot;:&quot;classic&quot;}\">\n\t\t\t<div class=\"theiaStickySidebar elementor-column-wrap elementor-element-populated\">\n\t\t\t\t\t\t\t<div class=\"elementor-widget-wrap\">\n\t\t\t\t\t\t<div class=\"elementor-element elementor-element-02d8c2a elementor-widget elementor-widget-heading\" data-id=\"02d8c2a\" data-element_type=\"widget\" data-widget_type=\"heading.default\">\n\t\t\t\t<div class=\"elementor-widget-container\">\n\t\t\t<h2 class=\"elementor-heading-title elementor-size-default\"><a href=\"http:\/\/www.oztugkimya.com\/en\/su-bazli-kopuk-kesici\/\">WATER-BASED FOAM CUTTER<\/a><\/h2>\t\t<\/div>\n\t\t\t\t<\/div>\n\t\t\t\t\t\t<\/div>\n\t\t\t\t\t<\/div>\n\t\t<\/div>\n\t\t\t\t\t\t\t\t<\/div>\n\t\t\t\t\t<\/div>\n\t\t<\/section>\n\t\t\t\t\t\t<\/div>\n\t\t\t\t\t<\/div>\n\t\t<\/div>\n\t\t\t\t\t\t\t\t<\/div>\n\t\t\t\t\t<\/div>\n\t\t<\/section>\n\t\t\t\t\t\t\t\t\t<\/div>\n\t\t\t<\/div>\n\t\t\t\t\t<\/div>","protected":false},"excerpt":{"rendered":"<p>K\u00f6p\u00fck kesiciler (antifoam\/defoamer), end\u00fcstriyel s\u00fcre\u00e7lerde veya evsel kullan\u0131mda s\u0131v\u0131 y\u00fczeyinde olu\u015fan istenmeyen k\u00f6p\u00fc\u011f\u00fc engellemek ya da olu\u015fmu\u015f k\u00f6p\u00fc\u011f\u00fc yok etmek i\u00e7in kullan\u0131lan kimyasal yard\u0131mc\u0131lard\u0131r. END\u00dcSTR\u0130YEL K\u00d6P\u00dcK ATIKSU K\u00d6P\u00dcK KES\u0130C\u0130 SU&hellip;<\/p>","protected":false},"author":1,"featured_media":0,"parent":0,"menu_order":0,"comment_status":"closed","ping_status":"closed","template":"","meta":[],"yoast_head":"<!-- This site is optimized with the Yoast SEO plugin v20.3 - https:\/\/yoast.com\/wordpress\/plugins\/seo\/ -->\n<title>K\u00f6p\u00fck Kesiciler - http:\/\/www.oztugkimya.com\/<\/title>\n<meta name=\"robots\" content=\"index, follow, max-snippet:-1, max-image-preview:large, max-video-preview:-1\" \/>\n<link rel=\"canonical\" href=\"http:\/\/www.oztugkimya.com\/en\/kopuk-kesiciler\/\" \/>\n<meta property=\"og:locale\" content=\"en_US\" \/>\n<meta property=\"og:type\" content=\"article\" \/>\n<meta property=\"og:title\" content=\"K\u00f6p\u00fck Kesiciler - http:\/\/www.oztugkimya.com\/\" \/>\n<meta property=\"og:description\" content=\"K\u00f6p\u00fck kesiciler (antifoam\/defoamer), end\u00fcstriyel s\u00fcre\u00e7lerde veya evsel kullan\u0131mda s\u0131v\u0131 y\u00fczeyinde olu\u015fan istenmeyen k\u00f6p\u00fc\u011f\u00fc engellemek ya da olu\u015fmu\u015f k\u00f6p\u00fc\u011f\u00fc yok etmek i\u00e7in kullan\u0131lan kimyasal yard\u0131mc\u0131lard\u0131r. END\u00dcSTR\u0130YEL K\u00d6P\u00dcK ATIKSU K\u00d6P\u00dcK KES\u0130C\u0130 SU&hellip;\" \/>\n<meta property=\"og:url\" content=\"http:\/\/www.oztugkimya.com\/en\/kopuk-kesiciler\/\" \/>\n<meta property=\"og:site_name\" content=\"http:\/\/www.oztugkimya.com\/\" \/>\n<meta property=\"article:modified_time\" content=\"2026-04-02T08:40:15+00:00\" \/>\n<meta name=\"twitter:card\" content=\"summary_large_image\" \/>\n<meta name=\"twitter:label1\" content=\"Est. reading time\" \/>\n\t<meta name=\"twitter:data1\" content=\"1 minute\" \/>\n<script type=\"application\/ld+json\" class=\"yoast-schema-graph\">{\"@context\":\"https:\/\/schema.org\",\"@graph\":[{\"@type\":\"WebPage\",\"@id\":\"http:\/\/www.oztugkimya.com\/kopuk-kesiciler\/\",\"url\":\"http:\/\/www.oztugkimya.com\/kopuk-kesiciler\/\",\"name\":\"K\u00f6p\u00fck Kesiciler - http:\/\/www.oztugkimya.com\/\",\"isPartOf\":{\"@id\":\"http:\/\/www.oztugkimya.com\/#website\"},\"datePublished\":\"2026-04-02T08:12:39+00:00\",\"dateModified\":\"2026-04-02T08:40:15+00:00\",\"breadcrumb\":{\"@id\":\"http:\/\/www.oztugkimya.com\/kopuk-kesiciler\/#breadcrumb\"},\"inLanguage\":\"en-US\",\"potentialAction\":[{\"@type\":\"ReadAction\",\"target\":[\"http:\/\/www.oztugkimya.com\/kopuk-kesiciler\/\"]}]},{\"@type\":\"BreadcrumbList\",\"@id\":\"http:\/\/www.oztugkimya.com\/kopuk-kesiciler\/#breadcrumb\",\"itemListElement\":[{\"@type\":\"ListItem\",\"position\":1,\"name\":\"Ana sayfa\",\"item\":\"http:\/\/www.oztugkimya.com\/\"},{\"@type\":\"ListItem\",\"position\":2,\"name\":\"K\u00f6p\u00fck Kesiciler\"}]},{\"@type\":\"WebSite\",\"@id\":\"http:\/\/www.oztugkimya.com\/#website\",\"url\":\"http:\/\/www.oztugkimya.com\/\",\"name\":\"http:\/\/www.oztugkimya.com\/\",\"description\":\"http:\/\/www.oztugkimya.com\/\",\"potentialAction\":[{\"@type\":\"SearchAction\",\"target\":{\"@type\":\"EntryPoint\",\"urlTemplate\":\"http:\/\/www.oztugkimya.com\/?s={search_term_string}\"},\"query-input\":\"required name=search_term_string\"}],\"inLanguage\":\"en-US\"}]}<\/script>\n<!-- \/ Yoast SEO plugin. -->","yoast_head_json":{"title":"K\u00f6p\u00fck Kesiciler - http:\/\/www.oztugkimya.com\/","robots":{"index":"index","follow":"follow","max-snippet":"max-snippet:-1","max-image-preview":"max-image-preview:large","max-video-preview":"max-video-preview:-1"},"canonical":"http:\/\/www.oztugkimya.com\/en\/kopuk-kesiciler\/","og_locale":"en_US","og_type":"article","og_title":"K\u00f6p\u00fck Kesiciler - http:\/\/www.oztugkimya.com\/","og_description":"K\u00f6p\u00fck kesiciler (antifoam\/defoamer), end\u00fcstriyel s\u00fcre\u00e7lerde veya evsel kullan\u0131mda s\u0131v\u0131 y\u00fczeyinde olu\u015fan istenmeyen k\u00f6p\u00fc\u011f\u00fc engellemek ya da olu\u015fmu\u015f k\u00f6p\u00fc\u011f\u00fc yok etmek i\u00e7in kullan\u0131lan kimyasal yard\u0131mc\u0131lard\u0131r. END\u00dcSTR\u0130YEL K\u00d6P\u00dcK ATIKSU K\u00d6P\u00dcK KES\u0130C\u0130 SU&hellip;","og_url":"http:\/\/www.oztugkimya.com\/en\/kopuk-kesiciler\/","og_site_name":"http:\/\/www.oztugkimya.com\/","article_modified_time":"2026-04-02T08:40:15+00:00","twitter_card":"summary_large_image","twitter_misc":{"Est. reading time":"1 minute"},"schema":{"@context":"https:\/\/schema.org","@graph":[{"@type":"WebPage","@id":"http:\/\/www.oztugkimya.com\/kopuk-kesiciler\/","url":"http:\/\/www.oztugkimya.com\/kopuk-kesiciler\/","name":"K\u00f6p\u00fck Kesiciler - http:\/\/www.oztugkimya.com\/","isPartOf":{"@id":"http:\/\/www.oztugkimya.com\/#website"},"datePublished":"2026-04-02T08:12:39+00:00","dateModified":"2026-04-02T08:40:15+00:00","breadcrumb":{"@id":"http:\/\/www.oztugkimya.com\/kopuk-kesiciler\/#breadcrumb"},"inLanguage":"en-US","potentialAction":[{"@type":"ReadAction","target":["http:\/\/www.oztugkimya.com\/kopuk-kesiciler\/"]}]},{"@type":"BreadcrumbList","@id":"http:\/\/www.oztugkimya.com\/kopuk-kesiciler\/#breadcrumb","itemListElement":[{"@type":"ListItem","position":1,"name":"Ana sayfa","item":"http:\/\/www.oztugkimya.com\/"},{"@type":"ListItem","position":2,"name":"K\u00f6p\u00fck Kesiciler"}]},{"@type":"WebSite","@id":"http:\/\/www.oztugkimya.com\/#website","url":"http:\/\/www.oztugkimya.com\/","name":"http:\/\/www.oztugkimya.com\/","description":"http:\/\/www.oztugkimya.com\/","potentialAction":[{"@type":"SearchAction","target":{"@type":"EntryPoint","urlTemplate":"http:\/\/www.oztugkimya.com\/?s={search_term_string}"},"query-input":"required name=search_term_string"}],"inLanguage":"en-US"}]}},"_links":{"self":[{"href":"http:\/\/www.oztugkimya.com\/en\/wp-json\/wp\/v2\/pages\/1767"}],"collection":[{"href":"http:\/\/www.oztugkimya.com\/en\/wp-json\/wp\/v2\/pages"}],"about":[{"href":"http:\/\/www.oztugkimya.com\/en\/wp-json\/wp\/v2\/types\/page"}],"author":[{"embeddable":true,"href":"http:\/\/www.oztugkimya.com\/en\/wp-json\/wp\/v2\/users\/1"}],"replies":[{"embeddable":true,"href":"http:\/\/www.oztugkimya.com\/en\/wp-json\/wp\/v2\/comments?post=1767"}],"version-history":[{"count":7,"href":"http:\/\/www.oztugkimya.com\/en\/wp-json\/wp\/v2\/pages\/1767\/revisions"}],"predecessor-version":[{"id":1837,"href":"http:\/\/www.oztugkimya.com\/en\/wp-json\/wp\/v2\/pages\/1767\/revisions\/1837"}],"wp:attachment":[{"href":"http:\/\/www.oztugkimya.com\/en\/wp-json\/wp\/v2\/media?parent=1767"}],"curies":[{"name":"wp","href":"https:\/\/api.w.org\/{rel}","templated":true}]}}